{"id":8621,"date":"2025-09-11T10:28:15","date_gmt":"2025-09-11T08:28:15","guid":{"rendered":"https:\/\/www.italfisio.it\/?page_id=8621"},"modified":"2025-09-21T21:00:10","modified_gmt":"2025-09-21T19:00:10","slug":"diacream","status":"publish","type":"page","link":"http:\/\/www.italfisio.it\/it\/fisioterapia\/diacream\/","title":{"rendered":"Diacream"},"content":{"rendered":"\n\t\t<div id=\"fws_69f1eb785f31e\"  data-column-margin=\"default\" data-midnight=\"light\"  class=\"wpb_row vc_row-fluid vc_row full-width-section vc_row-o-full-height vc_row-o-columns-middle vc_row-o-equal-height vc_row-flex\"  style=\"padding-top: 0px; padding-bottom: 0px; \"><div class=\"row-bg-wrap\" data-bg-animation=\"none\" data-bg-animation-delay=\"\" data-bg-overlay=\"true\"><div class=\"inner-wrap row-bg-layer using-image\" ><div class=\"row-bg viewport-desktop using-image\"  style=\"background-image: url(https:\/\/www.italfisio.it\/wp-content\/uploads\/2025\/03\/august-28-2019-cyclists-travel-along-a-dirt-road-2024-09-12-11-03-29-utc-1-scaled.jpg); background-position: center top; background-repeat: no-repeat; \"><\/div><\/div><div class=\"row-bg-overlay row-bg-layer\" style=\"background: #64ccc9; background: linear-gradient(to bottom,#64ccc9 0%,#64ccc9 100%);  opacity: 0.8; \"><\/div><\/div><div class=\"row_col_wrap_12 col span_12 light left\">\n\t<div  class=\"vc_col-sm-3 wpb_column column_container vc_column_container col no-extra-padding inherit_tablet inherit_phone \"  data-padding-pos=\"all\" data-has-bg-color=\"false\" data-bg-color=\"\" data-bg-opacity=\"1\" data-animation=\"\" data-delay=\"0\" >\n\t\t<div class=\"vc_column-inner\" >\n\t\t\t<div class=\"wpb_wrapper\">\n\t\t\t\t\n\t\t\t<\/div> \n\t\t<\/div>\n\t<\/div> \n\n\t<div  class=\"vc_col-sm-6 wpb_column column_container vc_column_container col centered-text no-extra-padding inherit_tablet inherit_phone \"  data-padding-pos=\"all\" data-has-bg-color=\"false\" data-bg-color=\"\" data-bg-opacity=\"1\" data-animation=\"\" data-delay=\"0\" >\n\t\t<div class=\"vc_column-inner\" >\n\t\t\t<div class=\"wpb_wrapper\">\n\t\t\t\t<div id=\"fws_69f1eb785fbfd\" data-midnight=\"\" data-column-margin=\"default\" class=\"wpb_row vc_row-fluid vc_row inner_row\"  style=\"\"><div class=\"row-bg-wrap\"> <div class=\"row-bg\" ><\/div> <\/div><div class=\"row_col_wrap_12_inner col span_12  left\">\n\t<div  class=\"vc_col-sm-12 wpb_column column_container vc_column_container col child_column has-animation no-extra-padding inherit_tablet inherit_phone \"   data-padding-pos=\"all\" data-has-bg-color=\"false\" data-bg-color=\"\" data-bg-opacity=\"1\" data-animation=\"fade-in-from-bottom\" data-delay=\"0\" >\n\t\t<div class=\"vc_column-inner\" >\n\t\t<div class=\"wpb_wrapper\">\n\t\t\t<h4 style=\"font-size: 20px;color: #ffffff;line-height: 26px;text-align: center\" class=\"vc_custom_heading vc_do_custom_heading vc_custom_1740645075211\" >Italfisio - Prodotti<\/h4>\n\t\t<\/div> \n\t<\/div>\n\t<\/div> \n<\/div><\/div><div id=\"fws_69f1eb7860511\" data-midnight=\"\" data-column-margin=\"default\" class=\"wpb_row vc_row-fluid vc_row inner_row\"  style=\"\"><div class=\"row-bg-wrap\"> <div class=\"row-bg\" ><\/div> <\/div><div class=\"row_col_wrap_12_inner col span_12  left\">\n\t<div  class=\"vc_col-sm-12 wpb_column column_container vc_column_container col child_column has-animation no-extra-padding inherit_tablet inherit_phone \"   data-padding-pos=\"all\" data-has-bg-color=\"false\" data-bg-color=\"\" data-bg-opacity=\"1\" data-animation=\"fade-in-from-bottom\" data-delay=\"100\" >\n\t\t<div class=\"vc_column-inner\" >\n\t\t<div class=\"wpb_wrapper\">\n\t\t\t<h1 style=\"font-size: 60px;color: #ffffff;line-height: 95px;text-align: center\" class=\"vc_custom_heading vc_do_custom_heading vc_custom_1754921626817\" >DIACREAM<\/h1>\n\t\t<\/div> \n\t<\/div>\n\t<\/div> \n<\/div><\/div><div id=\"fws_69f1eb7860954\" data-midnight=\"\" data-column-margin=\"default\" class=\"wpb_row vc_row-fluid vc_row inner_row\"  style=\"\"><div class=\"row-bg-wrap\"> <div class=\"row-bg\" ><\/div> <\/div><div class=\"row_col_wrap_12_inner col span_12  left\">\n\t<div  class=\"vc_col-sm-12 wpb_column column_container vc_column_container col child_column has-animation no-extra-padding inherit_tablet inherit_phone \"   data-padding-pos=\"all\" data-has-bg-color=\"false\" data-bg-color=\"\" data-bg-opacity=\"1\" data-animation=\"fade-in-from-bottom\" data-delay=\"200\" >\n\t\t<div class=\"vc_column-inner\" >\n\t\t<div class=\"wpb_wrapper\">\n\t\t\t<h2 style=\"font-size: 35px;color: rgba(255,255,255,0.74);line-height: 35px;text-align: center\" class=\"vc_custom_heading vc_do_custom_heading vc_custom_1740645200051\" >La crema conduttrice n.1 in Italia per trattamenti diatermici<\/h2>\n\t\t<\/div> \n\t<\/div>\n\t<\/div> \n<\/div><\/div>\n\t\t\t<\/div> \n\t\t<\/div>\n\t<\/div> \n\n\t<div  class=\"vc_col-sm-3 wpb_column column_container vc_column_container col no-extra-padding inherit_tablet inherit_phone \"  data-padding-pos=\"all\" data-has-bg-color=\"false\" data-bg-color=\"\" data-bg-opacity=\"1\" data-animation=\"\" data-delay=\"0\" >\n\t\t<div class=\"vc_column-inner\" >\n\t\t\t<div class=\"wpb_wrapper\">\n\t\t\t\t\n\t\t\t<\/div> \n\t\t<\/div>\n\t<\/div> \n<\/div><\/div>\n\t\t<div id=\"fws_69f1eb78610c4\"  data-column-margin=\"default\" data-midnight=\"dark\"  class=\"wpb_row vc_row-fluid vc_row full-width-content vc_row-o-equal-height vc_row-flex vc_row-o-content-middle\"  style=\"padding-top: 0px; padding-bottom: 0px; \"><div class=\"row-bg-wrap\" data-bg-animation=\"none\" data-bg-animation-delay=\"\" data-bg-overlay=\"false\"><div class=\"inner-wrap row-bg-layer\" ><div class=\"row-bg viewport-desktop\"  style=\"\"><\/div><\/div><\/div><div class=\"row_col_wrap_12 col span_12 dark left\">\n\t<div style=\" color: #ffffff;\" class=\"vc_col-sm-8 wpb_column column_container vc_column_container col centered-text padding-6-percent inherit_tablet inherit_phone \" data-cfc=\"true\" data-using-bg=\"true\" data-bg-cover=\"true\" data-padding-pos=\"all\" data-has-bg-color=\"true\" data-bg-color=\"#0a0a0a\" data-bg-opacity=\"0.6\" data-animation=\"\" data-delay=\"0\" >\n\t\t<div class=\"vc_column-inner\" ><div class=\"column-image-bg-wrap column-bg-layer viewport-desktop\" data-bg-pos=\"center center\" data-bg-animation=\"none\" data-bg-overlay=\"false\"><div class=\"inner-wrap\"><div class=\"column-image-bg\" style=\" background-image: url('https:\/\/www.italfisio.it\/wp-content\/uploads\/2025\/02\/easing-neck-pain-2023-11-27-05-36-09-utc-scaled.jpg'); \"><\/div><\/div><\/div><div class=\"column-bg-overlay-wrap column-bg-layer\" data-bg-animation=\"none\"><div class=\"column-bg-overlay\" style=\"opacity: 0.6; background-color: #0a0a0a;\"><\/div><\/div>\n\t\t\t<div class=\"wpb_wrapper\">\n\t\t\t\t<h2 style=\"color: #ffffff;text-align: center\" class=\"vc_custom_heading vc_do_custom_heading\" >Acquista i nostri prodotti<\/h2><div class=\"divider-wrap\" data-alignment=\"default\"><div style=\"height: 40px;\" class=\"divider\"><\/div><\/div><div class=\"nectar-cta  alignment_tablet_default alignment_phone_default display_tablet_inherit display_phone_inherit \" data-color=\"default\" data-using-bg=\"false\" data-display=\"block\" data-style=\"underline\" data-alignment=\"center\" data-text-color=\"custom\" ><h5 style=\"color: #ffffff;\"> <span class=\"link_wrap\" ><a  class=\"link_text\" style=\"border-color: #ffffff;\" role=\"button\" href=\"\/ital-shop\/\">Scopri il nostro shop<\/a><\/span><\/h5><\/div>\n\t\t\t<\/div> \n\t\t<\/div>\n\t<\/div> \n\n\t<div  class=\"vc_col-sm-4 wpb_column column_container vc_column_container col centered-text padding-3-percent inherit_tablet inherit_phone \"  data-padding-pos=\"all\" data-has-bg-color=\"false\" data-bg-color=\"\" data-bg-opacity=\"1\" data-animation=\"\" data-delay=\"0\" >\n\t\t<div class=\"vc_column-inner\" >\n\t\t\t<div class=\"wpb_wrapper\">\n\t\t\t\t\n<div class=\"wpb_text_column wpb_content_element  vc_custom_1740643105340\" >\n\t<div class=\"wpb_wrapper\">\n\t\t<h2>Diacream<\/h2>\n\t<\/div>\n<\/div>\n\n\n\n\n<div class=\"wpb_text_column wpb_content_element  vc_custom_1740643135741\" >\n\t<div class=\"wpb_wrapper\">\n\t\t<p>Diathermy Cream<\/p>\n\t<\/div>\n<\/div>\n\n\n\n<div id=\"fws_69f1eb7861edb\" data-midnight=\"\" data-column-margin=\"default\" class=\"wpb_row vc_row-fluid vc_row inner_row\"  style=\"\"><div class=\"row-bg-wrap\"> <div class=\"row-bg\" ><\/div> <\/div><div class=\"row_col_wrap_12_inner col span_12  left\">\n\t<div  class=\"vc_col-sm-12 wpb_column column_container vc_column_container col child_column no-extra-padding inherit_tablet inherit_phone \"   data-padding-pos=\"left-right\" data-has-bg-color=\"false\" data-bg-color=\"\" data-bg-opacity=\"1\" data-animation=\"\" data-delay=\"0\" >\n\t\t<div class=\"vc_column-inner\" >\n\t\t<div class=\"wpb_wrapper\">\n\t\t\t<div class=\"img-with-aniamtion-wrap center\" data-max-width=\"75%\" data-max-width-mobile=\"default\" data-border-radius=\"10px\" data-shadow=\"small_depth\" data-animation=\"none\"  style=\"margin-bottom: 40px; \">\n      <div class=\"inner\">\n        <div class=\"hover-wrap\"> \n          <div class=\"hover-wrap-inner\">\n            <a href=\"https:\/\/www.italfisio.it\/wp-content\/uploads\/2025\/01\/DIACREAM-Diathermy-Cream-1000ml.png\" class=\"pp center\">\n              <img loading=\"lazy\" decoding=\"async\" class=\"img-with-animation skip-lazy\" data-delay=\"0\" height=\"600\" width=\"600\" data-animation=\"none\" src=\"https:\/\/www.italfisio.it\/wp-content\/uploads\/2025\/01\/DIACREAM-Diathermy-Cream-1000ml.png\" alt=\"DIACREAM- Diathermy Cream 1000ml\" srcset=\"https:\/\/www.italfisio.it\/wp-content\/uploads\/2025\/01\/DIACREAM-Diathermy-Cream-1000ml.png 600w, https:\/\/www.italfisio.it\/wp-content\/uploads\/2025\/01\/DIACREAM-Diathermy-Cream-1000ml-300x300.png 300w, https:\/\/www.italfisio.it\/wp-content\/uploads\/2025\/01\/DIACREAM-Diathermy-Cream-1000ml-150x150.png 150w, https:\/\/www.italfisio.it\/wp-content\/uploads\/2025\/01\/DIACREAM-Diathermy-Cream-1000ml-140x140.png 140w, https:\/\/www.italfisio.it\/wp-content\/uploads\/2025\/01\/DIACREAM-Diathermy-Cream-1000ml-100x100.png 100w, https:\/\/www.italfisio.it\/wp-content\/uploads\/2025\/01\/DIACREAM-Diathermy-Cream-1000ml-500x500.png 500w, https:\/\/www.italfisio.it\/wp-content\/uploads\/2025\/01\/DIACREAM-Diathermy-Cream-1000ml-350x350.png 350w\" sizes=\"auto, (max-width: 600px) 100vw, 600px\" title=\"\">\n            <\/a>\n          <\/div>\n        <\/div>\n      <\/div>\n      <\/div>\n\t\t<\/div> \n\t<\/div>\n\t<\/div> \n<\/div><\/div><p class=\"product woocommerce add_to_cart_inline \" style=\"border:4px solid #ccc; padding: 12px;\"><span class=\"woocommerce-Price-amount amount\" aria-hidden=\"true\"><bdi>23,90&nbsp;<span class=\"woocommerce-Price-currencySymbol\">&euro;<\/span><\/bdi><\/span> <span aria-hidden=\"true\">-<\/span> <span class=\"woocommerce-Price-amount amount\" aria-hidden=\"true\"><bdi>190,00&nbsp;<span class=\"woocommerce-Price-currencySymbol\">&euro;<\/span><\/bdi><\/span><span class=\"screen-reader-text\">Fascia di prezzo: da 23,90&nbsp;&euro; a 190,00&nbsp;&euro;<\/span><a href=\"http:\/\/www.italfisio.it\/it\/prodotto\/diacream-diathermy-cream-1000ml\/\" aria-describedby=\"woocommerce_loop_add_to_cart_link_describedby_335\" data-quantity=\"1\" class=\"button product_type_variable add_to_cart_button\" data-product_id=\"335\" data-product_sku=\"\" aria-label=\"Seleziona le opzioni per &ldquo;DIACREAM- Diathermy Cream&rdquo;\" rel=\"nofollow\"><i class=\"normal icon-salient-cart\"><\/i><span>Scegli<\/span><\/a>\t<span id=\"woocommerce_loop_add_to_cart_link_describedby_335\" class=\"screen-reader-text\">\n\t\tQuesto prodotto ha pi\u00f9 varianti. Le opzioni possono essere scelte nella pagina del prodotto\t<\/span>\n<\/p>\n\t\t\t<\/div> \n\t\t<\/div>\n\t<\/div> \n<\/div><\/div>\n\t\t<div id=\"fws_69f1eb78645d7\"  data-column-margin=\"default\" data-midnight=\"dark\" data-top-percent=\"5%\"  class=\"wpb_row vc_row-fluid vc_row full-width-section\"  style=\"padding-top: calc(100vw * 0.05); padding-bottom: 0px; \"><div class=\"row-bg-wrap\" data-bg-animation=\"none\" data-bg-animation-delay=\"\" data-bg-overlay=\"false\"><div class=\"inner-wrap row-bg-layer\" ><div class=\"row-bg viewport-desktop using-bg-color\"  style=\"background-color: #f9f9f9; \"><\/div><\/div><\/div><div class=\"row_col_wrap_12 col span_12 dark left\">\n\t<div  class=\"vc_col-sm-12 wpb_column column_container vc_column_container col padding-1-percent inherit_tablet inherit_phone \"  data-padding-pos=\"all\" data-has-bg-color=\"false\" data-bg-color=\"\" data-bg-opacity=\"1\" data-animation=\"\" data-delay=\"0\" >\n\t\t<div class=\"vc_column-inner\" >\n\t\t\t<div class=\"wpb_wrapper\">\n\t\t\t\t\n<div class=\"wpb_text_column wpb_content_element \" >\n\t<div class=\"wpb_wrapper\">\n\t\t<h1>DIACREAM &#8211; Diathermy Cream<\/h1>\n\t<\/div>\n<\/div>\n\n\n\n\n\t\t\t<\/div> \n\t\t<\/div>\n\t<\/div> \n<\/div><\/div>\n\t\t<div id=\"fws_69f1eb7864ad6\"  data-column-margin=\"default\" data-midnight=\"dark\" data-bottom-percent=\"2%\"  class=\"wpb_row vc_row-fluid vc_row full-width-section\"  style=\"padding-top: 0px; padding-bottom: calc(100vw * 0.02); \"><div class=\"row-bg-wrap\" data-bg-animation=\"none\" data-bg-animation-delay=\"\" data-bg-overlay=\"false\"><div class=\"inner-wrap row-bg-layer\" ><div class=\"row-bg viewport-desktop using-bg-color\"  style=\"background-color: #f9f9f9; \"><\/div><\/div><\/div><div class=\"row_col_wrap_12 col span_12 dark left\">\n\t<div  class=\"vc_col-sm-12 wpb_column column_container vc_column_container col padding-1-percent inherit_tablet inherit_phone \"  data-padding-pos=\"all\" data-has-bg-color=\"false\" data-bg-color=\"\" data-bg-opacity=\"1\" data-animation=\"\" data-delay=\"0\" >\n\t\t<div class=\"vc_column-inner\" >\n\t\t\t<div class=\"wpb_wrapper\">\n\t\t\t\t\n<div class=\"wpb_text_column wpb_content_element \" >\n\t<div class=\"wpb_wrapper\">\n\t\t<p><strong>DIACREAM<\/strong> \u00e8 la soluzione ideale per chi cerca prestazioni elevate nei trattamenti elettromedicali come diatermia, radiofrequenza e biostimolazioni. Grazie alla sua formula esclusiva, garantisce massima conducibilit\u00e0 e comfort, rendendola il punto di riferimento per i professionisti della fisioterapia e dell\u2019estetica. <\/p>\n\t<\/div>\n<\/div>\n\n\n\n\n\t\t\t<\/div> \n\t\t<\/div>\n\t<\/div> \n<\/div><\/div>\n\t\t<div id=\"fws_69f1eb7864f9a\"  data-column-margin=\"default\" data-midnight=\"dark\" data-bottom-percent=\"2%\"  class=\"wpb_row vc_row-fluid vc_row full-width-section\"  style=\"padding-top: 0px; padding-bottom: calc(100vw * 0.02); \"><div class=\"row-bg-wrap\" data-bg-animation=\"none\" data-bg-animation-delay=\"\" data-bg-overlay=\"false\"><div class=\"inner-wrap row-bg-layer\" ><div class=\"row-bg viewport-desktop using-bg-color\"  style=\"background-color: #f9f9f9; \"><\/div><\/div><\/div><div class=\"row_col_wrap_12 col span_12 dark left\">\n\t<div  class=\"vc_col-sm-12 wpb_column column_container vc_column_container col padding-1-percent inherit_tablet inherit_phone \"  data-padding-pos=\"all\" data-has-bg-color=\"false\" data-bg-color=\"\" data-bg-opacity=\"1\" data-animation=\"\" data-delay=\"0\" >\n\t\t<div class=\"vc_column-inner\" >\n\t\t\t<div class=\"wpb_wrapper\">\n\t\t\t\t\n<div class=\"wpb_text_column wpb_content_element \" >\n\t<div class=\"wpb_wrapper\">\n\t\t<h2>Prestazioni senza compromessi<\/h2>\n<ul>\n<li><strong>Conducibilit\u00e0 ottimale<\/strong>: massimizza l\u2019efficacia dei dispositivi elettromedicali sia in modalit\u00e0 resistiva che capacitiva.<\/li>\n<li><strong>Texture innovativa<\/strong>: sviluppata con ingredienti cosmetici di alta qualit\u00e0 per agevolare lo scorrimento e rendere il trattamento fluido e confortevole.<\/li>\n<li><strong>Assorbimento totale<\/strong>: la crema si integra completamente con la pelle, eliminando la necessit\u00e0 di rimuovere residui e lasciando un effetto idratante ed emolliente.<\/li>\n<li><strong>Facile da pulire<\/strong>: la formulazione idrosolubile non lascia macchie su tessuti o apparecchiature.<\/li>\n<li><strong>Formula sicura<\/strong>: priva di parabeni e formaldeide, ideale anche per le pelli pi\u00f9 sensibili.<\/li>\n<\/ul>\n\t<\/div>\n<\/div>\n\n\n\n\n\t\t\t<\/div> \n\t\t<\/div>\n\t<\/div> \n<\/div><\/div>\n\t\t<div id=\"fws_69f1eb7865474\"  data-column-margin=\"default\" data-midnight=\"dark\"  class=\"wpb_row vc_row-fluid vc_row full-width-content vc_row-o-equal-height vc_row-flex vc_row-o-content-top\"  style=\"padding-top: 0px; padding-bottom: 0px; \"><div class=\"row-bg-wrap\" data-bg-animation=\"none\" data-bg-animation-delay=\"\" data-bg-overlay=\"false\"><div class=\"inner-wrap row-bg-layer\" ><div class=\"row-bg viewport-desktop\"  style=\"\"><\/div><\/div><\/div><div class=\"row_col_wrap_12 col span_12 dark left\">\n\t<div  class=\"vc_col-sm-6 wpb_column column_container vc_column_container col padding-10-percent inherit_tablet inherit_phone \"  data-padding-pos=\"all\" data-has-bg-color=\"false\" data-bg-color=\"\" data-bg-opacity=\"1\" data-animation=\"\" data-delay=\"0\" >\n\t\t<div class=\"vc_column-inner\" >\n\t\t\t<div class=\"wpb_wrapper\">\n\t\t\t\t<div class=\"nectar-responsive-text nectar-link-underline-effect\" style=\"color: #64ccc9;\" data-inherit-heading-family=\"h2\"><h2>Vantaggi per i Professionisti<\/h2>\n<\/div><div id=\"fws_69f1eb7865905\" data-midnight=\"\" data-column-margin=\"default\" class=\"wpb_row vc_row-fluid vc_row inner_row\"  style=\"\"><div class=\"row-bg-wrap\"> <div class=\"row-bg\" ><\/div> <\/div><div class=\"row_col_wrap_12_inner col span_12  left\">\n\t<div  class=\"vc_col-sm-12 wpb_column column_container vc_column_container col child_column has-animation no-extra-padding inherit_tablet inherit_phone \"   data-padding-pos=\"all\" data-has-bg-color=\"false\" data-bg-color=\"\" data-bg-opacity=\"1\" data-animation=\"fade-in-from-bottom\" data-delay=\"0\" >\n\t\t<div class=\"vc_column-inner\" >\n\t\t<div class=\"wpb_wrapper\">\n\t\t\t\n<div class=\"wpb_text_column wpb_content_element \" >\n\t<div class=\"wpb_wrapper\">\n\t\t<ul>\n<li><strong>Efficienza e praticit\u00e0<\/strong>: DIACREAM \u00e8 semplice da utilizzare e si adatta perfettamente alle esigenze dei trattamenti estetici e fisioterapici.<\/li>\n<li><strong>Risultati superiori:<\/strong> studiata per potenziare l\u2019efficacia delle tecnologie di radiofrequenza, diatermia e biostimolazione, contribuendo a ottenere risultati visibili e duraturi.<\/li>\n<li><strong>Leader di mercato<\/strong>: la crema conduttrice pi\u00f9 scelta dai professionisti italiani, sinonimo di affidabilit\u00e0 e qualit\u00e0.<\/li>\n<\/ul>\n\t<\/div>\n<\/div>\n\n\n\n\n\t\t<\/div> \n\t<\/div>\n\t<\/div> \n<\/div><\/div>\n\t\t\t<\/div> \n\t\t<\/div>\n\t<\/div> \n\n\t<div style=\"\" class=\"vc_col-sm-6 wpb_column column_container vc_column_container col has-animation no-extra-padding inherit_tablet inherit_phone \" data-using-bg=\"true\" data-padding-pos=\"all\" data-has-bg-color=\"true\" data-bg-color=\"rgba(100,204,201,0.5)\" data-bg-opacity=\"1\" data-animation=\"reveal-from-bottom\" data-delay=\"0\" >\n\t\t<div class=\"vc_column-inner\" ><div class=\"column-bg-overlay-wrap column-bg-layer\" data-bg-animation=\"none\"><div class=\"column-bg-overlay\" style=\"opacity: 1; background-color: rgba(100,204,201,0.5);\"><\/div><\/div>\n\t\t\t<div class=\"wpb_wrapper\">\n\t\t\t\t<div class=\"img-with-aniamtion-wrap center\" data-max-width=\"100%\" data-max-width-mobile=\"default\" data-shadow=\"none\" data-animation=\"none\" >\n      <div class=\"inner\">\n        <div class=\"hover-wrap\"> \n          <div class=\"hover-wrap-inner\">\n            <img loading=\"lazy\" decoding=\"async\" class=\"img-with-animation skip-lazy\" data-delay=\"0\" height=\"600\" width=\"600\" data-animation=\"none\" src=\"https:\/\/www.italfisio.it\/wp-content\/uploads\/2025\/01\/DIACREAM-Diathermy-Cream-1000ml.png\" alt=\"DIACREAM- Diathermy Cream 1000ml\" srcset=\"https:\/\/www.italfisio.it\/wp-content\/uploads\/2025\/01\/DIACREAM-Diathermy-Cream-1000ml.png 600w, https:\/\/www.italfisio.it\/wp-content\/uploads\/2025\/01\/DIACREAM-Diathermy-Cream-1000ml-300x300.png 300w, https:\/\/www.italfisio.it\/wp-content\/uploads\/2025\/01\/DIACREAM-Diathermy-Cream-1000ml-150x150.png 150w, https:\/\/www.italfisio.it\/wp-content\/uploads\/2025\/01\/DIACREAM-Diathermy-Cream-1000ml-140x140.png 140w, https:\/\/www.italfisio.it\/wp-content\/uploads\/2025\/01\/DIACREAM-Diathermy-Cream-1000ml-100x100.png 100w, https:\/\/www.italfisio.it\/wp-content\/uploads\/2025\/01\/DIACREAM-Diathermy-Cream-1000ml-500x500.png 500w, https:\/\/www.italfisio.it\/wp-content\/uploads\/2025\/01\/DIACREAM-Diathermy-Cream-1000ml-350x350.png 350w\" sizes=\"auto, (max-width: 600px) 100vw, 600px\" title=\"\">\n          <\/div>\n        <\/div>\n      <\/div>\n    <\/div>\n\t\t\t<\/div> \n\t\t<\/div>\n\t<\/div> \n<\/div><\/div>\n\t\t<div id=\"fws_69f1eb78661f6\"  data-column-margin=\"default\" data-midnight=\"dark\"  class=\"wpb_row vc_row-fluid vc_row full-width-content vc_row-o-equal-height vc_row-flex vc_row-o-content-middle  reverse_columns_column_phone\"  style=\"padding-top: 0px; padding-bottom: 0px; \"><div class=\"row-bg-wrap\" data-bg-animation=\"none\" data-bg-animation-delay=\"\" data-bg-overlay=\"false\"><div class=\"inner-wrap row-bg-layer\" ><div class=\"row-bg viewport-desktop\"  style=\"\"><\/div><\/div><\/div><div class=\"row_col_wrap_12 col span_12 dark left\">\n\t<div style=\"\" class=\"vc_col-sm-6 wpb_column column_container vc_column_container col has-animation no-extra-padding inherit_tablet inherit_phone \" data-using-bg=\"true\" data-padding-pos=\"all\" data-has-bg-color=\"true\" data-bg-color=\"rgba(100,204,201,0.5)\" data-bg-opacity=\"1\" data-animation=\"reveal-from-bottom\" data-delay=\"0\" >\n\t\t<div class=\"vc_column-inner\" ><div class=\"column-bg-overlay-wrap column-bg-layer\" data-bg-animation=\"none\"><div class=\"column-bg-overlay\" style=\"opacity: 1; background-color: rgba(100,204,201,0.5);\"><\/div><\/div>\n\t\t\t<div class=\"wpb_wrapper\">\n\t\t\t\t<div class=\"img-with-aniamtion-wrap center\" data-max-width=\"100%\" data-max-width-mobile=\"default\" data-shadow=\"none\" data-animation=\"none\" >\n      <div class=\"inner\">\n        <div class=\"hover-wrap\"> \n          <div class=\"hover-wrap-inner\">\n            <img loading=\"lazy\" decoding=\"async\" class=\"img-with-animation skip-lazy\" data-delay=\"0\" height=\"600\" width=\"600\" data-animation=\"none\" src=\"https:\/\/www.italfisio.it\/wp-content\/uploads\/2025\/01\/DIACREAM-Diathermy-Cream-1000ml-Dosatore.png\" alt=\"DIACREAM- Diathermy Cream 1000ml Dosatore\" srcset=\"https:\/\/www.italfisio.it\/wp-content\/uploads\/2025\/01\/DIACREAM-Diathermy-Cream-1000ml-Dosatore.png 600w, https:\/\/www.italfisio.it\/wp-content\/uploads\/2025\/01\/DIACREAM-Diathermy-Cream-1000ml-Dosatore-300x300.png 300w, https:\/\/www.italfisio.it\/wp-content\/uploads\/2025\/01\/DIACREAM-Diathermy-Cream-1000ml-Dosatore-150x150.png 150w, https:\/\/www.italfisio.it\/wp-content\/uploads\/2025\/01\/DIACREAM-Diathermy-Cream-1000ml-Dosatore-140x140.png 140w, https:\/\/www.italfisio.it\/wp-content\/uploads\/2025\/01\/DIACREAM-Diathermy-Cream-1000ml-Dosatore-100x100.png 100w, https:\/\/www.italfisio.it\/wp-content\/uploads\/2025\/01\/DIACREAM-Diathermy-Cream-1000ml-Dosatore-500x500.png 500w, https:\/\/www.italfisio.it\/wp-content\/uploads\/2025\/01\/DIACREAM-Diathermy-Cream-1000ml-Dosatore-350x350.png 350w\" sizes=\"auto, (max-width: 600px) 100vw, 600px\" title=\"\">\n          <\/div>\n        <\/div>\n      <\/div>\n    <\/div>\n\t\t\t<\/div> \n\t\t<\/div>\n\t<\/div> \n\n\t<div  class=\"vc_col-sm-6 wpb_column column_container vc_column_container col padding-10-percent inherit_tablet inherit_phone \"  data-padding-pos=\"all\" data-has-bg-color=\"false\" data-bg-color=\"\" data-bg-opacity=\"1\" data-animation=\"\" data-delay=\"0\" >\n\t\t<div class=\"vc_column-inner\" >\n\t\t\t<div class=\"wpb_wrapper\">\n\t\t\t\t<div class=\"nectar-responsive-text nectar-link-underline-effect\" style=\"color: #64ccc9;\" data-inherit-heading-family=\"h2\"><h2>Perch\u00e9 scegliere DIACREAM<\/h2>\n<\/div><div id=\"fws_69f1eb7866c65\" data-midnight=\"\" data-column-margin=\"default\" class=\"wpb_row vc_row-fluid vc_row inner_row\"  style=\"\"><div class=\"row-bg-wrap\"> <div class=\"row-bg\" ><\/div> <\/div><div class=\"row_col_wrap_12_inner col span_12  left\">\n\t<div  class=\"vc_col-sm-12 wpb_column column_container vc_column_container col child_column has-animation no-extra-padding inherit_tablet inherit_phone \"   data-padding-pos=\"all\" data-has-bg-color=\"false\" data-bg-color=\"\" data-bg-opacity=\"1\" data-animation=\"fade-in-from-bottom\" data-delay=\"0\" >\n\t\t<div class=\"vc_column-inner\" >\n\t\t<div class=\"wpb_wrapper\">\n\t\t\t\n<div class=\"wpb_text_column wpb_content_element \" >\n\t<div class=\"wpb_wrapper\">\n\t\t<ul>\n<li><strong>Esperienza professionale garantita<\/strong>: migliora la precisione e i risultati del trattamento.<\/li>\n<li><strong>Made in Italy<\/strong>: un prodotto di alta qualit\u00e0, interamente ideato e realizzato in Italia.<\/li>\n<li><strong>Sicurezza senza compromessi<\/strong>: la sua formula delicata assicura compatibilit\u00e0 con ogni tipo di pelle.<\/li>\n<li><strong>Praticit\u00e0 assoluta<\/strong>: dalla consistenza alla facilit\u00e0 di pulizia, DIACREAM \u00e8 pensata per facilitare il lavoro del professionista e migliorare l\u2019esperienza del cliente.<\/li>\n<\/ul>\n<p>DIACREAM, la crema conduttrice che unisce performance tecniche, sicurezza e benessere per il cliente.<\/p>\n\t<\/div>\n<\/div>\n\n\n\n\n\t\t<\/div> \n\t<\/div>\n\t<\/div> \n<\/div><\/div>\n\t\t\t<\/div> \n\t\t<\/div>\n\t<\/div> \n<\/div><\/div>\n","protected":false},"excerpt":{"rendered":"Italfisio - Prodotti DIACREAM La crema conduttrice n.1 in Italia per trattamenti diatermici Acquista i nostri prodotti Scopri il nostro shop Diacream Diathermy Cream 23,90&nbsp;&euro; - 190,00&nbsp;&euro;Fascia di prezzo: da...","protected":false},"author":1,"featured_media":0,"parent":8552,"menu_order":0,"comment_status":"closed","ping_status":"closed","template":"","meta":{"footnotes":""},"class_list":["post-8621","page","type-page","status-publish"],"_links":{"self":[{"href":"http:\/\/www.italfisio.it\/it\/wp-json\/wp\/v2\/pages\/8621","targetHints":{"allow":["GET"]}}],"collection":[{"href":"http:\/\/www.italfisio.it\/it\/wp-json\/wp\/v2\/pages"}],"about":[{"href":"http:\/\/www.italfisio.it\/it\/wp-json\/wp\/v2\/types\/page"}],"author":[{"embeddable":true,"href":"http:\/\/www.italfisio.it\/it\/wp-json\/wp\/v2\/users\/1"}],"replies":[{"embeddable":true,"href":"http:\/\/www.italfisio.it\/it\/wp-json\/wp\/v2\/comments?post=8621"}],"version-history":[{"count":6,"href":"http:\/\/www.italfisio.it\/it\/wp-json\/wp\/v2\/pages\/8621\/revisions"}],"predecessor-version":[{"id":13217,"href":"http:\/\/www.italfisio.it\/it\/wp-json\/wp\/v2\/pages\/8621\/revisions\/13217"}],"up":[{"embeddable":true,"href":"http:\/\/www.italfisio.it\/it\/wp-json\/wp\/v2\/pages\/8552"}],"wp:attachment":[{"href":"http:\/\/www.italfisio.it\/it\/wp-json\/wp\/v2\/media?parent=8621"}],"curies":[{"name":"wp","href":"https:\/\/api.w.org\/{rel}","templated":true}]}}