{"id":8552,"date":"2025-09-11T08:21:40","date_gmt":"2025-09-11T06:21:40","guid":{"rendered":"https:\/\/www.italfisio.it\/?page_id=8552"},"modified":"2025-09-11T08:21:40","modified_gmt":"2025-09-11T06:21:40","slug":"fisioterapia","status":"publish","type":"page","link":"http:\/\/www.italfisio.it\/it\/fisioterapia\/","title":{"rendered":"Fisioterapia"},"content":{"rendered":"\n\t\t<div id=\"fws_69f1eba2e41d0\"  data-column-margin=\"default\" data-midnight=\"light\"  class=\"wpb_row vc_row-fluid vc_row full-width-section vc_row-o-full-height vc_row-o-columns-middle vc_row-o-equal-height vc_row-flex\"  style=\"padding-top: 0px; padding-bottom: 0px; \"><div class=\"row-bg-wrap\" data-bg-animation=\"none\" data-bg-animation-delay=\"\" data-bg-overlay=\"true\"><div class=\"inner-wrap row-bg-layer using-image\" ><div class=\"row-bg viewport-desktop using-image\"  style=\"background-image: url(https:\/\/www.italfisio.it\/wp-content\/uploads\/2025\/03\/august-28-2019-cyclists-travel-along-a-dirt-road-2024-09-12-11-03-29-utc-1-scaled.jpg); background-position: center top; background-repeat: no-repeat; \"><\/div><\/div><div class=\"row-bg-overlay row-bg-layer\" style=\"background: #64ccc9; background: linear-gradient(to bottom,#64ccc9 0%,#64ccc9 100%);  opacity: 0.8; \"><\/div><\/div><div class=\"row_col_wrap_12 col span_12 light left\">\n\t<div  class=\"vc_col-sm-3 wpb_column column_container vc_column_container col no-extra-padding inherit_tablet inherit_phone \"  data-padding-pos=\"all\" data-has-bg-color=\"false\" data-bg-color=\"\" data-bg-opacity=\"1\" data-animation=\"\" data-delay=\"0\" >\n\t\t<div class=\"vc_column-inner\" >\n\t\t\t<div class=\"wpb_wrapper\">\n\t\t\t\t\n\t\t\t<\/div> \n\t\t<\/div>\n\t<\/div> \n\n\t<div  class=\"vc_col-sm-6 wpb_column column_container vc_column_container col centered-text no-extra-padding inherit_tablet inherit_phone \"  data-padding-pos=\"all\" data-has-bg-color=\"false\" data-bg-color=\"\" data-bg-opacity=\"1\" data-animation=\"\" data-delay=\"0\" >\n\t\t<div class=\"vc_column-inner\" >\n\t\t\t<div class=\"wpb_wrapper\">\n\t\t\t\t<div id=\"fws_69f1eba2e4ade\" data-midnight=\"\" data-column-margin=\"default\" class=\"wpb_row vc_row-fluid vc_row inner_row\"  style=\"\"><div class=\"row-bg-wrap\"> <div class=\"row-bg\" ><\/div> <\/div><div class=\"row_col_wrap_12_inner col span_12  left\">\n\t<div  class=\"vc_col-sm-12 wpb_column column_container vc_column_container col child_column has-animation no-extra-padding inherit_tablet inherit_phone \"   data-padding-pos=\"all\" data-has-bg-color=\"false\" data-bg-color=\"\" data-bg-opacity=\"1\" data-animation=\"fade-in-from-bottom\" data-delay=\"0\" >\n\t\t<div class=\"vc_column-inner\" >\n\t\t<div class=\"wpb_wrapper\">\n\t\t\t<h4 style=\"font-size: 20px;color: #ffffff;line-height: 26px;text-align: center\" class=\"vc_custom_heading vc_do_custom_heading vc_custom_1740646285117\" >Settori di eccellenza<\/h4>\n\t\t<\/div> \n\t<\/div>\n\t<\/div> \n<\/div><\/div><div id=\"fws_69f1eba2e5471\" data-midnight=\"\" data-column-margin=\"default\" class=\"wpb_row vc_row-fluid vc_row inner_row\"  style=\"\"><div class=\"row-bg-wrap\"> <div class=\"row-bg\" ><\/div> <\/div><div class=\"row_col_wrap_12_inner col span_12  left\">\n\t<div  class=\"vc_col-sm-12 wpb_column column_container vc_column_container col child_column has-animation no-extra-padding inherit_tablet inherit_phone \"   data-padding-pos=\"all\" data-has-bg-color=\"false\" data-bg-color=\"\" data-bg-opacity=\"1\" data-animation=\"fade-in-from-bottom\" data-delay=\"100\" >\n\t\t<div class=\"vc_column-inner\" >\n\t\t<div class=\"wpb_wrapper\">\n\t\t\t<h1 style=\"font-size: 50px;color: #ffffff;line-height: 75px;text-align: center\" class=\"vc_custom_heading vc_do_custom_heading vc_custom_1754921676528\" >Fisioterapia<\/h1>\n\t\t<\/div> \n\t<\/div>\n\t<\/div> \n<\/div><\/div><div id=\"fws_69f1eba2e588e\" data-midnight=\"\" data-column-margin=\"default\" class=\"wpb_row vc_row-fluid vc_row inner_row\"  style=\"\"><div class=\"row-bg-wrap\"> <div class=\"row-bg\" ><\/div> <\/div><div class=\"row_col_wrap_12_inner col span_12  left\">\n\t<div  class=\"vc_col-sm-12 wpb_column column_container vc_column_container col child_column has-animation no-extra-padding inherit_tablet inherit_phone \"   data-padding-pos=\"all\" data-has-bg-color=\"false\" data-bg-color=\"\" data-bg-opacity=\"1\" data-animation=\"fade-in-from-bottom\" data-delay=\"200\" >\n\t\t<div class=\"vc_column-inner\" >\n\t\t<div class=\"wpb_wrapper\">\n\t\t\t<h2 style=\"font-size: 40px;color: rgba(255,255,255,0.74);line-height: 28px;text-align: center\" class=\"vc_custom_heading vc_do_custom_heading vc_custom_1740646315367\" >benessere e riabilitazione<\/h2>\n\t\t<\/div> \n\t<\/div>\n\t<\/div> \n<\/div><\/div>\n\t\t\t<\/div> \n\t\t<\/div>\n\t<\/div> \n\n\t<div  class=\"vc_col-sm-3 wpb_column column_container vc_column_container col no-extra-padding inherit_tablet inherit_phone \"  data-padding-pos=\"all\" data-has-bg-color=\"false\" data-bg-color=\"\" data-bg-opacity=\"1\" data-animation=\"\" data-delay=\"0\" >\n\t\t<div class=\"vc_column-inner\" >\n\t\t\t<div class=\"wpb_wrapper\">\n\t\t\t\t\n\t\t\t<\/div> \n\t\t<\/div>\n\t<\/div> \n<\/div><\/div>\n\t\t<div id=\"fws_69f1eba2e5fbe\"  data-column-margin=\"default\" data-midnight=\"dark\"  class=\"wpb_row vc_row-fluid vc_row full-width-content vc_row-o-full-height vc_row-o-columns-stretch vc_row-o-equal-height vc_row-flex vc_row-o-content-middle  reverse_columns_column_phone\"  style=\"padding-top: 0px; padding-bottom: 0px; \"><div class=\"row-bg-wrap\" data-bg-animation=\"none\" data-bg-animation-delay=\"\" data-bg-overlay=\"false\"><div class=\"inner-wrap row-bg-layer\" ><div class=\"row-bg viewport-desktop\"  style=\"\"><\/div><\/div><\/div><div class=\"row_col_wrap_12 col span_12 dark left\">\n\t<div style=\"\" class=\"vc_col-sm-6 wpb_column column_container vc_column_container col no-extra-padding inherit_tablet inherit_phone \" data-using-bg=\"true\" data-padding-pos=\"all\" data-has-bg-color=\"false\" data-bg-color=\"\" data-bg-opacity=\"1\" data-animation=\"\" data-delay=\"0\" >\n\t\t<div class=\"vc_column-inner\" ><div class=\"column-image-bg-wrap column-bg-layer viewport-desktop\" data-bg-pos=\"center center\" data-bg-animation=\"none\" data-bg-overlay=\"false\"><div class=\"inner-wrap\"><div class=\"column-image-bg\" style=\" background-image: url('https:\/\/www.italfisio.it\/wp-content\/uploads\/2025\/03\/italfisio2025_075_preview.jpg'); \"><\/div><\/div><\/div>\n\t\t\t<div class=\"wpb_wrapper\">\n\t\t\t\t<div class=\"divider-wrap\" data-alignment=\"default\"><div style=\"height: 500px;\" class=\"divider\"><\/div><\/div>\n\t\t\t<\/div> \n\t\t<\/div>\n\t<\/div> \n\n\t<div style=\"\" class=\"vc_col-sm-6 wpb_column column_container vc_column_container col padding-8-percent inherit_tablet inherit_phone \" data-using-bg=\"true\" data-padding-pos=\"all\" data-has-bg-color=\"true\" data-bg-color=\"#ffffff\" data-bg-opacity=\"1\" data-animation=\"\" data-delay=\"0\" >\n\t\t<div class=\"vc_column-inner\" ><div class=\"column-bg-overlay-wrap column-bg-layer\" data-bg-animation=\"none\"><div class=\"column-bg-overlay\" style=\"opacity: 1; background-color: #ffffff;\"><\/div><\/div>\n\t\t\t<div class=\"wpb_wrapper\">\n\t\t\t\t\n<div class=\"nectar-animated-title\" data-style=\"color-strip-reveal\" data-color=\"accent-color\">\n\t<div class=\"nectar-animated-title-outer\">\n\t\t<div class=\"nectar-animated-title-inner\">\n\t\t\t<div class=\"wrap\"><h1 style=\"color: #ffffff;\">Prodotti per la fisioterapia<\/h1><\/div>\n\t\t<\/div>\n\t<\/div>\n<\/div><h2 style=\"font-size: 42px;line-height: 52px;text-align: left\" class=\"vc_custom_heading vc_do_custom_heading\" >Soluzioni efficaci per il benessere e la riabilitazione<\/h2>\n<div class=\"wpb_text_column wpb_content_element  vc_custom_1740583938067\" >\n\t<div class=\"wpb_wrapper\">\n\t\t<p>La nostra gamma di prodotti per la fisioterapia \u00e8 progettata per soddisfare le esigenze di professionisti del settore e di pazienti, offrendo soluzioni efficaci per la riabilitazione e il benessere fisico. Ogni dispositivo che proponiamo \u00e8 il risultato di un&#8217;attenta ricerca e di un processo produttivo che combina competenze artigianali e industriali, garantendo affidabilit\u00e0, sicurezza e alte prestazioni. L&#8217;obiettivo principale dei nostri prodotti \u00e8 quello di facilitare il recupero fisico e migliorare la qualit\u00e0 della vita di chi necessita di trattamenti fisioterapici mirati.<\/p>\n\t<\/div>\n<\/div>\n\n\n\n\n<div class=\"wpb_text_column wpb_content_element  vc_custom_1740583954169\" >\n\t<div class=\"wpb_wrapper\">\n\t\t<p>Ogni prodotto che offriamo \u00e8 realizzato con materiali di alta qualit\u00e0, scelti con cura per assicurare la massima durata e resistenza nel tempo. La nostra gamma di dispositivi include strumenti pensati per migliorare il recupero fisico e favorire la riabilitazione muscolare in modo efficace e sicuro. Grazie a un design ergonomico e a tecnologie avanzate, i nostri prodotti offrono un supporto ottimale ai fisioterapisti e ai pazienti, facilitando l&#8217;esecuzione degli esercizi e migliorando i risultati dei trattamenti.<\/p>\n\t<\/div>\n<\/div>\n\n\n\n\n\t\t\t<\/div> \n\t\t<\/div>\n\t<\/div> \n<\/div><\/div>\n\t\t<div id=\"fws_69f1eba2e6f87\"  data-column-margin=\"default\" data-midnight=\"dark\" data-top-percent=\"4%\" data-bottom-percent=\"3%\"  class=\"wpb_row vc_row-fluid vc_row full-width-section\"  style=\"padding-top: calc(100vw * 0.04); padding-bottom: calc(100vw * 0.03); \"><div class=\"row-bg-wrap\" data-bg-animation=\"none\" data-bg-animation-delay=\"\" data-bg-overlay=\"false\"><div class=\"inner-wrap row-bg-layer\" ><div class=\"row-bg viewport-desktop using-bg-color\"  style=\"background-color: #f2f2f2; \"><\/div><\/div><\/div><div class=\"row_col_wrap_12 col span_12 dark left\">\n\t<div  class=\"vc_col-sm-12 wpb_column column_container vc_column_container col has-animation no-extra-padding inherit_tablet inherit_phone \"  data-padding-pos=\"all\" data-has-bg-color=\"false\" data-bg-color=\"\" data-bg-opacity=\"1\" data-animation=\"fade-in-from-bottom\" data-delay=\"0\" >\n\t\t<div class=\"vc_column-inner\" >\n\t\t\t<div class=\"wpb_wrapper\">\n\t\t\t\t\n<div class=\"wpb_text_column wpb_content_element  vc_custom_1740584068671\" >\n\t<div class=\"wpb_wrapper\">\n\t\t<h5>I nostri dispositivi sono studiati per rispondere alle necessit\u00e0 di trattamenti fisioterapici di diversa natura, sia per la riabilitazione post-operatoria che per la prevenzione di lesioni muscolari e articolari. Offriamo soluzioni che ottimizzano i risultati e permettono di personalizzare il percorso di recupero in base alle esigenze specifiche di ogni paziente. Grazie alla versatilit\u00e0 dei nostri strumenti, fisioterapisti e professionisti del settore possono contare su attrezzature all&#8217;avanguardia, progettate per garantire la massima efficacia e sicurezza.<\/h5>\n\t<\/div>\n<\/div>\n\n\n\n\n<div class=\"wpb_text_column wpb_content_element \" >\n\t<div class=\"wpb_wrapper\">\n\t\t<h5>La qualit\u00e0 e la sicurezza sono le nostre priorit\u00e0. Per questo motivo, ogni dispositivo della nostra linea \u00e8 sottoposto a rigorosi test di controllo per garantire alte performance e affidabilit\u00e0. Il nostro impegno nella ricerca e nello sviluppo di nuove soluzioni ci consente di offrire prodotti sempre innovativi, in grado di rispondere alle esigenze del settore e di migliorare costantemente le prestazioni dei trattamenti fisioterapici.<\/h5>\n\t<\/div>\n<\/div>\n\n\n\n<div id=\"fws_69f1eba2e742d\" data-midnight=\"\" data-column-margin=\"default\" class=\"wpb_row vc_row-fluid vc_row inner_row\"  style=\"\"><div class=\"row-bg-wrap\"> <div class=\"row-bg\" ><\/div> <\/div><div class=\"row_col_wrap_12_inner col span_12  left\">\n\t<div  class=\"vc_col-sm-6 wpb_column column_container vc_column_container col child_column has-animation padding-3-percent inherit_tablet inherit_phone \"   data-padding-pos=\"top-bottom\" data-has-bg-color=\"false\" data-bg-color=\"\" data-bg-opacity=\"1\" data-animation=\"fade-in-from-bottom\" data-delay=\"0\" >\n\t\t<div class=\"vc_column-inner\" >\n\t\t<div class=\"wpb_wrapper\">\n\t\t\t\n<div class=\"wpb_text_column wpb_content_element  vc_custom_1740584153733\" >\n\t<div class=\"wpb_wrapper\">\n\t\t<p>Oltre a garantire la massima qualit\u00e0, poniamo grande attenzione alla praticit\u00e0 d&#8217;uso dei nostri dispositivi. Sappiamo quanto sia importante per i fisioterapisti disporre di strumenti funzionali e intuitivi, che permettano di ottimizzare i tempi di trattamento e migliorare il comfort del paziente. Per questo motivo, sviluppiamo prodotti che combinano tecnologie avanzate con un design ergonomico, studiato per facilitare la manipolazione e l&#8217;applicazione durante le sessioni di fisioterapia.<\/p>\n<p>I nostri prodotti non sono solo pensati per l&#8217;uso professionale, ma anche per chi desidera effettuare trattamenti domiciliari in tutta sicurezza. Grazie alla loro semplicit\u00e0 di utilizzo e alla qualit\u00e0 costruttiva, i nostri dispositivi possono essere impiegati anche a casa per supportare il recupero fisico in autonomia. Offriamo soluzioni che consentono ai pazienti di proseguire il percorso riabilitativo in modo efficace, riducendo i tempi di recupero e migliorando la loro qualit\u00e0 di vita.<\/p>\n<p>Con i nostri prodotti per la fisioterapia, vogliamo garantire un approccio completo al benessere, che favorisca il recupero e il miglioramento delle condizioni fisiche di chi necessita di trattamenti mirati.<\/p>\n\t<\/div>\n<\/div>\n\n\n\n\n\t\t<\/div> \n\t<\/div>\n\t<\/div> \n\n\t<div  class=\"vc_col-sm-6 wpb_column column_container vc_column_container col child_column has-animation padding-3-percent inherit_tablet inherit_phone \"   data-padding-pos=\"top-bottom\" data-has-bg-color=\"false\" data-bg-color=\"\" data-bg-opacity=\"1\" data-animation=\"fade-in-from-bottom\" data-delay=\"100\" >\n\t\t<div class=\"vc_column-inner\" >\n\t\t<div class=\"wpb_wrapper\">\n\t\t\t\n<div class=\"wpb_text_column wpb_content_element  vc_custom_1740584172600\" >\n\t<div class=\"wpb_wrapper\">\n\t\t<p>Ogni dispositivo \u00e8 progettato per supportare in modo efficace il trattamento e rendere la riabilitazione un percorso sicuro e confortevole. Investiamo continuamente nella ricerca di nuove soluzioni per offrire attrezzature sempre pi\u00f9 performanti, in grado di rispondere alle richieste dei professionisti del settore e dei pazienti.<\/p>\n<p>Scegliere la nostra gamma di prodotti per la fisioterapia significa affidarsi a un&#8217;azienda che pone al centro della propria missione la salute e il benessere delle persone. La nostra esperienza e la nostra attenzione ai dettagli ci permettono di sviluppare dispositivi innovativi, progettati per migliorare l&#8217;efficacia dei trattamenti e garantire risultati concreti.<\/p>\n<p>Scopri la nostra gamma di prodotti per la fisioterapia e scegli la qualit\u00e0 per migliorare la tua pratica professionale o il tuo percorso di recupero. Grazie alla nostra attenzione ai dettagli e alla continua ricerca di soluzioni innovative, possiamo offrirti attrezzature all&#8217;avanguardia per rispondere a tutte le tue esigenze di fisioterapia. La nostra missione \u00e8 aiutarti a ottenere il massimo dai tuoi trattamenti, supportando il tuo benessere con soluzioni sicure, affidabili e altamente performanti.<\/p>\n\t<\/div>\n<\/div>\n\n\n\n\n\t\t<\/div> \n\t<\/div>\n\t<\/div> \n<\/div><\/div>\n\t\t\t<\/div> \n\t\t<\/div>\n\t<\/div> \n<\/div><\/div>\n\t\t<div id=\"fws_69f1eba2e7bf9\"  data-column-margin=\"default\" data-midnight=\"dark\" data-top-percent=\"3%\" data-bottom-percent=\"1%\"  class=\"wpb_row vc_row-fluid vc_row full-width-content vc_row-o-equal-height vc_row-flex vc_row-o-content-top  right_padding_7pct left_padding_7pct\"  style=\"padding-top: calc(100vw * 0.03); padding-bottom: calc(100vw * 0.01); \"><div class=\"row-bg-wrap\" data-bg-animation=\"none\" data-bg-animation-delay=\"\" data-bg-overlay=\"false\"><div class=\"inner-wrap row-bg-layer\" ><div class=\"row-bg viewport-desktop using-bg-color\"  style=\"background-color: #ffffff; \"><\/div><\/div><\/div><div class=\"row_col_wrap_12 col span_12 dark left\">\n\t<div  class=\"vc_col-sm-12 wpb_column column_container vc_column_container col no-extra-padding inherit_tablet inherit_phone \"  data-padding-pos=\"all\" data-has-bg-color=\"false\" data-bg-color=\"\" data-bg-opacity=\"1\" data-animation=\"\" data-delay=\"0\" >\n\t\t<div class=\"vc_column-inner\" >\n\t\t\t<div class=\"wpb_wrapper\">\n\t\t\t\t<div id=\"fws_69f1eba2e7f08\" data-midnight=\"\" data-column-margin=\"default\" class=\"wpb_row vc_row-fluid vc_row inner_row  right_padding_24pct left_padding_24pct right_padding_phone_5pct left_padding_phone_5pct\"  style=\"padding-bottom: 3%; \"><div class=\"row-bg-wrap\"> <div class=\"row-bg\" ><\/div> <\/div><div class=\"row_col_wrap_12_inner col span_12  left\">\n\t<div  class=\"vc_col-sm-12 wpb_column column_container vc_column_container col child_column centered-text no-extra-padding inherit_tablet inherit_phone \"   data-padding-pos=\"all\" data-has-bg-color=\"false\" data-bg-color=\"\" data-bg-opacity=\"1\" data-animation=\"\" data-delay=\"0\" >\n\t\t<div class=\"vc_column-inner\" >\n\t\t<div class=\"wpb_wrapper\">\n\t\t\t<div class=\"nectar-highlighted-text font_size_4vw \" data-style=\"scribble\" data-exp=\"default\" data-using-custom-color=\"false\" data-animation-delay=\"false\" data-color=\"\" data-color-gradient=\"\" style=\"\"><h2>Alcuni dei nostri <em>prodotti<svg class=\"nectar-scribble squiggle-underline\" role=\"presentation\" viewBox=\"-347 -30.1947 694 96.19\" preserveAspectRatio=\"none\"><path style=\"animation-duration: 1.8s;\" d=\"M-335,54 C-335,54 -171,-58 -194,-3 C-217,52 -224.1199951171875,73.552001953125 -127,11 C-68,-27 -137,50 -33,42 C31.43899917602539,37.042999267578125 147.14700317382812,-29.308000564575195 335,2\" stroke=\"#64ccc9\" pathLength=\"1\" stroke-width=\"20\" fill=\"none\"\/><\/svg><\/em> di punta. Scoprili!<\/h2>\n<\/div>\n\t\t<\/div> \n\t<\/div>\n\t<\/div> \n<\/div><\/div>\n\t\t\t<\/div> \n\t\t<\/div>\n\t<\/div> \n<\/div><\/div>\n\t\t<div id=\"fws_69f1eba2e84fc\"  data-column-margin=\"default\" data-midnight=\"dark\" data-top-percent=\"3%\" data-bottom-percent=\"3%\"  class=\"wpb_row vc_row-fluid vc_row full-width-content vc_row-o-equal-height vc_row-flex vc_row-o-content-top  right_padding_8pct left_padding_8pct nectar-overflow-hidden top_padding_tablet_10pct bottom_padding_tablet_15pct left_padding_tablet_8pct\"  style=\"padding-top: calc(100vw * 0.03); padding-bottom: calc(100vw * 0.03); \"><div class=\"row-bg-wrap\" data-bg-animation=\"none\" data-bg-animation-delay=\"\" data-bg-overlay=\"false\"><div class=\"inner-wrap row-bg-layer\" ><div class=\"row-bg viewport-desktop using-bg-color\"  style=\"background-color: #ffffff; \"><\/div><\/div><\/div><div class=\"row_col_wrap_12 col span_12 dark left\">\n\t<div  class=\"vc_col-sm-12 wpb_column column_container vc_column_container col no-extra-padding el_spacing_0px inherit_tablet inherit_phone \"  data-padding-pos=\"all\" data-has-bg-color=\"false\" data-bg-color=\"\" data-bg-opacity=\"1\" data-animation=\"\" data-delay=\"0\" >\n\t\t<div class=\"vc_column-inner\" >\n\t\t\t<div class=\"wpb_wrapper\">\n\t\t\t\t<div class=\"nectar-flickity not-initialized nectar-carousel tb-spacing-0 \" data-indicator-style=\"solid_bg\" data-indicator-bg=\"#64ccc9\" data-indicator-icon=\"#ffffff\" data-indicator-text=\"Drag\" data-centered-cells=\"false\" data-pause-on-hover=\"\" data-touch-icon-color=\"default\" data-control-color=\"default\" data-overflow=\"visible\" data-r-bottom-total=\"true\" data-drag-scale=\"true\" data-wrap=\"no-wrap\" data-spacing=\"15px\" data-controls=\"touch_total\" data-pagination-alignment=\"default\" data-adaptive-height=\"\" data-border-radius=\"none\" data-column-border=\"\" data-column-padding=\"0\" data-format=\"default\" data-autoplay=\"\" data-autoplay-dur=\"5000\" data-control-style=\"material_pagination\" data-desktop-columns=\"4\" data-small-desktop-columns=\"3\" data-tablet-columns=\"2\" data-phone-columns=\"1\" data-column-color=\"\"><div class=\"flickity-viewport\"> <div class=\"flickity-slider\"><div class=\"cell \"><div class=\"inner-wrap-outer\"><div class=\"inner-wrap\" ><div class=\"nectar-fancy-box nectar-underline using-img  has-animation content-color-000000 aspect-4-5 \"  data-style=\"image_above_text_underline\" data-border-radius=\"default\" data-animation=\"fade-in-from-right\" data-delay=\"0\" data-alignment=\"left\"><div class=\"image-wrap\"><div class=\"box-bg\"  style=\"background-image: url('https:\/\/www.italfisio.it\/wp-content\/uploads\/2025\/01\/DIACREAM-Diathermy-Cream-1000ml.png'); \"><\/div><\/div>\n\t\t<div class=\"text\">\n<h4>DIACREAM &#8211; Diathermy Cream<\/h4>\n<p>La crema conduttrice n.1 in Italia per trattamenti diatermici<\/div> <a  href=\"\/diacream\" class=\"box-link\"><\/a>\n\t\t<\/div><\/div><\/div><\/div><div class=\"cell \"><div class=\"inner-wrap-outer\"><div class=\"inner-wrap\" ><div class=\"nectar-fancy-box nectar-underline using-img  has-animation content-color-000000 aspect-4-5 \"  data-style=\"image_above_text_underline\" data-border-radius=\"default\" data-animation=\"fade-in-from-right\" data-delay=\"100\" data-alignment=\"left\"><div class=\"image-wrap\"><div class=\"box-bg\"  style=\"background-image: url('https:\/\/www.italfisio.it\/wp-content\/uploads\/2025\/01\/MASSAGE-CREAM-High-Performance-Formula-1000ml.png'); \"><\/div><\/div>\n\t\t<div class=\"text\">\n<h4>MASSAGE CREAM &#8211; High Performance Formula<\/h4>\n<p>La crema da massaggio professionale per performance superiori<\/div> <a  href=\"\/massage-cream\" class=\"box-link\"><\/a>\n\t\t<\/div><\/div><\/div><\/div><div class=\"cell \"><div class=\"inner-wrap-outer\"><div class=\"inner-wrap\" ><div class=\"nectar-fancy-box nectar-underline using-img  has-animation content-color-000000 aspect-4-5 \"  data-style=\"image_above_text_underline\" data-border-radius=\"default\" data-animation=\"fade-in-from-right\" data-delay=\"200\" data-alignment=\"left\"><div class=\"image-wrap\"><div class=\"box-bg\"  style=\"background-image: url('https:\/\/www.italfisio.it\/wp-content\/uploads\/2025\/01\/ICE-GEL-Alpine-Frost-Sensation-100ml.png'); \"><\/div><\/div>\n\t\t<div class=\"text\">\n<h4>ICE GEL &#8211; Sollievo Freddo Lunga Durata<\/h4>\n<p>Il gel freddo ideale per dolori muscolari e affaticamento<\/div> <a  href=\"\/ice-gel\" class=\"box-link\"><\/a>\n\t\t<\/div><\/div><\/div><\/div><div class=\"cell \"><div class=\"inner-wrap-outer\"><div class=\"inner-wrap\" ><div class=\"nectar-fancy-box nectar-underline using-img  has-animation content-color-000000 aspect-4-5 \"  data-style=\"image_above_text_underline\" data-border-radius=\"default\" data-animation=\"fade-in-from-right\" data-delay=\"300\" data-alignment=\"left\"><div class=\"image-wrap\"><div class=\"box-bg\"  style=\"background-image: url('https:\/\/www.italfisio.it\/wp-content\/uploads\/2025\/01\/ICE-GEL-HOT-Active-Thermal-Sensation-100ml.jpg'); \"><\/div><\/div>\n\t\t<div class=\"text\">\n<h4>ICE GEL HOT &#8211; Sollievo Caldo Lunga Durata<\/h4>\n<p>Gel riscaldante per il sollievo da contratture e tensioni muscolari<\/div> <a  href=\"\/ice-gel-hot\" class=\"box-link\"><\/a>\n\t\t<\/div><\/div><\/div><\/div><div class=\"cell \"><div class=\"inner-wrap-outer\"><div class=\"inner-wrap\" ><div class=\"nectar-fancy-box nectar-underline using-img  has-animation content-color-000000 aspect-4-5 \"  data-style=\"image_above_text_underline\" data-border-radius=\"default\" data-animation=\"fade-in-from-right\" data-delay=\"400\" data-alignment=\"left\"><div class=\"image-wrap\"><div class=\"box-bg\"  style=\"background-image: url('https:\/\/www.italfisio.it\/wp-content\/uploads\/2025\/01\/T-CREAM-RF-with-Vacuum-500ml.png'); \"><\/div><\/div>\n\t\t<div class=\"text\">\n<h4>T-CREAM \u2013 RF with Vacuum<\/h4>\n<p>Crema conduttrice per radiofrequenza e vacuum, per trattamenti viso e corpo<\/div> <a  href=\"\/t-cream\" class=\"box-link\"><\/a>\n\t\t<\/div><\/div><\/div><\/div><\/div><\/div><\/div>\n\t\t\t<\/div> \n\t\t<\/div>\n\t<\/div> \n<\/div><\/div>\n","protected":false},"excerpt":{"rendered":"Settori di eccellenza Fisioterapia benessere e riabilitazione Prodotti per la fisioterapia Soluzioni efficaci per il benessere e la riabilitazione La nostra gamma di prodotti per la fisioterapia \u00e8 progettata per...","protected":false},"author":1,"featured_media":0,"parent":0,"menu_order":0,"comment_status":"closed","ping_status":"closed","template":"","meta":{"footnotes":""},"class_list":["post-8552","page","type-page","status-publish"],"_links":{"self":[{"href":"http:\/\/www.italfisio.it\/it\/wp-json\/wp\/v2\/pages\/8552","targetHints":{"allow":["GET"]}}],"collection":[{"href":"http:\/\/www.italfisio.it\/it\/wp-json\/wp\/v2\/pages"}],"about":[{"href":"http:\/\/www.italfisio.it\/it\/wp-json\/wp\/v2\/types\/page"}],"author":[{"embeddable":true,"href":"http:\/\/www.italfisio.it\/it\/wp-json\/wp\/v2\/users\/1"}],"replies":[{"embeddable":true,"href":"http:\/\/www.italfisio.it\/it\/wp-json\/wp\/v2\/comments?post=8552"}],"version-history":[{"count":1,"href":"http:\/\/www.italfisio.it\/it\/wp-json\/wp\/v2\/pages\/8552\/revisions"}],"predecessor-version":[{"id":8560,"href":"http:\/\/www.italfisio.it\/it\/wp-json\/wp\/v2\/pages\/8552\/revisions\/8560"}],"wp:attachment":[{"href":"http:\/\/www.italfisio.it\/it\/wp-json\/wp\/v2\/media?parent=8552"}],"curies":[{"name":"wp","href":"https:\/\/api.w.org\/{rel}","templated":true}]}}