{"id":7761,"date":"2025-07-25T16:52:29","date_gmt":"2025-07-25T14:52:29","guid":{"rendered":"https:\/\/www.italfisio.it\/?post_type=product&#038;p=7761"},"modified":"2025-08-30T16:02:51","modified_gmt":"2025-08-30T14:02:51","slug":"massage-oil-mandorla","status":"publish","type":"product","link":"http:\/\/www.italfisio.it\/fr\/produit\/massage-oil-mandorla\/","title":{"rendered":"MASSAGE OIL Amande"},"content":{"rendered":"<h1 style=\"font-size: 35px;\">MASSAGE OIL Amande<\/h1>\n<h2 style=\"font-size: 25px;\">Hydratation naturelle pour une peau douce et \u00e9lastique<\/h2>\n<p>Scopri le propriet\u00e0 dell\u2019olio massaggiante Mandorla, ideale per chi cerca un trattamento naturale, emolliente e nutriente per la pelle. Formulato con olio di mandorle dolci 100% puro e naturale, \u00e8 perfetto per massaggi su viso e corpo, anche su pelli sensibili e delicate.<\/p>\n<h3 style=\"font-size: 15px;\">Avantages du produit<\/h3>\n<ul>\n<li class=\"translation-block\"><strong>Action hydratante et \u00e9lastifiante :<\/strong> riche en acide ol\u00e9ique, acide linol\u00e9ique, phytost\u00e9rols, phospholipides et vitamine E, il nourrit la peau en profondeur la rendant douce, \u00e9lastique et lumineuse.<\/li>\n<li class=\"translation-block\"><strong>Action hydratante et \u00e9nergisante :<\/strong> riche en acides gras, acides linol\u00e9iques, phytost\u00e9rols, phospholipides et vitamines E, nourrit la peau et procure une peau profonde, douce, \u00e9lastique et lumineuse.<\/li>\n<li class=\"translation-block\"><strong>Polyvalent et polyvalent:<\/strong> id\u00e9al pour les massages sportifs, la physioth\u00e9rapie, l'aromath\u00e9rapie et comme base pour les huiles essentielles. Un alli\u00e9 indispensable pour tout type de traitement.<\/li>\n<li class=\"translation-block\"><strong>Qualit\u00e9 professionnelle :<\/strong> Tr\u00e8s appr\u00e9ci\u00e9 des masseurs et th\u00e9rapeutes, gr\u00e2ce \u00e0 sa consistance \u00e9quilibr\u00e9e et sa capacit\u00e9 \u00e0 nourrir la peau sans l'alourdir.<\/li>\n<\/ul>\n<h3 style=\"font-size: 15px;\">D\u00e9tails et caract\u00e9ristiques<\/h3>\n<p>L\u2019olio di mandorle dolci ITALFISIO \u00e8 100% naturale, ottenuto da spremitura a freddo senza l\u2019aggiunta di solventi chimici. Puro e non raffinato, mantiene intatte tutte le propriet\u00e0 benefiche del frutto, garantendo un prodotto delicato, efficace e rispettoso dell\u2019ambiente.<\/p>\n<h3 style=\"font-size: 15px;\">Modalit\u00e0 d\u2019uso<\/h3>\n<p>Applicare una quantit\u00e0 adeguata di olio sulla pelle e massaggiare fino a completo assorbimento. Pu\u00f2 essere utilizzato da solo o in combinazione con oli essenziali per trattamenti personalizzati.<\/p>\n<h3 style=\"font-size: 15px;\">Avertissements<\/h3>\n<p>Usage externe uniquement. Appliquer uniquement sur une peau intacte. \u00c9viter tout contact avec les yeux et les muqueuses. Conserver dans un endroit frais et sec, \u00e0 l'abri de la chaleur.<\/p>\n<p>Acquista ora l&#8217;olio massaggiante Mandorla e scopri il segreto per una pelle profondamente nutrita, elastica e naturalmente luminosa. Un prodotto professionale, puro e made in Italy, pensato per il benessere quotidiano di tutta la famiglia.<\/p>","protected":false},"excerpt":{"rendered":"<p>Olio Massaggiante Mandorla Idratazione Naturale per una Pelle Morbida ed Elastica Scopri le propriet\u00e0 dell\u2019olio massaggiante Mandorla, ideale per chi cerca un trattamento naturale, emolliente e nutriente per la pelle&#8230;.<\/p>","protected":false},"featured_media":227,"template":"","meta":[],"product_brand":[],"product_cat":[62,81],"product_tag":[],"class_list":{"0":"post-7761","1":"product","2":"type-product","3":"status-publish","4":"has-post-thumbnail","6":"product_cat-cat-fisioterapia","7":"product_cat-cat-massaggio","9":"first","10":"instock","11":"shipping-taxable","12":"purchasable","13":"product-type-simple"},"_links":{"self":[{"href":"http:\/\/www.italfisio.it\/fr\/wp-json\/wp\/v2\/product\/7761","targetHints":{"allow":["GET"]}}],"collection":[{"href":"http:\/\/www.italfisio.it\/fr\/wp-json\/wp\/v2\/product"}],"about":[{"href":"http:\/\/www.italfisio.it\/fr\/wp-json\/wp\/v2\/types\/product"}],"wp:featuredmedia":[{"embeddable":true,"href":"http:\/\/www.italfisio.it\/fr\/wp-json\/wp\/v2\/media\/227"}],"wp:attachment":[{"href":"http:\/\/www.italfisio.it\/fr\/wp-json\/wp\/v2\/media?parent=7761"}],"wp:term":[{"taxonomy":"product_brand","embeddable":true,"href":"http:\/\/www.italfisio.it\/fr\/wp-json\/wp\/v2\/product_brand?post=7761"},{"taxonomy":"product_cat","embeddable":true,"href":"http:\/\/www.italfisio.it\/fr\/wp-json\/wp\/v2\/product_cat?post=7761"},{"taxonomy":"product_tag","embeddable":true,"href":"http:\/\/www.italfisio.it\/fr\/wp-json\/wp\/v2\/product_tag?post=7761"}],"curies":[{"name":"wp","href":"https:\/\/api.w.org\/{rel}","templated":true}]}}