{"id":333,"date":"2025-01-29T12:51:22","date_gmt":"2025-01-29T11:51:22","guid":{"rendered":"https:\/\/italfisio.emotionmedia.it\/?post_type=product&#038;p=333"},"modified":"2025-05-19T09:38:41","modified_gmt":"2025-05-19T07:38:41","slug":"massage-oil-artiglio-del-diavolo","status":"publish","type":"product","link":"http:\/\/www.italfisio.it\/fr\/produit\/massage-oil-artiglio-del-diavolo\/","title":{"rendered":"MASSAGE OIL Artiglio Del Diavolo"},"content":{"rendered":"<h1 style=\"font-size: 35px;\">Huile de massage ITALFISIO \u00e0 la griffe du diable<\/h1>\n<h2 style=\"font-size: 25px;\">Soulagement naturel pour les muscles et les articulations<\/h2>\n<p>Scopri il potere dell\u2019olio per massaggi Artiglio del diavolo, formulato con estratto liposolubile di Artiglio del Diavolo (Harpagophytum procumbens), un ingrediente naturale noto per le sue propriet\u00e0 lenitive e antinfiammatorie. Ideale per sportivi e per chi desidera un prodotto efficace nel recupero muscolare e nel sollievo delle tensioni post-allenamento, questo olio favorisce la microcircolazione e migliora il benessere muscolare.<\/p>\n<h3 style=\"font-size: 15px;\">Avantages du produit<\/h3>\n<p class=\"translation-block\">Action d\u00e9contractante et relaxante\u00a0: lib\u00e8re les tensions et contractures musculaires, r\u00e9duisant ainsi la douleur et l\u2019inflammation.<br>\nId\u00e9al pour la r\u00e9cup\u00e9ration post-entra\u00eenement\u00a0: aide \u00e0 d\u00e9tendre les muscles fatigu\u00e9s, am\u00e9liore la circulation sanguine et acc\u00e9l\u00e8re la r\u00e9cup\u00e9ration.<br>\nApaisant pour les tendons et les ligaments\u00a0: gr\u00e2ce aux propri\u00e9t\u00e9s b\u00e9n\u00e9fiques de la griffe du diable, c\u2019est un alli\u00e9 naturel pour la sant\u00e9 des articulations.<br>\nEfficacit\u00e9 en physioth\u00e9rapie\u00a0: utilis\u00e9e par les physioth\u00e9rapeutes et les massoth\u00e9rapeutes sportifs pour des soins professionnels cibl\u00e9s.<br>\nHydratation et nutrition de la peau\u00a0: sa formule naturelle nourrit et adoucit la peau, la rendant souple et prot\u00e9g\u00e9e.<br>\nD\u00e9tails et caract\u00e9ristiques<\/p>\n<p>L\u2019olio massaggiante ITALFISIO \u00e8 realizzato con ingredienti di alta qualit\u00e0, privi di solventi o additivi artificiali:<\/p>\n<p class=\"translation-block\">Extrait de griffe du diable 100 % naturel et liposoluble, reconnu pour ses propri\u00e9t\u00e9s anti-inflammatoires et analg\u00e9siques.<br>\nHuile de graines d'Helianthus Annuus (tournesol), qui hydrate et prot\u00e8ge la peau.<br>\nFormule non test\u00e9e sur les animaux, \u00e9labor\u00e9e selon des proc\u00e9d\u00e9s durables et respectueux de l'environnement.<\/p>\n<p>100% Made in Italy, sinonimo di qualit\u00e0 e sicurezza.<\/p>\n<h3 style=\"font-size: 15px;\">Modalit\u00e0 d\u2019uso<\/h3>\n<p>Applicare una quantit\u00e0 adeguata sulla zona da trattare e massaggiare fino al completo assorbimento. Perfetto per l\u2019uso quotidiano, sia per sportivi che per chi necessita di un trattamento mirato.<\/p>\n<h3 style=\"font-size: 15px;\">Avertissements<\/h3>\n<p class=\"translation-block\">Utiliser uniquement sur une peau intacte.<br>\nNe pas utiliser en cas d'allergie \u00e0 l'un des ingr\u00e9dients.<br>\nTenir hors de port\u00e9e des enfants.<\/p>\n<p>Scegli l\u2019olio massaggiante ITALFISIO con Artiglio del Diavolo e scopri il benessere di un trattamento naturale ed efficace. Acquista ora e prenditi cura dei tuoi muscoli e delle tue articolazioni con un prodotto professionale e di alta qualit\u00e0.<\/p>","protected":false},"excerpt":{"rendered":"<p>Olio Massaggiante ITALFISIO con Artiglio del Diavolo Sollievo Naturale per Muscoli e Articolazioni Scopri il potere dell\u2019olio per massaggi Artiglio del diavolo, formulato con estratto liposolubile di Artiglio del Diavolo&#8230;<\/p>","protected":false},"featured_media":207,"template":"","meta":[],"product_brand":[],"product_cat":[62,81],"product_tag":[],"class_list":{"0":"post-333","1":"product","2":"type-product","3":"status-publish","4":"has-post-thumbnail","6":"product_cat-cat-fisioterapia","7":"product_cat-cat-massaggio","9":"first","10":"instock","11":"shipping-taxable","12":"purchasable","13":"product-type-simple"},"_links":{"self":[{"href":"http:\/\/www.italfisio.it\/fr\/wp-json\/wp\/v2\/product\/333","targetHints":{"allow":["GET"]}}],"collection":[{"href":"http:\/\/www.italfisio.it\/fr\/wp-json\/wp\/v2\/product"}],"about":[{"href":"http:\/\/www.italfisio.it\/fr\/wp-json\/wp\/v2\/types\/product"}],"wp:featuredmedia":[{"embeddable":true,"href":"http:\/\/www.italfisio.it\/fr\/wp-json\/wp\/v2\/media\/207"}],"wp:attachment":[{"href":"http:\/\/www.italfisio.it\/fr\/wp-json\/wp\/v2\/media?parent=333"}],"wp:term":[{"taxonomy":"product_brand","embeddable":true,"href":"http:\/\/www.italfisio.it\/fr\/wp-json\/wp\/v2\/product_brand?post=333"},{"taxonomy":"product_cat","embeddable":true,"href":"http:\/\/www.italfisio.it\/fr\/wp-json\/wp\/v2\/product_cat?post=333"},{"taxonomy":"product_tag","embeddable":true,"href":"http:\/\/www.italfisio.it\/fr\/wp-json\/wp\/v2\/product_tag?post=333"}],"curies":[{"name":"wp","href":"https:\/\/api.w.org\/{rel}","templated":true}]}}