{"id":332,"date":"2025-01-29T12:50:51","date_gmt":"2025-01-29T11:50:51","guid":{"rendered":"https:\/\/italfisio.emotionmedia.it\/?post_type=product&#038;p=332"},"modified":"2025-05-19T09:38:55","modified_gmt":"2025-05-19T07:38:55","slug":"massage-oil-centella","status":"publish","type":"product","link":"http:\/\/www.italfisio.it\/fr\/produit\/massage-oil-centella\/","title":{"rendered":"MASSAGE OIL Centella"},"content":{"rendered":"<h1 style=\"font-size: 35px;\">Huile de massage Centella<\/h1>\n<h2 style=\"font-size: 25px;\">Traitement naturel pour vos muscles<\/h2>\n<p>L&#8217;Olio Massaggiante Centella \u00e8 un trattamento naturale, ideale per chi cerca un supporto efficace per alleviare tensioni muscolari, contratture e favorire il recupero post-attivit\u00e0 fisica. Questo olio, realizzato con Centella Asiatica al 100%, \u00e8 perfetto per massaggi sportivi e fisioterapici, grazie alle sue propriet\u00e0 lenitive e rigeneranti. La sua composizione completamente naturale, priva di solventi o additivi chimici, lo rende sicuro e delicato sulla pelle.<\/p>\n<h3 style=\"font-size: 15px;\">Caract\u00e9ristiques principales:<\/h3>\n<p class=\"translation-block\">Ingr\u00e9dients naturels\u00a0: La formule contient de l\u2019extrait de Centella Asiatica (Gotu Kola), reconnu pour ses propri\u00e9t\u00e9s b\u00e9n\u00e9fiques sur les tendons et les ligaments, et de l\u2019huile de tournesol qui nourrit et hydrate la peau.<br>\nAction r\u00e9g\u00e9n\u00e9rante\u00a0: Favorise une meilleure microcirculation et stimule la r\u00e9cup\u00e9ration musculaire, avant et apr\u00e8s l\u2019activit\u00e9 physique.<br>\nApaisant et \u00e9mollient\u00a0: R\u00e9duit la douleur, les tensions et l\u2019inflammation, tout en procurant des effets antioxydants et \u00e9lastifiants \u00e0 la peau.<br>\nS\u00e9curit\u00e9 et qualit\u00e9\u00a0: Non test\u00e9 sur les animaux, 100\u00a0% fabriqu\u00e9 en Italie, sans additifs chimiques, pour une qualit\u00e9 pure et naturelle.<br>\nFacilit\u00e9 d\u2019utilisation\u00a0: L\u2019application est simple\u00a0: il suffit de masser la quantit\u00e9 d\u2019huile sur la zone \u00e0 traiter jusqu\u2019\u00e0 absorption compl\u00e8te.<\/p>\n<h3 style=\"font-size: 15px;\">Id\u00e9al pour:<\/h3>\n<p class=\"translation-block\">Les sportifs n\u00e9cessitant un soin avant et apr\u00e8s l'entra\u00eenement pour leur r\u00e9cup\u00e9ration musculaire.<br>\nLes personnes souffrant de tensions et de contractures musculaires.<br>\nCeux qui recherchent une huile naturelle pour des massages th\u00e9rapeutiques et relaxants.<\/p>\n<p>L&#8217;Olio Massaggiante Centella \u00e8 il prodotto ideale per chi desidera un trattamento efficace, naturale e delicato per la pelle e i muscoli. Provalo ora per scoprire la qualit\u00e0 e l\u2019efficacia di un prodotto pensato per il massimo del benessere!<\/p>","protected":false},"excerpt":{"rendered":"<p>Olio Massaggiante Centella Trattamento naturale per i tuoi muscoli L&#8217;Olio Massaggiante Centella \u00e8 un trattamento naturale, ideale per chi cerca un supporto efficace per alleviare tensioni muscolari, contratture e favorire&#8230;<\/p>","protected":false},"featured_media":212,"template":"","meta":[],"product_brand":[],"product_cat":[62,81],"product_tag":[],"class_list":{"0":"post-332","1":"product","2":"type-product","3":"status-publish","4":"has-post-thumbnail","6":"product_cat-cat-fisioterapia","7":"product_cat-cat-massaggio","9":"first","10":"instock","11":"shipping-taxable","12":"purchasable","13":"product-type-simple"},"_links":{"self":[{"href":"http:\/\/www.italfisio.it\/fr\/wp-json\/wp\/v2\/product\/332","targetHints":{"allow":["GET"]}}],"collection":[{"href":"http:\/\/www.italfisio.it\/fr\/wp-json\/wp\/v2\/product"}],"about":[{"href":"http:\/\/www.italfisio.it\/fr\/wp-json\/wp\/v2\/types\/product"}],"wp:featuredmedia":[{"embeddable":true,"href":"http:\/\/www.italfisio.it\/fr\/wp-json\/wp\/v2\/media\/212"}],"wp:attachment":[{"href":"http:\/\/www.italfisio.it\/fr\/wp-json\/wp\/v2\/media?parent=332"}],"wp:term":[{"taxonomy":"product_brand","embeddable":true,"href":"http:\/\/www.italfisio.it\/fr\/wp-json\/wp\/v2\/product_brand?post=332"},{"taxonomy":"product_cat","embeddable":true,"href":"http:\/\/www.italfisio.it\/fr\/wp-json\/wp\/v2\/product_cat?post=332"},{"taxonomy":"product_tag","embeddable":true,"href":"http:\/\/www.italfisio.it\/fr\/wp-json\/wp\/v2\/product_tag?post=332"}],"curies":[{"name":"wp","href":"https:\/\/api.w.org\/{rel}","templated":true}]}}