{"id":324,"date":"2025-01-29T12:39:51","date_gmt":"2025-01-29T11:39:51","guid":{"rendered":"https:\/\/italfisio.emotionmedia.it\/?post_type=product&#038;p=324"},"modified":"2025-05-19T09:36:53","modified_gmt":"2025-05-19T07:36:53","slug":"ice-gel-hot-spray-active-thermal-sensation-100ml","status":"publish","type":"product","link":"http:\/\/www.italfisio.it\/fr\/produit\/ice-gel-hot-spray-active-thermal-sensation-100ml\/","title":{"rendered":"ICE GEL HOT SPRAY- Active Thermal Sensation 100ml"},"content":{"rendered":"<h1 style=\"font-size: 35px;\">ICE GEL HOT SPRAY<\/h1>\n<h2 style=\"font-size: 25px;\">Gel chauffant pour contractures et douleurs musculaires (500 ml)<\/h2>\n<p>Il nostro ICE GEL HOT SPRAY \u00e8 una soluzione ideale per sciogliere tensioni muscolari e contratture, alleviare dolori articolari e favorire il recupero muscolare. Arricchito con una potente combinazione di estratti vegetali, questo gel \u00e8 perfetto per trattamenti pre e post attivit\u00e0 fisica, ma anche per il benessere quotidiano di chi soffre di fastidi muscolari e articolari.<\/p>\n<h3 style=\"font-size: 15px;\">Caract\u00e9ristiques principales<\/h3>\n<p class=\"translation-block\">Gel chauffant: La formule sp\u00e9ciale cr\u00e9e un effet chauffant en profondeur, qui favorise la relaxation musculaire et la r\u00e9cup\u00e9ration apr\u00e8s une activit\u00e9 physique. <br>\nSoulagement rapide et durable : Id\u00e9al pour traiter les contractures, les tensions musculaires et les douleurs articulaires. Gr\u00e2ce \u00e0 son effet chauffant, le gel procure un soulagement imm\u00e9diat qui dure jusqu'\u00e0 2 heures. <br>\nAbsorption rapide : Il s'absorbe facilement, sans graisser la peau et sans laisser de r\u00e9sidus, vous permettant ainsi de continuer votre activit\u00e9 sans interruption. <br>\nComposition Naturelle : Formul\u00e9e avec des ingr\u00e9dients naturels, elle convient \u00e9galement aux peaux sensibles. <br>\nBienfaits pour le corps et l'esprit<\/p>\n<p>Il nostro Gel Caldo \u00e8 particolarmente efficace su aree critiche come collo, schiena, spalle e ginocchia, dove si concentrano maggiormente le tensioni muscolari. Grazie agli estratti vegetali, offre un sollievo immediato e un\u2019azione mirata su contratture, rigidit\u00e0 muscolare e dolori articolari. \u00c8 ideale per chi soffre di disturbi muscolari e articoli a causa di sforzi fisici intensi, posture scorrette o stress fisico e mentale.<\/p>\n<h3 style=\"font-size: 15px;\">Principaux ingr\u00e9dients actifs<\/h3>\n<ul>\n<li>Arnica: L&#8217;arnica \u00e8 conosciuta per le sue propriet\u00e0 antinfiammatorie e analgesiche. \u00c8 particolarmente utile in caso di ematomi, traumi e infiammazioni, poich\u00e9 aiuta a ridurre il gonfiore e il dolore.<\/li>\n<li>Artiglio del Diavolo: Con le sue propriet\u00e0 antinfiammatorie e analgesiche, \u00e8 ideale per trattare dolori muscolari e articolari legati a disturbi come artrosi e artrite.<\/li>\n<li>Boswellia: Un potente rimedio naturale per combattere reumatismi e artrite, con propriet\u00e0 antinfiammatorie e analgesiche. Aiuta a ridurre il gonfiore e il dolore nelle articolazioni.<\/li>\n<li>Zenzero: Lo zenzero ha propriet\u00e0 energizzanti e antidolorifiche. Stimola la circolazione sanguigna e allevia la tensione muscolare localizzata.<\/li>\n<li>Cannella: Con il suo effetto riscaldante, stimola la circolazione sanguigna e allevia la tensione muscolare. \u00c8 un ingrediente utile per favorire il rilassamento muscolare e ridurre il dolore.<\/li>\n<li>Ginepro: Con propriet\u00e0 tonificanti, stimola la circolazione e allevia il dolore muscolare. \u00c8 ideale per combattere la sensazione di gambe pesanti e per trattare dolori articolari e muscolari.<\/li>\n<li>Marronnier d'Inde : Am\u00e9liore la microcirculation et r\u00e9duit les gonflements, id\u00e9al pour traiter les \u0153d\u00e8mes et les douleurs musculaires et articulaires.<\/li>\n<li>Rusco: Con le sue propriet\u00e0 antinfiammatorie e vasocostrittrici, aiuta a ridurre la ritenzione idrica e il gonfiore, ed \u00e8 utile anche per alleviare dolori muscolari e articolari.<\/li>\n<li>Canfora: La canfora \u00e8 un rimedio efficace contro le infiammazioni e le nevralgie. La sua azione rubefacente stimola la circolazione sanguigna e allevia il dolore muscolare.<\/li>\n<li>Cajeput: Ha un&#8217;azione lenitiva, utile per trattare infiammazioni cutanee e alleviare dolori muscolari e articolari.<\/li>\n<li>Wintergreen: Con le sue propriet\u00e0 analgesiche, il Wintergreen favorisce il rilassamento muscolare e riduce il dolore localizzato.<\/li>\n<\/ul>\n<h3 style=\"font-size: 15px;\">Comment l'appliquer<\/h3>\n<p class=\"translation-block\">Appliquez une quantit\u00e9 appropri\u00e9e de gel sur la zone \u00e0 traiter, en fonction de la surface.<br>\nMassez d\u00e9licatement jusqu'\u00e0 absorption compl\u00e8te.<br>\nUtilisez uniquement sur une peau intacte, en \u00e9vitant le contact avec les yeux et les muqueuses.<br>\nLavez-vous soigneusement les mains apr\u00e8s application.<br>\n\u00c0 qui convient le spray chaud ICE GEL\u00a0?<\/p>\n<h3 style=\"font-size: 15px;\">Il nostro ICE GEL HOT SPRAY \u00e8 perfetto per:<\/h3>\n<p class=\"translation-block\">Sportifs et athl\u00e8tes\u00a0: Pour rel\u00e2cher les tensions musculaires et favoriser la r\u00e9cup\u00e9ration apr\u00e8s l\u2019activit\u00e9 physique.<br>\nCeux qui souffrent de douleurs musculaires ou articulaires\u00a0: Id\u00e9al pour soulager l\u2019inconfort li\u00e9 \u00e0 une mauvaise posture, \u00e0 l\u2019effort physique ou au stress.<br>\nProfessionnels souffrant de tensions musculaires\u00a0: Convient aux personnes qui passent de longues heures dans des positions statiques ou qui exercent des m\u00e9tiers sollicitant les muscles et les articulations.<\/p>\n<h3 style=\"font-size: 15px;\">Perch\u00e9 scegliere l&#8217;ICE GEL HOT SPRAY<\/h3>\n<p class=\"translation-block\">Formule naturelle\u00a0: Compos\u00e9 d'une combinaison unique d'extraits de plantes, ce gel offre un soin efficace et doux pour le corps.<br>\nSoulagement imm\u00e9diat et durable\u00a0: La chaleur intense aide \u00e0 d\u00e9tendre les muscles et les articulations, procurant un soulagement durable pouvant durer jusqu'\u00e0 2\u00a0heures.<br>\nFacile \u00e0 utiliser\u00a0: S'applique facilement, p\u00e9n\u00e8tre rapidement et ne laisse aucun r\u00e9sidu sur la peau.<br>\nS\u00fbr et doux\u00a0: Id\u00e9al pour tous les types de peau, m\u00eame les plus sensibles, gr\u00e2ce \u00e0 sa formule naturelle sans ingr\u00e9dients agressifs.<\/p>\n<p>Con il ICE GEL HOT SPRAY, il sollievo da tensioni muscolari, dolori articolari e contratture \u00e8 a portata di mano. Scopri tutti i benefici di un trattamento naturale e altamente efficace, per un recupero muscolare rapido e confortevole.<\/p>","protected":false},"excerpt":{"rendered":"<p>ICE GEL HOT SPRAY Gel Riscaldante per Contratture e Dolori Muscolari (500ml) Il nostro ICE GEL HOT SPRAY \u00e8 una soluzione ideale per sciogliere tensioni muscolari e contratture, alleviare dolori&#8230;<\/p>","protected":false},"featured_media":152,"template":"","meta":[],"product_brand":[],"product_cat":[62,83],"product_tag":[],"class_list":{"0":"post-324","1":"product","2":"type-product","3":"status-publish","4":"has-post-thumbnail","6":"product_cat-cat-fisioterapia","7":"product_cat-cat-ice-gel-hot","9":"first","10":"instock","11":"shipping-taxable","12":"purchasable","13":"product-type-variable"},"_links":{"self":[{"href":"http:\/\/www.italfisio.it\/fr\/wp-json\/wp\/v2\/product\/324","targetHints":{"allow":["GET"]}}],"collection":[{"href":"http:\/\/www.italfisio.it\/fr\/wp-json\/wp\/v2\/product"}],"about":[{"href":"http:\/\/www.italfisio.it\/fr\/wp-json\/wp\/v2\/types\/product"}],"wp:featuredmedia":[{"embeddable":true,"href":"http:\/\/www.italfisio.it\/fr\/wp-json\/wp\/v2\/media\/152"}],"wp:attachment":[{"href":"http:\/\/www.italfisio.it\/fr\/wp-json\/wp\/v2\/media?parent=324"}],"wp:term":[{"taxonomy":"product_brand","embeddable":true,"href":"http:\/\/www.italfisio.it\/fr\/wp-json\/wp\/v2\/product_brand?post=324"},{"taxonomy":"product_cat","embeddable":true,"href":"http:\/\/www.italfisio.it\/fr\/wp-json\/wp\/v2\/product_cat?post=324"},{"taxonomy":"product_tag","embeddable":true,"href":"http:\/\/www.italfisio.it\/fr\/wp-json\/wp\/v2\/product_tag?post=324"}],"curies":[{"name":"wp","href":"https:\/\/api.w.org\/{rel}","templated":true}]}}