{"id":313,"date":"2025-01-28T22:54:52","date_gmt":"2025-01-28T21:54:52","guid":{"rendered":"https:\/\/italfisio.emotionmedia.it\/?post_type=product&#038;p=313"},"modified":"2025-05-21T10:53:12","modified_gmt":"2025-05-21T08:53:12","slug":"cryomax-cooling-gel","status":"publish","type":"product","link":"http:\/\/www.italfisio.it\/fr\/produit\/cryomax-cooling-gel\/","title":{"rendered":"CryoMAX Cooling Gel"},"content":{"rendered":"<div id=\"fws_69e59a5ceda55\"  data-column-margin=\"default\" data-midnight=\"dark\"  class=\"wpb_row vc_row-fluid vc_row\"  style=\"padding-top: 0px; padding-bottom: 0px; \"><div class=\"row-bg-wrap\" data-bg-animation=\"none\" data-bg-animation-delay=\"\" data-bg-overlay=\"false\"><div class=\"inner-wrap row-bg-layer\" ><div class=\"row-bg viewport-desktop\"  style=\"\"><\/div><\/div><\/div><div class=\"row_col_wrap_12 col span_12 dark left\">\n\t<div  class=\"vc_col-sm-12 wpb_column column_container vc_column_container col no-extra-padding inherit_tablet inherit_phone\"  data-padding-pos=\"all\" data-has-bg-color=\"false\" data-bg-color=\"\" data-bg-opacity=\"1\" data-animation=\"\" data-delay=\"0\" >\n\t\t<div class=\"vc_column-inner\" >\n\t\t\t<div class=\"wpb_wrapper\">\n\t\t\t\t\n<div class=\"wpb_text_column wpb_content_element\" >\n\t<div class=\"wpb_wrapper\">\n\t\t<h1 style=\"font-size: 35px;\">CryoMAX Cooling Gel<\/h1>\n<h2 style=\"font-size: 25px;\">Le gel froid id\u00e9al pour la r\u00e9cup\u00e9ration musculaire et le bien-\u00eatre des jambes<\/h2>\n<p>CryoMAX Cooling Gel \u00e8 un gel rinfrescante ad azione immediata, formulato con una combinazione di estratti vegetali e attivi naturali che favoriscono il recupero muscolare, stimolano la circolazione e donano un\u2019intensa sensazione di freschezza e leggerezza.<\/p>\n<p>Grazie alla sua azione defaticante e drenante, questo gel \u00e8 perfetto per chi pratica sport, per chi soffre di affaticamento muscolare, gambe pesanti o problemi di circolazione. La sua formula innovativa garantisce un effetto refrigerante rapido, alleviando il senso di gonfiore e affaticamento dopo sforzi intensi.<\/p>\n<h3 style=\"font-size: 15px;\">\u00c0 qui s'adresse le gel rafra\u00eechissant CryoMAX\u00a0?<\/h3>\n<p class=\"translation-block\">Sportifs et athl\u00e8tes \u2192 Id\u00e9al pour la r\u00e9cup\u00e9ration post-entra\u00eenement, il aide \u00e0 r\u00e9duire l'accumulation d'acide lactique et pr\u00e9vient la fatigue musculaire.<br>\nPersonnes ayant les jambes lourdes ou gonfl\u00e9es \u2192 Stimule la circulation et procure une sensation de fra\u00eecheur imm\u00e9diate, id\u00e9al pour celles qui passent beaucoup de temps debout ou assises.<br>\nPersonnes souffrant de douleurs musculaires et articulaires \u2192 Gr\u00e2ce \u00e0 ses propri\u00e9t\u00e9s anti-inflammatoires et analg\u00e9siques, il aide \u00e0 d\u00e9tendre les muscles et \u00e0 soulager la douleur.<br>\nPersonnes recherchant un produit rafra\u00eechissant pour l'\u00e9t\u00e9 \u2192 Excellent pour rafra\u00eechir la peau et soulager la sensation de chaleur, id\u00e9al apr\u00e8s une longue journ\u00e9e au soleil.<br>\nFormule naturelle pour un bien-\u00eatre imm\u00e9diat<\/p>\n<p>CryoMAX Cooling Gel \u00e8 ricco di ingredienti attivi di origine naturale, selezionati per le loro propriet\u00e0 rinfrescanti, tonificanti e drenanti.<\/p>\n<h3 style=\"font-size: 15px;\">Principaux ingr\u00e9dients et bienfaits :<\/h3>\n<ul>\n<li>Edera \u2013 Propriet\u00e0 vasocostrittrici e astringenti, aiuta a ridurre il gonfiore, migliorare la circolazione e contrastare la cellulite.<\/li>\n<li>Ippocastano \u2013 Migliora il tono venoso e favorisce la microcircolazione, riducendo il gonfiore e alleviando edemi ed ematomi.<\/li>\n<li>Rusco \u2013 Azione vasoprotettiva e antinfiammatoria, perfetto per chi soffre di ritenzione idrica e gambe pesanti.<\/li>\n<li>Centella Asiatica \u2013 Effetto lenitivo e cicatrizzante, migliora l\u2019elasticit\u00e0 della pelle e stimola la produzione di collagene.<\/li>\n<li>Eucalipto \u2013 Potente antinfiammatorio e rinfrescante, dona sollievo immediato e lascia una sensazione di freschezza prolungata.<\/li>\n<li>Canfora \u2013 Stimola la circolazione e ha un effetto analgesico naturale, ideale per alleviare infiammazioni e tensioni muscolari.<\/li>\n<li>Menta Piperita \u2013 Genera un effetto rinfrescante immediato, migliora la circolazione e aiuta a ridurre gonfiore e affaticamento.<\/li>\n<li>Cajeput \u2013 Propriet\u00e0 lenitive e antinfiammatorie, perfetto per calmare irritazioni cutanee e ridurre arrossamenti.<\/li>\n<li class=\"translation-block\">Gaulth\u00e9rie \u2013 Analg\u00e9sique et relaxante, elle favorise la r\u00e9cup\u00e9ration musculaire et r\u00e9duit la douleur.<br>\nEffet rafra\u00eechissant imm\u00e9diat et durable.<\/li>\n<\/ul>\n<p>Grazie alla sua formula avanzata, CryoMAX Cooling Gel agisce in pochi secondi dall\u2019applicazione, generando un\u2019intensa sensazione di freschezza che persiste a lungo. Il gel viene assorbito rapidamente, lasciando la pelle morbida e tonica, senza ungere o appiccicare.<\/p>\n<h3 style=\"font-size: 15px;\">Comment utiliser le gel rafra\u00eechissant CryoMAX ?<\/h3>\n<p>L\u2019applicazione del gel \u00e8 semplice e veloce:<\/p>\n<p class=\"translation-block\">Appliquez une petite quantit\u00e9 sur la zone affect\u00e9e.<br>\nMassez d\u00e9licatement en mouvements circulaires jusqu'\u00e0 absorption compl\u00e8te.<br>\nProfitez d'une sensation de fra\u00eecheur et d'un soulagement imm\u00e9diat.<\/p>\n<p>CryoMAX Cooling Gel pu\u00f2 essere utilizzato pi\u00f9 volte al giorno, in base alle necessit\u00e0. Non applicare su pelle lesa, occhi o mucose.<\/p>\n<h3 style=\"font-size: 15px;\">Quand l'utiliser ?<\/h3>\n<p class=\"translation-block\">Apr\u00e8s une s\u00e9ance d'entra\u00eenement ou une activit\u00e9 physique intense, pour soulager la fatigue et stimuler la r\u00e9cup\u00e9ration musculaire.<br>\nApr\u00e8s une journ\u00e9e charg\u00e9e, pour soulager les jambes lourdes et gonfl\u00e9es.<br>\nPendant les mois les plus chauds, pour un effet rafra\u00eechissant imm\u00e9diat.<br>\nEn soin quotidien pour am\u00e9liorer la circulation et lutter contre la r\u00e9tention d'eau.<\/p>\n<h3 style=\"font-size: 15px;\">\u00c0 qui s'adresse le gel rafra\u00eechissant CryoMAX\u00a0?<\/h3>\n<p class=\"translation-block\">\u2714 Formule naturelle riche en extraits de plantes aux propri\u00e9t\u00e9s anti-fatigue et drainantes.<br>\n\u2714 Effet rafra\u00eechissant imm\u00e9diat pour un soulagement rapide et durable.<br>\n\u2714 Id\u00e9al pour la r\u00e9cup\u00e9ration musculaire et le bien-\u00eatre des jambes.<br>\n\u2714 Non gras, non tachant et \u00e0 absorption rapide.<br>\n\u2714 Parfait pour les sportifs, les personnes souffrant de jambes lourdes ou de probl\u00e8mes de circulation.<\/p>\n<p>Achetez maintenant le gel rafra\u00eechissant CryoMAX pour un soulagement imm\u00e9diat et durable !<\/p>\n<p>Se cerchi un prodotto in grado di donarti freschezza immediata, stimolare la circolazione e ridurre la stanchezza muscolare, CryoMAX Cooling Gel \u00e8 la scelta perfetta.<\/p>\n<p>Commandez d\u00e8s maintenant et d\u00e9couvrez le plaisir des jambes l\u00e9g\u00e8res et des muscles d\u00e9tendus \u00e0 tout moment de la journ\u00e9e !<\/p>\n\t<\/div>\n<\/div>\n\n\n\n\n\t\t\t<\/div> \n\t\t<\/div>\n\t<\/div> \n<\/div><\/div>","protected":false},"excerpt":{"rendered":"CryoMAX Cooling Gel Il gel freddo ideale per il recupero muscolare e il benessere delle gambe CryoMAX Cooling Gel \u00e8 un gel rinfrescante ad azione immediata, formulato con una combinazione...","protected":false},"featured_media":132,"template":"","meta":[],"product_brand":[],"product_cat":[63],"product_tag":[],"class_list":{"0":"post-313","1":"product","2":"type-product","3":"status-publish","4":"has-post-thumbnail","6":"product_cat-cat-sport","8":"first","9":"instock","10":"shipping-taxable","11":"purchasable","12":"product-type-simple"},"_links":{"self":[{"href":"http:\/\/www.italfisio.it\/fr\/wp-json\/wp\/v2\/product\/313","targetHints":{"allow":["GET"]}}],"collection":[{"href":"http:\/\/www.italfisio.it\/fr\/wp-json\/wp\/v2\/product"}],"about":[{"href":"http:\/\/www.italfisio.it\/fr\/wp-json\/wp\/v2\/types\/product"}],"wp:featuredmedia":[{"embeddable":true,"href":"http:\/\/www.italfisio.it\/fr\/wp-json\/wp\/v2\/media\/132"}],"wp:attachment":[{"href":"http:\/\/www.italfisio.it\/fr\/wp-json\/wp\/v2\/media?parent=313"}],"wp:term":[{"taxonomy":"product_brand","embeddable":true,"href":"http:\/\/www.italfisio.it\/fr\/wp-json\/wp\/v2\/product_brand?post=313"},{"taxonomy":"product_cat","embeddable":true,"href":"http:\/\/www.italfisio.it\/fr\/wp-json\/wp\/v2\/product_cat?post=313"},{"taxonomy":"product_tag","embeddable":true,"href":"http:\/\/www.italfisio.it\/fr\/wp-json\/wp\/v2\/product_tag?post=313"}],"curies":[{"name":"wp","href":"https:\/\/api.w.org\/{rel}","templated":true}]}}