{"id":101,"date":"2025-01-27T23:14:12","date_gmt":"2025-01-27T22:14:12","guid":{"rendered":"https:\/\/italfisio.emotionmedia.it\/?post_type=product&#038;p=101"},"modified":"2025-05-23T16:56:31","modified_gmt":"2025-05-23T14:56:31","slug":"thermalmax-heat-pack","status":"publish","type":"product","link":"http:\/\/www.italfisio.it\/fr\/produit\/thermalmax-heat-pack\/","title":{"rendered":"ThermalMAX Heat Pack"},"content":{"rendered":"<h1 style=\"font-size: 35px;\">ThermalMAX Heat Pack<\/h1>\n<h2 style=\"font-size: 25px;\">Le pouvoir de la chaleur pour un bien-\u00eatre durable<\/h2>\n<p>ThermalMAX \u00e8 un impacco termico riutilizzabile progettato per offrire oltre 2 ore di calore costante, garantendo un sollievo efficace da dolori muscolari, tensioni e rigidit\u00e0. Grazie alla sua tecnologia avanzata, il calore penetra in profondit\u00e0, rilassando i muscoli e migliorando il flusso sanguigno nelle aree trattate.<\/p>\n<p>Se soffri di dolori cronici, rigidit\u00e0 articolare o semplicemente desideri un recupero pi\u00f9 rapido dopo un allenamento intenso, ThermalMAX \u00e8 la soluzione ideale per te. Con il suo design pratico e riutilizzabile, offre un trattamento termico sicuro, efficace e prolungato.<\/p>\n<h3 style=\"font-size: 15px;\">Facile da usare e perfetto per ogni attivit\u00e0<\/h3>\n<p>ThermalMAX \u00e8 stato progettato per offrire il massimo comfort durante l\u2019utilizzo. L\u2019impacco termico \u00e8 fornito con un involucro caldo indossabile e un cinturino regolabile, che permettono di fissarlo facilmente a diverse parti del corpo.<\/p>\n<p>Grazie a questo sistema, puoi continuare a svolgere le tue attivit\u00e0 quotidiane senza dover tenere l\u2019impacco con le mani. Questo lo rende particolarmente utile per chi ha bisogno di un trattamento mirato su zone difficili da coprire come:<\/p>\n<ul>\n<li>Dos<\/li>\n<li>Genoux<\/li>\n<li>Coudes<\/li>\n<li>\u00c9paules<\/li>\n<li>Abdomen<\/li>\n<\/ul>\n<p>Indipendentemente dall\u2019area da trattare, l\u2019impacco rimane in posizione per tutta la durata del trattamento, garantendo un sollievo efficace e costante.<\/p>\n<h3 style=\"font-size: 15px;\">R\u00e9utilisable et lavable pour des ann\u00e9es d'utilisation<\/h3>\n<p>A differenza di altri impacchi termici monouso, ThermalMAX \u00e8 progettato per durare nel tempo. Pu\u00f2 essere lavato e riutilizzato tutte le volte che vuoi, offrendo un\u2019alternativa sostenibile ed economica ai prodotti usa e getta.<\/p>\n<p>La qualit\u00e0 dei materiali utilizzati assicura che l\u2019impacco mantenga la sua efficacia nel tempo, garantendo un investimento duraturo per il tuo benessere.<\/p>\n<h3 style=\"font-size: 15px;\">Technologie de chaleur profonde pour un soulagement sup\u00e9rieur<\/h3>\n<p>Il calore \u00e8 uno dei metodi pi\u00f9 efficaci per alleviare dolori muscolari e articolari, e ThermalMAX sfrutta una tecnologia avanzata per garantire una penetrazione pi\u00f9 profonda rispetto ai prodotti concorrenti. Questo significa che il sollievo dal dolore \u00e8 pi\u00f9 rapido e pi\u00f9 duraturo, migliorando la circolazione sanguigna e rilassando le tensioni muscolari in modo naturale.<\/p>\n<h3 style=\"font-size: 15px;\">ThermalMAX \u00e8 particolarmente indicato per:<\/h3>\n<ul>\n<li>Rigidit\u00e0 muscolare al mattino<\/li>\n<li>Recupero dopo l\u2019attivit\u00e0 fisica<\/li>\n<li>Crampes menstruelles<\/li>\n<li>Contractures et tensions dues \u00e0 une mauvaise posture<\/li>\n<li>Soulagement de l'arthrite ou des douleurs articulaires<\/li>\n<li>Non toxique et sans danger pour toute la famille<\/li>\n<\/ul>\n<p>ThermalMAX \u00e8 realizzato con materiali sicuri, privi di lattice e sostanze tossiche, il che lo rende adatto all\u2019uso su tutte le fasce di et\u00e0.<\/p>\n<p>Grazie alla qualit\u00e0 certificata della produzione Made in USA, puoi essere certo di utilizzare un prodotto affidabile e sicuro per il tuo benessere. Inoltre, tutte le istruzioni per l\u2019uso sono fornite in inglese e spagnolo, per garantire la massima comprensione e sicurezza nell\u2019applicazione.<\/p>\n<h3 style=\"font-size: 15px;\">Le compagnon id\u00e9al pour les sportifs et les personnes actives<\/h3>\n<p>Dopo un allenamento intenso o una lunga giornata, il calore terapeutico pu\u00f2 essere la chiave per un recupero pi\u00f9 veloce e meno doloroso. ThermalMAX \u00e8 perfetto per gli sportivi, poich\u00e9 aiuta a sciogliere la rigidit\u00e0 muscolare, prevenire crampi e ridurre l&#8217;affaticamento.<\/p>\n<p>Se pratichi sport come corsa, ciclismo, sollevamento pesi o qualsiasi attivit\u00e0 ad alto impatto, ThermalMAX pu\u00f2 diventare un alleato indispensabile nel tuo processo di recupero. Portalo sempre con te per godere dei benefici del calore in qualsiasi momento.<\/p>\n<h3 style=\"font-size: 15px;\">Perch\u00e9 scegliere ThermalMAX?<\/h3>\n<ul>\n<li>Plus de 2 heures de chaleur th\u00e9rapeutique pour un soulagement durable<\/li>\n<li>Cinturino e involucro regolabile per il massimo comfort e praticit\u00e0<\/li>\n<li>R\u00e9utilisable et lavable, parfait pour des ann\u00e9es d'utilisation<\/li>\n<li>Non toxique et sans latex, sans danger pour toute la famille<\/li>\n<li>Tecnologia del calore profondo, per un trattamento pi\u00f9 efficace<\/li>\n<li>Made in USA, sinonimo di qualit\u00e0 e sicurezza<\/li>\n<li>Achetez ThermalMAX maintenant et d\u00e9couvrez la puissance de la thermoth\u00e9rapie<\/li>\n<\/ul>\n<p>Non c&#8217;\u00e8 niente di pi\u00f9 efficace del calore per alleviare dolori e tensioni muscolari. Con ThermalMAX, puoi godere di un trattamento termico sicuro, duraturo e pratico, ovunque tu sia.<\/p>\n<p>Commandez aujourd'hui et offrez-vous le soulagement que vous m\u00e9ritez !<\/p>","protected":false},"excerpt":{"rendered":"<p>ThermalMAX Heat Pack Il potere del calore per un benessere duraturo ThermalMAX \u00e8 un impacco termico riutilizzabile progettato per offrire oltre 2 ore di calore costante, garantendo un sollievo efficace&#8230;<\/p>","protected":false},"featured_media":6978,"template":"","meta":[],"product_brand":[],"product_cat":[63],"product_tag":[],"class_list":{"0":"post-101","1":"product","2":"type-product","3":"status-publish","4":"has-post-thumbnail","6":"product_cat-cat-sport","8":"first","9":"instock","10":"shipping-taxable","11":"purchasable","12":"product-type-simple"},"_links":{"self":[{"href":"http:\/\/www.italfisio.it\/fr\/wp-json\/wp\/v2\/product\/101","targetHints":{"allow":["GET"]}}],"collection":[{"href":"http:\/\/www.italfisio.it\/fr\/wp-json\/wp\/v2\/product"}],"about":[{"href":"http:\/\/www.italfisio.it\/fr\/wp-json\/wp\/v2\/types\/product"}],"wp:featuredmedia":[{"embeddable":true,"href":"http:\/\/www.italfisio.it\/fr\/wp-json\/wp\/v2\/media\/6978"}],"wp:attachment":[{"href":"http:\/\/www.italfisio.it\/fr\/wp-json\/wp\/v2\/media?parent=101"}],"wp:term":[{"taxonomy":"product_brand","embeddable":true,"href":"http:\/\/www.italfisio.it\/fr\/wp-json\/wp\/v2\/product_brand?post=101"},{"taxonomy":"product_cat","embeddable":true,"href":"http:\/\/www.italfisio.it\/fr\/wp-json\/wp\/v2\/product_cat?post=101"},{"taxonomy":"product_tag","embeddable":true,"href":"http:\/\/www.italfisio.it\/fr\/wp-json\/wp\/v2\/product_tag?post=101"}],"curies":[{"name":"wp","href":"https:\/\/api.w.org\/{rel}","templated":true}]}}