{"id":7230,"date":"2025-05-22T14:40:24","date_gmt":"2025-05-22T12:40:24","guid":{"rendered":"https:\/\/www.italfisio.it\/?page_id=7230"},"modified":"2025-09-18T00:43:49","modified_gmt":"2025-09-17T22:43:49","slug":"sport","status":"publish","type":"page","link":"http:\/\/www.italfisio.it\/fr\/sport\/","title":{"rendered":"Sport"},"content":{"rendered":"<div id=\"fws_69e56a253b8e8\"  data-column-margin=\"default\" data-midnight=\"light\"  class=\"wpb_row vc_row-fluid vc_row full-width-section vc_row-o-full-height vc_row-o-columns-middle vc_row-o-equal-height vc_row-flex\"  style=\"padding-top: 0px; padding-bottom: 0px; \"><div class=\"row-bg-wrap\" data-bg-animation=\"none\" data-bg-animation-delay=\"\" data-bg-overlay=\"true\"><div class=\"inner-wrap row-bg-layer using-image\" ><div class=\"row-bg viewport-desktop using-image\"  style=\"background-image: url(https:\/\/www.italfisio.it\/wp-content\/uploads\/2025\/03\/august-28-2019-cyclists-travel-along-a-dirt-road-2024-09-12-11-03-29-utc-1-scaled.jpg); background-position: center top; background-repeat: no-repeat; \"><\/div><\/div><div class=\"row-bg-overlay row-bg-layer\" style=\"background: #64ccc9; background: linear-gradient(to bottom,#64ccc9 0%,#64ccc9 100%);  opacity: 0.8; \"><\/div><\/div><div class=\"row_col_wrap_12 col span_12 light left\">\n\t<div  class=\"vc_col-sm-3 wpb_column column_container vc_column_container col no-extra-padding inherit_tablet inherit_phone\"  data-padding-pos=\"all\" data-has-bg-color=\"false\" data-bg-color=\"\" data-bg-opacity=\"1\" data-animation=\"\" data-delay=\"0\" >\n\t\t<div class=\"vc_column-inner\" >\n\t\t\t<div class=\"wpb_wrapper\">\n\t\t\t\t\n\t\t\t<\/div> \n\t\t<\/div>\n\t<\/div> \n\n\t<div  class=\"vc_col-sm-6 wpb_column column_container vc_column_container col centered-text no-extra-padding inherit_tablet inherit_phone\"  data-padding-pos=\"all\" data-has-bg-color=\"false\" data-bg-color=\"\" data-bg-opacity=\"1\" data-animation=\"\" data-delay=\"0\" >\n\t\t<div class=\"vc_column-inner\" >\n\t\t\t<div class=\"wpb_wrapper\">\n\t\t\t\t<div id=\"fws_69e56a253c056\" data-midnight=\"\" data-column-margin=\"default\" class=\"wpb_row vc_row-fluid vc_row inner_row\"  style=\"\"><div class=\"row-bg-wrap\"> <div class=\"row-bg\" ><\/div> <\/div><div class=\"row_col_wrap_12_inner col span_12  left\">\n\t<div  class=\"vc_col-sm-12 wpb_column column_container vc_column_container col child_column has-animation no-extra-padding inherit_tablet inherit_phone\"   data-padding-pos=\"all\" data-has-bg-color=\"false\" data-bg-color=\"\" data-bg-opacity=\"1\" data-animation=\"fade-in-from-bottom\" data-delay=\"0\" >\n\t\t<div class=\"vc_column-inner\" >\n\t\t<div class=\"wpb_wrapper\">\n\t\t\t<h4 style=\"font-size: 20px;color: #ffffff;line-height: 26px;text-align: center\" class=\"vc_custom_heading vc_do_custom_heading vc_custom_1740646285117\" >Secteurs d'excellence<\/h4>\n\t\t<\/div> \n\t<\/div>\n\t<\/div> \n<\/div><\/div><div id=\"fws_69e56a253c6f0\" data-midnight=\"\" data-column-margin=\"default\" class=\"wpb_row vc_row-fluid vc_row inner_row\"  style=\"\"><div class=\"row-bg-wrap\"> <div class=\"row-bg\" ><\/div> <\/div><div class=\"row_col_wrap_12_inner col span_12  left\">\n\t<div  class=\"vc_col-sm-12 wpb_column column_container vc_column_container col child_column has-animation no-extra-padding inherit_tablet inherit_phone\"   data-padding-pos=\"all\" data-has-bg-color=\"false\" data-bg-color=\"\" data-bg-opacity=\"1\" data-animation=\"fade-in-from-bottom\" data-delay=\"100\" >\n\t\t<div class=\"vc_column-inner\" >\n\t\t<div class=\"wpb_wrapper\">\n\t\t\t<h1 style=\"font-size: 50px;color: #ffffff;line-height: 75px;text-align: center\" class=\"vc_custom_heading vc_do_custom_heading vc_custom_1754913021496\" >Sport<\/h1>\n\t\t<\/div> \n\t<\/div>\n\t<\/div> \n<\/div><\/div><div id=\"fws_69e56a253cab7\" data-midnight=\"\" data-column-margin=\"default\" class=\"wpb_row vc_row-fluid vc_row inner_row\"  style=\"\"><div class=\"row-bg-wrap\"> <div class=\"row-bg\" ><\/div> <\/div><div class=\"row_col_wrap_12_inner col span_12  left\">\n\t<div  class=\"vc_col-sm-12 wpb_column column_container vc_column_container col child_column has-animation no-extra-padding inherit_tablet inherit_phone\"   data-padding-pos=\"all\" data-has-bg-color=\"false\" data-bg-color=\"\" data-bg-opacity=\"1\" data-animation=\"fade-in-from-bottom\" data-delay=\"200\" >\n\t\t<div class=\"vc_column-inner\" >\n\t\t<div class=\"wpb_wrapper\">\n\t\t\t<h2 style=\"font-size: 40px;color: rgba(255,255,255,0.74);line-height: 28px;text-align: center\" class=\"vc_custom_heading vc_do_custom_heading vc_custom_1747916362593\" >Performance, r\u00e9cup\u00e9ration, bien-\u00eatre<\/h2>\n\t\t<\/div> \n\t<\/div>\n\t<\/div> \n<\/div><\/div>\n\t\t\t<\/div> \n\t\t<\/div>\n\t<\/div> \n\n\t<div  class=\"vc_col-sm-3 wpb_column column_container vc_column_container col no-extra-padding inherit_tablet inherit_phone\"  data-padding-pos=\"all\" data-has-bg-color=\"false\" data-bg-color=\"\" data-bg-opacity=\"1\" data-animation=\"\" data-delay=\"0\" >\n\t\t<div class=\"vc_column-inner\" >\n\t\t\t<div class=\"wpb_wrapper\">\n\t\t\t\t\n\t\t\t<\/div> \n\t\t<\/div>\n\t<\/div> \n<\/div><\/div>\n\t\t<div id=\"fws_69e56a253d199\"  data-column-margin=\"default\" data-midnight=\"dark\"  class=\"wpb_row vc_row-fluid vc_row full-width-content vc_row-o-full-height vc_row-o-columns-stretch vc_row-o-equal-height vc_row-flex vc_row-o-content-middle  reverse_columns_column_phone\"  style=\"padding-top: 0px; padding-bottom: 0px; \"><div class=\"row-bg-wrap\" data-bg-animation=\"none\" data-bg-animation-delay=\"\" data-bg-overlay=\"false\"><div class=\"inner-wrap row-bg-layer\" ><div class=\"row-bg viewport-desktop\"  style=\"\"><\/div><\/div><\/div><div class=\"row_col_wrap_12 col span_12 dark left\">\n\t<div style=\"\" class=\"vc_col-sm-6 wpb_column column_container vc_column_container col no-extra-padding inherit_tablet inherit_phone\" data-using-bg=\"true\" data-padding-pos=\"all\" data-has-bg-color=\"false\" data-bg-color=\"\" data-bg-opacity=\"1\" data-animation=\"\" data-delay=\"0\" >\n\t\t<div class=\"vc_column-inner\" ><div class=\"column-image-bg-wrap column-bg-layer viewport-desktop\" data-bg-pos=\"center center\" data-bg-animation=\"none\" data-bg-overlay=\"false\"><div class=\"inner-wrap\"><div class=\"column-image-bg\" style=\" background-image: url('https:\/\/www.italfisio.it\/wp-content\/uploads\/2025\/05\/Cryomax.png'); \"><\/div><\/div><\/div>\n\t\t\t<div class=\"wpb_wrapper\">\n\t\t\t\t<div class=\"divider-wrap\" data-alignment=\"default\"><div style=\"height: 500px;\" class=\"divider\"><\/div><\/div>\n\t\t\t<\/div> \n\t\t<\/div>\n\t<\/div> \n\n\t<div style=\"\" class=\"vc_col-sm-6 wpb_column column_container vc_column_container col padding-8-percent inherit_tablet inherit_phone\" data-using-bg=\"true\" data-padding-pos=\"all\" data-has-bg-color=\"true\" data-bg-color=\"#ffffff\" data-bg-opacity=\"1\" data-animation=\"\" data-delay=\"0\" >\n\t\t<div class=\"vc_column-inner\" ><div class=\"column-bg-overlay-wrap column-bg-layer\" data-bg-animation=\"none\"><div class=\"column-bg-overlay\" style=\"opacity: 1; background-color: #ffffff;\"><\/div><\/div>\n\t\t\t<div class=\"wpb_wrapper\">\n\t\t\t\t\n<div class=\"nectar-animated-title\" data-style=\"color-strip-reveal\" data-color=\"accent-color\">\n\t<div class=\"nectar-animated-title-outer\">\n\t\t<div class=\"nectar-animated-title-inner\">\n\t\t\t<div class=\"wrap\"><h1 style=\"color: #ffffff;\">Produits de sport<\/h1><\/div>\n\t\t<\/div>\n\t<\/div>\n<\/div><h2 style=\"font-size: 42px;line-height: 52px;text-align: left\" class=\"vc_custom_heading vc_do_custom_heading\" >Performance, r\u00e9cup\u00e9ration, bien-\u00eatre<\/h2>\n<div class=\"wpb_text_column wpb_content_element  vc_custom_1747916388461\" >\n\t<div class=\"wpb_wrapper\">\n\t\t<p>La linea SPORT di Italfisio nasce per accompagnarti in ogni fase della tua attivit\u00e0 fisica, che tu sia un\u2019atleta professionista o un appassionato che pratica sport per passione e benessere personale. La nostra missione \u00e8 di offrire soluzioni efficaci che migliorino le tue performance, accelerino il recupero muscolare e contribuiscano al tuo equilibrio psico-fisico complessivo.<\/p>\n<p>Ogni giorno il nostro corpo viene messo alla prova. Che si tratti di una corsa, di un\u2019intensa sessione in palestra o di una partita impegnativa, i muscoli sono costantemente sollecitati. Per questo motivo abbiamo creato una gamma completa di prodotti pensati per preparare il fisico allo sforzo, favorire un recupero ottimale e ridurre i disagi legati a tensioni, affaticamento e piccoli traumi.<\/p>\n\t<\/div>\n<\/div>\n\n\n\n\n\t\t\t<\/div> \n\t\t<\/div>\n\t<\/div> \n<\/div><\/div>\n\t\t<div id=\"fws_69e56a253decd\"  data-column-margin=\"default\" data-midnight=\"dark\" data-top-percent=\"4%\" data-bottom-percent=\"3%\"  class=\"wpb_row vc_row-fluid vc_row full-width-section\"  style=\"padding-top: calc(100vw * 0.04); padding-bottom: calc(100vw * 0.03); \"><div class=\"row-bg-wrap\" data-bg-animation=\"none\" data-bg-animation-delay=\"\" data-bg-overlay=\"false\"><div class=\"inner-wrap row-bg-layer\" ><div class=\"row-bg viewport-desktop using-bg-color\"  style=\"background-color: #f2f2f2; \"><\/div><\/div><\/div><div class=\"row_col_wrap_12 col span_12 dark left\">\n\t<div  class=\"vc_col-sm-12 wpb_column column_container vc_column_container col has-animation no-extra-padding inherit_tablet inherit_phone\"  data-padding-pos=\"all\" data-has-bg-color=\"false\" data-bg-color=\"\" data-bg-opacity=\"1\" data-animation=\"fade-in-from-bottom\" data-delay=\"0\" >\n\t\t<div class=\"vc_column-inner\" >\n\t\t\t<div class=\"wpb_wrapper\">\n\t\t\t\t\n<div class=\"wpb_text_column wpb_content_element  vc_custom_1747916419225\" >\n\t<div class=\"wpb_wrapper\">\n\t\t<h5>La linea SPORT di Italfisio si compone di formulazioni studiate con la massima attenzione alla qualit\u00e0 delle materie prime, alla tollerabilit\u00e0 cutanea e all\u2019efficacia terapeutica. Il nostro approccio combina le conoscenze della fisioterapia tradizionale con le pi\u00f9 recenti innovazioni della cosmetica funzionale..<\/h5>\n\t<\/div>\n<\/div>\n\n\n\n<div id=\"fws_69e56a253e2b6\" data-midnight=\"\" data-column-margin=\"default\" class=\"wpb_row vc_row-fluid vc_row inner_row\"  style=\"\"><div class=\"row-bg-wrap\"> <div class=\"row-bg\" ><\/div> <\/div><div class=\"row_col_wrap_12_inner col span_12  left\">\n\t<div  class=\"vc_col-sm-6 wpb_column column_container vc_column_container col child_column has-animation padding-3-percent inherit_tablet inherit_phone\"   data-padding-pos=\"top-bottom\" data-has-bg-color=\"false\" data-bg-color=\"\" data-bg-opacity=\"1\" data-animation=\"fade-in-from-bottom\" data-delay=\"0\" >\n\t\t<div class=\"vc_column-inner\" >\n\t\t<div class=\"wpb_wrapper\">\n\t\t\t\n<div class=\"wpb_text_column wpb_content_element  vc_custom_1747916477261\" >\n\t<div class=\"wpb_wrapper\">\n\t\t<h3><b>Preparazione all&#8217;attivit\u00e0 fisica<\/b><\/h3>\n<p class=\"translation-block\">L'activation musculaire est la premi\u00e8re \u00e9tape vers une performance efficace et s\u00fbre. Nos gels et cr\u00e8mes chauffants sont id\u00e9aux pour stimuler la circulation, r\u00e9duire les risques de blessures et am\u00e9liorer l'\u00e9lasticit\u00e9 musculaire. Appliqu\u00e9s avant l'entra\u00eenement, ils aident \u00e0 <b>pr\u00e9parer les muscles et les articulations<\/b>, cr\u00e9ant une agr\u00e9able sensation de chaleur et de bien-\u00eatre.<\/p>\n<h3><b>R\u00e9cup\u00e9ration et retour au calme<\/b><\/h3>\n<p class=\"translation-block\">Apr\u00e8s une activit\u00e9 physique, il est essentiel d'aider le corps \u00e0 r\u00e9cup\u00e9rer rapidement et naturellement. Nos solutions antifatigue et rafra\u00eechissantes sont id\u00e9ales pour <b>soulager les sensations de lourdeur, de gonflement et de fatigue musculaire<\/b>.<\/p>\n\t<\/div>\n<\/div>\n\n\n\n\n\t\t<\/div> \n\t<\/div>\n\t<\/div> \n\n\t<div  class=\"vc_col-sm-6 wpb_column column_container vc_column_container col child_column has-animation padding-3-percent inherit_tablet inherit_phone\"   data-padding-pos=\"top-bottom\" data-has-bg-color=\"false\" data-bg-color=\"\" data-bg-opacity=\"1\" data-animation=\"fade-in-from-bottom\" data-delay=\"100\" >\n\t\t<div class=\"vc_column-inner\" >\n\t\t<div class=\"wpb_wrapper\">\n\t\t\t\n<div class=\"wpb_text_column wpb_content_element  vc_custom_1747918514778\" >\n\t<div class=\"wpb_wrapper\">\n\t\t<h3><b>Pour ceux qui vivent le sport au quotidien<\/b><\/h3>\n<p>Che tu sia un maratoneta, un ciclista, uno sportivo da palestra o semplicemente una persona attenta al proprio corpo, la linea SPORT di Italfisio \u00e8 al tuo fianco. Abbiamo creato i nostri prodotti ascoltando attentamente le esigenze di atleti, fisioterapisti e professionisti del movimento, per offrirti soluzioni specifiche e mirate, in grado di rispondere alle necessit\u00e0 reali del tuo corpo.<\/p>\n<h3><b>Bien-\u00eatre au quotidien<\/b><\/h3>\n<p class=\"translation-block\">Le sport est synonyme de bien-\u00eatre, d'\u00e9quilibre et d'\u00e9nergie. M\u00eame en dehors de l'entra\u00eenement, nos produits restent de pr\u00e9cieux alli\u00e9s\u00a0: pour <b>apaiser les douleurs musculaires et articulaires l\u00e9g\u00e8res<\/b>, pour <b>d\u00e9tendre les muscles tendus<\/b> apr\u00e8s une journ\u00e9e charg\u00e9e ou simplement pour maintenir une bonne condition physique g\u00e9n\u00e9rale.<\/p>\n\t<\/div>\n<\/div>\n\n\n\n\n\t\t<\/div> \n\t<\/div>\n\t<\/div> \n<\/div><\/div>\n\t\t\t<\/div> \n\t\t<\/div>\n\t<\/div> \n<\/div><\/div>\n\t\t<div id=\"fws_69e56a253ea6a\"  data-column-margin=\"default\" data-midnight=\"dark\" data-top-percent=\"3%\" data-bottom-percent=\"1%\"  class=\"wpb_row vc_row-fluid vc_row full-width-content vc_row-o-equal-height vc_row-flex vc_row-o-content-top  right_padding_7pct left_padding_7pct\"  style=\"padding-top: calc(100vw * 0.03); padding-bottom: calc(100vw * 0.01); \"><div class=\"row-bg-wrap\" data-bg-animation=\"none\" data-bg-animation-delay=\"\" data-bg-overlay=\"false\"><div class=\"inner-wrap row-bg-layer\" ><div class=\"row-bg viewport-desktop using-bg-color\"  style=\"background-color: #ffffff; \"><\/div><\/div><\/div><div class=\"row_col_wrap_12 col span_12 dark left\">\n\t<div  class=\"vc_col-sm-12 wpb_column column_container vc_column_container col no-extra-padding inherit_tablet inherit_phone\"  data-padding-pos=\"all\" data-has-bg-color=\"false\" data-bg-color=\"\" data-bg-opacity=\"1\" data-animation=\"\" data-delay=\"0\" >\n\t\t<div class=\"vc_column-inner\" >\n\t\t\t<div class=\"wpb_wrapper\">\n\t\t\t\t<div id=\"fws_69e56a253ed78\" data-midnight=\"\" data-column-margin=\"default\" class=\"wpb_row vc_row-fluid vc_row inner_row  right_padding_24pct left_padding_24pct right_padding_phone_5pct left_padding_phone_5pct\"  style=\"padding-bottom: 3%; \"><div class=\"row-bg-wrap\"> <div class=\"row-bg\" ><\/div> <\/div><div class=\"row_col_wrap_12_inner col span_12  left\">\n\t<div  class=\"vc_col-sm-12 wpb_column column_container vc_column_container col child_column centered-text no-extra-padding inherit_tablet inherit_phone\"   data-padding-pos=\"all\" data-has-bg-color=\"false\" data-bg-color=\"\" data-bg-opacity=\"1\" data-animation=\"\" data-delay=\"0\" >\n\t\t<div class=\"vc_column-inner\" >\n\t\t<div class=\"wpb_wrapper\">\n\t\t\t<div class=\"nectar-highlighted-text font_size_4vw\" data-style=\"scribble\" data-exp=\"default\" data-using-custom-color=\"false\" data-animation-delay=\"false\" data-color=\"\" data-color-gradient=\"\" style=\"\"><h2>D\u00e9couvrez le support id\u00e9al pour votre entra\u00eenement !<\/h2>\n<\/div>\n\t\t<\/div> \n\t<\/div>\n\t<\/div> \n<\/div><\/div>\n\t\t\t<\/div> \n\t\t<\/div>\n\t<\/div> \n<\/div><\/div>\n\t\t<div id=\"fws_69e56a253f338\"  data-column-margin=\"default\" data-midnight=\"dark\" data-top-percent=\"3%\" data-bottom-percent=\"3%\"  class=\"wpb_row vc_row-fluid vc_row full-width-content vc_row-o-equal-height vc_row-flex vc_row-o-content-top  right_padding_8pct left_padding_8pct nectar-overflow-hidden top_padding_tablet_10pct bottom_padding_tablet_15pct left_padding_tablet_8pct\"  style=\"padding-top: calc(100vw * 0.03); padding-bottom: calc(100vw * 0.03); \"><div class=\"row-bg-wrap\" data-bg-animation=\"none\" data-bg-animation-delay=\"\" data-bg-overlay=\"false\"><div class=\"inner-wrap row-bg-layer\" ><div class=\"row-bg viewport-desktop using-bg-color\"  style=\"background-color: #ffffff; \"><\/div><\/div><\/div><div class=\"row_col_wrap_12 col span_12 dark left\">\n\t<div  class=\"vc_col-sm-12 wpb_column column_container vc_column_container col no-extra-padding el_spacing_0px inherit_tablet inherit_phone\"  data-padding-pos=\"all\" data-has-bg-color=\"false\" data-bg-color=\"\" data-bg-opacity=\"1\" data-animation=\"\" data-delay=\"0\" >\n\t\t<div class=\"vc_column-inner\" >\n\t\t\t<div class=\"wpb_wrapper\">\n\t\t\t\t<div class=\"nectar-flickity not-initialized nectar-carousel tb-spacing-0\" data-indicator-style=\"solid_bg\" data-indicator-bg=\"#64ccc9\" data-indicator-icon=\"#ffffff\" data-indicator-text=\"Drag\" data-centered-cells=\"false\" data-pause-on-hover=\"\" data-touch-icon-color=\"default\" data-control-color=\"default\" data-overflow=\"visible\" data-r-bottom-total=\"true\" data-drag-scale=\"true\" data-wrap=\"no-wrap\" data-spacing=\"15px\" data-controls=\"touch_total\" data-pagination-alignment=\"default\" data-adaptive-height=\"\" data-border-radius=\"none\" data-column-border=\"\" data-column-padding=\"0\" data-format=\"default\" data-autoplay=\"\" data-autoplay-dur=\"5000\" data-control-style=\"material_pagination\" data-desktop-columns=\"4\" data-small-desktop-columns=\"3\" data-tablet-columns=\"2\" data-phone-columns=\"1\" data-column-color=\"\"><div class=\"flickity-viewport\"> <div class=\"flickity-slider\"><div class=\"cell\"><div class=\"inner-wrap-outer\"><div class=\"inner-wrap\" ><div class=\"nectar-fancy-box nectar-underline using-img  has-animation content-color-000000 aspect-4-5\"  data-style=\"image_above_text_underline\" data-border-radius=\"default\" data-animation=\"fade-in-from-right\" data-delay=\"0\" data-alignment=\"left\"><div class=\"image-wrap\"><div class=\"box-bg\"  style=\"background-image: url('https:\/\/www.italfisio.it\/wp-content\/uploads\/2025\/01\/CryoMAX-Cold-Pack-Small.jpg'); \"><\/div><\/div>\n\t\t<div class=\"text\">\n<h4>CryoMAX Small Cold Pack<\/h4>\n<p>Th\u00e9rapie par le froid innovante pour un soulagement efficace<\/div> <a  href=\"\/fr\/sport\/cryomax-cold-pack\/\" class=\"box-link\"><\/a>\n\t\t<\/div><\/div><\/div><\/div><div class=\"cell\"><div class=\"inner-wrap-outer\"><div class=\"inner-wrap\" ><div class=\"nectar-fancy-box nectar-underline using-img  has-animation content-color-000000 aspect-4-5\"  data-style=\"image_above_text_underline\" data-border-radius=\"default\" data-animation=\"fade-in-from-right\" data-delay=\"100\" data-alignment=\"left\"><div class=\"image-wrap\"><div class=\"box-bg\"  style=\"background-image: url('https:\/\/www.italfisio.it\/wp-content\/uploads\/2025\/01\/Thermalmax.jpg'); \"><\/div><\/div>\n\t\t<div class=\"text\">\n<h4>ThermalMAX HeatPack<\/h4>\n<p>Soulagement de la douleur gr\u00e2ce \u00e0 la thermoth\u00e9rapie \u00e0 long terme<\/div> <a  href=\"\/fr\/sport\/thermalmax-heat-pack\/\" class=\"box-link\"><\/a>\n\t\t<\/div><\/div><\/div><\/div><div class=\"cell\"><div class=\"inner-wrap-outer\"><div class=\"inner-wrap\" ><div class=\"nectar-fancy-box nectar-underline using-img  has-animation content-color-000000 aspect-4-5\"  data-style=\"image_above_text_underline\" data-border-radius=\"default\" data-animation=\"fade-in-from-right\" data-delay=\"200\" data-alignment=\"left\"><div class=\"image-wrap\"><div class=\"box-bg\"  style=\"background-image: url('https:\/\/www.italfisio.it\/wp-content\/uploads\/2025\/01\/ThermalMAX-Warming-Gel.jpg'); \"><\/div><\/div>\n\t\t<div class=\"text\">\n<h4>ThermalMAX Warming Gel<\/h4>\n<p>Soulagement naturel pour les muscles et les articulations<\/div> <a  href=\"\/fr\/sport\/thermalmax-warming-gel\/\" class=\"box-link\"><\/a>\n\t\t<\/div><\/div><\/div><\/div><div class=\"cell\"><div class=\"inner-wrap-outer\"><div class=\"inner-wrap\" ><div class=\"nectar-fancy-box nectar-underline using-img  has-animation content-color-000000 aspect-4-5\"  data-style=\"image_above_text_underline\" data-border-radius=\"default\" data-animation=\"fade-in-from-right\" data-delay=\"300\" data-alignment=\"left\"><div class=\"image-wrap\"><div class=\"box-bg\"  style=\"background-image: url('https:\/\/www.italfisio.it\/wp-content\/uploads\/2025\/01\/CLEANPRENE-WRIST-SPLINT.jpg'); \"><\/div><\/div>\n\t\t<div class=\"text\">\n<h4>Cleanprene<\/h4>\n<p>Soutien et confort pour les articulations douloureuses et bless\u00e9es<\/div> <a  href=\"\/fr\/sport\/cleanprene-supports\/\" class=\"box-link\"><\/a>\n\t\t<\/div><\/div><\/div><\/div><div class=\"cell\"><div class=\"inner-wrap-outer\"><div class=\"inner-wrap\" ><div class=\"nectar-fancy-box nectar-underline using-img  has-animation content-color-000000 aspect-4-5\"  data-style=\"image_above_text_underline\" data-border-radius=\"default\" data-animation=\"fade-in-from-right\" data-delay=\"400\" data-alignment=\"left\"><div class=\"image-wrap\"><div class=\"box-bg\"  style=\"background-image: url('https:\/\/www.italfisio.it\/wp-content\/uploads\/2025\/01\/CryoMAX-Cooling-Gel.jpg'); \"><\/div><\/div>\n\t\t<div class=\"text\">\n<h4>CryoMAX Cooling Gel<\/h4>\n<p>Soulagement imm\u00e9diat et action rafra\u00eechissante<\/div> <a  href=\"\/fr\/sport\/cryomax-cooling-gel\/\" class=\"box-link\"><\/a>\n\t\t<\/div><\/div><\/div><\/div><\/div><\/div><\/div>\n\t\t\t<\/div> \n\t\t<\/div>\n\t<\/div> \n<\/div><\/div>","protected":false},"excerpt":{"rendered":"Settori di eccellenza Sport Performance, recupero, benessere Prodotti per lo sport Performance, recupero, benessere La linea SPORT di Italfisio nasce per accompagnarti in ogni fase della tua attivit\u00e0 fisica, che...","protected":false},"author":3,"featured_media":0,"parent":0,"menu_order":0,"comment_status":"closed","ping_status":"closed","template":"","meta":{"footnotes":""},"class_list":["post-7230","page","type-page","status-publish"],"_links":{"self":[{"href":"http:\/\/www.italfisio.it\/fr\/wp-json\/wp\/v2\/pages\/7230","targetHints":{"allow":["GET"]}}],"collection":[{"href":"http:\/\/www.italfisio.it\/fr\/wp-json\/wp\/v2\/pages"}],"about":[{"href":"http:\/\/www.italfisio.it\/fr\/wp-json\/wp\/v2\/types\/page"}],"author":[{"embeddable":true,"href":"http:\/\/www.italfisio.it\/fr\/wp-json\/wp\/v2\/users\/3"}],"replies":[{"embeddable":true,"href":"http:\/\/www.italfisio.it\/fr\/wp-json\/wp\/v2\/comments?post=7230"}],"version-history":[{"count":8,"href":"http:\/\/www.italfisio.it\/fr\/wp-json\/wp\/v2\/pages\/7230\/revisions"}],"predecessor-version":[{"id":13202,"href":"http:\/\/www.italfisio.it\/fr\/wp-json\/wp\/v2\/pages\/7230\/revisions\/13202"}],"wp:attachment":[{"href":"http:\/\/www.italfisio.it\/fr\/wp-json\/wp\/v2\/media?parent=7230"}],"curies":[{"name":"wp","href":"https:\/\/api.w.org\/{rel}","templated":true}]}}