{"id":6579,"date":"2025-02-26T15:53:05","date_gmt":"2025-02-26T14:53:05","guid":{"rendered":"https:\/\/italfisio.emotionmedia.it\/?page_id=6579"},"modified":"2025-08-11T10:12:50","modified_gmt":"2025-08-11T08:12:50","slug":"esthetique","status":"publish","type":"page","link":"http:\/\/www.italfisio.it\/fr\/esthetique\/","title":{"rendered":"Esth\u00e9tique"},"content":{"rendered":"<div id=\"fws_69e569fc9914e\"  data-column-margin=\"default\" data-midnight=\"light\"  class=\"wpb_row vc_row-fluid vc_row full-width-section vc_row-o-full-height vc_row-o-columns-middle vc_row-o-equal-height vc_row-flex\"  style=\"padding-top: 0px; padding-bottom: 0px; \"><div class=\"row-bg-wrap\" data-bg-animation=\"none\" data-bg-animation-delay=\"\" data-bg-overlay=\"true\"><div class=\"inner-wrap row-bg-layer using-image\" ><div class=\"row-bg viewport-desktop using-image\"  style=\"background-image: url(https:\/\/www.italfisio.it\/wp-content\/uploads\/2025\/03\/august-28-2019-cyclists-travel-along-a-dirt-road-2024-09-12-11-03-29-utc-1-scaled.jpg); background-position: center top; background-repeat: no-repeat; \"><\/div><\/div><div class=\"row-bg-overlay row-bg-layer\" style=\"background: #64ccc9; background: linear-gradient(to bottom,#64ccc9 0%,#64ccc9 100%);  opacity: 0.8; \"><\/div><\/div><div class=\"row_col_wrap_12 col span_12 light left\">\n\t<div  class=\"vc_col-sm-3 wpb_column column_container vc_column_container col no-extra-padding inherit_tablet inherit_phone\"  data-padding-pos=\"all\" data-has-bg-color=\"false\" data-bg-color=\"\" data-bg-opacity=\"1\" data-animation=\"\" data-delay=\"0\" >\n\t\t<div class=\"vc_column-inner\" >\n\t\t\t<div class=\"wpb_wrapper\">\n\t\t\t\t\n\t\t\t<\/div> \n\t\t<\/div>\n\t<\/div> \n\n\t<div  class=\"vc_col-sm-6 wpb_column column_container vc_column_container col centered-text no-extra-padding inherit_tablet inherit_phone\"  data-padding-pos=\"all\" data-has-bg-color=\"false\" data-bg-color=\"\" data-bg-opacity=\"1\" data-animation=\"\" data-delay=\"0\" >\n\t\t<div class=\"vc_column-inner\" >\n\t\t\t<div class=\"wpb_wrapper\">\n\t\t\t\t<div id=\"fws_69e569fc9984d\" data-midnight=\"\" data-column-margin=\"default\" class=\"wpb_row vc_row-fluid vc_row inner_row\"  style=\"\"><div class=\"row-bg-wrap\"> <div class=\"row-bg\" ><\/div> <\/div><div class=\"row_col_wrap_12_inner col span_12  left\">\n\t<div  class=\"vc_col-sm-12 wpb_column column_container vc_column_container col child_column has-animation no-extra-padding inherit_tablet inherit_phone\"   data-padding-pos=\"all\" data-has-bg-color=\"false\" data-bg-color=\"\" data-bg-opacity=\"1\" data-animation=\"fade-in-from-bottom\" data-delay=\"0\" >\n\t\t<div class=\"vc_column-inner\" >\n\t\t<div class=\"wpb_wrapper\">\n\t\t\t<h4 style=\"font-size: 20px;color: #ffffff;line-height: 26px;text-align: center\" class=\"vc_custom_heading vc_do_custom_heading vc_custom_1740646186505\" >Secteurs d'excellence<\/h4>\n\t\t<\/div> \n\t<\/div>\n\t<\/div> \n<\/div><\/div><div id=\"fws_69e569fc99e74\" data-midnight=\"\" data-column-margin=\"default\" class=\"wpb_row vc_row-fluid vc_row inner_row\"  style=\"\"><div class=\"row-bg-wrap\"> <div class=\"row-bg\" ><\/div> <\/div><div class=\"row_col_wrap_12_inner col span_12  left\">\n\t<div  class=\"vc_col-sm-12 wpb_column column_container vc_column_container col child_column has-animation no-extra-padding inherit_tablet inherit_phone\"   data-padding-pos=\"all\" data-has-bg-color=\"false\" data-bg-color=\"\" data-bg-opacity=\"1\" data-animation=\"fade-in-from-bottom\" data-delay=\"100\" >\n\t\t<div class=\"vc_column-inner\" >\n\t\t<div class=\"wpb_wrapper\">\n\t\t\t<h4 style=\"font-size: 65px;color: #ffffff;line-height: 75px;text-align: center\" class=\"vc_custom_heading vc_do_custom_heading vc_custom_1741191276136\" >Esth\u00e9tique<\/h4>\n\t\t<\/div> \n\t<\/div>\n\t<\/div> \n<\/div><\/div><div id=\"fws_69e569fc9a22e\" data-midnight=\"\" data-column-margin=\"default\" class=\"wpb_row vc_row-fluid vc_row inner_row\"  style=\"\"><div class=\"row-bg-wrap\"> <div class=\"row-bg\" ><\/div> <\/div><div class=\"row_col_wrap_12_inner col span_12  left\">\n\t<div  class=\"vc_col-sm-12 wpb_column column_container vc_column_container col child_column has-animation no-extra-padding inherit_tablet inherit_phone\"   data-padding-pos=\"all\" data-has-bg-color=\"false\" data-bg-color=\"\" data-bg-opacity=\"1\" data-animation=\"fade-in-from-bottom\" data-delay=\"200\" >\n\t\t<div class=\"vc_column-inner\" >\n\t\t<div class=\"wpb_wrapper\">\n\t\t\t<h2 style=\"font-size: 40px;color: rgba(255,255,255,0.74);line-height: 28px;text-align: center\" class=\"vc_custom_heading vc_do_custom_heading vc_custom_1740646223320\" >Partenaire de marques internationales<\/h2>\n\t\t<\/div> \n\t<\/div>\n\t<\/div> \n<\/div><\/div>\n\t\t\t<\/div> \n\t\t<\/div>\n\t<\/div> \n\n\t<div  class=\"vc_col-sm-3 wpb_column column_container vc_column_container col no-extra-padding inherit_tablet inherit_phone\"  data-padding-pos=\"all\" data-has-bg-color=\"false\" data-bg-color=\"\" data-bg-opacity=\"1\" data-animation=\"\" data-delay=\"0\" >\n\t\t<div class=\"vc_column-inner\" >\n\t\t\t<div class=\"wpb_wrapper\">\n\t\t\t\t\n\t\t\t<\/div> \n\t\t<\/div>\n\t<\/div> \n<\/div><\/div>\n\t\t<div id=\"fws_69e569fc9a8ef\"  data-column-margin=\"default\" data-midnight=\"dark\"  class=\"wpb_row vc_row-fluid vc_row full-width-content vc_row-o-full-height vc_row-o-columns-stretch vc_row-o-equal-height vc_row-flex vc_row-o-content-middle\"  style=\"padding-top: 0px; padding-bottom: 0px; \"><div class=\"row-bg-wrap\" data-bg-animation=\"none\" data-bg-animation-delay=\"\" data-bg-overlay=\"false\"><div class=\"inner-wrap row-bg-layer\" ><div class=\"row-bg viewport-desktop\"  style=\"\"><\/div><\/div><\/div><div class=\"row_col_wrap_12 col span_12 dark left\">\n\t<div style=\"\" class=\"vc_col-sm-6 wpb_column column_container vc_column_container col no-extra-padding inherit_tablet inherit_phone\" data-using-bg=\"true\" data-padding-pos=\"all\" data-has-bg-color=\"false\" data-bg-color=\"\" data-bg-opacity=\"1\" data-animation=\"\" data-delay=\"0\" >\n\t\t<div class=\"vc_column-inner\" ><div class=\"column-image-bg-wrap column-bg-layer viewport-desktop\" data-bg-pos=\"center center\" data-bg-animation=\"none\" data-bg-overlay=\"false\"><div class=\"inner-wrap\"><div class=\"column-image-bg\" style=\" background-image: url('https:\/\/www.italfisio.it\/wp-content\/uploads\/2025\/03\/MG_MMM_B2B_1200x1200_06.jpg'); \"><\/div><\/div><\/div>\n\t\t\t<div class=\"wpb_wrapper\">\n\t\t\t\t<div class=\"divider-wrap\" data-alignment=\"default\"><div style=\"height: 500px;\" class=\"divider\"><\/div><\/div>\n\t\t\t<\/div> \n\t\t<\/div>\n\t<\/div> \n\n\t<div style=\"\" class=\"vc_col-sm-6 wpb_column column_container vc_column_container col padding-8-percent inherit_tablet inherit_phone\" data-using-bg=\"true\" data-padding-pos=\"all\" data-has-bg-color=\"true\" data-bg-color=\"#ffffff\" data-bg-opacity=\"1\" data-animation=\"\" data-delay=\"0\" >\n\t\t<div class=\"vc_column-inner\" ><div class=\"column-bg-overlay-wrap column-bg-layer\" data-bg-animation=\"none\"><div class=\"column-bg-overlay\" style=\"opacity: 1; background-color: #ffffff;\"><\/div><\/div>\n\t\t\t<div class=\"wpb_wrapper\">\n\t\t\t\t\n<div class=\"nectar-animated-title\" data-style=\"color-strip-reveal\" data-color=\"accent-color\">\n\t<div class=\"nectar-animated-title-outer\">\n\t\t<div class=\"nectar-animated-title-inner\">\n\t\t\t<div class=\"wrap\"><h1 style=\"color: #ffffff;\">Esth\u00e9tique professionnelle<\/h1><\/div>\n\t\t<\/div>\n\t<\/div>\n<\/div><h2 style=\"font-size: 42px;line-height: 52px;text-align: left\" class=\"vc_custom_heading vc_do_custom_heading\" >Partenaires exclusifs des meilleures marques internationales<\/h2>\n<div class=\"wpb_text_column wpb_content_element  vc_custom_1740578683547\" >\n\t<div class=\"wpb_wrapper\">\n\t\t<p>Siamo partner esclusivi in Italia di due marchi di grande prestigio nel settore della beauty industry. La nostra missione \u00e8 portare l&#8217;eccellenza e l&#8217;innovazione nei trattamenti estetici, offrendo soluzioni avanzate per la cura della pelle e del corpo.<\/p>\n<p class=\"translation-block\"><strong>Maria Galland Paris<\/strong> est un leader mondial des soins de luxe, reconnu pour sa qualit\u00e9 et son innovation. Forte de plusieurs d\u00e9cennies d'exp\u00e9rience dans le secteur, la marque propose des protocoles et des produits exclusifs con\u00e7us pour r\u00e9pondre aux besoins des professionnels de la beaut\u00e9 et garantir des r\u00e9sultats visibles et durables. Ses formules innovantes, d\u00e9velopp\u00e9es en collaboration avec des experts du secteur, associent ingr\u00e9dients de haute qualit\u00e9 et technologies innovantes pour am\u00e9liorer la sant\u00e9 et l'apparence de la peau.<\/p>\n\t<\/div>\n<\/div>\n\n\n\n\n<div class=\"wpb_text_column wpb_content_element  vc_custom_1740578708657\" >\n\t<div class=\"wpb_wrapper\">\n\t\t<p class=\"translation-block\">Nous sommes \u00e9galement fiers de repr\u00e9senter <strong>Bloomea Paris<\/strong>, marque fran\u00e7aise du groupe Winback Europa, leader mondial de la physioth\u00e9rapie et de la kin\u00e9sith\u00e9rapie-esth\u00e9tique. Bloomea est reconnue pour ses technologies de pointe en mati\u00e8re de soins du visage et du corps, qui offrent des r\u00e9sultats impressionnants en mati\u00e8re de r\u00e9g\u00e9n\u00e9ration cutan\u00e9e, de r\u00e9duction des imperfections et d'am\u00e9lioration de l'\u00e9lasticit\u00e9 cutan\u00e9e. La m\u00e9thodologie Bloomea, d\u00e9velopp\u00e9e par des professionnels du domaine m\u00e9dico-esth\u00e9tique, garantit des solutions efficaces pour un rajeunissement cutan\u00e9 et une revitalisation profonde.<\/p>\n\t<\/div>\n<\/div>\n\n\n\n\n\t\t\t<\/div> \n\t\t<\/div>\n\t<\/div> \n<\/div><\/div>\n\t\t<div id=\"fws_69e569fc9b501\"  data-column-margin=\"default\" data-midnight=\"dark\" data-top-percent=\"5%\" data-bottom-percent=\"5%\"  class=\"wpb_row vc_row-fluid vc_row full-width-section\"  style=\"padding-top: calc(100vw * 0.05); padding-bottom: calc(100vw * 0.05); \"><div class=\"row-bg-wrap\" data-bg-animation=\"none\" data-bg-animation-delay=\"\" data-bg-overlay=\"false\"><div class=\"inner-wrap row-bg-layer\" ><div class=\"row-bg viewport-desktop using-bg-color\"  style=\"background-color: #ffffff; \"><\/div><\/div><\/div><div class=\"row_col_wrap_12 col span_12 dark left\">\n\t<div  class=\"vc_col-sm-12 wpb_column column_container vc_column_container col has-animation no-extra-padding inherit_tablet inherit_phone\"  data-padding-pos=\"all\" data-has-bg-color=\"false\" data-bg-color=\"\" data-bg-opacity=\"1\" data-animation=\"fade-in-from-bottom\" data-delay=\"0\" >\n\t\t<div class=\"vc_column-inner\" >\n\t\t\t<div class=\"wpb_wrapper\">\n\t\t\t\t<div class=\"nectar-highlighted-text\" data-style=\"regular_underline\" data-exp=\"default\" data-underline-thickness=\"default\" data-using-custom-color=\"true\" data-animation-delay=\"200\" data-color=\"#00cae8\" data-color-gradient=\"\" style=\"\"><p class=\"translation-block\">Gr\u00e2ce \u00e0 notre collaboration avec ces marques de premier plan, nous proposons \u00e0 nos clients des solutions avanc\u00e9es et des produits exclusifs, parfaits pour des soins de beaut\u00e9 professionnels. Notre engagement envers la qualit\u00e9 et l'innovation nous permet d'offrir des services haut de gamme, r\u00e9pondant aux besoins de ceux qui recherchent des soins de beaut\u00e9 et de physio-esth\u00e9tique efficaces et innovants. Nous travaillons en \u00e9troite collaboration avec des centres de beaut\u00e9, des spas et des professionnels de la beaut\u00e9 afin de garantir un accompagnement complet dans le choix et l'utilisation des meilleures technologies disponibles sur le march\u00e9.<\/p>\n<p>Oltre alla fornitura di prodotti di altissima qualit\u00e0, offriamo formazione specializzata ai professionisti del settore, permettendo loro di acquisire competenze avanzate nell&#8217;uso delle tecnologie e dei protocolli di trattamento. Organizziamo corsi, workshop e aggiornamenti continui per garantire che ogni operatore possa offrire ai propri clienti esperienze di bellezza e benessere uniche ed efficaci.<\/p>\n<p class=\"translation-block\">Nous sommes convaincus que l'alliance de la recherche scientifique, de l'innovation technologique et de l'expertise professionnelle est la cl\u00e9 pour obtenir des r\u00e9sultats exceptionnels dans le secteur de la beaut\u00e9. Nos partenaires, Maria <em class=\"animated\">Galland Paris<\/em> et <em class=\"animated\">Bloomea Paris<\/em>, partagent cette vision et nous permettent d'offrir \u00e0 nos clients les meilleures solutions de soins pour la peau et le corps.<\/p>\n<p>Scegliere i nostri marchi significa affidarsi a un network di eccellenza, in cui la qualit\u00e0, l&#8217;efficacia e la sicurezza sono sempre al primo posto. Scopri il nostro assortimento di prodotti e trattamenti e lasciati guidare nella scelta delle migliori soluzioni per il tuo centro estetico o SPA. Con il nostro supporto, potrai garantire ai tuoi clienti esperienze di bellezza esclusive e risultati tangibili, migliorando il loro benessere e la loro soddisfazione.<\/p>\n<p class=\"translation-block\">Faites confiance \u00e0 notre exp\u00e9rience et \u00e0 nos technologies de pointe pour faire la diff\u00e9rence dans l'industrie de la beaut\u00e9. <em class=\"animated\">Contactez-nous<\/em> pour plus d'informations sur les produits, les technologies et les programmes de formation disponibles.<\/p>\n<\/div>\n\t\t\t<\/div> \n\t\t<\/div>\n\t<\/div> \n<\/div><\/div>\n\t\t<div id=\"fws_69e569fc9ba94\"  data-column-margin=\"default\" data-midnight=\"dark\" data-top-percent=\"5%\" data-bottom-percent=\"5%\"  class=\"wpb_row vc_row-fluid vc_row full-width-content vc_row-o-equal-height vc_row-flex vc_row-o-content-top  right_padding_7pct left_padding_7pct\"  style=\"padding-top: calc(100vw * 0.05); padding-bottom: calc(100vw * 0.05); \"><div class=\"row-bg-wrap\" data-bg-animation=\"none\" data-bg-animation-delay=\"\" data-bg-overlay=\"false\"><div class=\"inner-wrap row-bg-layer\" ><div class=\"row-bg viewport-desktop\"  style=\"\"><\/div><\/div><\/div><div class=\"row_col_wrap_12 col span_12 dark left\">\n\t<div  class=\"vc_col-sm-12 wpb_column column_container vc_column_container col no-extra-padding inherit_tablet inherit_phone\"  data-padding-pos=\"all\" data-has-bg-color=\"false\" data-bg-color=\"\" data-bg-opacity=\"1\" data-animation=\"\" data-delay=\"0\" >\n\t\t<div class=\"vc_column-inner\" >\n\t\t\t<div class=\"wpb_wrapper\">\n\t\t\t\t<div id=\"fws_69e569fc9bd8d\" data-midnight=\"\" data-column-margin=\"default\" class=\"wpb_row vc_row-fluid vc_row inner_row  right_padding_24pct left_padding_24pct right_padding_phone_5pct left_padding_phone_5pct\"  style=\"padding-bottom: 3%; \"><div class=\"row-bg-wrap\"> <div class=\"row-bg\" ><\/div> <\/div><div class=\"row_col_wrap_12_inner col span_12  left\">\n\t<div  class=\"vc_col-sm-12 wpb_column column_container vc_column_container col child_column centered-text no-extra-padding inherit_tablet inherit_phone\"   data-padding-pos=\"all\" data-has-bg-color=\"false\" data-bg-color=\"\" data-bg-opacity=\"1\" data-animation=\"\" data-delay=\"0\" >\n\t\t<div class=\"vc_column-inner\" >\n\t\t<div class=\"wpb_wrapper\">\n\t\t\t<div class=\"nectar-highlighted-text font_size_4vw\" data-style=\"scribble\" data-exp=\"default\" data-using-custom-color=\"false\" data-animation-delay=\"false\" data-color=\"\" data-color-gradient=\"\" style=\"\"><h2>D\u00e9couvrez les marques que nous sommes <em>partner<svg class=\"nectar-scribble squiggle-underline-2\" role=\"presentation\" viewbox=\"-320 -70.8161 640.4 59.82\" preserveaspectratio=\"none\"><path style=\"animation-duration: 1.8s;\" d=\"M-300,-56 C-50,-72 298,-65 300,-59 C332,-53 -239,-36 -255,-27 C-271,-18 -88,-24 91,-20\" stroke=\"#64ccc9\" pathlength=\"1\" stroke-width=\"11.111111111111\" fill=\"none\"\/><\/svg><\/em><\/h2>\n<\/div>\n\t\t<\/div> \n\t<\/div>\n\t<\/div> \n<\/div><\/div>\n\t\t\t<\/div> \n\t\t<\/div>\n\t<\/div> \n<\/div><\/div>\n\t\t<div id=\"fws_69e569fc9c289\"  data-column-margin=\"default\" data-midnight=\"light\"  class=\"wpb_row vc_row-fluid vc_row full-width-content vc_row-o-equal-height vc_row-flex vc_row-o-content-middle\"  style=\"padding-top: 0px; padding-bottom: 0px; \"><div class=\"row-bg-wrap\" data-bg-animation=\"none\" data-bg-animation-delay=\"\" data-bg-overlay=\"false\"><div class=\"inner-wrap row-bg-layer\" ><div class=\"row-bg viewport-desktop\"  style=\"\"><\/div><\/div><\/div><div class=\"row_col_wrap_12 col span_12 light left\">\n\t<div style=\"\" class=\"vc_col-sm-6 wpb_column column_container vc_column_container col centered-text has-animation padding-8-percent inherit_tablet inherit_phone\" data-using-bg=\"true\" data-bg-cover=\"true\" data-padding-pos=\"all\" data-has-bg-color=\"true\" data-bg-color=\"#2d2d2d\" data-bg-opacity=\"0.6\" data-animation=\"grow-in\" data-delay=\"0\" >\n\t\t<div class=\"vc_column-inner\" ><div class=\"column-image-bg-wrap column-bg-layer viewport-desktop\" data-bg-pos=\"center center\" data-bg-animation=\"none\" data-bg-overlay=\"false\"><div class=\"inner-wrap\"><div class=\"column-image-bg\" style=\" background-image: url('https:\/\/www.italfisio.it\/wp-content\/uploads\/2025\/02\/maria-galland.jpg'); \"><\/div><\/div><\/div><div class=\"column-bg-overlay-wrap column-bg-layer\" data-bg-animation=\"none\"><div class=\"column-bg-overlay\" style=\"opacity: 0.6; background-color: #2d2d2d;\"><\/div><\/div>\n\t\t\t<div class=\"wpb_wrapper\">\n\t\t\t\t<div class=\"divider-wrap\" data-alignment=\"default\"><div style=\"height: 100px;\" class=\"divider\"><\/div><\/div><h5 style=\"color: rgba(255,255,255,0.7);text-align: center\" class=\"vc_custom_heading vc_do_custom_heading\" >Marques internationales<\/h5><h3 style=\"text-align: center\" class=\"vc_custom_heading vc_do_custom_heading\" >Maria Galland Paris<\/h3><a class=\"nectar-button large see-through-2\"  role=\"button\" style=\"margin-top: 25px; \"  href=\"\/fr\/maria-galland\/\" data-color-override=\"false\" data-hover-color-override=\"false\" data-hover-text-color-override=\"#ffffff\"><span>Scopri di pi\u00f9<\/span><\/a><div class=\"divider-wrap\" data-alignment=\"default\"><div style=\"height: 100px;\" class=\"divider\"><\/div><\/div>\n\t\t\t<\/div> \n\t\t<\/div>\n\t<\/div> \n\n\t<div style=\"\" class=\"vc_col-sm-6 wpb_column column_container vc_column_container col centered-text has-animation padding-8-percent inherit_tablet inherit_phone\" data-using-bg=\"true\" data-bg-cover=\"true\" data-padding-pos=\"all\" data-has-bg-color=\"true\" data-bg-color=\"#2d2d2d\" data-bg-opacity=\"0.6\" data-animation=\"grow-in\" data-delay=\"150\" >\n\t\t<div class=\"vc_column-inner\" ><div class=\"column-image-bg-wrap column-bg-layer viewport-desktop\" data-bg-pos=\"center center\" data-bg-animation=\"none\" data-bg-overlay=\"false\"><div class=\"inner-wrap\"><div class=\"column-image-bg\" style=\" background-image: url('https:\/\/www.italfisio.it\/wp-content\/uploads\/2025\/02\/Copie-de-XT4L5791-scaled.jpg'); \"><\/div><\/div><\/div><div class=\"column-bg-overlay-wrap column-bg-layer\" data-bg-animation=\"none\"><div class=\"column-bg-overlay\" style=\"opacity: 0.6; background-color: #2d2d2d;\"><\/div><\/div>\n\t\t\t<div class=\"wpb_wrapper\">\n\t\t\t\t<div class=\"divider-wrap\" data-alignment=\"default\"><div style=\"height: 100px;\" class=\"divider\"><\/div><\/div><h5 style=\"color: rgba(255,255,255,0.7);text-align: center\" class=\"vc_custom_heading vc_do_custom_heading\" >Marques internationales<\/h5><h3 style=\"text-align: center\" class=\"vc_custom_heading vc_do_custom_heading\" >Bloomea Paris<\/h3><a class=\"nectar-button large see-through-2\"  role=\"button\" style=\"margin-top: 25px; \"  href=\"\/fr\/bloomea\/\" data-color-override=\"false\" data-hover-color-override=\"false\" data-hover-text-color-override=\"#ffffff\"><span>Scopri di pi\u00f9<\/span><\/a><div class=\"divider-wrap\" data-alignment=\"default\"><div style=\"height: 100px;\" class=\"divider\"><\/div><\/div>\n\t\t\t<\/div> \n\t\t<\/div>\n\t<\/div> \n<\/div><\/div>","protected":false},"excerpt":{"rendered":"Settori di eccellenza Estetica Partner di Marchi internazionali Estetica professionale Partner Esclusivi dei Migliori Marchi Internazionali Siamo partner esclusivi in Italia di due marchi di grande prestigio nel settore della...","protected":false},"author":2,"featured_media":0,"parent":0,"menu_order":0,"comment_status":"closed","ping_status":"closed","template":"","meta":{"footnotes":""},"class_list":["post-6579","page","type-page","status-publish"],"_links":{"self":[{"href":"http:\/\/www.italfisio.it\/fr\/wp-json\/wp\/v2\/pages\/6579","targetHints":{"allow":["GET"]}}],"collection":[{"href":"http:\/\/www.italfisio.it\/fr\/wp-json\/wp\/v2\/pages"}],"about":[{"href":"http:\/\/www.italfisio.it\/fr\/wp-json\/wp\/v2\/types\/page"}],"author":[{"embeddable":true,"href":"http:\/\/www.italfisio.it\/fr\/wp-json\/wp\/v2\/users\/2"}],"replies":[{"embeddable":true,"href":"http:\/\/www.italfisio.it\/fr\/wp-json\/wp\/v2\/comments?post=6579"}],"version-history":[{"count":5,"href":"http:\/\/www.italfisio.it\/fr\/wp-json\/wp\/v2\/pages\/6579\/revisions"}],"predecessor-version":[{"id":7112,"href":"http:\/\/www.italfisio.it\/fr\/wp-json\/wp\/v2\/pages\/6579\/revisions\/7112"}],"wp:attachment":[{"href":"http:\/\/www.italfisio.it\/fr\/wp-json\/wp\/v2\/media?parent=6579"}],"curies":[{"name":"wp","href":"https:\/\/api.w.org\/{rel}","templated":true}]}}