{"id":333,"date":"2025-01-29T12:51:22","date_gmt":"2025-01-29T11:51:22","guid":{"rendered":"https:\/\/italfisio.emotionmedia.it\/?post_type=product&#038;p=333"},"modified":"2025-05-19T09:38:41","modified_gmt":"2025-05-19T07:38:41","slug":"massage-oil-artiglio-del-diavolo","status":"publish","type":"product","link":"http:\/\/www.italfisio.it\/es\/producto\/massage-oil-artiglio-del-diavolo\/","title":{"rendered":"MASSAGE OIL garra del diablo"},"content":{"rendered":"<h1 style=\"font-size: 35px;\">Aceite de masaje ITALFISIO con garra del diablo<\/h1>\n<h2 style=\"font-size: 25px;\">Alivio natural para m\u00fasculos y articulaciones<\/h2>\n<p>Scopri il potere dell\u2019olio per massaggi Artiglio del diavolo, formulato con estratto liposolubile di Artiglio del Diavolo (Harpagophytum procumbens), un ingrediente naturale noto per le sue propriet\u00e0 lenitive e antinfiammatorie. Ideale per sportivi e per chi desidera un prodotto efficace nel recupero muscolare e nel sollievo delle tensioni post-allenamento, questo olio favorisce la microcircolazione e migliora il benessere muscolare.<\/p>\n<h3 style=\"font-size: 15px;\">Beneficios del producto<\/h3>\n<p class=\"translation-block\">Acci\u00f3n descontracturante y relajante: libera la tensi\u00f3n y las contracturas musculares, reduciendo el dolor y la inflamaci\u00f3n.<br>\nPerfecto para la recuperaci\u00f3n post-entrenamiento: ayuda a relajar los m\u00fasculos cansados, mejorando la circulaci\u00f3n sangu\u00ednea y acelerando la recuperaci\u00f3n.<br>\nCalmante para tendones y ligamentos: gracias a las propiedades beneficiosas de la garra del diablo, es un aliado natural para la salud articular.<br>\nEficacia fisioterap\u00e9utica: utilizado por fisioterapeutas y masajistas deportivos para tratamientos profesionales espec\u00edficos.<br>\nHidrataci\u00f3n y nutrici\u00f3n para la piel: su f\u00f3rmula natural nutre y suaviza la piel, dej\u00e1ndola flexible y protegida.<br>\nDetalles y caracter\u00edsticas<\/p>\n<p>L\u2019olio massaggiante ITALFISIO \u00e8 realizzato con ingredienti di alta qualit\u00e0, privi di solventi o additivi artificiali:<\/p>\n<p class=\"translation-block\">Extracto de harpagofito liposoluble 100 % natural, conocido por sus propiedades antiinflamatorias y analg\u00e9sicas.<br>\nAceite de semilla de Helianthus Annuus (girasol), que hidrata y protege la piel.<br>\nF\u00f3rmula libre de crueldad animal, elaborada con procesos sostenibles y respetuosos con el medio ambiente.<\/p>\n<p>100% Made in Italy, sinonimo di qualit\u00e0 e sicurezza.<\/p>\n<h3 style=\"font-size: 15px;\">Modalit\u00e0 d\u2019uso<\/h3>\n<p>Applicare una quantit\u00e0 adeguata sulla zona da trattare e massaggiare fino al completo assorbimento. Perfetto per l\u2019uso quotidiano, sia per sportivi che per chi necessita di un trattamento mirato.<\/p>\n<h3 style=\"font-size: 15px;\">Advertencias<\/h3>\n<p class=\"translation-block\">Usar solo sobre piel sana.<br>\nNo usar si es al\u00e9rgico a alguno de los ingredientes.<br>\nMantener fuera del alcance de los ni\u00f1os.<\/p>\n<p>Scegli l\u2019olio massaggiante ITALFISIO con Artiglio del Diavolo e scopri il benessere di un trattamento naturale ed efficace. Acquista ora e prenditi cura dei tuoi muscoli e delle tue articolazioni con un prodotto professionale e di alta qualit\u00e0.<\/p>","protected":false},"excerpt":{"rendered":"<p>Olio Massaggiante ITALFISIO con Artiglio del Diavolo Sollievo Naturale per Muscoli e Articolazioni Scopri il potere dell\u2019olio per massaggi Artiglio del diavolo, formulato con estratto liposolubile di Artiglio del Diavolo&#8230;<\/p>","protected":false},"featured_media":207,"template":"","meta":[],"product_brand":[],"product_cat":[62,81],"product_tag":[],"class_list":{"0":"post-333","1":"product","2":"type-product","3":"status-publish","4":"has-post-thumbnail","6":"product_cat-cat-fisioterapia","7":"product_cat-cat-massaggio","9":"first","10":"instock","11":"shipping-taxable","12":"purchasable","13":"product-type-simple"},"_links":{"self":[{"href":"http:\/\/www.italfisio.it\/es\/wp-json\/wp\/v2\/product\/333","targetHints":{"allow":["GET"]}}],"collection":[{"href":"http:\/\/www.italfisio.it\/es\/wp-json\/wp\/v2\/product"}],"about":[{"href":"http:\/\/www.italfisio.it\/es\/wp-json\/wp\/v2\/types\/product"}],"wp:featuredmedia":[{"embeddable":true,"href":"http:\/\/www.italfisio.it\/es\/wp-json\/wp\/v2\/media\/207"}],"wp:attachment":[{"href":"http:\/\/www.italfisio.it\/es\/wp-json\/wp\/v2\/media?parent=333"}],"wp:term":[{"taxonomy":"product_brand","embeddable":true,"href":"http:\/\/www.italfisio.it\/es\/wp-json\/wp\/v2\/product_brand?post=333"},{"taxonomy":"product_cat","embeddable":true,"href":"http:\/\/www.italfisio.it\/es\/wp-json\/wp\/v2\/product_cat?post=333"},{"taxonomy":"product_tag","embeddable":true,"href":"http:\/\/www.italfisio.it\/es\/wp-json\/wp\/v2\/product_tag?post=333"}],"curies":[{"name":"wp","href":"https:\/\/api.w.org\/{rel}","templated":true}]}}