{"id":332,"date":"2025-01-29T12:50:51","date_gmt":"2025-01-29T11:50:51","guid":{"rendered":"https:\/\/italfisio.emotionmedia.it\/?post_type=product&#038;p=332"},"modified":"2025-05-19T09:38:55","modified_gmt":"2025-05-19T07:38:55","slug":"massage-oil-centella","status":"publish","type":"product","link":"http:\/\/www.italfisio.it\/es\/producto\/massage-oil-centella\/","title":{"rendered":"MASSAGE OIL Centella"},"content":{"rendered":"<h1 style=\"font-size: 35px;\">Aceite de masaje de centella<\/h1>\n<h2 style=\"font-size: 25px;\">Tratamiento natural para tus m\u00fasculos<\/h2>\n<p>L&#8217;Olio Massaggiante Centella \u00e8 un trattamento naturale, ideale per chi cerca un supporto efficace per alleviare tensioni muscolari, contratture e favorire il recupero post-attivit\u00e0 fisica. Questo olio, realizzato con Centella Asiatica al 100%, \u00e8 perfetto per massaggi sportivi e fisioterapici, grazie alle sue propriet\u00e0 lenitive e rigeneranti. La sua composizione completamente naturale, priva di solventi o additivi chimici, lo rende sicuro e delicato sulla pelle.<\/p>\n<h3 style=\"font-size: 15px;\">Caracter\u00edsticas principales:<\/h3>\n<p class=\"translation-block\">Ingredientes naturales: La f\u00f3rmula contiene extracto de Centella Asi\u00e1tica (Gotu Kola), conocida por sus propiedades beneficiosas para tendones y ligamentos, y aceite de semilla de girasol que nutre e hidrata la piel.<br>\nAcci\u00f3n regeneradora: Favorece una mejor microcirculaci\u00f3n y estimula la recuperaci\u00f3n muscular, tanto antes como despu\u00e9s de la actividad f\u00edsica.<br>\nCalmante y emoliente: Reduce el dolor, la tensi\u00f3n y la inflamaci\u00f3n, adem\u00e1s de proporcionar efectos antioxidantes y elastizantes en la piel.<br>\nSeguridad y calidad: No testado en animales, 100 % fabricado en Italia, sin aditivos qu\u00edmicos, para una calidad pura y natural.<br>\nF\u00e1cil de usar: La aplicaci\u00f3n es sencilla: simplemente masajee la cantidad adecuada de aceite en la zona a tratar hasta su completa absorci\u00f3n.<\/p>\n<h3 style=\"font-size: 15px;\">Ideal para:<\/h3>\n<p class=\"translation-block\">Deportistas que requieren tratamiento pre y post entrenamiento para la recuperaci\u00f3n muscular.<br>\nPersonas que sufren tensi\u00f3n muscular y contracturas.<br>\nQuienes buscan un aceite natural para masajes terap\u00e9uticos y relajantes.<\/p>\n<p>L&#8217;Olio Massaggiante Centella \u00e8 il prodotto ideale per chi desidera un trattamento efficace, naturale e delicato per la pelle e i muscoli. Provalo ora per scoprire la qualit\u00e0 e l\u2019efficacia di un prodotto pensato per il massimo del benessere!<\/p>","protected":false},"excerpt":{"rendered":"<p>Olio Massaggiante Centella Trattamento naturale per i tuoi muscoli L&#8217;Olio Massaggiante Centella \u00e8 un trattamento naturale, ideale per chi cerca un supporto efficace per alleviare tensioni muscolari, contratture e favorire&#8230;<\/p>","protected":false},"featured_media":212,"template":"","meta":[],"product_brand":[],"product_cat":[62,81],"product_tag":[],"class_list":{"0":"post-332","1":"product","2":"type-product","3":"status-publish","4":"has-post-thumbnail","6":"product_cat-cat-fisioterapia","7":"product_cat-cat-massaggio","9":"first","10":"instock","11":"shipping-taxable","12":"purchasable","13":"product-type-simple"},"_links":{"self":[{"href":"http:\/\/www.italfisio.it\/es\/wp-json\/wp\/v2\/product\/332","targetHints":{"allow":["GET"]}}],"collection":[{"href":"http:\/\/www.italfisio.it\/es\/wp-json\/wp\/v2\/product"}],"about":[{"href":"http:\/\/www.italfisio.it\/es\/wp-json\/wp\/v2\/types\/product"}],"wp:featuredmedia":[{"embeddable":true,"href":"http:\/\/www.italfisio.it\/es\/wp-json\/wp\/v2\/media\/212"}],"wp:attachment":[{"href":"http:\/\/www.italfisio.it\/es\/wp-json\/wp\/v2\/media?parent=332"}],"wp:term":[{"taxonomy":"product_brand","embeddable":true,"href":"http:\/\/www.italfisio.it\/es\/wp-json\/wp\/v2\/product_brand?post=332"},{"taxonomy":"product_cat","embeddable":true,"href":"http:\/\/www.italfisio.it\/es\/wp-json\/wp\/v2\/product_cat?post=332"},{"taxonomy":"product_tag","embeddable":true,"href":"http:\/\/www.italfisio.it\/es\/wp-json\/wp\/v2\/product_tag?post=332"}],"curies":[{"name":"wp","href":"https:\/\/api.w.org\/{rel}","templated":true}]}}