{"id":324,"date":"2025-01-29T12:39:51","date_gmt":"2025-01-29T11:39:51","guid":{"rendered":"https:\/\/italfisio.emotionmedia.it\/?post_type=product&#038;p=324"},"modified":"2025-05-19T09:36:53","modified_gmt":"2025-05-19T07:36:53","slug":"ice-gel-hot-spray-active-thermal-sensation-100ml","status":"publish","type":"product","link":"http:\/\/www.italfisio.it\/es\/producto\/ice-gel-hot-spray-active-thermal-sensation-100ml\/","title":{"rendered":"ICE GEL HOT SPRAY- Active Thermal Sensation 100ml"},"content":{"rendered":"<h1 style=\"font-size: 35px;\">ICE GEL HOT SPRAY<\/h1>\n<h2 style=\"font-size: 25px;\">Gel calentador para contracturas y dolores musculares (500 ml)<\/h2>\n<p>Il nostro ICE GEL HOT SPRAY \u00e8 una soluzione ideale per sciogliere tensioni muscolari e contratture, alleviare dolori articolari e favorire il recupero muscolare. Arricchito con una potente combinazione di estratti vegetali, questo gel \u00e8 perfetto per trattamenti pre e post attivit\u00e0 fisica, ma anche per il benessere quotidiano di chi soffre di fastidi muscolari e articolari.<\/p>\n<h3 style=\"font-size: 15px;\">Caracter\u00edsticas principales<\/h3>\n<p class=\"translation-block\">Gel Calefactor : Su f\u00f3rmula especial crea un efecto de calentamiento profundo, que promueve la relajaci\u00f3n muscular y la recuperaci\u00f3n despu\u00e9s de la actividad f\u00edsica. <br>\nAlivio r\u00e1pido y duradero: Ideal para tratar contracturas, tensi\u00f3n muscular y dolor articular. Gracias a su efecto calor, el gel proporciona un alivio inmediato que dura hasta 2 horas. <br>\nR\u00e1pida Absorci\u00f3n: Se absorbe f\u00e1cilmente, sin engrasar la piel y sin dejar residuos, para que puedas continuar tu actividad sin interrupciones. <br>\nComposici\u00f3n Natural: Formulado con ingredientes naturales, tambi\u00e9n es apto para pieles sensibles. <br>\nBeneficios para el cuerpo y la mente<\/p>\n<p>Il nostro Gel Caldo \u00e8 particolarmente efficace su aree critiche come collo, schiena, spalle e ginocchia, dove si concentrano maggiormente le tensioni muscolari. Grazie agli estratti vegetali, offre un sollievo immediato e un\u2019azione mirata su contratture, rigidit\u00e0 muscolare e dolori articolari. \u00c8 ideale per chi soffre di disturbi muscolari e articoli a causa di sforzi fisici intensi, posture scorrette o stress fisico e mentale.<\/p>\n<h3 style=\"font-size: 15px;\">Principales ingredientes activos<\/h3>\n<ul>\n<li>Arnica: L&#8217;arnica \u00e8 conosciuta per le sue propriet\u00e0 antinfiammatorie e analgesiche. \u00c8 particolarmente utile in caso di ematomi, traumi e infiammazioni, poich\u00e9 aiuta a ridurre il gonfiore e il dolore.<\/li>\n<li>Artiglio del Diavolo: Con le sue propriet\u00e0 antinfiammatorie e analgesiche, \u00e8 ideale per trattare dolori muscolari e articolari legati a disturbi come artrosi e artrite.<\/li>\n<li>Boswellia: Un potente rimedio naturale per combattere reumatismi e artrite, con propriet\u00e0 antinfiammatorie e analgesiche. Aiuta a ridurre il gonfiore e il dolore nelle articolazioni.<\/li>\n<li>Zenzero: Lo zenzero ha propriet\u00e0 energizzanti e antidolorifiche. Stimola la circolazione sanguigna e allevia la tensione muscolare localizzata.<\/li>\n<li>Cannella: Con il suo effetto riscaldante, stimola la circolazione sanguigna e allevia la tensione muscolare. \u00c8 un ingrediente utile per favorire il rilassamento muscolare e ridurre il dolore.<\/li>\n<li>Ginepro: Con propriet\u00e0 tonificanti, stimola la circolazione e allevia il dolore muscolare. \u00c8 ideale per combattere la sensazione di gambe pesanti e per trattare dolori articolari e muscolari.<\/li>\n<li>Casta\u00f1o de Indias: Mejora la microcirculaci\u00f3n y reduce la hinchaz\u00f3n, ideal para tratar edemas y dolores musculares y articulares.<\/li>\n<li>Rusco: Con le sue propriet\u00e0 antinfiammatorie e vasocostrittrici, aiuta a ridurre la ritenzione idrica e il gonfiore, ed \u00e8 utile anche per alleviare dolori muscolari e articolari.<\/li>\n<li>Canfora: La canfora \u00e8 un rimedio efficace contro le infiammazioni e le nevralgie. La sua azione rubefacente stimola la circolazione sanguigna e allevia il dolore muscolare.<\/li>\n<li>Cajeput: Ha un&#8217;azione lenitiva, utile per trattare infiammazioni cutanee e alleviare dolori muscolari e articolari.<\/li>\n<li>Wintergreen: Con le sue propriet\u00e0 analgesiche, il Wintergreen favorisce il rilassamento muscolare e riduce il dolore localizzato.<\/li>\n<\/ul>\n<h3 style=\"font-size: 15px;\">C\u00f3mo aplicarlo<\/h3>\n<p class=\"translation-block\">Aplique una cantidad adecuada de gel en la zona a tratar, seg\u00fan la superficie.<br>\nMasajee suavemente hasta su completa absorci\u00f3n.<br>\n\u00daselo solo sobre la piel sana, evitando el contacto con los ojos y las mucosas.<br>\nL\u00e1vese bien las manos despu\u00e9s de la aplicaci\u00f3n.<br>\n\u00bfPara qui\u00e9n es adecuado ICE GEL HOT SPRAY?<\/p>\n<h3 style=\"font-size: 15px;\">Il nostro ICE GEL HOT SPRAY \u00e8 perfetto per:<\/h3>\n<p class=\"translation-block\">Atletas y deportistas: Para liberar la tensi\u00f3n muscular y promover la recuperaci\u00f3n tras la actividad f\u00edsica.<br>\nPersonas que sufren dolor muscular o articular: Ideal para tratar molestias relacionadas con malas posturas, esfuerzo f\u00edsico o estr\u00e9s.<br>\nProfesionales con tensi\u00f3n muscular: Indicado para quienes pasan largas horas en posiciones est\u00e1ticas o realizan trabajos que sobrecargan los m\u00fasculos y las articulaciones.<\/p>\n<h3 style=\"font-size: 15px;\">Perch\u00e9 scegliere l&#8217;ICE GEL HOT SPRAY<\/h3>\n<p class=\"translation-block\">F\u00f3rmula natural: Elaborado con una combinaci\u00f3n \u00fanica de extractos de plantas, el gel ofrece un tratamiento corporal eficaz y suave.<br>\nAlivio inmediato y duradero: El calor intenso ayuda a relajar m\u00fasculos y articulaciones, proporcionando un alivio duradero que puede durar hasta 2 horas.<br>\nF\u00e1cil de usar: Se aplica f\u00e1cilmente, se absorbe r\u00e1pidamente y no deja residuos en la piel.<br>\nSeguro y suave: Ideal para todo tipo de piel, incluso la sensible, gracias a su f\u00f3rmula natural sin ingredientes agresivos.<\/p>\n<p>Con il ICE GEL HOT SPRAY, il sollievo da tensioni muscolari, dolori articolari e contratture \u00e8 a portata di mano. Scopri tutti i benefici di un trattamento naturale e altamente efficace, per un recupero muscolare rapido e confortevole.<\/p>","protected":false},"excerpt":{"rendered":"<p>ICE GEL HOT SPRAY Gel Riscaldante per Contratture e Dolori Muscolari (500ml) Il nostro ICE GEL HOT SPRAY \u00e8 una soluzione ideale per sciogliere tensioni muscolari e contratture, alleviare dolori&#8230;<\/p>","protected":false},"featured_media":152,"template":"","meta":[],"product_brand":[],"product_cat":[62,83],"product_tag":[],"class_list":{"0":"post-324","1":"product","2":"type-product","3":"status-publish","4":"has-post-thumbnail","6":"product_cat-cat-fisioterapia","7":"product_cat-cat-ice-gel-hot","9":"first","10":"instock","11":"shipping-taxable","12":"purchasable","13":"product-type-variable"},"_links":{"self":[{"href":"http:\/\/www.italfisio.it\/es\/wp-json\/wp\/v2\/product\/324","targetHints":{"allow":["GET"]}}],"collection":[{"href":"http:\/\/www.italfisio.it\/es\/wp-json\/wp\/v2\/product"}],"about":[{"href":"http:\/\/www.italfisio.it\/es\/wp-json\/wp\/v2\/types\/product"}],"wp:featuredmedia":[{"embeddable":true,"href":"http:\/\/www.italfisio.it\/es\/wp-json\/wp\/v2\/media\/152"}],"wp:attachment":[{"href":"http:\/\/www.italfisio.it\/es\/wp-json\/wp\/v2\/media?parent=324"}],"wp:term":[{"taxonomy":"product_brand","embeddable":true,"href":"http:\/\/www.italfisio.it\/es\/wp-json\/wp\/v2\/product_brand?post=324"},{"taxonomy":"product_cat","embeddable":true,"href":"http:\/\/www.italfisio.it\/es\/wp-json\/wp\/v2\/product_cat?post=324"},{"taxonomy":"product_tag","embeddable":true,"href":"http:\/\/www.italfisio.it\/es\/wp-json\/wp\/v2\/product_tag?post=324"}],"curies":[{"name":"wp","href":"https:\/\/api.w.org\/{rel}","templated":true}]}}