{"id":8621,"date":"2025-09-11T10:28:15","date_gmt":"2025-09-11T08:28:15","guid":{"rendered":"https:\/\/www.italfisio.it\/?page_id=8621"},"modified":"2025-09-21T21:00:10","modified_gmt":"2025-09-21T19:00:10","slug":"diacream","status":"publish","type":"page","link":"http:\/\/www.italfisio.it\/es\/fisioterapia\/diacream\/","title":{"rendered":"Diacream"},"content":{"rendered":"<div id=\"fws_69e581b14ccf9\"  data-column-margin=\"default\" data-midnight=\"light\"  class=\"wpb_row vc_row-fluid vc_row full-width-section vc_row-o-full-height vc_row-o-columns-middle vc_row-o-equal-height vc_row-flex\"  style=\"padding-top: 0px; padding-bottom: 0px; \"><div class=\"row-bg-wrap\" data-bg-animation=\"none\" data-bg-animation-delay=\"\" data-bg-overlay=\"true\"><div class=\"inner-wrap row-bg-layer using-image\" ><div class=\"row-bg viewport-desktop using-image\"  style=\"background-image: url(https:\/\/www.italfisio.it\/wp-content\/uploads\/2025\/03\/august-28-2019-cyclists-travel-along-a-dirt-road-2024-09-12-11-03-29-utc-1-scaled.jpg); background-position: center top; background-repeat: no-repeat; \"><\/div><\/div><div class=\"row-bg-overlay row-bg-layer\" style=\"background: #64ccc9; background: linear-gradient(to bottom,#64ccc9 0%,#64ccc9 100%);  opacity: 0.8; \"><\/div><\/div><div class=\"row_col_wrap_12 col span_12 light left\">\n\t<div  class=\"vc_col-sm-3 wpb_column column_container vc_column_container col no-extra-padding inherit_tablet inherit_phone\"  data-padding-pos=\"all\" data-has-bg-color=\"false\" data-bg-color=\"\" data-bg-opacity=\"1\" data-animation=\"\" data-delay=\"0\" >\n\t\t<div class=\"vc_column-inner\" >\n\t\t\t<div class=\"wpb_wrapper\">\n\t\t\t\t\n\t\t\t<\/div> \n\t\t<\/div>\n\t<\/div> \n\n\t<div  class=\"vc_col-sm-6 wpb_column column_container vc_column_container col centered-text no-extra-padding inherit_tablet inherit_phone\"  data-padding-pos=\"all\" data-has-bg-color=\"false\" data-bg-color=\"\" data-bg-opacity=\"1\" data-animation=\"\" data-delay=\"0\" >\n\t\t<div class=\"vc_column-inner\" >\n\t\t\t<div class=\"wpb_wrapper\">\n\t\t\t\t<div id=\"fws_69e581b14d3c3\" data-midnight=\"\" data-column-margin=\"default\" class=\"wpb_row vc_row-fluid vc_row inner_row\"  style=\"\"><div class=\"row-bg-wrap\"> <div class=\"row-bg\" ><\/div> <\/div><div class=\"row_col_wrap_12_inner col span_12  left\">\n\t<div  class=\"vc_col-sm-12 wpb_column column_container vc_column_container col child_column has-animation no-extra-padding inherit_tablet inherit_phone\"   data-padding-pos=\"all\" data-has-bg-color=\"false\" data-bg-color=\"\" data-bg-opacity=\"1\" data-animation=\"fade-in-from-bottom\" data-delay=\"0\" >\n\t\t<div class=\"vc_column-inner\" >\n\t\t<div class=\"wpb_wrapper\">\n\t\t\t<h4 style=\"font-size: 20px;color: #ffffff;line-height: 26px;text-align: center\" class=\"vc_custom_heading vc_do_custom_heading vc_custom_1740645075211\" >Italfisio - Productos<\/h4>\n\t\t<\/div> \n\t<\/div>\n\t<\/div> \n<\/div><\/div><div id=\"fws_69e581b14d9d7\" data-midnight=\"\" data-column-margin=\"default\" class=\"wpb_row vc_row-fluid vc_row inner_row\"  style=\"\"><div class=\"row-bg-wrap\"> <div class=\"row-bg\" ><\/div> <\/div><div class=\"row_col_wrap_12_inner col span_12  left\">\n\t<div  class=\"vc_col-sm-12 wpb_column column_container vc_column_container col child_column has-animation no-extra-padding inherit_tablet inherit_phone\"   data-padding-pos=\"all\" data-has-bg-color=\"false\" data-bg-color=\"\" data-bg-opacity=\"1\" data-animation=\"fade-in-from-bottom\" data-delay=\"100\" >\n\t\t<div class=\"vc_column-inner\" >\n\t\t<div class=\"wpb_wrapper\">\n\t\t\t<h1 style=\"font-size: 60px;color: #ffffff;line-height: 95px;text-align: center\" class=\"vc_custom_heading vc_do_custom_heading vc_custom_1754921626817\" >DIACREAM<\/h1>\n\t\t<\/div> \n\t<\/div>\n\t<\/div> \n<\/div><\/div><div id=\"fws_69e581b14dd8a\" data-midnight=\"\" data-column-margin=\"default\" class=\"wpb_row vc_row-fluid vc_row inner_row\"  style=\"\"><div class=\"row-bg-wrap\"> <div class=\"row-bg\" ><\/div> <\/div><div class=\"row_col_wrap_12_inner col span_12  left\">\n\t<div  class=\"vc_col-sm-12 wpb_column column_container vc_column_container col child_column has-animation no-extra-padding inherit_tablet inherit_phone\"   data-padding-pos=\"all\" data-has-bg-color=\"false\" data-bg-color=\"\" data-bg-opacity=\"1\" data-animation=\"fade-in-from-bottom\" data-delay=\"200\" >\n\t\t<div class=\"vc_column-inner\" >\n\t\t<div class=\"wpb_wrapper\">\n\t\t\t<h2 style=\"font-size: 35px;color: rgba(255,255,255,0.74);line-height: 35px;text-align: center\" class=\"vc_custom_heading vc_do_custom_heading vc_custom_1740645200051\" >La crema conductora n.\u00b0 1 en Italia para tratamientos diat\u00e9rmicos.<\/h2>\n\t\t<\/div> \n\t<\/div>\n\t<\/div> \n<\/div><\/div>\n\t\t\t<\/div> \n\t\t<\/div>\n\t<\/div> \n\n\t<div  class=\"vc_col-sm-3 wpb_column column_container vc_column_container col no-extra-padding inherit_tablet inherit_phone\"  data-padding-pos=\"all\" data-has-bg-color=\"false\" data-bg-color=\"\" data-bg-opacity=\"1\" data-animation=\"\" data-delay=\"0\" >\n\t\t<div class=\"vc_column-inner\" >\n\t\t\t<div class=\"wpb_wrapper\">\n\t\t\t\t\n\t\t\t<\/div> \n\t\t<\/div>\n\t<\/div> \n<\/div><\/div>\n\t\t<div id=\"fws_69e581b14e42f\"  data-column-margin=\"default\" data-midnight=\"dark\"  class=\"wpb_row vc_row-fluid vc_row full-width-content vc_row-o-equal-height vc_row-flex vc_row-o-content-middle\"  style=\"padding-top: 0px; padding-bottom: 0px; \"><div class=\"row-bg-wrap\" data-bg-animation=\"none\" data-bg-animation-delay=\"\" data-bg-overlay=\"false\"><div class=\"inner-wrap row-bg-layer\" ><div class=\"row-bg viewport-desktop\"  style=\"\"><\/div><\/div><\/div><div class=\"row_col_wrap_12 col span_12 dark left\">\n\t<div style=\" color: #ffffff;\" class=\"vc_col-sm-8 wpb_column column_container vc_column_container col centered-text padding-6-percent inherit_tablet inherit_phone\" data-cfc=\"true\" data-using-bg=\"true\" data-bg-cover=\"true\" data-padding-pos=\"all\" data-has-bg-color=\"true\" data-bg-color=\"#0a0a0a\" data-bg-opacity=\"0.6\" data-animation=\"\" data-delay=\"0\" >\n\t\t<div class=\"vc_column-inner\" ><div class=\"column-image-bg-wrap column-bg-layer viewport-desktop\" data-bg-pos=\"center center\" data-bg-animation=\"none\" data-bg-overlay=\"false\"><div class=\"inner-wrap\"><div class=\"column-image-bg\" style=\" background-image: url('https:\/\/www.italfisio.it\/wp-content\/uploads\/2025\/02\/easing-neck-pain-2023-11-27-05-36-09-utc-scaled.jpg'); \"><\/div><\/div><\/div><div class=\"column-bg-overlay-wrap column-bg-layer\" data-bg-animation=\"none\"><div class=\"column-bg-overlay\" style=\"opacity: 0.6; background-color: #0a0a0a;\"><\/div><\/div>\n\t\t\t<div class=\"wpb_wrapper\">\n\t\t\t\t<h2 style=\"color: #ffffff;text-align: center\" class=\"vc_custom_heading vc_do_custom_heading\" >Compre nuestros productos<\/h2><div class=\"divider-wrap\" data-alignment=\"default\"><div style=\"height: 40px;\" class=\"divider\"><\/div><\/div><div class=\"nectar-cta  alignment_tablet_default alignment_phone_default display_tablet_inherit display_phone_inherit\" data-color=\"default\" data-using-bg=\"false\" data-display=\"block\" data-style=\"underline\" data-alignment=\"center\" data-text-color=\"custom\" ><h5 style=\"color: #ffffff;\"> <span class=\"link_wrap\" ><a  class=\"link_text\" style=\"border-color: #ffffff;\" role=\"button\" href=\"\/es\/ital-shop\/\">Descubre nuestra tienda<\/a><\/span><\/h5><\/div>\n\t\t\t<\/div> \n\t\t<\/div>\n\t<\/div> \n\n\t<div  class=\"vc_col-sm-4 wpb_column column_container vc_column_container col centered-text padding-3-percent inherit_tablet inherit_phone\"  data-padding-pos=\"all\" data-has-bg-color=\"false\" data-bg-color=\"\" data-bg-opacity=\"1\" data-animation=\"\" data-delay=\"0\" >\n\t\t<div class=\"vc_column-inner\" >\n\t\t\t<div class=\"wpb_wrapper\">\n\t\t\t\t\n<div class=\"wpb_text_column wpb_content_element  vc_custom_1740643105340\" >\n\t<div class=\"wpb_wrapper\">\n\t\t<h2>Diacream<\/h2>\n\t<\/div>\n<\/div>\n\n\n\n\n<div class=\"wpb_text_column wpb_content_element  vc_custom_1740643135741\" >\n\t<div class=\"wpb_wrapper\">\n\t\t<p>Diathermy Cream<\/p>\n\t<\/div>\n<\/div>\n\n\n\n<div id=\"fws_69e581b14efa1\" data-midnight=\"\" data-column-margin=\"default\" class=\"wpb_row vc_row-fluid vc_row inner_row\"  style=\"\"><div class=\"row-bg-wrap\"> <div class=\"row-bg\" ><\/div> <\/div><div class=\"row_col_wrap_12_inner col span_12  left\">\n\t<div  class=\"vc_col-sm-12 wpb_column column_container vc_column_container col child_column no-extra-padding inherit_tablet inherit_phone\"   data-padding-pos=\"left-right\" data-has-bg-color=\"false\" data-bg-color=\"\" data-bg-opacity=\"1\" data-animation=\"\" data-delay=\"0\" >\n\t\t<div class=\"vc_column-inner\" >\n\t\t<div class=\"wpb_wrapper\">\n\t\t\t<div class=\"img-with-aniamtion-wrap center\" data-max-width=\"75%\" data-max-width-mobile=\"default\" data-border-radius=\"10px\" data-shadow=\"small_depth\" data-animation=\"none\"  style=\"margin-bottom: 40px; \">\n      <div class=\"inner\">\n        <div class=\"hover-wrap\"> \n          <div class=\"hover-wrap-inner\">\n            <a href=\"https:\/\/www.italfisio.it\/wp-content\/uploads\/2025\/01\/DIACREAM-Diathermy-Cream-1000ml.png\" class=\"pp center\">\n              <img loading=\"lazy\" decoding=\"async\" class=\"img-with-animation skip-lazy\" data-delay=\"0\" height=\"600\" width=\"600\" data-animation=\"none\" src=\"https:\/\/www.italfisio.it\/wp-content\/uploads\/2025\/01\/DIACREAM-Diathermy-Cream-1000ml.png\" alt=\"DIACREAM- Diathermy Cream 1000ml\" srcset=\"https:\/\/www.italfisio.it\/wp-content\/uploads\/2025\/01\/DIACREAM-Diathermy-Cream-1000ml.png 600w, https:\/\/www.italfisio.it\/wp-content\/uploads\/2025\/01\/DIACREAM-Diathermy-Cream-1000ml-300x300.png 300w, https:\/\/www.italfisio.it\/wp-content\/uploads\/2025\/01\/DIACREAM-Diathermy-Cream-1000ml-150x150.png 150w, https:\/\/www.italfisio.it\/wp-content\/uploads\/2025\/01\/DIACREAM-Diathermy-Cream-1000ml-140x140.png 140w, https:\/\/www.italfisio.it\/wp-content\/uploads\/2025\/01\/DIACREAM-Diathermy-Cream-1000ml-100x100.png 100w, https:\/\/www.italfisio.it\/wp-content\/uploads\/2025\/01\/DIACREAM-Diathermy-Cream-1000ml-500x500.png 500w, https:\/\/www.italfisio.it\/wp-content\/uploads\/2025\/01\/DIACREAM-Diathermy-Cream-1000ml-350x350.png 350w\" sizes=\"auto, (max-width: 600px) 100vw, 600px\" title=\"\">\n            <\/a>\n          <\/div>\n        <\/div>\n      <\/div>\n      <\/div>\n\t\t<\/div> \n\t<\/div>\n\t<\/div> \n<\/div><\/div><p class=\"product woocommerce add_to_cart_inline\" style=\"border:4px solid #ccc; padding: 12px;\"><span class=\"woocommerce-Price-amount amount\" aria-hidden=\"true\"><bdi>23,90&nbsp;<span class=\"woocommerce-Price-currencySymbol\">&euro;<\/span><\/bdi><\/span> <span aria-hidden=\"true\">-<\/span> <span class=\"woocommerce-Price-amount amount\" aria-hidden=\"true\"><bdi>190,00&nbsp;<span class=\"woocommerce-Price-currencySymbol\">&euro;<\/span><\/bdi><\/span><span class=\"screen-reader-text\" data-no-translation=\"\" data-trp-gettext=\"\">Rango de precios: desde 23,90&nbsp;&euro; hasta 190,00&nbsp;&euro;<\/span><a href=\"http:\/\/www.italfisio.it\/es\/producto\/diacream-diathermy-cream-1000ml\/\" aria-describedby=\"woocommerce_loop_add_to_cart_link_describedby_335\" data-quantity=\"1\" class=\"button product_type_variable add_to_cart_button\" data-product_id=\"335\" data-product_sku=\"\" aria-label=\"Elige las opciones para \u201cDIACREAM- Diathermy Cream\u201d\" rel=\"nofollow\" data-no-translation-aria-label=\"\"><i class=\"normal icon-salient-cart\"><\/i><span data-no-translation=\"\" data-trp-gettext=\"\">Seleccionar<\/span><\/a>\t<span id=\"woocommerce_loop_add_to_cart_link_describedby_335\" class=\"screen-reader-text\">\n\t\tEste producto tiene m\u00faltiples variantes. Las opciones se pueden elegir en la p\u00e1gina de producto\t<\/span>\n<\/p>\n\t\t\t<\/div> \n\t\t<\/div>\n\t<\/div> \n<\/div><\/div>\n\t\t<div id=\"fws_69e581b151204\"  data-column-margin=\"default\" data-midnight=\"dark\" data-top-percent=\"5%\"  class=\"wpb_row vc_row-fluid vc_row full-width-section\"  style=\"padding-top: calc(100vw * 0.05); padding-bottom: 0px; \"><div class=\"row-bg-wrap\" data-bg-animation=\"none\" data-bg-animation-delay=\"\" data-bg-overlay=\"false\"><div class=\"inner-wrap row-bg-layer\" ><div class=\"row-bg viewport-desktop using-bg-color\"  style=\"background-color: #f9f9f9; \"><\/div><\/div><\/div><div class=\"row_col_wrap_12 col span_12 dark left\">\n\t<div  class=\"vc_col-sm-12 wpb_column column_container vc_column_container col padding-1-percent inherit_tablet inherit_phone\"  data-padding-pos=\"all\" data-has-bg-color=\"false\" data-bg-color=\"\" data-bg-opacity=\"1\" data-animation=\"\" data-delay=\"0\" >\n\t\t<div class=\"vc_column-inner\" >\n\t\t\t<div class=\"wpb_wrapper\">\n\t\t\t\t\n<div class=\"wpb_text_column wpb_content_element\" >\n\t<div class=\"wpb_wrapper\">\n\t\t<h1>DIACREAM &#8211; Diathermy Cream<\/h1>\n\t<\/div>\n<\/div>\n\n\n\n\n\t\t\t<\/div> \n\t\t<\/div>\n\t<\/div> \n<\/div><\/div>\n\t\t<div id=\"fws_69e581b1516c5\"  data-column-margin=\"default\" data-midnight=\"dark\" data-bottom-percent=\"2%\"  class=\"wpb_row vc_row-fluid vc_row full-width-section\"  style=\"padding-top: 0px; padding-bottom: calc(100vw * 0.02); \"><div class=\"row-bg-wrap\" data-bg-animation=\"none\" data-bg-animation-delay=\"\" data-bg-overlay=\"false\"><div class=\"inner-wrap row-bg-layer\" ><div class=\"row-bg viewport-desktop using-bg-color\"  style=\"background-color: #f9f9f9; \"><\/div><\/div><\/div><div class=\"row_col_wrap_12 col span_12 dark left\">\n\t<div  class=\"vc_col-sm-12 wpb_column column_container vc_column_container col padding-1-percent inherit_tablet inherit_phone\"  data-padding-pos=\"all\" data-has-bg-color=\"false\" data-bg-color=\"\" data-bg-opacity=\"1\" data-animation=\"\" data-delay=\"0\" >\n\t\t<div class=\"vc_column-inner\" >\n\t\t\t<div class=\"wpb_wrapper\">\n\t\t\t\t\n<div class=\"wpb_text_column wpb_content_element\" >\n\t<div class=\"wpb_wrapper\">\n\t\t<p class=\"translation-block\"><strong>DIACREAM<\/strong> es la soluci\u00f3n ideal para quienes buscan tratamientos electrom\u00e9dicos de alto rendimiento como diatermia, radiofrecuencia y bioestimulaci\u00f3n. Gracias a su f\u00f3rmula exclusiva, garantiza m\u00e1xima conductividad y confort, convirti\u00e9ndose en la referencia para profesionales de la fisioterapia y la est\u00e9tica.<\/p>\n\t<\/div>\n<\/div>\n\n\n\n\n\t\t\t<\/div> \n\t\t<\/div>\n\t<\/div> \n<\/div><\/div>\n\t\t<div id=\"fws_69e581b151b58\"  data-column-margin=\"default\" data-midnight=\"dark\" data-bottom-percent=\"2%\"  class=\"wpb_row vc_row-fluid vc_row full-width-section\"  style=\"padding-top: 0px; padding-bottom: calc(100vw * 0.02); \"><div class=\"row-bg-wrap\" data-bg-animation=\"none\" data-bg-animation-delay=\"\" data-bg-overlay=\"false\"><div class=\"inner-wrap row-bg-layer\" ><div class=\"row-bg viewport-desktop using-bg-color\"  style=\"background-color: #f9f9f9; \"><\/div><\/div><\/div><div class=\"row_col_wrap_12 col span_12 dark left\">\n\t<div  class=\"vc_col-sm-12 wpb_column column_container vc_column_container col padding-1-percent inherit_tablet inherit_phone\"  data-padding-pos=\"all\" data-has-bg-color=\"false\" data-bg-color=\"\" data-bg-opacity=\"1\" data-animation=\"\" data-delay=\"0\" >\n\t\t<div class=\"vc_column-inner\" >\n\t\t\t<div class=\"wpb_wrapper\">\n\t\t\t\t\n<div class=\"wpb_text_column wpb_content_element\" >\n\t<div class=\"wpb_wrapper\">\n\t\t<h2>Rendimiento sin concesiones<\/h2>\n<ul>\n<li class=\"translation-block\"><strong>Conductividad \u00f3ptima<\/strong>: maximiza la eficacia de los dispositivos electrom\u00e9dicos tanto en modo resistivo como capacitivo.<\/li>\n<li class=\"translation-block\"><strong>Textura innovadora<\/strong>: desarrollada con ingredientes cosm\u00e9ticos de alta calidad para facilitar el deslizamiento y hacer el tratamiento suave y confortable.<\/li>\n<li class=\"translation-block\"><strong>Absorci\u00f3n total<\/strong>: la crema se integra completamente con la piel, eliminando la necesidad de retirar residuos y dejando un efecto hidratante y emoliente.<\/li>\n<li class=\"translation-block\"><strong>F\u00e1cil de limpiar<\/strong>: La f\u00f3rmula soluble en agua no deja manchas en las telas ni en los equipos.<\/li>\n<li class=\"translation-block\"><strong>F\u00f3rmula segura<\/strong>: libre de parabenos y formaldeh\u00eddo, ideal incluso para las pieles m\u00e1s sensibles.<\/li>\n<\/ul>\n\t<\/div>\n<\/div>\n\n\n\n\n\t\t\t<\/div> \n\t\t<\/div>\n\t<\/div> \n<\/div><\/div>\n\t\t<div id=\"fws_69e581b152005\"  data-column-margin=\"default\" data-midnight=\"dark\"  class=\"wpb_row vc_row-fluid vc_row full-width-content vc_row-o-equal-height vc_row-flex vc_row-o-content-top\"  style=\"padding-top: 0px; padding-bottom: 0px; \"><div class=\"row-bg-wrap\" data-bg-animation=\"none\" data-bg-animation-delay=\"\" data-bg-overlay=\"false\"><div class=\"inner-wrap row-bg-layer\" ><div class=\"row-bg viewport-desktop\"  style=\"\"><\/div><\/div><\/div><div class=\"row_col_wrap_12 col span_12 dark left\">\n\t<div  class=\"vc_col-sm-6 wpb_column column_container vc_column_container col padding-10-percent inherit_tablet inherit_phone\"  data-padding-pos=\"all\" data-has-bg-color=\"false\" data-bg-color=\"\" data-bg-opacity=\"1\" data-animation=\"\" data-delay=\"0\" >\n\t\t<div class=\"vc_column-inner\" >\n\t\t\t<div class=\"wpb_wrapper\">\n\t\t\t\t<div class=\"nectar-responsive-text nectar-link-underline-effect\" style=\"color: #64ccc9;\" data-inherit-heading-family=\"h2\"><h2>Beneficios para profesionales<\/h2>\n<\/div><div id=\"fws_69e581b1523dd\" data-midnight=\"\" data-column-margin=\"default\" class=\"wpb_row vc_row-fluid vc_row inner_row\"  style=\"\"><div class=\"row-bg-wrap\"> <div class=\"row-bg\" ><\/div> <\/div><div class=\"row_col_wrap_12_inner col span_12  left\">\n\t<div  class=\"vc_col-sm-12 wpb_column column_container vc_column_container col child_column has-animation no-extra-padding inherit_tablet inherit_phone\"   data-padding-pos=\"all\" data-has-bg-color=\"false\" data-bg-color=\"\" data-bg-opacity=\"1\" data-animation=\"fade-in-from-bottom\" data-delay=\"0\" >\n\t\t<div class=\"vc_column-inner\" >\n\t\t<div class=\"wpb_wrapper\">\n\t\t\t\n<div class=\"wpb_text_column wpb_content_element\" >\n\t<div class=\"wpb_wrapper\">\n\t\t<ul>\n<li class=\"translation-block\"><strong>Eficacia y practicidad<\/strong>: DIACREAM es f\u00e1cil de utilizar y se adapta perfectamente a las necesidades de los tratamientos est\u00e9ticos y de fisioterapia.<\/li>\n<li class=\"translation-block\"><strong>Resultados superiores:<\/strong> dise\u00f1ado para potenciar la eficacia de las tecnolog\u00edas de radiofrecuencia, diatermia y bioestimulaci\u00f3n, ayudando a conseguir resultados visibles y duraderos.<\/li>\n<li class=\"translation-block\"><strong>L\u00edder del mercado<\/strong>: la crema conductora m\u00e1s elegida por los profesionales italianos, sin\u00f3nimo de fiabilidad y calidad.<\/li>\n<\/ul>\n\t<\/div>\n<\/div>\n\n\n\n\n\t\t<\/div> \n\t<\/div>\n\t<\/div> \n<\/div><\/div>\n\t\t\t<\/div> \n\t\t<\/div>\n\t<\/div> \n\n\t<div style=\"\" class=\"vc_col-sm-6 wpb_column column_container vc_column_container col has-animation no-extra-padding inherit_tablet inherit_phone\" data-using-bg=\"true\" data-padding-pos=\"all\" data-has-bg-color=\"true\" data-bg-color=\"rgba(100,204,201,0.5)\" data-bg-opacity=\"1\" data-animation=\"reveal-from-bottom\" data-delay=\"0\" >\n\t\t<div class=\"vc_column-inner\" ><div class=\"column-bg-overlay-wrap column-bg-layer\" data-bg-animation=\"none\"><div class=\"column-bg-overlay\" style=\"opacity: 1; background-color: rgba(100,204,201,0.5);\"><\/div><\/div>\n\t\t\t<div class=\"wpb_wrapper\">\n\t\t\t\t<div class=\"img-with-aniamtion-wrap center\" data-max-width=\"100%\" data-max-width-mobile=\"default\" data-shadow=\"none\" data-animation=\"none\" >\n      <div class=\"inner\">\n        <div class=\"hover-wrap\"> \n          <div class=\"hover-wrap-inner\">\n            <img loading=\"lazy\" decoding=\"async\" class=\"img-with-animation skip-lazy\" data-delay=\"0\" height=\"600\" width=\"600\" data-animation=\"none\" src=\"https:\/\/www.italfisio.it\/wp-content\/uploads\/2025\/01\/DIACREAM-Diathermy-Cream-1000ml.png\" alt=\"DIACREAM- Diathermy Cream 1000ml\" srcset=\"https:\/\/www.italfisio.it\/wp-content\/uploads\/2025\/01\/DIACREAM-Diathermy-Cream-1000ml.png 600w, https:\/\/www.italfisio.it\/wp-content\/uploads\/2025\/01\/DIACREAM-Diathermy-Cream-1000ml-300x300.png 300w, https:\/\/www.italfisio.it\/wp-content\/uploads\/2025\/01\/DIACREAM-Diathermy-Cream-1000ml-150x150.png 150w, https:\/\/www.italfisio.it\/wp-content\/uploads\/2025\/01\/DIACREAM-Diathermy-Cream-1000ml-140x140.png 140w, https:\/\/www.italfisio.it\/wp-content\/uploads\/2025\/01\/DIACREAM-Diathermy-Cream-1000ml-100x100.png 100w, https:\/\/www.italfisio.it\/wp-content\/uploads\/2025\/01\/DIACREAM-Diathermy-Cream-1000ml-500x500.png 500w, https:\/\/www.italfisio.it\/wp-content\/uploads\/2025\/01\/DIACREAM-Diathermy-Cream-1000ml-350x350.png 350w\" sizes=\"auto, (max-width: 600px) 100vw, 600px\" title=\"\">\n          <\/div>\n        <\/div>\n      <\/div>\n    <\/div>\n\t\t\t<\/div> \n\t\t<\/div>\n\t<\/div> \n<\/div><\/div>\n\t\t<div id=\"fws_69e581b152c4f\"  data-column-margin=\"default\" data-midnight=\"dark\"  class=\"wpb_row vc_row-fluid vc_row full-width-content vc_row-o-equal-height vc_row-flex vc_row-o-content-middle  reverse_columns_column_phone\"  style=\"padding-top: 0px; padding-bottom: 0px; \"><div class=\"row-bg-wrap\" data-bg-animation=\"none\" data-bg-animation-delay=\"\" data-bg-overlay=\"false\"><div class=\"inner-wrap row-bg-layer\" ><div class=\"row-bg viewport-desktop\"  style=\"\"><\/div><\/div><\/div><div class=\"row_col_wrap_12 col span_12 dark left\">\n\t<div style=\"\" class=\"vc_col-sm-6 wpb_column column_container vc_column_container col has-animation no-extra-padding inherit_tablet inherit_phone\" data-using-bg=\"true\" data-padding-pos=\"all\" data-has-bg-color=\"true\" data-bg-color=\"rgba(100,204,201,0.5)\" data-bg-opacity=\"1\" data-animation=\"reveal-from-bottom\" data-delay=\"0\" >\n\t\t<div class=\"vc_column-inner\" ><div class=\"column-bg-overlay-wrap column-bg-layer\" data-bg-animation=\"none\"><div class=\"column-bg-overlay\" style=\"opacity: 1; background-color: rgba(100,204,201,0.5);\"><\/div><\/div>\n\t\t\t<div class=\"wpb_wrapper\">\n\t\t\t\t<div class=\"img-with-aniamtion-wrap center\" data-max-width=\"100%\" data-max-width-mobile=\"default\" data-shadow=\"none\" data-animation=\"none\" >\n      <div class=\"inner\">\n        <div class=\"hover-wrap\"> \n          <div class=\"hover-wrap-inner\">\n            <img loading=\"lazy\" decoding=\"async\" class=\"img-with-animation skip-lazy\" data-delay=\"0\" height=\"600\" width=\"600\" data-animation=\"none\" src=\"https:\/\/www.italfisio.it\/wp-content\/uploads\/2025\/01\/DIACREAM-Diathermy-Cream-1000ml-Dosatore.png\" alt=\"DIACREAM- Diathermy Cream 1000ml Dosatore\" srcset=\"https:\/\/www.italfisio.it\/wp-content\/uploads\/2025\/01\/DIACREAM-Diathermy-Cream-1000ml-Dosatore.png 600w, https:\/\/www.italfisio.it\/wp-content\/uploads\/2025\/01\/DIACREAM-Diathermy-Cream-1000ml-Dosatore-300x300.png 300w, https:\/\/www.italfisio.it\/wp-content\/uploads\/2025\/01\/DIACREAM-Diathermy-Cream-1000ml-Dosatore-150x150.png 150w, https:\/\/www.italfisio.it\/wp-content\/uploads\/2025\/01\/DIACREAM-Diathermy-Cream-1000ml-Dosatore-140x140.png 140w, https:\/\/www.italfisio.it\/wp-content\/uploads\/2025\/01\/DIACREAM-Diathermy-Cream-1000ml-Dosatore-100x100.png 100w, https:\/\/www.italfisio.it\/wp-content\/uploads\/2025\/01\/DIACREAM-Diathermy-Cream-1000ml-Dosatore-500x500.png 500w, https:\/\/www.italfisio.it\/wp-content\/uploads\/2025\/01\/DIACREAM-Diathermy-Cream-1000ml-Dosatore-350x350.png 350w\" sizes=\"auto, (max-width: 600px) 100vw, 600px\" title=\"\">\n          <\/div>\n        <\/div>\n      <\/div>\n    <\/div>\n\t\t\t<\/div> \n\t\t<\/div>\n\t<\/div> \n\n\t<div  class=\"vc_col-sm-6 wpb_column column_container vc_column_container col padding-10-percent inherit_tablet inherit_phone\"  data-padding-pos=\"all\" data-has-bg-color=\"false\" data-bg-color=\"\" data-bg-opacity=\"1\" data-animation=\"\" data-delay=\"0\" >\n\t\t<div class=\"vc_column-inner\" >\n\t\t\t<div class=\"wpb_wrapper\">\n\t\t\t\t<div class=\"nectar-responsive-text nectar-link-underline-effect\" style=\"color: #64ccc9;\" data-inherit-heading-family=\"h2\"><h2>Perch\u00e9 scegliere DIACREAM<\/h2>\n<\/div><div id=\"fws_69e581b1537ad\" data-midnight=\"\" data-column-margin=\"default\" class=\"wpb_row vc_row-fluid vc_row inner_row\"  style=\"\"><div class=\"row-bg-wrap\"> <div class=\"row-bg\" ><\/div> <\/div><div class=\"row_col_wrap_12_inner col span_12  left\">\n\t<div  class=\"vc_col-sm-12 wpb_column column_container vc_column_container col child_column has-animation no-extra-padding inherit_tablet inherit_phone\"   data-padding-pos=\"all\" data-has-bg-color=\"false\" data-bg-color=\"\" data-bg-opacity=\"1\" data-animation=\"fade-in-from-bottom\" data-delay=\"0\" >\n\t\t<div class=\"vc_column-inner\" >\n\t\t<div class=\"wpb_wrapper\">\n\t\t\t\n<div class=\"wpb_text_column wpb_content_element\" >\n\t<div class=\"wpb_wrapper\">\n\t\t<ul>\n<li class=\"translation-block\"><strong>Experiencia profesional garantizada<\/strong>: mejora la precisi\u00f3n y los resultados del tratamiento.<\/li>\n<li class=\"translation-block\"><strong>Made in Italy<\/strong>: un producto de alta calidad, \u00edntegramente dise\u00f1ado y fabricado en Italia.<\/li>\n<li class=\"translation-block\"><strong>Seguridad sin concesiones<\/strong>: su delicada f\u00f3rmula garantiza la compatibilidad con todo tipo de piel.<\/li>\n<li class=\"translation-block\"><strong>Absoluta practicidad<\/strong>: desde su consistencia hasta su facilidad de limpieza, DIACREAM est\u00e1 dise\u00f1ado para facilitar el trabajo del profesional y mejorar la experiencia del cliente.<\/li>\n<\/ul>\n<p>DIACREAM, la crema conductora que combina rendimiento t\u00e9cnico, seguridad y bienestar del cliente.<\/p>\n\t<\/div>\n<\/div>\n\n\n\n\n\t\t<\/div> \n\t<\/div>\n\t<\/div> \n<\/div><\/div>\n\t\t\t<\/div> \n\t\t<\/div>\n\t<\/div> \n<\/div><\/div>","protected":false},"excerpt":{"rendered":"Italfisio - Prodotti DIACREAM La crema conduttrice n.1 in Italia per trattamenti diatermici Acquista i nostri prodotti Scopri il nostro shop Diacream Diathermy Cream 23,90&nbsp;&euro; - 190,00&nbsp;&euro;Rango de...","protected":false},"author":1,"featured_media":0,"parent":8552,"menu_order":0,"comment_status":"closed","ping_status":"closed","template":"","meta":{"footnotes":""},"class_list":["post-8621","page","type-page","status-publish"],"_links":{"self":[{"href":"http:\/\/www.italfisio.it\/es\/wp-json\/wp\/v2\/pages\/8621","targetHints":{"allow":["GET"]}}],"collection":[{"href":"http:\/\/www.italfisio.it\/es\/wp-json\/wp\/v2\/pages"}],"about":[{"href":"http:\/\/www.italfisio.it\/es\/wp-json\/wp\/v2\/types\/page"}],"author":[{"embeddable":true,"href":"http:\/\/www.italfisio.it\/es\/wp-json\/wp\/v2\/users\/1"}],"replies":[{"embeddable":true,"href":"http:\/\/www.italfisio.it\/es\/wp-json\/wp\/v2\/comments?post=8621"}],"version-history":[{"count":6,"href":"http:\/\/www.italfisio.it\/es\/wp-json\/wp\/v2\/pages\/8621\/revisions"}],"predecessor-version":[{"id":13217,"href":"http:\/\/www.italfisio.it\/es\/wp-json\/wp\/v2\/pages\/8621\/revisions\/13217"}],"up":[{"embeddable":true,"href":"http:\/\/www.italfisio.it\/es\/wp-json\/wp\/v2\/pages\/8552"}],"wp:attachment":[{"href":"http:\/\/www.italfisio.it\/es\/wp-json\/wp\/v2\/media?parent=8621"}],"curies":[{"name":"wp","href":"https:\/\/api.w.org\/{rel}","templated":true}]}}