{"id":6546,"date":"2025-02-25T13:33:18","date_gmt":"2025-02-25T12:33:18","guid":{"rendered":"https:\/\/italfisio.emotionmedia.it\/?page_id=6546"},"modified":"2025-08-11T10:49:05","modified_gmt":"2025-08-11T08:49:05","slug":"right-of-withdrawal","status":"publish","type":"page","link":"http:\/\/www.italfisio.it\/en\/right-of-withdrawal\/","title":{"rendered":"Right of withdrawal"},"content":{"rendered":"<div id=\"fws_69e581db16667\"  data-column-margin=\"default\" data-midnight=\"dark\" data-top-percent=\"4%\" data-bottom-percent=\"4%\"  class=\"wpb_row vc_row-fluid vc_row\"  style=\"padding-top: calc(100vw * 0.04); padding-bottom: calc(100vw * 0.04); \"><div class=\"row-bg-wrap\" data-bg-animation=\"none\" data-bg-animation-delay=\"\" data-bg-overlay=\"false\"><div class=\"inner-wrap row-bg-layer\" ><div class=\"row-bg viewport-desktop\"  style=\"\"><\/div><\/div><\/div><div class=\"row_col_wrap_12 col span_12 dark left\">\n\t<div  class=\"vc_col-sm-12 wpb_column column_container vc_column_container col no-extra-padding inherit_tablet inherit_phone\"  data-padding-pos=\"all\" data-has-bg-color=\"false\" data-bg-color=\"\" data-bg-opacity=\"1\" data-animation=\"\" data-delay=\"0\" >\n\t\t<div class=\"vc_column-inner\" >\n\t\t\t<div class=\"wpb_wrapper\">\n\t\t\t\t\n<div class=\"wpb_text_column wpb_content_element\" >\n\t<div class=\"wpb_wrapper\">\n\t\t<h4>Art. 1 &#8211; DIRITTO DI RECESSO<\/h4>\n<p>1.1. Il diritto di recesso consiste nella facolt\u00e0 del Cliente di recedere dal contratto, restituendo i Prodotti acquistati con conseguente rimborso del prezzo.<\/p>\n<p>1.2. Il diritto di recesso \u00e8 facolt\u00e0 delle persone fisiche che agiscono per scopi non direttamente riferibili all&#8217;attivit\u00e0 professionale eventualmente svolta. Pertanto, rivenditori e aziende sono esclusi da tale diritto.<\/p>\n<p>1.3. Per esercitare il diritto di recesso occorre inviare entro 14 giorni dal ricevimento dei Prodotti comunicazione scritta al seguente indirizzo e-mail: info@ italfisio.eu. A seguito della richiesta di reso verr\u00e0 inviata un\u2019e-mail che conferma l\u2019avvio della procedura. Il prodotto si potr\u00e0 rendere tramite corriere le cui spese sono a carico del Cliente.<\/p>\n<p>1.4. Per esercitare il diritto di recesso \u00e8 necessario restituire i Prodotti in stato integro di conservazione e con etichette originali non rimosse. L&#8217;imballo dei Prodotti deve essere accurato, al fine di salvaguardare gli involucri originali da danneggiamenti.<\/p>\n<p>1.5. I Prodotti devono essere restituiti a Italfisio Srls entro i 14 giorni successivi dalla data di esercizio del diritto di recesso, allegando una copia dell\u2019autorizzazione al reso ricevuta via mail dal servizio clienti.<\/p>\n<p>1.6. Il rimborso del corrispettivo di acquisto avverr\u00e0 entro un massimo di 30 giorni dal ricevimento della merce resa a Italfisio Srls, previa verifica dello stato di conservazione.<\/p>\n<p>1.7. Il rimborso non comprende le spese di trasporto sostenute per l&#8217;originario invio della merce<\/p>\n<p>1.8. In caso di esercizio da parte del Cliente del diritto di recesso: (i) il Cliente s\u2019impegna in ogni caso a restituire i Prodotti entro 14 giorni dalla data di esercizio del diritto di recesso; (ii) i costi di spedizione connessi alla restituzione dei Prodotti sono a carico del cliente; (iii) Italfisio Srls provveder\u00e0 a rimborsare il prezzo nel minor tempo possibile, e comunque entro 30 giorni dalla data di ricevimento della comunicazione di recesso, a condizione che i Prodotti siano stati restituiti integri e non utilizzati, assieme all\u2019imballaggio\/confezione originali e ad eventuali accessori, etichette di qualit\u00e0.<\/p>\n<p>1.9. In caso di esercizio da parte del Cliente del diritto di recesso, Italfisio Srls provveder\u00e0 al rimborso del prezzo tramite riaccredito nelle medesime modalit\u00e0 con cui \u00e8 stato effettuato l&#8217;acquisto.<\/p>\n<p>1.10. Qualora il Cliente eserciti il diritto di recesso in modo non conforme alle modalit\u00e0 e termini della Procedura di recesso al presente articolo, il Cliente non ha diritto al rimborso del prezzo.<\/p>\n<p>1.11. Italfisio Srls verificher\u00e0 se i Prodotti restituiti siano effettivamente nelle condizioni originali; qualora i Prodotti restituiti dal Cliente risultino danneggiati, incompleti deteriorati e\/o sporchi, essi non saranno rimborsati. Resta fermo il diritto della stessa di richiedere il risarcimento di qualsiasi danno o non corrispondenza con i Prodotti consegnati al Cliente.<\/p>\n<h4>Art. 2 GESTIONE DEI RECLAMI<\/h4>\n<p>2.1. Tutte le comunicazioni o gli eventuali reclami del Cliente nei confronti di Italfisio Srls relativamente ai Contratti d&#8217;Acquisto, dovranno essere comunicati attraverso al servizio clienti tramite apposito form del sito.<\/p>\n\t<\/div>\n<\/div>\n\n\n\n\n\t\t\t<\/div> \n\t\t<\/div>\n\t<\/div> \n<\/div><\/div>","protected":false},"excerpt":{"rendered":"Art. 1 - DIRITTO DI RECESSO 1.1. Il diritto di recesso consiste nella facolt\u00e0 del Cliente di recedere dal contratto, restituendo i Prodotti acquistati con conseguente rimborso del prezzo. 1.2....","protected":false},"author":3,"featured_media":0,"parent":0,"menu_order":0,"comment_status":"closed","ping_status":"closed","template":"","meta":{"footnotes":""},"class_list":["post-6546","page","type-page","status-publish"],"_links":{"self":[{"href":"http:\/\/www.italfisio.it\/en\/wp-json\/wp\/v2\/pages\/6546","targetHints":{"allow":["GET"]}}],"collection":[{"href":"http:\/\/www.italfisio.it\/en\/wp-json\/wp\/v2\/pages"}],"about":[{"href":"http:\/\/www.italfisio.it\/en\/wp-json\/wp\/v2\/types\/page"}],"author":[{"embeddable":true,"href":"http:\/\/www.italfisio.it\/en\/wp-json\/wp\/v2\/users\/3"}],"replies":[{"embeddable":true,"href":"http:\/\/www.italfisio.it\/en\/wp-json\/wp\/v2\/comments?post=6546"}],"version-history":[{"count":4,"href":"http:\/\/www.italfisio.it\/en\/wp-json\/wp\/v2\/pages\/6546\/revisions"}],"predecessor-version":[{"id":6572,"href":"http:\/\/www.italfisio.it\/en\/wp-json\/wp\/v2\/pages\/6546\/revisions\/6572"}],"wp:attachment":[{"href":"http:\/\/www.italfisio.it\/en\/wp-json\/wp\/v2\/media?parent=6546"}],"curies":[{"name":"wp","href":"https:\/\/api.w.org\/{rel}","templated":true}]}}