{"id":334,"date":"2025-01-29T12:52:08","date_gmt":"2025-01-29T11:52:08","guid":{"rendered":"https:\/\/italfisio.emotionmedia.it\/?post_type=product&#038;p=334"},"modified":"2025-05-19T09:38:48","modified_gmt":"2025-05-19T07:38:48","slug":"massage-oil-calendula","status":"publish","type":"product","link":"http:\/\/www.italfisio.it\/de\/produkt\/massage-oil-calendula\/","title":{"rendered":"MASSAGE OIL Calendula"},"content":{"rendered":"<h1 style=\"font-size: 35px;\">Calendula Massage\u00f6l<\/h1>\n<h2 style=\"font-size: 25px;\">Ihr nat\u00fcrlicher Verb\u00fcndeter f\u00fcr die Muskelregeneration<\/h2>\n<p>Scopri l&#8217;efficacia dell&#8217;olio massaggiante Calendula, ideale per sportivi e chiunque desideri un prodotto naturale per alleviare tensioni e contratture muscolari. Formulato con olio di Calendula 100% naturale, \u00e8 perfetto per massaggi sportivi e fisioterapici, sia prima che dopo l&#8217;attivit\u00e0 fisica.<\/p>\n<h3 style=\"font-size: 15px;\">Produktvorteile<\/h3>\n<p class=\"translation-block\">Linderung f\u00fcr Muskeln und Sehnen: Dank seiner beruhigenden und regenerierenden Wirkung l\u00f6st es Verspannungen, lindert Schmerzen und verbessert die Mikrozirkulation.<br>\nIdeal f\u00fcr vor und nach dem Training: Es bereitet die Muskeln auf den Sport vor und beschleunigt die Regeneration nach dem Training.<br>\nGeschmeidig machende und pflegende Wirkung: Reich an Antioxidantien, spendet es der Haut Feuchtigkeit und macht sie weich und geschmeidig.\nProfessionelle und private Anwendung: Beliebt bei Physiotherapeuten und Masseuren f\u00fcr effektive Behandlungen.<\/p>\n<h3 style=\"font-size: 15px;\">Details und Funktionen<\/h3>\n<p>L&#8217;olio ITALFISIO \u00e8 composto esclusivamente da ingredienti naturali di alta qualit\u00e0, senza solventi o additivi chimici. La sua formulazione include olio di Calendula Officinalis, olio di semi di Helianthus Annuus ed estratto di fiore di Calendula Officinalis, garantendo un prodotto puro e rispettoso dell&#8217;ambiente.<\/p>\n<h3 style=\"font-size: 15px;\">Modalit\u00e0 d\u2019uso<\/h3>\n<p>Applicare la giusta quantit\u00e0 sulla zona da trattare e massaggiare fino al completo assorbimento. Evitare l&#8217;esposizione diretta al sole dopo l\u2019applicazione.<\/p>\n<h3 style=\"font-size: 15px;\">Warnhinweise<\/h3>\n<p>Mit Vorsicht anwenden und die Anweisungen des Herstellers befolgen. Nur auf intakte Haut auftragen. Nicht an Tieren getestet.<\/p>\n<p>Acquista ora l&#8217;olio massaggiante Calendula e scopri i suoi benefici per il tuo benessere muscolare e cutaneo. Un prodotto professionale, naturale e made in Italy, pensato per il massimo comfort e recupero.<\/p>","protected":false},"excerpt":{"rendered":"<p>Olio Massaggiante Calendula Il Tuo Alleato Naturale per il Recupero Muscolare Scopri l&#8217;efficacia dell&#8217;olio massaggiante Calendula, ideale per sportivi e chiunque desideri un prodotto naturale per alleviare tensioni e contratture&#8230;<\/p>","protected":false},"featured_media":202,"template":"","meta":[],"product_brand":[],"product_cat":[62,81],"product_tag":[],"class_list":{"0":"post-334","1":"product","2":"type-product","3":"status-publish","4":"has-post-thumbnail","6":"product_cat-cat-fisioterapia","7":"product_cat-cat-massaggio","9":"first","10":"instock","11":"shipping-taxable","12":"purchasable","13":"product-type-simple"},"_links":{"self":[{"href":"http:\/\/www.italfisio.it\/de\/wp-json\/wp\/v2\/product\/334","targetHints":{"allow":["GET"]}}],"collection":[{"href":"http:\/\/www.italfisio.it\/de\/wp-json\/wp\/v2\/product"}],"about":[{"href":"http:\/\/www.italfisio.it\/de\/wp-json\/wp\/v2\/types\/product"}],"wp:featuredmedia":[{"embeddable":true,"href":"http:\/\/www.italfisio.it\/de\/wp-json\/wp\/v2\/media\/202"}],"wp:attachment":[{"href":"http:\/\/www.italfisio.it\/de\/wp-json\/wp\/v2\/media?parent=334"}],"wp:term":[{"taxonomy":"product_brand","embeddable":true,"href":"http:\/\/www.italfisio.it\/de\/wp-json\/wp\/v2\/product_brand?post=334"},{"taxonomy":"product_cat","embeddable":true,"href":"http:\/\/www.italfisio.it\/de\/wp-json\/wp\/v2\/product_cat?post=334"},{"taxonomy":"product_tag","embeddable":true,"href":"http:\/\/www.italfisio.it\/de\/wp-json\/wp\/v2\/product_tag?post=334"}],"curies":[{"name":"wp","href":"https:\/\/api.w.org\/{rel}","templated":true}]}}