{"id":333,"date":"2025-01-29T12:51:22","date_gmt":"2025-01-29T11:51:22","guid":{"rendered":"https:\/\/italfisio.emotionmedia.it\/?post_type=product&#038;p=333"},"modified":"2025-05-19T09:38:41","modified_gmt":"2025-05-19T07:38:41","slug":"massage-oil-artiglio-del-diavolo","status":"publish","type":"product","link":"http:\/\/www.italfisio.it\/de\/produkt\/massage-oil-artiglio-del-diavolo\/","title":{"rendered":"MASSAGE OIL Teufelskralle"},"content":{"rendered":"<h1 style=\"font-size: 35px;\">ITALFISIO Massage\u00f6l mit Teufelskralle<\/h1>\n<h2 style=\"font-size: 25px;\">Nat\u00fcrliche Linderung f\u00fcr Muskeln und Gelenke<\/h2>\n<p>Scopri il potere dell\u2019olio per massaggi Artiglio del diavolo, formulato con estratto liposolubile di Artiglio del Diavolo (Harpagophytum procumbens), un ingrediente naturale noto per le sue propriet\u00e0 lenitive e antinfiammatorie. Ideale per sportivi e per chi desidera un prodotto efficace nel recupero muscolare e nel sollievo delle tensioni post-allenamento, questo olio favorisce la microcircolazione e migliora il benessere muscolare.<\/p>\n<h3 style=\"font-size: 15px;\">Produktvorteile<\/h3>\n<p class=\"translation-block\">Entspannende und entspannende Wirkung: L\u00f6st Muskelverspannungen und -kontrakturen und lindert Schmerzen und Entz\u00fcndungen.<br>\nIdeal f\u00fcr die Regeneration nach dem Training: Hilft, m\u00fcde Muskeln zu entspannen, die Durchblutung zu verbessern und die Regeneration zu beschleunigen.<br>\nWohltuend f\u00fcr Sehnen und B\u00e4nder: Dank der wohltuenden Eigenschaften der Teufelskralle ist sie ein nat\u00fcrlicher Verb\u00fcndeter f\u00fcr die Gesundheit der Gelenke.<br>\nPhysiotherapeutische Wirksamkeit: Wird von Physiotherapeuten und Sportmassagetherapeuten f\u00fcr gezielte professionelle Behandlungen verwendet.<br>\nFeuchtigkeits- und N\u00e4hrstoffversorgung f\u00fcr die Haut: Die nat\u00fcrliche Formel pflegt und macht die Haut weich und geschmeidig und sch\u00fctzt sie.<br>\nDetails und Eigenschaften<\/p>\n<p>L\u2019olio massaggiante ITALFISIO \u00e8 realizzato con ingredienti di alta qualit\u00e0, privi di solventi o additivi artificiali:<\/p>\n<p class=\"translation-block\">100 % nat\u00fcrlicher, fettl\u00f6slicher Teufelskrallenextrakt, bekannt f\u00fcr seine entz\u00fcndungshemmenden und schmerzstillenden Eigenschaften.<br>\nSonnenblumenkern\u00f6l (Helianthus Annuus) spendet der Haut Feuchtigkeit und sch\u00fctzt sie.<br>\nTierversuchsfreie Formel, hergestellt mit nachhaltigen, umweltfreundlichen Verfahren.<\/p>\n<p>100% Made in Italy, sinonimo di qualit\u00e0 e sicurezza.<\/p>\n<h3 style=\"font-size: 15px;\">Modalit\u00e0 d\u2019uso<\/h3>\n<p>Applicare una quantit\u00e0 adeguata sulla zona da trattare e massaggiare fino al completo assorbimento. Perfetto per l\u2019uso quotidiano, sia per sportivi che per chi necessita di un trattamento mirato.<\/p>\n<h3 style=\"font-size: 15px;\">Warnhinweise<\/h3>\n<p class=\"translation-block\">Nur auf intakter Haut anwenden.<br>\nNicht anwenden bei Allergien gegen einen der Inhaltsstoffe.<br>\nAu\u00dferhalb der Reichweite von Kindern aufbewahren.<\/p>\n<p>Scegli l\u2019olio massaggiante ITALFISIO con Artiglio del Diavolo e scopri il benessere di un trattamento naturale ed efficace. Acquista ora e prenditi cura dei tuoi muscoli e delle tue articolazioni con un prodotto professionale e di alta qualit\u00e0.<\/p>","protected":false},"excerpt":{"rendered":"<p>Olio Massaggiante ITALFISIO con Artiglio del Diavolo Sollievo Naturale per Muscoli e Articolazioni Scopri il potere dell\u2019olio per massaggi Artiglio del diavolo, formulato con estratto liposolubile di Artiglio del Diavolo&#8230;<\/p>","protected":false},"featured_media":207,"template":"","meta":[],"product_brand":[],"product_cat":[62,81],"product_tag":[],"class_list":{"0":"post-333","1":"product","2":"type-product","3":"status-publish","4":"has-post-thumbnail","6":"product_cat-cat-fisioterapia","7":"product_cat-cat-massaggio","9":"first","10":"instock","11":"shipping-taxable","12":"purchasable","13":"product-type-simple"},"_links":{"self":[{"href":"http:\/\/www.italfisio.it\/de\/wp-json\/wp\/v2\/product\/333","targetHints":{"allow":["GET"]}}],"collection":[{"href":"http:\/\/www.italfisio.it\/de\/wp-json\/wp\/v2\/product"}],"about":[{"href":"http:\/\/www.italfisio.it\/de\/wp-json\/wp\/v2\/types\/product"}],"wp:featuredmedia":[{"embeddable":true,"href":"http:\/\/www.italfisio.it\/de\/wp-json\/wp\/v2\/media\/207"}],"wp:attachment":[{"href":"http:\/\/www.italfisio.it\/de\/wp-json\/wp\/v2\/media?parent=333"}],"wp:term":[{"taxonomy":"product_brand","embeddable":true,"href":"http:\/\/www.italfisio.it\/de\/wp-json\/wp\/v2\/product_brand?post=333"},{"taxonomy":"product_cat","embeddable":true,"href":"http:\/\/www.italfisio.it\/de\/wp-json\/wp\/v2\/product_cat?post=333"},{"taxonomy":"product_tag","embeddable":true,"href":"http:\/\/www.italfisio.it\/de\/wp-json\/wp\/v2\/product_tag?post=333"}],"curies":[{"name":"wp","href":"https:\/\/api.w.org\/{rel}","templated":true}]}}