{"id":330,"date":"2025-01-29T12:48:30","date_gmt":"2025-01-29T11:48:30","guid":{"rendered":"https:\/\/italfisio.emotionmedia.it\/?post_type=product&#038;p=330"},"modified":"2025-05-19T09:39:18","modified_gmt":"2025-05-19T07:39:18","slug":"massage-oil-arnica-montana","status":"publish","type":"product","link":"http:\/\/www.italfisio.it\/de\/produkt\/massage-oil-arnica-montana\/","title":{"rendered":"MASSAGE OIL Arnica Montana"},"content":{"rendered":"<h1 style=\"font-size: 35px;\">Olio Massaggiante all&#8217;Arnica<\/h1>\n<h2 style=\"font-size: 25px;\">Nat\u00fcrliche Linderung f\u00fcr Muskeln und Gelenke<\/h2>\n<p>Scopri l&#8217;efficacia dell&#8217;olio massaggiante all&#8217;Arnica, formulato con Arnica montana 100% naturale, ideale per sportivi e per chi desidera un trattamento naturale per alleviare tensioni e contratture muscolari. Perfetto per fisioterapia e massaggi sportivi, favorisce il recupero muscolare e il benessere articolare grazie alle sue propriet\u00e0 lenitive e rigeneranti.<\/p>\n<h3 style=\"font-size: 15px;\">Produktvorteile<\/h3>\n<p class=\"translation-block\">Beruhigende und muskelentspannende Wirkung: Hilft, Muskelverspannungen und -kontrakturen zu l\u00f6sen und so Entz\u00fcndungen und Gelenkschmerzen zu lindern.<br>\nIdeal f\u00fcr vor und nach dem Training: Regt die Mikrozirkulation an, bereitet die Muskeln auf k\u00f6rperliche Aktivit\u00e4t vor und f\u00f6rdert die Regeneration nach dem Training.<br>\nPflege- und geschmeidigmachend: Dank seiner nat\u00fcrlichen Zusammensetzung spendet es Feuchtigkeit und sch\u00fctzt die Haut und h\u00e4lt sie weich und geschmeidig.<br>\nPhysiotherapie und professionelle Wirksamkeit: Wird h\u00e4ufig von Physiotherapeuten und Massagetherapeuten f\u00fcr gezielte Behandlungen eingesetzt.<\/p>\n<h3 style=\"font-size: 15px;\">Details und Funktionen<\/h3>\n<p>L&#8217;olio massaggiante ITALFISIO \u00e8 composto da ingredienti naturali di alta qualit\u00e0, senza solventi n\u00e9 additivi chimici. Contiene:<\/p>\n<p class=\"translation-block\">100 % nat\u00fcrliches Arnica Montana-\u00d6l, bekannt f\u00fcr seine entz\u00fcndungshemmenden und muskelentspannenden Eigenschaften.<br>\nHelianthus Annuus (Sonnenblumenkern\u00f6l) pflegt und sch\u00fctzt die Haut.<br>\nTocopherol (Vitamin E) mit antioxidativen und elastizierenden Eigenschaften.<\/p>\n<p>Prodotto non testato sugli animali, 100% Made in Italy e rispettoso dell\u2019ambiente.<\/p>\n<h3 style=\"font-size: 15px;\">Modalit\u00e0 d\u2019uso<\/h3>\n<p>Applicare una quantit\u00e0 adeguata sulla zona da trattare e massaggiare fino al completo assorbimento. Ideale per l\u2019uso quotidiano, sia in ambito sportivo che professionale.<\/p>\n<h3 style=\"font-size: 15px;\">Warnhinweise<\/h3>\n<p>Utilizzare solo su pelle integra ed evitare l&#8217;esposizione diretta al sole dopo l&#8217;applicazione. Seguire le istruzioni del produttore per un uso sicuro ed efficace.<\/p>\n<p>Rendi il tuo massaggio pi\u00f9 efficace con l&#8217;olio massaggiante all&#8217;Arnica. Acquista ora e scopri il piacere di un prodotto naturale, professionale e altamente performante per il benessere muscolare e articolare.<\/p>","protected":false},"excerpt":{"rendered":"<p>Olio Massaggiante all&#8217;Arnica Sollievo Naturale per Muscoli e Articolazioni Scopri l&#8217;efficacia dell&#8217;olio massaggiante all&#8217;Arnica, formulato con Arnica montana 100% naturale, ideale per sportivi e per chi desidera un trattamento naturale&#8230;<\/p>","protected":false},"featured_media":222,"template":"","meta":[],"product_brand":[],"product_cat":[62,81],"product_tag":[],"class_list":{"0":"post-330","1":"product","2":"type-product","3":"status-publish","4":"has-post-thumbnail","6":"product_cat-cat-fisioterapia","7":"product_cat-cat-massaggio","9":"first","10":"instock","11":"shipping-taxable","12":"purchasable","13":"product-type-simple"},"_links":{"self":[{"href":"http:\/\/www.italfisio.it\/de\/wp-json\/wp\/v2\/product\/330","targetHints":{"allow":["GET"]}}],"collection":[{"href":"http:\/\/www.italfisio.it\/de\/wp-json\/wp\/v2\/product"}],"about":[{"href":"http:\/\/www.italfisio.it\/de\/wp-json\/wp\/v2\/types\/product"}],"wp:featuredmedia":[{"embeddable":true,"href":"http:\/\/www.italfisio.it\/de\/wp-json\/wp\/v2\/media\/222"}],"wp:attachment":[{"href":"http:\/\/www.italfisio.it\/de\/wp-json\/wp\/v2\/media?parent=330"}],"wp:term":[{"taxonomy":"product_brand","embeddable":true,"href":"http:\/\/www.italfisio.it\/de\/wp-json\/wp\/v2\/product_brand?post=330"},{"taxonomy":"product_cat","embeddable":true,"href":"http:\/\/www.italfisio.it\/de\/wp-json\/wp\/v2\/product_cat?post=330"},{"taxonomy":"product_tag","embeddable":true,"href":"http:\/\/www.italfisio.it\/de\/wp-json\/wp\/v2\/product_tag?post=330"}],"curies":[{"name":"wp","href":"https:\/\/api.w.org\/{rel}","templated":true}]}}