{"id":324,"date":"2025-01-29T12:39:51","date_gmt":"2025-01-29T11:39:51","guid":{"rendered":"https:\/\/italfisio.emotionmedia.it\/?post_type=product&#038;p=324"},"modified":"2025-05-19T09:36:53","modified_gmt":"2025-05-19T07:36:53","slug":"ice-gel-hot-spray-active-thermal-sensation-100ml","status":"publish","type":"product","link":"http:\/\/www.italfisio.it\/de\/produkt\/ice-gel-hot-spray-active-thermal-sensation-100ml\/","title":{"rendered":"ICE GEL HOT SPRAY- Active Thermal Sensation 100ml"},"content":{"rendered":"<h1 style=\"font-size: 35px;\">ICE GEL HOT SPRAY<\/h1>\n<h2 style=\"font-size: 25px;\">W\u00e4rmendes Gel bei Muskelkontrakturen und Schmerzen (500 ml)<\/h2>\n<p>Il nostro ICE GEL HOT SPRAY \u00e8 una soluzione ideale per sciogliere tensioni muscolari e contratture, alleviare dolori articolari e favorire il recupero muscolare. Arricchito con una potente combinazione di estratti vegetali, questo gel \u00e8 perfetto per trattamenti pre e post attivit\u00e0 fisica, ma anche per il benessere quotidiano di chi soffre di fastidi muscolari e articolari.<\/p>\n<h3 style=\"font-size: 15px;\">Hauptmerkmale<\/h3>\n<p class=\"translation-block\">W\u00e4rmendes Gel: Die spezielle Formel erzeugt eine tiefenwirksame W\u00e4rmewirkung, die zur Muskelentspannung und zur Erholung nach k\u00f6rperlicher Aktivit\u00e4t beitr\u00e4gt.\nSchnelle und langanhaltende Linderung: Ideal zur Behandlung von Verspannungen, Muskelverh\u00e4rtungen und Gelenkschmerzen. Dank der w\u00e4rmenden Wirkung bietet das Gel sofortige Linderung, die bis zu 2 Stunden anh\u00e4lt.<br>\nSchnelles Einziehen: Zieht leicht ein, ohne die Haut zu fetten und ohne R\u00fcckst\u00e4nde zu hinterlassen, sodass die Aktivit\u00e4t ohne Unterbrechung fortgesetzt werden kann.<br>\nNat\u00fcrliche Zusammensetzung: Mit nat\u00fcrlichen Inhaltsstoffen formuliert, auch f\u00fcr empfindliche Haut geeignet.<br>\nWohltuend f\u00fcr K\u00f6rper und Geist<\/p>\n<p>Il nostro Gel Caldo \u00e8 particolarmente efficace su aree critiche come collo, schiena, spalle e ginocchia, dove si concentrano maggiormente le tensioni muscolari. Grazie agli estratti vegetali, offre un sollievo immediato e un\u2019azione mirata su contratture, rigidit\u00e0 muscolare e dolori articolari. \u00c8 ideale per chi soffre di disturbi muscolari e articoli a causa di sforzi fisici intensi, posture scorrette o stress fisico e mentale.<\/p>\n<h3 style=\"font-size: 15px;\">Hauptwirkstoffe<\/h3>\n<ul>\n<li>Arnica: L&#8217;arnica \u00e8 conosciuta per le sue propriet\u00e0 antinfiammatorie e analgesiche. \u00c8 particolarmente utile in caso di ematomi, traumi e infiammazioni, poich\u00e9 aiuta a ridurre il gonfiore e il dolore.<\/li>\n<li>Artiglio del Diavolo: Con le sue propriet\u00e0 antinfiammatorie e analgesiche, \u00e8 ideale per trattare dolori muscolari e articolari legati a disturbi come artrosi e artrite.<\/li>\n<li>Boswellia: Un potente rimedio naturale per combattere reumatismi e artrite, con propriet\u00e0 antinfiammatorie e analgesiche. Aiuta a ridurre il gonfiore e il dolore nelle articolazioni.<\/li>\n<li>Zenzero: Lo zenzero ha propriet\u00e0 energizzanti e antidolorifiche. Stimola la circolazione sanguigna e allevia la tensione muscolare localizzata.<\/li>\n<li>Cannella: Con il suo effetto riscaldante, stimola la circolazione sanguigna e allevia la tensione muscolare. \u00c8 un ingrediente utile per favorire il rilassamento muscolare e ridurre il dolore.<\/li>\n<li>Ginepro: Con propriet\u00e0 tonificanti, stimola la circolazione e allevia il dolore muscolare. \u00c8 ideale per combattere la sensazione di gambe pesanti e per trattare dolori articolari e muscolari.<\/li>\n<li>Rosskastanie: Verbessert die Mikrozirkulation und reduziert Schwellungen, ideal zur Behandlung von \u00d6demen sowie Muskel- und Gelenkschmerzen.<\/li>\n<li>Rusco: Con le sue propriet\u00e0 antinfiammatorie e vasocostrittrici, aiuta a ridurre la ritenzione idrica e il gonfiore, ed \u00e8 utile anche per alleviare dolori muscolari e articolari.<\/li>\n<li>Canfora: La canfora \u00e8 un rimedio efficace contro le infiammazioni e le nevralgie. La sua azione rubefacente stimola la circolazione sanguigna e allevia il dolore muscolare.<\/li>\n<li>Cajeput: Ha un&#8217;azione lenitiva, utile per trattare infiammazioni cutanee e alleviare dolori muscolari e articolari.<\/li>\n<li>Wintergreen: Con le sue propriet\u00e0 analgesiche, il Wintergreen favorisce il rilassamento muscolare e riduce il dolore localizzato.<\/li>\n<\/ul>\n<h3 style=\"font-size: 15px;\">Anwendung<\/h3>\n<p class=\"translation-block\">Tragen Sie je nach Oberfl\u00e4che eine angemessene Menge Gel auf die zu behandelnde Stelle auf.<br>\nSanft einmassieren, bis es vollst\u00e4ndig eingezogen ist.<br>\nNur auf intakter Haut anwenden. Kontakt mit Augen und Schleimh\u00e4uten vermeiden.<br>\nNach der Anwendung gr\u00fcndlich H\u00e4nde waschen.<br>\nF\u00fcr wen ist ICE GEL HOT SPRAY geeignet?<\/p>\n<h3 style=\"font-size: 15px;\">Il nostro ICE GEL HOT SPRAY \u00e8 perfetto per:<\/h3>\n<p class=\"translation-block\">Sportler und Athleten: Zum L\u00f6sen von Muskelverspannungen und zur F\u00f6rderung der Regeneration nach k\u00f6rperlicher Aktivit\u00e4t.<br>\nBei Muskel- oder Gelenkschmerzen: Ideal zur Behandlung von Beschwerden im Zusammenhang mit Fehlhaltungen, k\u00f6rperlicher Anstrengung oder Stress.<br>\nBerufst\u00e4tige mit Muskelverspannungen: Geeignet f\u00fcr Personen, die lange Stunden in statischen Positionen verbringen oder T\u00e4tigkeiten aus\u00fcben, die Muskeln und Gelenke belasten.<\/p>\n<h3 style=\"font-size: 15px;\">Perch\u00e9 scegliere l&#8217;ICE GEL HOT SPRAY<\/h3>\n<p class=\"translation-block\">Nat\u00fcrliche Formel: Das Gel mit einer einzigartigen Kombination aus Pflanzenextrakten bietet eine effektive und sanfte K\u00f6rperbehandlung.<br>\nSofortige und langanhaltende Linderung: Die Tiefenw\u00e4rme entspannt Muskeln und Gelenke und sorgt f\u00fcr eine langanhaltende Linderung, die bis zu zwei Stunden anhalten kann.<br>\nEinfache Anwendung: Das Gel l\u00e4sst sich leicht auftragen, zieht schnell ein und hinterl\u00e4sst keine R\u00fcckst\u00e4nde auf der Haut.<br>\nSicher und sanft: Dank der nat\u00fcrlichen Formel ohne aggressive Inhaltsstoffe ist es ideal f\u00fcr alle Hauttypen, auch f\u00fcr empfindliche Haut.<\/p>\n<p>Con il ICE GEL HOT SPRAY, il sollievo da tensioni muscolari, dolori articolari e contratture \u00e8 a portata di mano. Scopri tutti i benefici di un trattamento naturale e altamente efficace, per un recupero muscolare rapido e confortevole.<\/p>","protected":false},"excerpt":{"rendered":"<p>ICE GEL HOT SPRAY Gel Riscaldante per Contratture e Dolori Muscolari (500ml) Il nostro ICE GEL HOT SPRAY \u00e8 una soluzione ideale per sciogliere tensioni muscolari e contratture, alleviare dolori&#8230;<\/p>","protected":false},"featured_media":152,"template":"","meta":[],"product_brand":[],"product_cat":[62,83],"product_tag":[],"class_list":{"0":"post-324","1":"product","2":"type-product","3":"status-publish","4":"has-post-thumbnail","6":"product_cat-cat-fisioterapia","7":"product_cat-cat-ice-gel-hot","9":"first","10":"instock","11":"shipping-taxable","12":"purchasable","13":"product-type-variable"},"_links":{"self":[{"href":"http:\/\/www.italfisio.it\/de\/wp-json\/wp\/v2\/product\/324","targetHints":{"allow":["GET"]}}],"collection":[{"href":"http:\/\/www.italfisio.it\/de\/wp-json\/wp\/v2\/product"}],"about":[{"href":"http:\/\/www.italfisio.it\/de\/wp-json\/wp\/v2\/types\/product"}],"wp:featuredmedia":[{"embeddable":true,"href":"http:\/\/www.italfisio.it\/de\/wp-json\/wp\/v2\/media\/152"}],"wp:attachment":[{"href":"http:\/\/www.italfisio.it\/de\/wp-json\/wp\/v2\/media?parent=324"}],"wp:term":[{"taxonomy":"product_brand","embeddable":true,"href":"http:\/\/www.italfisio.it\/de\/wp-json\/wp\/v2\/product_brand?post=324"},{"taxonomy":"product_cat","embeddable":true,"href":"http:\/\/www.italfisio.it\/de\/wp-json\/wp\/v2\/product_cat?post=324"},{"taxonomy":"product_tag","embeddable":true,"href":"http:\/\/www.italfisio.it\/de\/wp-json\/wp\/v2\/product_tag?post=324"}],"curies":[{"name":"wp","href":"https:\/\/api.w.org\/{rel}","templated":true}]}}