{"id":313,"date":"2025-01-28T22:54:52","date_gmt":"2025-01-28T21:54:52","guid":{"rendered":"https:\/\/italfisio.emotionmedia.it\/?post_type=product&#038;p=313"},"modified":"2025-05-21T10:53:12","modified_gmt":"2025-05-21T08:53:12","slug":"cryomax-cooling-gel","status":"publish","type":"product","link":"http:\/\/www.italfisio.it\/de\/produkt\/cryomax-cooling-gel\/","title":{"rendered":"CryoMAX Cooling Gel"},"content":{"rendered":"<div id=\"fws_69e5c6dec67c6\"  data-column-margin=\"default\" data-midnight=\"dark\"  class=\"wpb_row vc_row-fluid vc_row\"  style=\"padding-top: 0px; padding-bottom: 0px; \"><div class=\"row-bg-wrap\" data-bg-animation=\"none\" data-bg-animation-delay=\"\" data-bg-overlay=\"false\"><div class=\"inner-wrap row-bg-layer\" ><div class=\"row-bg viewport-desktop\"  style=\"\"><\/div><\/div><\/div><div class=\"row_col_wrap_12 col span_12 dark left\">\n\t<div  class=\"vc_col-sm-12 wpb_column column_container vc_column_container col no-extra-padding inherit_tablet inherit_phone\"  data-padding-pos=\"all\" data-has-bg-color=\"false\" data-bg-color=\"\" data-bg-opacity=\"1\" data-animation=\"\" data-delay=\"0\" >\n\t\t<div class=\"vc_column-inner\" >\n\t\t\t<div class=\"wpb_wrapper\">\n\t\t\t\t\n<div class=\"wpb_text_column wpb_content_element\" >\n\t<div class=\"wpb_wrapper\">\n\t\t<h1 style=\"font-size: 35px;\">CryoMAX Cooling Gel<\/h1>\n<h2 style=\"font-size: 25px;\">Das ideale K\u00e4ltegel f\u00fcr Muskelregeneration und Beinwohlbefinden<\/h2>\n<p>CryoMAX Cooling Gel \u00e8 un gel rinfrescante ad azione immediata, formulato con una combinazione di estratti vegetali e attivi naturali che favoriscono il recupero muscolare, stimolano la circolazione e donano un\u2019intensa sensazione di freschezza e leggerezza.<\/p>\n<p>Grazie alla sua azione defaticante e drenante, questo gel \u00e8 perfetto per chi pratica sport, per chi soffre di affaticamento muscolare, gambe pesanti o problemi di circolazione. La sua formula innovativa garantisce un effetto refrigerante rapido, alleviando il senso di gonfiore e affaticamento dopo sforzi intensi.<\/p>\n<h3 style=\"font-size: 15px;\">F\u00fcr wen ist CryoMAX K\u00fchlgel geeignet?<\/h3>\n<p class=\"translation-block\">Sportler und Athleten \u2192 Ideal f\u00fcr die Regeneration nach dem Training. Es hilft, die Milchs\u00e4urebildung zu reduzieren und Muskelerm\u00fcdung vorzubeugen.<br>\nMenschen mit schweren oder geschwollenen Beinen \u2192 Regt die Durchblutung an und sorgt f\u00fcr ein sofortiges Frischegef\u00fchl, perfekt f\u00fcr alle, die viel Zeit im Stehen oder Sitzen verbringen.<br>\nMenschen mit Muskel- und Gelenkschmerzen \u2192 Dank seiner entz\u00fcndungshemmenden und schmerzstillenden Eigenschaften hilft es, die Muskeln zu entspannen und Schmerzen zu lindern.<br>\nMenschen, die ein erfrischendes Produkt f\u00fcr den Sommer suchen \u2192 Hervorragend geeignet, um die Haut zu erfrischen und das Hitzegef\u00fchl zu lindern, perfekt nach einem langen Tag in der Sonne.<br>\nNat\u00fcrliche Formel f\u00fcr sofortiges Wohlbefinden<\/p>\n<p>CryoMAX Cooling Gel \u00e8 ricco di ingredienti attivi di origine naturale, selezionati per le loro propriet\u00e0 rinfrescanti, tonificanti e drenanti.<\/p>\n<h3 style=\"font-size: 15px;\">Hauptbestandteile und Vorteile:<\/h3>\n<ul>\n<li>Edera \u2013 Propriet\u00e0 vasocostrittrici e astringenti, aiuta a ridurre il gonfiore, migliorare la circolazione e contrastare la cellulite.<\/li>\n<li>Ippocastano \u2013 Migliora il tono venoso e favorisce la microcircolazione, riducendo il gonfiore e alleviando edemi ed ematomi.<\/li>\n<li>Rusco \u2013 Azione vasoprotettiva e antinfiammatoria, perfetto per chi soffre di ritenzione idrica e gambe pesanti.<\/li>\n<li>Centella Asiatica \u2013 Effetto lenitivo e cicatrizzante, migliora l\u2019elasticit\u00e0 della pelle e stimola la produzione di collagene.<\/li>\n<li>Eucalipto \u2013 Potente antinfiammatorio e rinfrescante, dona sollievo immediato e lascia una sensazione di freschezza prolungata.<\/li>\n<li>Canfora \u2013 Stimola la circolazione e ha un effetto analgesico naturale, ideale per alleviare infiammazioni e tensioni muscolari.<\/li>\n<li>Menta Piperita \u2013 Genera un effetto rinfrescante immediato, migliora la circolazione e aiuta a ridurre gonfiore e affaticamento.<\/li>\n<li>Cajeput \u2013 Propriet\u00e0 lenitive e antinfiammatorie, perfetto per calmare irritazioni cutanee e ridurre arrossamenti.<\/li>\n<li class=\"translation-block\">Wintergr\u00fcn \u2013 Schmerzstillend und entspannend, f\u00f6rdert die Muskelregeneration und lindert Schmerzen.\nSofortiger und langanhaltender K\u00fchleffekt.<\/li>\n<\/ul>\n<p>Grazie alla sua formula avanzata, CryoMAX Cooling Gel agisce in pochi secondi dall\u2019applicazione, generando un\u2019intensa sensazione di freschezza che persiste a lungo. Il gel viene assorbito rapidamente, lasciando la pelle morbida e tonica, senza ungere o appiccicare.<\/p>\n<h3 style=\"font-size: 15px;\">Wie wird CryoMAX K\u00fchlgel verwendet?<\/h3>\n<p>L\u2019applicazione del gel \u00e8 semplice e veloce:<\/p>\n<p class=\"translation-block\">Tragen Sie eine kleine Menge auf die betroffene Stelle auf.<br>\nMit kreisenden Bewegungen sanft einmassieren, bis es vollst\u00e4ndig eingezogen ist.<br>\nGenie\u00dfen Sie das Gef\u00fchl von Frische und sofortiger Linderung.<\/p>\n<p>CryoMAX Cooling Gel pu\u00f2 essere utilizzato pi\u00f9 volte al giorno, in base alle necessit\u00e0. Non applicare su pelle lesa, occhi o mucose.<\/p>\n<h3 style=\"font-size: 15px;\">Wann sollte es verwendet werden?<\/h3>\n<p class=\"translation-block\">Nach dem Training oder intensiver k\u00f6rperlicher Bet\u00e4tigung, um M\u00fcdigkeit zu lindern und die Muskelregeneration anzuregen.<br>\nNach einem anstrengenden Tag, um schwere und geschwollene Beine zu lindern.<br>\nIn den w\u00e4rmeren Monaten f\u00fcr einen sofortigen K\u00fchleffekt.<br>\nAls t\u00e4gliche Behandlung zur Verbesserung der Durchblutung und zur Bek\u00e4mpfung von Fl\u00fcssigkeitsansammlungen.<\/p>\n<h3 style=\"font-size: 15px;\">F\u00fcr wen ist CryoMAX K\u00fchlgel geeignet?<\/h3>\n<p class=\"translation-block\">\u2714 Nat\u00fcrliche Formel, reich an Pflanzenextrakten mit m\u00fcdigkeitshemmenden und entw\u00e4ssernden Eigenschaften.<br>\n\u2714 Sofortiger Erfrischungseffekt f\u00fcr schnelle und langanhaltende Linderung.<br>\n\u2714 Ideal f\u00fcr die Muskelregeneration und das Wohlbefinden der Beine.<br>\n\u2714 Nicht fettend, hinterl\u00e4sst keine Flecken und zieht schnell ein.<br>\n\u2714 Perfekt f\u00fcr Sportler, Menschen mit schweren Beinen oder Durchblutungsst\u00f6rungen.<\/p>\n<p>Kaufen Sie jetzt CryoMAX Cooling Gel f\u00fcr sofortige und langanhaltende Linderung!<\/p>\n<p>Se cerchi un prodotto in grado di donarti freschezza immediata, stimolare la circolazione e ridurre la stanchezza muscolare, CryoMAX Cooling Gel \u00e8 la scelta perfetta.<\/p>\n<p>Bestellen Sie jetzt und entdecken Sie die Freude an leichten Beinen und entspannten Muskeln zu jeder Tageszeit!<\/p>\n\t<\/div>\n<\/div>\n\n\n\n\n\t\t\t<\/div> \n\t\t<\/div>\n\t<\/div> \n<\/div><\/div>","protected":false},"excerpt":{"rendered":"CryoMAX Cooling Gel Il gel freddo ideale per il recupero muscolare e il benessere delle gambe CryoMAX Cooling Gel \u00e8 un gel rinfrescante ad azione immediata, formulato con una combinazione...","protected":false},"featured_media":132,"template":"","meta":[],"product_brand":[],"product_cat":[63],"product_tag":[],"class_list":{"0":"post-313","1":"product","2":"type-product","3":"status-publish","4":"has-post-thumbnail","6":"product_cat-cat-sport","8":"first","9":"instock","10":"shipping-taxable","11":"purchasable","12":"product-type-simple"},"_links":{"self":[{"href":"http:\/\/www.italfisio.it\/de\/wp-json\/wp\/v2\/product\/313","targetHints":{"allow":["GET"]}}],"collection":[{"href":"http:\/\/www.italfisio.it\/de\/wp-json\/wp\/v2\/product"}],"about":[{"href":"http:\/\/www.italfisio.it\/de\/wp-json\/wp\/v2\/types\/product"}],"wp:featuredmedia":[{"embeddable":true,"href":"http:\/\/www.italfisio.it\/de\/wp-json\/wp\/v2\/media\/132"}],"wp:attachment":[{"href":"http:\/\/www.italfisio.it\/de\/wp-json\/wp\/v2\/media?parent=313"}],"wp:term":[{"taxonomy":"product_brand","embeddable":true,"href":"http:\/\/www.italfisio.it\/de\/wp-json\/wp\/v2\/product_brand?post=313"},{"taxonomy":"product_cat","embeddable":true,"href":"http:\/\/www.italfisio.it\/de\/wp-json\/wp\/v2\/product_cat?post=313"},{"taxonomy":"product_tag","embeddable":true,"href":"http:\/\/www.italfisio.it\/de\/wp-json\/wp\/v2\/product_tag?post=313"}],"curies":[{"name":"wp","href":"https:\/\/api.w.org\/{rel}","templated":true}]}}