{"id":7173,"date":"2025-03-13T14:18:45","date_gmt":"2025-03-13T13:18:45","guid":{"rendered":"https:\/\/www.italfisio.it\/?page_id=7173"},"modified":"2025-09-22T07:50:44","modified_gmt":"2025-09-22T05:50:44","slug":"massageole","status":"publish","type":"page","link":"http:\/\/www.italfisio.it\/de\/physiotherapie\/massageole\/","title":{"rendered":"Massage\u00f6le"},"content":{"rendered":"<div id=\"fws_69e581b262196\"  data-column-margin=\"default\" data-midnight=\"light\"  class=\"wpb_row vc_row-fluid vc_row full-width-section vc_row-o-full-height vc_row-o-columns-middle vc_row-o-equal-height vc_row-flex\"  style=\"padding-top: 0px; padding-bottom: 0px; \"><div class=\"row-bg-wrap\" data-bg-animation=\"none\" data-bg-animation-delay=\"\" data-bg-overlay=\"true\"><div class=\"inner-wrap row-bg-layer using-image\" ><div class=\"row-bg viewport-desktop using-image\"  style=\"background-image: url(https:\/\/www.italfisio.it\/wp-content\/uploads\/2025\/03\/august-28-2019-cyclists-travel-along-a-dirt-road-2024-09-12-11-03-29-utc-1-scaled.jpg); background-position: center top; background-repeat: no-repeat; \"><\/div><\/div><div class=\"row-bg-overlay row-bg-layer\" style=\"background: #64ccc9; background: linear-gradient(to bottom,#64ccc9 0%,#64ccc9 100%);  opacity: 0.8; \"><\/div><\/div><div class=\"row_col_wrap_12 col span_12 light left\">\n\t<div  class=\"vc_col-sm-3 wpb_column column_container vc_column_container col no-extra-padding inherit_tablet inherit_phone\"  data-padding-pos=\"all\" data-has-bg-color=\"false\" data-bg-color=\"\" data-bg-opacity=\"1\" data-animation=\"\" data-delay=\"0\" >\n\t\t<div class=\"vc_column-inner\" >\n\t\t\t<div class=\"wpb_wrapper\">\n\t\t\t\t\n\t\t\t<\/div> \n\t\t<\/div>\n\t<\/div> \n\n\t<div  class=\"vc_col-sm-6 wpb_column column_container vc_column_container col centered-text no-extra-padding inherit_tablet inherit_phone\"  data-padding-pos=\"all\" data-has-bg-color=\"false\" data-bg-color=\"\" data-bg-opacity=\"1\" data-animation=\"\" data-delay=\"0\" >\n\t\t<div class=\"vc_column-inner\" >\n\t\t\t<div class=\"wpb_wrapper\">\n\t\t\t\t<div id=\"fws_69e581b2628f1\" data-midnight=\"\" data-column-margin=\"default\" class=\"wpb_row vc_row-fluid vc_row inner_row\"  style=\"\"><div class=\"row-bg-wrap\"> <div class=\"row-bg\" ><\/div> <\/div><div class=\"row_col_wrap_12_inner col span_12  left\">\n\t<div  class=\"vc_col-sm-12 wpb_column column_container vc_column_container col child_column has-animation no-extra-padding inherit_tablet inherit_phone\"   data-padding-pos=\"all\" data-has-bg-color=\"false\" data-bg-color=\"\" data-bg-opacity=\"1\" data-animation=\"fade-in-from-bottom\" data-delay=\"0\" >\n\t\t<div class=\"vc_column-inner\" >\n\t\t<div class=\"wpb_wrapper\">\n\t\t\t<h4 style=\"font-size: 20px;color: #ffffff;line-height: 26px;text-align: center\" class=\"vc_custom_heading vc_do_custom_heading vc_custom_1740645075211\" >Italfisio - Produkte<\/h4>\n\t\t<\/div> \n\t<\/div>\n\t<\/div> \n<\/div><\/div><div id=\"fws_69e581b262f9f\" data-midnight=\"\" data-column-margin=\"default\" class=\"wpb_row vc_row-fluid vc_row inner_row\"  style=\"\"><div class=\"row-bg-wrap\"> <div class=\"row-bg\" ><\/div> <\/div><div class=\"row_col_wrap_12_inner col span_12  left\">\n\t<div  class=\"vc_col-sm-12 wpb_column column_container vc_column_container col child_column has-animation no-extra-padding inherit_tablet inherit_phone\"   data-padding-pos=\"all\" data-has-bg-color=\"false\" data-bg-color=\"\" data-bg-opacity=\"1\" data-animation=\"fade-in-from-bottom\" data-delay=\"100\" >\n\t\t<div class=\"vc_column-inner\" >\n\t\t<div class=\"wpb_wrapper\">\n\t\t\t<h1 style=\"font-size: 65px;color: #ffffff;line-height: 75px;text-align: center\" class=\"vc_custom_heading vc_do_custom_heading vc_custom_1754905732330\" >Massage\u00f6le<\/h1>\n\t\t<\/div> \n\t<\/div>\n\t<\/div> \n<\/div><\/div><div id=\"fws_69e581b2633e4\" data-midnight=\"\" data-column-margin=\"default\" class=\"wpb_row vc_row-fluid vc_row inner_row\"  style=\"\"><div class=\"row-bg-wrap\"> <div class=\"row-bg\" ><\/div> <\/div><div class=\"row_col_wrap_12_inner col span_12  left\">\n\t<div  class=\"vc_col-sm-12 wpb_column column_container vc_column_container col child_column has-animation no-extra-padding inherit_tablet inherit_phone\"   data-padding-pos=\"all\" data-has-bg-color=\"false\" data-bg-color=\"\" data-bg-opacity=\"1\" data-animation=\"fade-in-from-bottom\" data-delay=\"200\" >\n\t\t<div class=\"vc_column-inner\" >\n\t\t<div class=\"wpb_wrapper\">\n\t\t\t<h2 style=\"font-size: 35px;color: rgba(255,255,255,0.74);line-height: 35px;text-align: center\" class=\"vc_custom_heading vc_do_custom_heading vc_custom_1741869829818\" >Das Geheimnis einer perfekten Massage<\/h2>\n\t\t<\/div> \n\t<\/div>\n\t<\/div> \n<\/div><\/div>\n\t\t\t<\/div> \n\t\t<\/div>\n\t<\/div> \n\n\t<div  class=\"vc_col-sm-3 wpb_column column_container vc_column_container col no-extra-padding inherit_tablet inherit_phone\"  data-padding-pos=\"all\" data-has-bg-color=\"false\" data-bg-color=\"\" data-bg-opacity=\"1\" data-animation=\"\" data-delay=\"0\" >\n\t\t<div class=\"vc_column-inner\" >\n\t\t\t<div class=\"wpb_wrapper\">\n\t\t\t\t\n\t\t\t<\/div> \n\t\t<\/div>\n\t<\/div> \n<\/div><\/div>\n\t\t<div id=\"fws_69e581b263b2d\"  data-column-margin=\"default\" data-midnight=\"dark\"  class=\"wpb_row vc_row-fluid vc_row full-width-content vc_row-o-equal-height vc_row-flex vc_row-o-content-middle\"  style=\"padding-top: 0px; padding-bottom: 0px; \"><div class=\"row-bg-wrap\" data-bg-animation=\"none\" data-bg-animation-delay=\"\" data-bg-overlay=\"false\"><div class=\"inner-wrap row-bg-layer\" ><div class=\"row-bg viewport-desktop\"  style=\"\"><\/div><\/div><\/div><div class=\"row_col_wrap_12 col span_12 dark left\">\n\t<div style=\" color: #ffffff;\" class=\"vc_col-sm-8 wpb_column column_container vc_column_container col centered-text padding-6-percent inherit_tablet inherit_phone\" data-cfc=\"true\" data-using-bg=\"true\" data-bg-cover=\"true\" data-padding-pos=\"all\" data-has-bg-color=\"true\" data-bg-color=\"#0a0a0a\" data-bg-opacity=\"0.6\" data-animation=\"\" data-delay=\"0\" >\n\t\t<div class=\"vc_column-inner\" ><div class=\"column-image-bg-wrap column-bg-layer viewport-desktop\" data-bg-pos=\"center center\" data-bg-animation=\"none\" data-bg-overlay=\"false\"><div class=\"inner-wrap\"><div class=\"column-image-bg\" style=\" background-image: url('https:\/\/www.italfisio.it\/wp-content\/uploads\/2025\/02\/easing-neck-pain-2023-11-27-05-36-09-utc-scaled.jpg'); \"><\/div><\/div><\/div><div class=\"column-bg-overlay-wrap column-bg-layer\" data-bg-animation=\"none\"><div class=\"column-bg-overlay\" style=\"opacity: 0.6; background-color: #0a0a0a;\"><\/div><\/div>\n\t\t\t<div class=\"wpb_wrapper\">\n\t\t\t\t<h2 style=\"color: #ffffff;text-align: center\" class=\"vc_custom_heading vc_do_custom_heading\" >Kaufen Sie unsere Produkte<\/h2><div class=\"divider-wrap\" data-alignment=\"default\"><div style=\"height: 40px;\" class=\"divider\"><\/div><\/div><div class=\"nectar-cta  alignment_tablet_default alignment_phone_default display_tablet_inherit display_phone_inherit\" data-color=\"default\" data-using-bg=\"false\" data-display=\"block\" data-style=\"underline\" data-alignment=\"center\" data-text-color=\"custom\" ><h5 style=\"color: #ffffff;\"> <span class=\"link_wrap\" ><a  class=\"link_text\" style=\"border-color: #ffffff;\" role=\"button\" href=\"\/de\/ital-shop\/\">Entdecken Sie unseren Shop<\/a><\/span><\/h5><\/div>\n\t\t\t<\/div> \n\t\t<\/div>\n\t<\/div> \n\n\t<div  class=\"vc_col-sm-4 wpb_column column_container vc_column_container col centered-text padding-3-percent inherit_tablet inherit_phone\"  data-padding-pos=\"all\" data-has-bg-color=\"false\" data-bg-color=\"\" data-bg-opacity=\"1\" data-animation=\"\" data-delay=\"0\" >\n\t\t<div class=\"vc_column-inner\" >\n\t\t\t<div class=\"wpb_wrapper\">\n\t\t\t\t\n<div class=\"wpb_text_column wpb_content_element  vc_custom_1741870066801\" >\n\t<div class=\"wpb_wrapper\">\n\t\t<h2>Massage Oil<\/h2>\n\t<\/div>\n<\/div>\n\n\n\n\n<div class=\"wpb_text_column wpb_content_element  vc_custom_1741870115839\" >\n\t<div class=\"wpb_wrapper\">\n\t\t<p>Arnica Montana<\/p>\n\t<\/div>\n<\/div>\n\n\n\n<div id=\"fws_69e581b264795\" data-midnight=\"\" data-column-margin=\"default\" class=\"wpb_row vc_row-fluid vc_row inner_row\"  style=\"\"><div class=\"row-bg-wrap\"> <div class=\"row-bg\" ><\/div> <\/div><div class=\"row_col_wrap_12_inner col span_12  left\">\n\t<div  class=\"vc_col-sm-12 wpb_column column_container vc_column_container col child_column no-extra-padding inherit_tablet inherit_phone\"   data-padding-pos=\"left-right\" data-has-bg-color=\"false\" data-bg-color=\"\" data-bg-opacity=\"1\" data-animation=\"\" data-delay=\"0\" >\n\t\t<div class=\"vc_column-inner\" >\n\t\t<div class=\"wpb_wrapper\">\n\t\t\t<div class=\"img-with-aniamtion-wrap center\" data-max-width=\"75%\" data-max-width-mobile=\"default\" data-border-radius=\"10px\" data-shadow=\"small_depth\" data-animation=\"none\"  style=\"margin-bottom: 40px; \">\n      <div class=\"inner\">\n        <div class=\"hover-wrap\"> \n          <div class=\"hover-wrap-inner\">\n            <a href=\"https:\/\/www.italfisio.it\/wp-content\/uploads\/2025\/01\/MASSAGE-OIL-Arnica-Montana.jpg\" class=\"pp center\">\n              <img loading=\"lazy\" decoding=\"async\" class=\"img-with-animation skip-lazy\" data-delay=\"0\" height=\"600\" width=\"600\" data-animation=\"none\" src=\"https:\/\/www.italfisio.it\/wp-content\/uploads\/2025\/01\/MASSAGE-OIL-Arnica-Montana.jpg\" alt=\"MASSAGE OIL Arnica Montana\" srcset=\"https:\/\/www.italfisio.it\/wp-content\/uploads\/2025\/01\/MASSAGE-OIL-Arnica-Montana.jpg 600w, https:\/\/www.italfisio.it\/wp-content\/uploads\/2025\/01\/MASSAGE-OIL-Arnica-Montana-300x300.jpg 300w, https:\/\/www.italfisio.it\/wp-content\/uploads\/2025\/01\/MASSAGE-OIL-Arnica-Montana-150x150.jpg 150w, https:\/\/www.italfisio.it\/wp-content\/uploads\/2025\/01\/MASSAGE-OIL-Arnica-Montana-140x140.jpg 140w, https:\/\/www.italfisio.it\/wp-content\/uploads\/2025\/01\/MASSAGE-OIL-Arnica-Montana-100x100.jpg 100w, https:\/\/www.italfisio.it\/wp-content\/uploads\/2025\/01\/MASSAGE-OIL-Arnica-Montana-500x500.jpg 500w, https:\/\/www.italfisio.it\/wp-content\/uploads\/2025\/01\/MASSAGE-OIL-Arnica-Montana-350x350.jpg 350w\" sizes=\"auto, (max-width: 600px) 100vw, 600px\" title=\"\">\n            <\/a>\n          <\/div>\n        <\/div>\n      <\/div>\n      <\/div>\n\t\t<\/div> \n\t<\/div>\n\t<\/div> \n<\/div><\/div><p class=\"product woocommerce add_to_cart_inline\" style=\"border:4px solid #ccc; padding: 12px;\"><span class=\"woocommerce-Price-amount amount\"><bdi>36,00&nbsp;<span class=\"woocommerce-Price-currencySymbol\">&euro;<\/span><\/bdi><\/span><a href=\"\/de\/wp-json\/wp\/v2\/pages\/7173?add-to-cart=330\" aria-describedby=\"woocommerce_loop_add_to_cart_link_describedby_330\" data-quantity=\"1\" class=\"button product_type_simple add_to_cart_button ajax_add_to_cart\" data-product_id=\"330\" data-product_sku=\"\" aria-label=\"In den Warenkorb legen: \u201eMASSAGE OIL Arnica Montana\u201c\" rel=\"nofollow\" data-success_message=\"\u201eMASSAGE OIL Arnica Montana\u201c wurde deinem Warenkorb hinzugef\u00fcgt\" role=\"button\" data-no-translation-aria-label=\"\" data-no-translation-data-success_message=\"\"><i class=\"normal icon-salient-cart\"><\/i><span data-no-translation=\"\" data-trp-gettext=\"\">In den Warenkorb<\/span><\/a>\t<span id=\"woocommerce_loop_add_to_cart_link_describedby_330\" class=\"screen-reader-text\">\n\t\t\t<\/span>\n<\/p>\n\t\t\t<\/div> \n\t\t<\/div>\n\t<\/div> \n<\/div><\/div>\n\t\t<div id=\"fws_69e581b266649\"  data-column-margin=\"default\" data-midnight=\"dark\" data-top-percent=\"5%\"  class=\"wpb_row vc_row-fluid vc_row full-width-section\"  style=\"padding-top: calc(100vw * 0.05); padding-bottom: 0px; \"><div class=\"row-bg-wrap\" data-bg-animation=\"none\" data-bg-animation-delay=\"\" data-bg-overlay=\"false\"><div class=\"inner-wrap row-bg-layer\" ><div class=\"row-bg viewport-desktop using-bg-color\"  style=\"background-color: #f9f9f9; \"><\/div><\/div><\/div><div class=\"row_col_wrap_12 col span_12 dark left\">\n\t<div  class=\"vc_col-sm-12 wpb_column column_container vc_column_container col padding-1-percent inherit_tablet inherit_phone\"  data-padding-pos=\"all\" data-has-bg-color=\"false\" data-bg-color=\"\" data-bg-opacity=\"1\" data-animation=\"\" data-delay=\"0\" >\n\t\t<div class=\"vc_column-inner\" >\n\t\t\t<div class=\"wpb_wrapper\">\n\t\t\t\t\n<div class=\"wpb_text_column wpb_content_element\" >\n\t<div class=\"wpb_wrapper\">\n\t\t<h1>Massage\u00f6le<\/h1>\n\t<\/div>\n<\/div>\n\n\n\n\n<div class=\"wpb_text_column wpb_content_element\" >\n\t<div class=\"wpb_wrapper\">\n\t\t<h2>Das Geheimnis einer perfekten Massage<\/h2>\n\t<\/div>\n<\/div>\n\n\n\n\n\t\t\t<\/div> \n\t\t<\/div>\n\t<\/div> \n<\/div><\/div>\n\t\t<div id=\"fws_69e581b266b6d\"  data-column-margin=\"default\" data-midnight=\"dark\" data-bottom-percent=\"2%\"  class=\"wpb_row vc_row-fluid vc_row full-width-section\"  style=\"padding-top: 0px; padding-bottom: calc(100vw * 0.02); \"><div class=\"row-bg-wrap\" data-bg-animation=\"none\" data-bg-animation-delay=\"\" data-bg-overlay=\"false\"><div class=\"inner-wrap row-bg-layer\" ><div class=\"row-bg viewport-desktop using-bg-color\"  style=\"background-color: #f9f9f9; \"><\/div><\/div><\/div><div class=\"row_col_wrap_12 col span_12 dark left\">\n\t<div  class=\"vc_col-sm-12 wpb_column column_container vc_column_container col padding-1-percent inherit_tablet inherit_phone\"  data-padding-pos=\"all\" data-has-bg-color=\"false\" data-bg-color=\"\" data-bg-opacity=\"1\" data-animation=\"\" data-delay=\"0\" >\n\t\t<div class=\"vc_column-inner\" >\n\t\t\t<div class=\"wpb_wrapper\">\n\t\t\t\t\n<div class=\"wpb_text_column wpb_content_element\" >\n\t<div class=\"wpb_wrapper\">\n\t\t<p class=\"translation-block\"><strong>Massage\u00f6le<\/strong> sind unverzichtbar f\u00fcr alle, die eine entspannende, wohltuende oder belebende Massage geben oder empfangen m\u00f6chten. Sorgf\u00e4ltig ausgew\u00e4hlte \u00d6le verst\u00e4rken nicht nur das Sinneserlebnis, sondern bieten auch zahlreiche Vorteile f\u00fcr Haut und Muskeln. Ob Massageprofi oder Wellness-Enthusiast \u2013 das richtige Produkt kann den entscheidenden Unterschied f\u00fcr das Ergebnis der Behandlung ausmachen.<\/p>\n\t<\/div>\n<\/div>\n\n\n\n\n\t\t\t<\/div> \n\t\t<\/div>\n\t<\/div> \n<\/div><\/div>\n\t\t<div id=\"fws_69e581b26700e\"  data-column-margin=\"default\" data-midnight=\"dark\"  class=\"wpb_row vc_row-fluid vc_row full-width-content vc_row-o-equal-height vc_row-flex vc_row-o-content-middle\"  style=\"padding-top: 0px; padding-bottom: 0px; \"><div class=\"row-bg-wrap\" data-bg-animation=\"none\" data-bg-animation-delay=\"\" data-bg-overlay=\"false\"><div class=\"inner-wrap row-bg-layer\" ><div class=\"row-bg viewport-desktop\"  style=\"\"><\/div><\/div><\/div><div class=\"row_col_wrap_12 col span_12 dark left\">\n\t<div  class=\"vc_col-sm-6 wpb_column column_container vc_column_container col padding-10-percent inherit_tablet inherit_phone\"  data-padding-pos=\"all\" data-has-bg-color=\"false\" data-bg-color=\"\" data-bg-opacity=\"1\" data-animation=\"\" data-delay=\"0\" >\n\t\t<div class=\"vc_column-inner\" >\n\t\t\t<div class=\"wpb_wrapper\">\n\t\t\t\t<div class=\"nectar-responsive-text nectar-link-underline-effect\" style=\"color: #64ccc9;\" data-inherit-heading-family=\"h2\"><h2>Vorteile f\u00fcr Branchenprofis<\/h2>\n<\/div><div id=\"fws_69e581b2673e3\" data-midnight=\"\" data-column-margin=\"default\" class=\"wpb_row vc_row-fluid vc_row inner_row\"  style=\"\"><div class=\"row-bg-wrap\"> <div class=\"row-bg\" ><\/div> <\/div><div class=\"row_col_wrap_12_inner col span_12  left\">\n\t<div  class=\"vc_col-sm-12 wpb_column column_container vc_column_container col child_column has-animation no-extra-padding inherit_tablet inherit_phone\"   data-padding-pos=\"all\" data-has-bg-color=\"false\" data-bg-color=\"\" data-bg-opacity=\"1\" data-animation=\"fade-in-from-bottom\" data-delay=\"0\" >\n\t\t<div class=\"vc_column-inner\" >\n\t\t<div class=\"wpb_wrapper\">\n\t\t\t\n<div class=\"wpb_text_column wpb_content_element\" >\n\t<div class=\"wpb_wrapper\">\n\t\t<p data-pm-slice=\"1 3 &#091;&#093;\">Per massaggiatori, fisioterapisti ed estetisti, l\u2019olio da massaggio \u00e8 uno strumento fondamentale. Ecco alcuni dei principali vantaggi nell\u2019utilizzo di oli di qualit\u00e0 durante i trattamenti:<\/p>\n<ul>\n<li style=\"list-style-type: none;\">\n<ul data-spread=\"false\">\n<li class=\"translation-block\"><strong>Verbessert das Gleiten Ihrer H\u00e4nde<\/strong>: Ein gutes Massage\u00f6l reduziert die Reibung auf der Haut und erm\u00f6glicht so sanfte, kontinuierliche Bewegungen, die f\u00fcr eine effektive Massage unerl\u00e4sslich sind.<\/li>\n<li class=\"translation-block\"><strong>Therapeutische und entspannende Wirkung<\/strong>: Einige \u00d6le sind mit nat\u00fcrlichen Inhaltsstoffen wie Arnika, Lavendel oder Rosmarin angereichert, die zur Muskelentspannung, Entz\u00fcndungshemmung und Spannungsabbau beitragen.<\/li>\n<li class=\"translation-block\"><strong>Pflege und Feuchtigkeitsversorgung der Haut<\/strong>: Hochwertige \u00d6le enthalten Vitamine und essentielle Fetts\u00e4uren, die dazu beitragen, die Haut weich und hydratisiert zu halten und Reizungen oder Trockenheit vorzubeugen.<\/li>\n<li class=\"translation-block\"><strong>\u00dcberragendes Sinneserlebnis<\/strong>: Die in den \u00d6len enthaltenen Essenzen und D\u00fcfte k\u00f6nnen die Sinne stimulieren und beim Kunden eine Atmosph\u00e4re des absoluten Wohlbefindens schaffen.<\/li>\n<li class=\"translation-block\"><strong>Personalisierung der Behandlung<\/strong>: Dank der gro\u00dfen Auswahl an verf\u00fcgbaren \u00d6len (entspannend, entw\u00e4ssernd, tonisierend, w\u00e4rmend) ist es m\u00f6glich, das am besten geeignete Produkt basierend auf den spezifischen Bed\u00fcrfnissen des Kunden auszuw\u00e4hlen.<\/li>\n<\/ul>\n<\/li>\n<\/ul>\n\t<\/div>\n<\/div>\n\n\n\n\n\t\t<\/div> \n\t<\/div>\n\t<\/div> \n<\/div><\/div>\n\t\t\t<\/div> \n\t\t<\/div>\n\t<\/div> \n\n\t<div style=\"\" class=\"vc_col-sm-6 wpb_column column_container vc_column_container col has-animation no-extra-padding inherit_tablet inherit_phone\" data-using-bg=\"true\" data-padding-pos=\"all\" data-has-bg-color=\"true\" data-bg-color=\"rgba(100,204,201,0.5)\" data-bg-opacity=\"1\" data-animation=\"reveal-from-bottom\" data-delay=\"0\" >\n\t\t<div class=\"vc_column-inner\" ><div class=\"column-bg-overlay-wrap column-bg-layer\" data-bg-animation=\"none\"><div class=\"column-bg-overlay\" style=\"opacity: 1; background-color: rgba(100,204,201,0.5);\"><\/div><\/div>\n\t\t\t<div class=\"wpb_wrapper\">\n\t\t\t\t<div class=\"img-with-aniamtion-wrap center\" data-max-width=\"100%\" data-max-width-mobile=\"default\" data-shadow=\"none\" data-animation=\"none\" >\n      <div class=\"inner\">\n        <div class=\"hover-wrap\"> \n          <div class=\"hover-wrap-inner\">\n            <img loading=\"lazy\" decoding=\"async\" class=\"img-with-animation skip-lazy\" data-delay=\"0\" height=\"500\" width=\"500\" data-animation=\"none\" src=\"https:\/\/www.italfisio.it\/wp-content\/uploads\/2025\/03\/MASSAGE-OIL-Arnica-Montana-removebg-preview.png\" alt=\"MASSAGE-OIL-Arnica-Montana\" srcset=\"https:\/\/www.italfisio.it\/wp-content\/uploads\/2025\/03\/MASSAGE-OIL-Arnica-Montana-removebg-preview.png 500w, https:\/\/www.italfisio.it\/wp-content\/uploads\/2025\/03\/MASSAGE-OIL-Arnica-Montana-removebg-preview-300x300.png 300w, https:\/\/www.italfisio.it\/wp-content\/uploads\/2025\/03\/MASSAGE-OIL-Arnica-Montana-removebg-preview-150x150.png 150w, https:\/\/www.italfisio.it\/wp-content\/uploads\/2025\/03\/MASSAGE-OIL-Arnica-Montana-removebg-preview-140x140.png 140w, https:\/\/www.italfisio.it\/wp-content\/uploads\/2025\/03\/MASSAGE-OIL-Arnica-Montana-removebg-preview-100x100.png 100w, https:\/\/www.italfisio.it\/wp-content\/uploads\/2025\/03\/MASSAGE-OIL-Arnica-Montana-removebg-preview-350x350.png 350w\" sizes=\"auto, (max-width: 500px) 100vw, 500px\" title=\"\">\n          <\/div>\n        <\/div>\n      <\/div>\n    <\/div>\n\t\t\t<\/div> \n\t\t<\/div>\n\t<\/div> \n<\/div><\/div>\n\t\t<div id=\"fws_69e581b267f5d\"  data-column-margin=\"default\" data-midnight=\"dark\"  class=\"wpb_row vc_row-fluid vc_row full-width-content vc_row-o-equal-height vc_row-flex vc_row-o-content-middle  reverse_columns_column_phone\"  style=\"padding-top: 0px; padding-bottom: 0px; \"><div class=\"row-bg-wrap\" data-bg-animation=\"none\" data-bg-animation-delay=\"\" data-bg-overlay=\"false\"><div class=\"inner-wrap row-bg-layer\" ><div class=\"row-bg viewport-desktop\"  style=\"\"><\/div><\/div><\/div><div class=\"row_col_wrap_12 col span_12 dark left\">\n\t<div style=\"\" class=\"vc_col-sm-6 wpb_column column_container vc_column_container col has-animation no-extra-padding inherit_tablet inherit_phone\" data-using-bg=\"true\" data-padding-pos=\"all\" data-has-bg-color=\"true\" data-bg-color=\"rgba(100,204,201,0.5)\" data-bg-opacity=\"1\" data-animation=\"reveal-from-bottom\" data-delay=\"0\" >\n\t\t<div class=\"vc_column-inner\" ><div class=\"column-bg-overlay-wrap column-bg-layer\" data-bg-animation=\"none\"><div class=\"column-bg-overlay\" style=\"opacity: 1; background-color: rgba(100,204,201,0.5);\"><\/div><\/div>\n\t\t\t<div class=\"wpb_wrapper\">\n\t\t\t\t<div class=\"img-with-aniamtion-wrap center\" data-max-width=\"100%\" data-max-width-mobile=\"default\" data-shadow=\"none\" data-animation=\"none\" >\n      <div class=\"inner\">\n        <div class=\"hover-wrap\"> \n          <div class=\"hover-wrap-inner\">\n            <img loading=\"lazy\" decoding=\"async\" class=\"img-with-animation skip-lazy\" data-delay=\"0\" height=\"500\" width=\"500\" data-animation=\"none\" src=\"https:\/\/www.italfisio.it\/wp-content\/uploads\/2025\/03\/MASSAGE-OIL-Arnica-Montana-removebg-preview.png\" alt=\"MASSAGE-OIL-Arnica-Montana\" srcset=\"https:\/\/www.italfisio.it\/wp-content\/uploads\/2025\/03\/MASSAGE-OIL-Arnica-Montana-removebg-preview.png 500w, https:\/\/www.italfisio.it\/wp-content\/uploads\/2025\/03\/MASSAGE-OIL-Arnica-Montana-removebg-preview-300x300.png 300w, https:\/\/www.italfisio.it\/wp-content\/uploads\/2025\/03\/MASSAGE-OIL-Arnica-Montana-removebg-preview-150x150.png 150w, https:\/\/www.italfisio.it\/wp-content\/uploads\/2025\/03\/MASSAGE-OIL-Arnica-Montana-removebg-preview-140x140.png 140w, https:\/\/www.italfisio.it\/wp-content\/uploads\/2025\/03\/MASSAGE-OIL-Arnica-Montana-removebg-preview-100x100.png 100w, https:\/\/www.italfisio.it\/wp-content\/uploads\/2025\/03\/MASSAGE-OIL-Arnica-Montana-removebg-preview-350x350.png 350w\" sizes=\"auto, (max-width: 500px) 100vw, 500px\" title=\"\">\n          <\/div>\n        <\/div>\n      <\/div>\n    <\/div>\n\t\t\t<\/div> \n\t\t<\/div>\n\t<\/div> \n\n\t<div  class=\"vc_col-sm-6 wpb_column column_container vc_column_container col padding-10-percent inherit_tablet inherit_phone\"  data-padding-pos=\"all\" data-has-bg-color=\"false\" data-bg-color=\"\" data-bg-opacity=\"1\" data-animation=\"\" data-delay=\"0\" >\n\t\t<div class=\"vc_column-inner\" >\n\t\t\t<div class=\"wpb_wrapper\">\n\t\t\t\t<div class=\"nectar-responsive-text nectar-link-underline-effect\" style=\"color: #64ccc9;\" data-inherit-heading-family=\"h2\"><h2>Warum sollten Sie sich f\u00fcr unsere Massage\u00f6le entscheiden?<\/h2>\n<\/div><div id=\"fws_69e581b26868d\" data-midnight=\"\" data-column-margin=\"default\" class=\"wpb_row vc_row-fluid vc_row inner_row\"  style=\"\"><div class=\"row-bg-wrap\"> <div class=\"row-bg\" ><\/div> <\/div><div class=\"row_col_wrap_12_inner col span_12  left\">\n\t<div  class=\"vc_col-sm-12 wpb_column column_container vc_column_container col child_column has-animation no-extra-padding inherit_tablet inherit_phone\"   data-padding-pos=\"all\" data-has-bg-color=\"false\" data-bg-color=\"\" data-bg-opacity=\"1\" data-animation=\"fade-in-from-bottom\" data-delay=\"0\" >\n\t\t<div class=\"vc_column-inner\" >\n\t\t<div class=\"wpb_wrapper\">\n\t\t\t\n<div class=\"wpb_text_column wpb_content_element\" >\n\t<div class=\"wpb_wrapper\">\n\t\t<p>Non tutti gli oli da massaggio sono uguali. La qualit\u00e0 degli ingredienti e la loro purezza influiscono direttamente sull\u2019efficacia del trattamento. Ecco perch\u00e9 i nostri oli massaggianti rappresentano la scelta ideale:<\/p>\n<ul>\n<li>Ingredienti 100% Naturali e Biologici: Utilizziamo solo oli vegetali puri, privi di sostanze chimiche nocive, per garantire un prodotto sicuro e adatto anche alle pelli pi\u00f9 sensibili.<\/li>\n<li>Formule Studiate per Ogni Esigenza: Abbiamo creato diverse formulazioni per adattarsi a ogni tipo di massaggio: oli leggeri per massaggi rilassanti, oli pi\u00f9 densi per trattamenti decontratturanti, e miscele arricchite con oli essenziali per un effetto aromaterapico unico.<\/li>\n<li>Facile Assorbimento e Zero Untuosit\u00e0: I nostri oli sono formulati per essere facilmente assorbiti dalla pelle, lasciandola morbida e idratata, senza risultare eccessivamente unti o appiccicosi.<\/li>\n<li>Nat\u00fcrliche und entspannende D\u00fcfte: Die D\u00fcfte unserer \u00d6le stammen ausschlie\u00dflich aus nat\u00fcrlichen Extrakten. Wir vermeiden synthetische Duftstoffe, die zu aufdringlich oder reizend sein k\u00f6nnen.<\/li>\n<li>Testati Dermatologicamente: Ogni prodotto \u00e8 testato per garantire la massima sicurezza e tollerabilit\u00e0 cutanea, riducendo il rischio di allergie o irritazioni.<\/li>\n<li>Sostenibilit\u00e0 e Rispetto per l\u2019Ambiente: I nostri oli sono confezionati in materiali riciclabili e le materie prime sono selezionate nel rispetto dell\u2019ambiente, per un benessere che abbraccia anche la natura.<\/li>\n<\/ul>\n<p data-pm-slice=\"1 1 &#091;&#093;\">Che tu sia un professionista del massaggio o semplicemente ami prenderti cura del tuo corpo, i nostri oli massaggianti rappresentano la scelta perfetta per un\u2019esperienza di benessere completa. Scopri la nostra gamma e lasciati avvolgere dalla qualit\u00e0 e dalla purezza degli ingredienti naturali. Il tuo corpo e la tua pelle ti ringrazieranno!<\/p>\n\t<\/div>\n<\/div>\n\n\n\n\n\t\t<\/div> \n\t<\/div>\n\t<\/div> \n<\/div><\/div>\n\t\t\t<\/div> \n\t\t<\/div>\n\t<\/div> \n<\/div><\/div>","protected":false},"excerpt":{"rendered":"Italfisio - Prodotti Oli da massaggio Il Segreto di un Massaggio Perfetto Acquista i nostri prodotti Scopri il nostro shop Massage Oil Arnica Montana 36,00&nbsp;&euro;In den Warenkorb Oli da...","protected":false},"author":3,"featured_media":0,"parent":8552,"menu_order":0,"comment_status":"closed","ping_status":"closed","template":"","meta":{"footnotes":""},"class_list":["post-7173","page","type-page","status-publish"],"_links":{"self":[{"href":"http:\/\/www.italfisio.it\/de\/wp-json\/wp\/v2\/pages\/7173","targetHints":{"allow":["GET"]}}],"collection":[{"href":"http:\/\/www.italfisio.it\/de\/wp-json\/wp\/v2\/pages"}],"about":[{"href":"http:\/\/www.italfisio.it\/de\/wp-json\/wp\/v2\/types\/page"}],"author":[{"embeddable":true,"href":"http:\/\/www.italfisio.it\/de\/wp-json\/wp\/v2\/users\/3"}],"replies":[{"embeddable":true,"href":"http:\/\/www.italfisio.it\/de\/wp-json\/wp\/v2\/comments?post=7173"}],"version-history":[{"count":7,"href":"http:\/\/www.italfisio.it\/de\/wp-json\/wp\/v2\/pages\/7173\/revisions"}],"predecessor-version":[{"id":13221,"href":"http:\/\/www.italfisio.it\/de\/wp-json\/wp\/v2\/pages\/7173\/revisions\/13221"}],"up":[{"embeddable":true,"href":"http:\/\/www.italfisio.it\/de\/wp-json\/wp\/v2\/pages\/8552"}],"wp:attachment":[{"href":"http:\/\/www.italfisio.it\/de\/wp-json\/wp\/v2\/media?parent=7173"}],"curies":[{"name":"wp","href":"https:\/\/api.w.org\/{rel}","templated":true}]}}