{"id":6767,"date":"2025-03-03T22:03:31","date_gmt":"2025-03-03T21:03:31","guid":{"rendered":"https:\/\/italfisio.emotionmedia.it\/?page_id=6767"},"modified":"2025-09-25T22:11:09","modified_gmt":"2025-09-25T20:11:09","slug":"cryomax-cooling-gel","status":"publish","type":"page","link":"http:\/\/www.italfisio.it\/de\/sport\/cryomax-cooling-gel\/","title":{"rendered":"CryoMAX Cooling Gel"},"content":{"rendered":"<div id=\"fws_69e581b65f9f9\"  data-column-margin=\"default\" data-midnight=\"light\"  class=\"wpb_row vc_row-fluid vc_row full-width-section vc_row-o-full-height vc_row-o-columns-middle vc_row-o-equal-height vc_row-flex\"  style=\"padding-top: 0px; padding-bottom: 0px; \"><div class=\"row-bg-wrap\" data-bg-animation=\"none\" data-bg-animation-delay=\"\" data-bg-overlay=\"true\"><div class=\"inner-wrap row-bg-layer using-image\" ><div class=\"row-bg viewport-desktop using-image\"  style=\"background-image: url(https:\/\/www.italfisio.it\/wp-content\/uploads\/2025\/03\/august-28-2019-cyclists-travel-along-a-dirt-road-2024-09-12-11-03-29-utc-1-scaled.jpg); background-position: center top; background-repeat: no-repeat; \"><\/div><\/div><div class=\"row-bg-overlay row-bg-layer\" style=\"background: #64ccc9; background: linear-gradient(to bottom,#64ccc9 0%,#64ccc9 100%);  opacity: 0.8; \"><\/div><\/div><div class=\"row_col_wrap_12 col span_12 light left\">\n\t<div  class=\"vc_col-sm-3 wpb_column column_container vc_column_container col no-extra-padding inherit_tablet inherit_phone\"  data-padding-pos=\"all\" data-has-bg-color=\"false\" data-bg-color=\"\" data-bg-opacity=\"1\" data-animation=\"\" data-delay=\"0\" >\n\t\t<div class=\"vc_column-inner\" >\n\t\t\t<div class=\"wpb_wrapper\">\n\t\t\t\t\n\t\t\t<\/div> \n\t\t<\/div>\n\t<\/div> \n\n\t<div  class=\"vc_col-sm-6 wpb_column column_container vc_column_container col centered-text no-extra-padding inherit_tablet inherit_phone\"  data-padding-pos=\"all\" data-has-bg-color=\"false\" data-bg-color=\"\" data-bg-opacity=\"1\" data-animation=\"\" data-delay=\"0\" >\n\t\t<div class=\"vc_column-inner\" >\n\t\t\t<div class=\"wpb_wrapper\">\n\t\t\t\t<div id=\"fws_69e581b660152\" data-midnight=\"\" data-column-margin=\"default\" class=\"wpb_row vc_row-fluid vc_row inner_row\"  style=\"\"><div class=\"row-bg-wrap\"> <div class=\"row-bg\" ><\/div> <\/div><div class=\"row_col_wrap_12_inner col span_12  left\">\n\t<div  class=\"vc_col-sm-12 wpb_column column_container vc_column_container col child_column has-animation no-extra-padding inherit_tablet inherit_phone\"   data-padding-pos=\"all\" data-has-bg-color=\"false\" data-bg-color=\"\" data-bg-opacity=\"1\" data-animation=\"fade-in-from-bottom\" data-delay=\"0\" >\n\t\t<div class=\"vc_column-inner\" >\n\t\t<div class=\"wpb_wrapper\">\n\t\t\t<h4 style=\"font-size: 20px;color: #ffffff;line-height: 26px;text-align: center\" class=\"vc_custom_heading vc_do_custom_heading vc_custom_1740645075211\" >Italfisio - Produkte<\/h4>\n\t\t<\/div> \n\t<\/div>\n\t<\/div> \n<\/div><\/div><div id=\"fws_69e581b6607e4\" data-midnight=\"\" data-column-margin=\"default\" class=\"wpb_row vc_row-fluid vc_row inner_row\"  style=\"\"><div class=\"row-bg-wrap\"> <div class=\"row-bg\" ><\/div> <\/div><div class=\"row_col_wrap_12_inner col span_12  left\">\n\t<div  class=\"vc_col-sm-12 wpb_column column_container vc_column_container col child_column has-animation no-extra-padding inherit_tablet inherit_phone\"   data-padding-pos=\"all\" data-has-bg-color=\"false\" data-bg-color=\"\" data-bg-opacity=\"1\" data-animation=\"fade-in-from-bottom\" data-delay=\"100\" >\n\t\t<div class=\"vc_column-inner\" >\n\t\t<div class=\"wpb_wrapper\">\n\t\t\t<h1 style=\"font-size: 60px;color: #ffffff;line-height: 75px;text-align: center\" class=\"vc_custom_heading vc_do_custom_heading vc_custom_1754914571942\" >CryoMAX<br \/>\nCooling Gel<\/h1>\n\t\t<\/div> \n\t<\/div>\n\t<\/div> \n<\/div><\/div><div id=\"fws_69e581b660bca\" data-midnight=\"\" data-column-margin=\"default\" class=\"wpb_row vc_row-fluid vc_row inner_row\"  style=\"\"><div class=\"row-bg-wrap\"> <div class=\"row-bg\" ><\/div> <\/div><div class=\"row_col_wrap_12_inner col span_12  left\">\n\t<div  class=\"vc_col-sm-12 wpb_column column_container vc_column_container col child_column has-animation no-extra-padding inherit_tablet inherit_phone\"   data-padding-pos=\"all\" data-has-bg-color=\"false\" data-bg-color=\"\" data-bg-opacity=\"1\" data-animation=\"fade-in-from-bottom\" data-delay=\"200\" >\n\t\t<div class=\"vc_column-inner\" >\n\t\t<div class=\"wpb_wrapper\">\n\t\t\t<h2 style=\"font-size: 35px;color: rgba(255,255,255,0.74);line-height: 35px;text-align: center\" class=\"vc_custom_heading vc_do_custom_heading vc_custom_1741035695618\" >Das ideale K\u00e4ltegel f\u00fcr Muskelregeneration und Beinwohlbefinden<\/h2>\n\t\t<\/div> \n\t<\/div>\n\t<\/div> \n<\/div><\/div>\n\t\t\t<\/div> \n\t\t<\/div>\n\t<\/div> \n\n\t<div  class=\"vc_col-sm-3 wpb_column column_container vc_column_container col no-extra-padding inherit_tablet inherit_phone\"  data-padding-pos=\"all\" data-has-bg-color=\"false\" data-bg-color=\"\" data-bg-opacity=\"1\" data-animation=\"\" data-delay=\"0\" >\n\t\t<div class=\"vc_column-inner\" >\n\t\t\t<div class=\"wpb_wrapper\">\n\t\t\t\t\n\t\t\t<\/div> \n\t\t<\/div>\n\t<\/div> \n<\/div><\/div>\n\t\t<div id=\"fws_69e581b6612fe\"  data-column-margin=\"default\" data-midnight=\"dark\"  class=\"wpb_row vc_row-fluid vc_row full-width-content vc_row-o-equal-height vc_row-flex vc_row-o-content-middle\"  style=\"padding-top: 0px; padding-bottom: 0px; \"><div class=\"row-bg-wrap\" data-bg-animation=\"none\" data-bg-animation-delay=\"\" data-bg-overlay=\"false\"><div class=\"inner-wrap row-bg-layer\" ><div class=\"row-bg viewport-desktop\"  style=\"\"><\/div><\/div><\/div><div class=\"row_col_wrap_12 col span_12 dark left\">\n\t<div style=\" color: #ffffff;\" class=\"vc_col-sm-8 wpb_column column_container vc_column_container col centered-text padding-6-percent inherit_tablet inherit_phone\" data-cfc=\"true\" data-using-bg=\"true\" data-bg-cover=\"true\" data-padding-pos=\"all\" data-has-bg-color=\"true\" data-bg-color=\"#0a0a0a\" data-bg-opacity=\"0.6\" data-animation=\"\" data-delay=\"0\" >\n\t\t<div class=\"vc_column-inner\" ><div class=\"column-image-bg-wrap column-bg-layer viewport-desktop\" data-bg-pos=\"center center\" data-bg-animation=\"none\" data-bg-overlay=\"false\"><div class=\"inner-wrap\"><div class=\"column-image-bg\" style=\" background-image: url('https:\/\/www.italfisio.it\/wp-content\/uploads\/2025\/02\/easing-neck-pain-2023-11-27-05-36-09-utc-scaled.jpg'); \"><\/div><\/div><\/div><div class=\"column-bg-overlay-wrap column-bg-layer\" data-bg-animation=\"none\"><div class=\"column-bg-overlay\" style=\"opacity: 0.6; background-color: #0a0a0a;\"><\/div><\/div>\n\t\t\t<div class=\"wpb_wrapper\">\n\t\t\t\t<h2 style=\"color: #ffffff;text-align: center\" class=\"vc_custom_heading vc_do_custom_heading\" >Kaufen Sie unsere Produkte<\/h2><div class=\"divider-wrap\" data-alignment=\"default\"><div style=\"height: 40px;\" class=\"divider\"><\/div><\/div><div class=\"nectar-cta  alignment_tablet_default alignment_phone_default display_tablet_inherit display_phone_inherit\" data-color=\"default\" data-using-bg=\"false\" data-display=\"block\" data-style=\"underline\" data-alignment=\"center\" data-text-color=\"custom\" ><h5 style=\"color: #ffffff;\"> <span class=\"link_wrap\" ><a  class=\"link_text\" style=\"border-color: #ffffff;\" role=\"button\" href=\"\/de\/ital-shop\/\">Entdecken Sie unseren Shop<\/a><\/span><\/h5><\/div>\n\t\t\t<\/div> \n\t\t<\/div>\n\t<\/div> \n\n\t<div  class=\"vc_col-sm-4 wpb_column column_container vc_column_container col centered-text padding-3-percent inherit_tablet inherit_phone\"  data-padding-pos=\"all\" data-has-bg-color=\"false\" data-bg-color=\"\" data-bg-opacity=\"1\" data-animation=\"\" data-delay=\"0\" >\n\t\t<div class=\"vc_column-inner\" >\n\t\t\t<div class=\"wpb_wrapper\">\n\t\t\t\t\n<div class=\"wpb_text_column wpb_content_element  vc_custom_1741035318596\" >\n\t<div class=\"wpb_wrapper\">\n\t\t<h2>CryoMAX<\/h2>\n\t<\/div>\n<\/div>\n\n\n\n\n<div class=\"wpb_text_column wpb_content_element  vc_custom_1741035326861\" >\n\t<div class=\"wpb_wrapper\">\n\t\t<p>Cooling Gel<\/p>\n\t<\/div>\n<\/div>\n\n\n\n<div id=\"fws_69e581b661f8e\" data-midnight=\"\" data-column-margin=\"default\" class=\"wpb_row vc_row-fluid vc_row inner_row\"  style=\"\"><div class=\"row-bg-wrap\"> <div class=\"row-bg\" ><\/div> <\/div><div class=\"row_col_wrap_12_inner col span_12  left\">\n\t<div  class=\"vc_col-sm-12 wpb_column column_container vc_column_container col child_column no-extra-padding inherit_tablet inherit_phone\"   data-padding-pos=\"left-right\" data-has-bg-color=\"false\" data-bg-color=\"\" data-bg-opacity=\"1\" data-animation=\"\" data-delay=\"0\" >\n\t\t<div class=\"vc_column-inner\" >\n\t\t<div class=\"wpb_wrapper\">\n\t\t\t<div class=\"img-with-aniamtion-wrap center\" data-max-width=\"75%\" data-max-width-mobile=\"default\" data-border-radius=\"10px\" data-shadow=\"small_depth\" data-animation=\"none\"  style=\"margin-bottom: 40px; \">\n      <div class=\"inner\">\n        <div class=\"hover-wrap\"> \n          <div class=\"hover-wrap-inner\">\n            <a href=\"https:\/\/www.italfisio.it\/wp-content\/uploads\/2025\/03\/CryoMAX-Cooling-Gel.jpg\" class=\"pp center\">\n              <img loading=\"lazy\" decoding=\"async\" class=\"img-with-animation skip-lazy\" data-delay=\"0\" height=\"2000\" width=\"2000\" data-animation=\"none\" src=\"https:\/\/www.italfisio.it\/wp-content\/uploads\/2025\/03\/CryoMAX-Cooling-Gel.jpg\" alt=\"CryoMAX Cooling Gel\" srcset=\"https:\/\/www.italfisio.it\/wp-content\/uploads\/2025\/03\/CryoMAX-Cooling-Gel.jpg 2000w, https:\/\/www.italfisio.it\/wp-content\/uploads\/2025\/03\/CryoMAX-Cooling-Gel-300x300.jpg 300w, https:\/\/www.italfisio.it\/wp-content\/uploads\/2025\/03\/CryoMAX-Cooling-Gel-150x150.jpg 150w, https:\/\/www.italfisio.it\/wp-content\/uploads\/2025\/03\/CryoMAX-Cooling-Gel-600x600.jpg 600w, https:\/\/www.italfisio.it\/wp-content\/uploads\/2025\/03\/CryoMAX-Cooling-Gel-1024x1024.jpg 1024w, https:\/\/www.italfisio.it\/wp-content\/uploads\/2025\/03\/CryoMAX-Cooling-Gel-768x768.jpg 768w, https:\/\/www.italfisio.it\/wp-content\/uploads\/2025\/03\/CryoMAX-Cooling-Gel-1536x1536.jpg 1536w, https:\/\/www.italfisio.it\/wp-content\/uploads\/2025\/03\/CryoMAX-Cooling-Gel-140x140.jpg 140w, https:\/\/www.italfisio.it\/wp-content\/uploads\/2025\/03\/CryoMAX-Cooling-Gel-100x100.jpg 100w, https:\/\/www.italfisio.it\/wp-content\/uploads\/2025\/03\/CryoMAX-Cooling-Gel-500x500.jpg 500w, https:\/\/www.italfisio.it\/wp-content\/uploads\/2025\/03\/CryoMAX-Cooling-Gel-350x350.jpg 350w, https:\/\/www.italfisio.it\/wp-content\/uploads\/2025\/03\/CryoMAX-Cooling-Gel-1000x1000.jpg 1000w, https:\/\/www.italfisio.it\/wp-content\/uploads\/2025\/03\/CryoMAX-Cooling-Gel-800x800.jpg 800w\" sizes=\"auto, (max-width: 2000px) 100vw, 2000px\" title=\"\">\n            <\/a>\n          <\/div>\n        <\/div>\n      <\/div>\n      <\/div>\n\t\t<\/div> \n\t<\/div>\n\t<\/div> \n<\/div><\/div><p class=\"product woocommerce add_to_cart_inline\" style=\"border:4px solid #ccc; padding: 12px;\"><span class=\"woocommerce-Price-amount amount\"><bdi>16,50&nbsp;<span class=\"woocommerce-Price-currencySymbol\">&euro;<\/span><\/bdi><\/span><a href=\"\/de\/wp-json\/wp\/v2\/pages\/6767?add-to-cart=313\" aria-describedby=\"woocommerce_loop_add_to_cart_link_describedby_313\" data-quantity=\"1\" class=\"button product_type_simple add_to_cart_button ajax_add_to_cart\" data-product_id=\"313\" data-product_sku=\"\" aria-label=\"In den Warenkorb legen: \u201eCryoMAX Cooling Gel\u201c\" rel=\"nofollow\" data-success_message=\"\u201eCryoMAX Cooling Gel\u201c wurde deinem Warenkorb hinzugef\u00fcgt\" role=\"button\" data-no-translation-aria-label=\"\" data-no-translation-data-success_message=\"\"><i class=\"normal icon-salient-cart\"><\/i><span data-no-translation=\"\" data-trp-gettext=\"\">In den Warenkorb<\/span><\/a>\t<span id=\"woocommerce_loop_add_to_cart_link_describedby_313\" class=\"screen-reader-text\">\n\t\t\t<\/span>\n<\/p>\n\t\t\t<\/div> \n\t\t<\/div>\n\t<\/div> \n<\/div><\/div>\n\t\t<div id=\"fws_69e581b663e09\"  data-column-margin=\"default\" data-midnight=\"dark\" data-top-percent=\"5%\"  class=\"wpb_row vc_row-fluid vc_row full-width-section\"  style=\"padding-top: calc(100vw * 0.05); padding-bottom: 0px; \"><div class=\"row-bg-wrap\" data-bg-animation=\"none\" data-bg-animation-delay=\"\" data-bg-overlay=\"false\"><div class=\"inner-wrap row-bg-layer\" ><div class=\"row-bg viewport-desktop using-bg-color\"  style=\"background-color: #f9f9f9; \"><\/div><\/div><\/div><div class=\"row_col_wrap_12 col span_12 dark left\">\n\t<div  class=\"vc_col-sm-12 wpb_column column_container vc_column_container col padding-1-percent inherit_tablet inherit_phone\"  data-padding-pos=\"all\" data-has-bg-color=\"false\" data-bg-color=\"\" data-bg-opacity=\"1\" data-animation=\"\" data-delay=\"0\" >\n\t\t<div class=\"vc_column-inner\" >\n\t\t\t<div class=\"wpb_wrapper\">\n\t\t\t\t\n<div class=\"wpb_text_column wpb_content_element\" >\n\t<div class=\"wpb_wrapper\">\n\t\t<h1>CryoMAX Cooling Gel<\/h1>\n\t<\/div>\n<\/div>\n\n\n\n\n<div class=\"wpb_text_column wpb_content_element\" >\n\t<div class=\"wpb_wrapper\">\n\t\t<h2>Sofortige Linderung und erfrischende Wirkung<\/h2>\n\t<\/div>\n<\/div>\n\n\n\n\n\t\t\t<\/div> \n\t\t<\/div>\n\t<\/div> \n<\/div><\/div>\n\t\t<div id=\"fws_69e581b66437f\"  data-column-margin=\"default\" data-midnight=\"dark\" data-bottom-percent=\"2%\"  class=\"wpb_row vc_row-fluid vc_row full-width-section\"  style=\"padding-top: 0px; padding-bottom: calc(100vw * 0.02); \"><div class=\"row-bg-wrap\" data-bg-animation=\"none\" data-bg-animation-delay=\"\" data-bg-overlay=\"false\"><div class=\"inner-wrap row-bg-layer\" ><div class=\"row-bg viewport-desktop using-bg-color\"  style=\"background-color: #f9f9f9; \"><\/div><\/div><\/div><div class=\"row_col_wrap_12 col span_12 dark left\">\n\t<div  class=\"vc_col-sm-12 wpb_column column_container vc_column_container col padding-1-percent inherit_tablet inherit_phone\"  data-padding-pos=\"all\" data-has-bg-color=\"false\" data-bg-color=\"\" data-bg-opacity=\"1\" data-animation=\"\" data-delay=\"0\" >\n\t\t<div class=\"vc_column-inner\" >\n\t\t\t<div class=\"wpb_wrapper\">\n\t\t\t\t\n<div class=\"wpb_text_column wpb_content_element\" >\n\t<div class=\"wpb_wrapper\">\n\t\t<p class=\"translation-block\"><strong>CryoMAX Cooling Gel<\/strong> ist ein sofort wirkendes, erfrischendes Gel, das f\u00fcr schnelle und langanhaltende Linderung sorgt. Es kombiniert Pflanzenextrakte und nat\u00fcrliche Wirkstoffe, die die Muskelregeneration f\u00f6rdern, die Durchblutung anregen und ein Gef\u00fchl intensiver Frische vermitteln. CryoMAX ist perfekt f\u00fcr Sportler, Menschen mit Muskelerm\u00fcdung, schweren Beinen oder Kreislaufproblemen und der ideale Verb\u00fcndete f\u00fcr das t\u00e4gliche Wohlbefinden.<\/p>\n\t<\/div>\n<\/div>\n\n\n\n\n\t\t\t<\/div> \n\t\t<\/div>\n\t<\/div> \n<\/div><\/div>\n\t\t<div id=\"fws_69e581b664862\"  data-column-margin=\"default\" data-midnight=\"dark\" data-bottom-percent=\"2%\"  class=\"wpb_row vc_row-fluid vc_row full-width-section\"  style=\"padding-top: 0px; padding-bottom: calc(100vw * 0.02); \"><div class=\"row-bg-wrap\" data-bg-animation=\"none\" data-bg-animation-delay=\"\" data-bg-overlay=\"false\"><div class=\"inner-wrap row-bg-layer\" ><div class=\"row-bg viewport-desktop using-bg-color\"  style=\"background-color: #f9f9f9; \"><\/div><\/div><\/div><div class=\"row_col_wrap_12 col span_12 dark left\">\n\t<div  class=\"vc_col-sm-12 wpb_column column_container vc_column_container col padding-1-percent inherit_tablet inherit_phone\"  data-padding-pos=\"all\" data-has-bg-color=\"false\" data-bg-color=\"\" data-bg-opacity=\"1\" data-animation=\"\" data-delay=\"0\" >\n\t\t<div class=\"vc_column-inner\" >\n\t\t\t<div class=\"wpb_wrapper\">\n\t\t\t\t\n<div class=\"wpb_text_column wpb_content_element\" >\n\t<div class=\"wpb_wrapper\">\n\t\t<h2>Vorteile des CryoMAX K\u00fchlgels<\/h2>\n<p>Grazie alla sua formula innovativa, CryoMAX Cooling Gel garantisce un effetto refrigerante immediato che allevia il gonfiore e il senso di fatica dopo un&#8217;attivit\u00e0 fisica intensa. Ideale per sportivi, persone con gambe pesanti o gonfie, chi soffre di dolori muscolari o articolari, e per chi cerca una sensazione di freschezza in estate, CryoMAX \u00e8 un prodotto versatile che si adatta alle necessit\u00e0 di chiunque.<\/p>\n\t<\/div>\n<\/div>\n\n\n\n\n\t\t\t<\/div> \n\t\t<\/div>\n\t<\/div> \n<\/div><\/div>\n\t\t<div id=\"fws_69e581b664d51\"  data-column-margin=\"default\" data-midnight=\"dark\"  class=\"wpb_row vc_row-fluid vc_row full-width-content vc_row-o-equal-height vc_row-flex vc_row-o-content-middle\"  style=\"padding-top: 0px; padding-bottom: 0px; \"><div class=\"row-bg-wrap\" data-bg-animation=\"none\" data-bg-animation-delay=\"\" data-bg-overlay=\"false\"><div class=\"inner-wrap row-bg-layer\" ><div class=\"row-bg viewport-desktop\"  style=\"\"><\/div><\/div><\/div><div class=\"row_col_wrap_12 col span_12 dark left\">\n\t<div  class=\"vc_col-sm-6 wpb_column column_container vc_column_container col padding-10-percent inherit_tablet inherit_phone\"  data-padding-pos=\"all\" data-has-bg-color=\"false\" data-bg-color=\"\" data-bg-opacity=\"1\" data-animation=\"\" data-delay=\"0\" >\n\t\t<div class=\"vc_column-inner\" >\n\t\t\t<div class=\"wpb_wrapper\">\n\t\t\t\t<div class=\"nectar-responsive-text nectar-link-underline-effect\" style=\"color: #64ccc9;\" data-inherit-heading-family=\"h2\"><h2>F\u00fcr wen ist CryoMAX K\u00fchlgel geeignet?<\/h2>\n<\/div><div id=\"fws_69e581b66516e\" data-midnight=\"\" data-column-margin=\"default\" class=\"wpb_row vc_row-fluid vc_row inner_row\"  style=\"\"><div class=\"row-bg-wrap\"> <div class=\"row-bg\" ><\/div> <\/div><div class=\"row_col_wrap_12_inner col span_12  left\">\n\t<div  class=\"vc_col-sm-12 wpb_column column_container vc_column_container col child_column has-animation no-extra-padding inherit_tablet inherit_phone\"   data-padding-pos=\"all\" data-has-bg-color=\"false\" data-bg-color=\"\" data-bg-opacity=\"1\" data-animation=\"fade-in-from-bottom\" data-delay=\"0\" >\n\t\t<div class=\"vc_column-inner\" >\n\t\t<div class=\"wpb_wrapper\">\n\t\t\t\n<div class=\"wpb_text_column wpb_content_element\" >\n\t<div class=\"wpb_wrapper\">\n\t\t<ul>\n<li>Sportivi e atleti: Perfetto per il recupero post-allenamento, aiuta a ridurre l&#8217;accumulo di acido lattico e previene l&#8217;affaticamento muscolare.<\/li>\n<li>Menschen mit schweren oder geschwollenen Beinen: Regt die Durchblutung an und sorgt f\u00fcr ein sofortiges Frischegef\u00fchl, ideal f\u00fcr alle, die viel stehen oder sitzen.<\/li>\n<li>Diejenigen, die unter Muskel- und Gelenkschmerzen leiden: Seine entz\u00fcndungshemmende und schmerzstillende Wirkung entspannt die Muskeln und lindert Schmerzen.<\/li>\n<li>Chi cerca un prodotto rinfrescante per l&#8217;estate: Perfetto dopo una lunga giornata al sole, dona un immediato sollievo e rinfresca la pelle.<\/li>\n<\/ul>\n\t<\/div>\n<\/div>\n\n\n\n\n\t\t<\/div> \n\t<\/div>\n\t<\/div> \n<\/div><\/div>\n\t\t\t<\/div> \n\t\t<\/div>\n\t<\/div> \n\n\t<div style=\"\" class=\"vc_col-sm-6 wpb_column column_container vc_column_container col has-animation no-extra-padding inherit_tablet inherit_phone\" data-using-bg=\"true\" data-padding-pos=\"all\" data-has-bg-color=\"true\" data-bg-color=\"rgba(100,204,201,0.5)\" data-bg-opacity=\"1\" data-animation=\"reveal-from-bottom\" data-delay=\"0\" >\n\t\t<div class=\"vc_column-inner\" ><div class=\"column-bg-overlay-wrap column-bg-layer\" data-bg-animation=\"none\"><div class=\"column-bg-overlay\" style=\"opacity: 1; background-color: rgba(100,204,201,0.5);\"><\/div><\/div>\n\t\t\t<div class=\"wpb_wrapper\">\n\t\t\t\t<div class=\"img-with-aniamtion-wrap center\" data-max-width=\"100%\" data-max-width-mobile=\"default\" data-shadow=\"none\" data-animation=\"none\" >\n      <div class=\"inner\">\n        <div class=\"hover-wrap\"> \n          <div class=\"hover-wrap-inner\">\n            <img loading=\"lazy\" decoding=\"async\" class=\"img-with-animation skip-lazy\" data-delay=\"0\" height=\"500\" width=\"500\" data-animation=\"none\" src=\"https:\/\/www.italfisio.it\/wp-content\/uploads\/2025\/03\/1512-239__2_-removebg-preview.png\" alt=\"Cryomax cooling gel\" srcset=\"https:\/\/www.italfisio.it\/wp-content\/uploads\/2025\/03\/1512-239__2_-removebg-preview.png 500w, https:\/\/www.italfisio.it\/wp-content\/uploads\/2025\/03\/1512-239__2_-removebg-preview-300x300.png 300w, https:\/\/www.italfisio.it\/wp-content\/uploads\/2025\/03\/1512-239__2_-removebg-preview-150x150.png 150w, https:\/\/www.italfisio.it\/wp-content\/uploads\/2025\/03\/1512-239__2_-removebg-preview-140x140.png 140w, https:\/\/www.italfisio.it\/wp-content\/uploads\/2025\/03\/1512-239__2_-removebg-preview-100x100.png 100w, https:\/\/www.italfisio.it\/wp-content\/uploads\/2025\/03\/1512-239__2_-removebg-preview-350x350.png 350w\" sizes=\"auto, (max-width: 500px) 100vw, 500px\" title=\"\">\n          <\/div>\n        <\/div>\n      <\/div>\n    <\/div>\n\t\t\t<\/div> \n\t\t<\/div>\n\t<\/div> \n<\/div><\/div>\n\t\t<div id=\"fws_69e581b665d0d\"  data-column-margin=\"default\" data-midnight=\"dark\"  class=\"wpb_row vc_row-fluid vc_row full-width-content vc_row-o-equal-height vc_row-flex vc_row-o-content-middle  reverse_columns_column_phone\"  style=\"padding-top: 0px; padding-bottom: 0px; \"><div class=\"row-bg-wrap\" data-bg-animation=\"none\" data-bg-animation-delay=\"\" data-bg-overlay=\"false\"><div class=\"inner-wrap row-bg-layer\" ><div class=\"row-bg viewport-desktop\"  style=\"\"><\/div><\/div><\/div><div class=\"row_col_wrap_12 col span_12 dark left\">\n\t<div style=\"\" class=\"vc_col-sm-6 wpb_column column_container vc_column_container col has-animation no-extra-padding inherit_tablet inherit_phone\" data-using-bg=\"true\" data-padding-pos=\"all\" data-has-bg-color=\"true\" data-bg-color=\"rgba(100,204,201,0.5)\" data-bg-opacity=\"1\" data-animation=\"reveal-from-bottom\" data-delay=\"0\" >\n\t\t<div class=\"vc_column-inner\" ><div class=\"column-bg-overlay-wrap column-bg-layer\" data-bg-animation=\"none\"><div class=\"column-bg-overlay\" style=\"opacity: 1; background-color: rgba(100,204,201,0.5);\"><\/div><\/div>\n\t\t\t<div class=\"wpb_wrapper\">\n\t\t\t\t<div class=\"img-with-aniamtion-wrap center\" data-max-width=\"100%\" data-max-width-mobile=\"default\" data-shadow=\"none\" data-animation=\"none\" >\n      <div class=\"inner\">\n        <div class=\"hover-wrap\"> \n          <div class=\"hover-wrap-inner\">\n            <img loading=\"lazy\" decoding=\"async\" class=\"img-with-animation skip-lazy\" data-delay=\"0\" height=\"500\" width=\"500\" data-animation=\"none\" src=\"https:\/\/www.italfisio.it\/wp-content\/uploads\/2025\/03\/1512-239__2_-removebg-preview.png\" alt=\"Cryomax cooling gel\" srcset=\"https:\/\/www.italfisio.it\/wp-content\/uploads\/2025\/03\/1512-239__2_-removebg-preview.png 500w, https:\/\/www.italfisio.it\/wp-content\/uploads\/2025\/03\/1512-239__2_-removebg-preview-300x300.png 300w, https:\/\/www.italfisio.it\/wp-content\/uploads\/2025\/03\/1512-239__2_-removebg-preview-150x150.png 150w, https:\/\/www.italfisio.it\/wp-content\/uploads\/2025\/03\/1512-239__2_-removebg-preview-140x140.png 140w, https:\/\/www.italfisio.it\/wp-content\/uploads\/2025\/03\/1512-239__2_-removebg-preview-100x100.png 100w, https:\/\/www.italfisio.it\/wp-content\/uploads\/2025\/03\/1512-239__2_-removebg-preview-350x350.png 350w\" sizes=\"auto, (max-width: 500px) 100vw, 500px\" title=\"\">\n          <\/div>\n        <\/div>\n      <\/div>\n    <\/div>\n\t\t\t<\/div> \n\t\t<\/div>\n\t<\/div> \n\n\t<div  class=\"vc_col-sm-6 wpb_column column_container vc_column_container col padding-10-percent inherit_tablet inherit_phone\"  data-padding-pos=\"all\" data-has-bg-color=\"false\" data-bg-color=\"\" data-bg-opacity=\"1\" data-animation=\"\" data-delay=\"0\" >\n\t\t<div class=\"vc_column-inner\" >\n\t\t\t<div class=\"wpb_wrapper\">\n\t\t\t\t<div class=\"nectar-responsive-text nectar-link-underline-effect\" style=\"color: #64ccc9;\" data-inherit-heading-family=\"h2\"><h2>F\u00fcr wen ist CryoMAX K\u00fchlgel geeignet?<\/h2>\n<\/div><div id=\"fws_69e581b66649f\" data-midnight=\"\" data-column-margin=\"default\" class=\"wpb_row vc_row-fluid vc_row inner_row\"  style=\"\"><div class=\"row-bg-wrap\"> <div class=\"row-bg\" ><\/div> <\/div><div class=\"row_col_wrap_12_inner col span_12  left\">\n\t<div  class=\"vc_col-sm-12 wpb_column column_container vc_column_container col child_column has-animation no-extra-padding inherit_tablet inherit_phone\"   data-padding-pos=\"all\" data-has-bg-color=\"false\" data-bg-color=\"\" data-bg-opacity=\"1\" data-animation=\"fade-in-from-bottom\" data-delay=\"0\" >\n\t\t<div class=\"vc_column-inner\" >\n\t\t<div class=\"wpb_wrapper\">\n\t\t\t\n<div class=\"wpb_text_column wpb_content_element\" >\n\t<div class=\"wpb_wrapper\">\n\t\t<ul>\n<li>Formula naturale con estratti vegetali che offre un&#8217;azione defaticante e drenante.<\/li>\n<li>Sofortiger K\u00fchleffekt f\u00fcr schnelle und langanhaltende Linderung.<\/li>\n<li>Ideal f\u00fcr die Muskelregeneration und das Wohlbefinden der Beine.<\/li>\n<li>Es ist nicht fettend, hinterl\u00e4sst keine Flecken und zieht schnell ein.<\/li>\n<li>Perfekt f\u00fcr Sportler, Menschen mit schweren Beinen oder Kreislaufproblemen.<\/li>\n<\/ul>\n<p>Se cerchi un prodotto in grado di donarti freschezza, stimolare la circolazione e ridurre la stanchezza muscolare, CryoMAX Cooling Gel \u00e8 la scelta perfetta.<\/p>\n\t<\/div>\n<\/div>\n\n\n\n\n\t\t<\/div> \n\t<\/div>\n\t<\/div> \n<\/div><\/div>\n\t\t\t<\/div> \n\t\t<\/div>\n\t<\/div> \n<\/div><\/div>","protected":false},"excerpt":{"rendered":"Italfisio - Prodotti CryoMAX Cooling Gel Il gel freddo ideale per il recupero muscolare e il benessere delle gambe Acquista i nostri prodotti Scopri il nostro shop CryoMAX Cooling Gel...","protected":false},"author":3,"featured_media":0,"parent":7230,"menu_order":0,"comment_status":"closed","ping_status":"closed","template":"","meta":{"footnotes":""},"class_list":["post-6767","page","type-page","status-publish"],"_links":{"self":[{"href":"http:\/\/www.italfisio.it\/de\/wp-json\/wp\/v2\/pages\/6767","targetHints":{"allow":["GET"]}}],"collection":[{"href":"http:\/\/www.italfisio.it\/de\/wp-json\/wp\/v2\/pages"}],"about":[{"href":"http:\/\/www.italfisio.it\/de\/wp-json\/wp\/v2\/types\/page"}],"author":[{"embeddable":true,"href":"http:\/\/www.italfisio.it\/de\/wp-json\/wp\/v2\/users\/3"}],"replies":[{"embeddable":true,"href":"http:\/\/www.italfisio.it\/de\/wp-json\/wp\/v2\/comments?post=6767"}],"version-history":[{"count":9,"href":"http:\/\/www.italfisio.it\/de\/wp-json\/wp\/v2\/pages\/6767\/revisions"}],"predecessor-version":[{"id":13237,"href":"http:\/\/www.italfisio.it\/de\/wp-json\/wp\/v2\/pages\/6767\/revisions\/13237"}],"up":[{"embeddable":true,"href":"http:\/\/www.italfisio.it\/de\/wp-json\/wp\/v2\/pages\/7230"}],"wp:attachment":[{"href":"http:\/\/www.italfisio.it\/de\/wp-json\/wp\/v2\/media?parent=6767"}],"curies":[{"name":"wp","href":"https:\/\/api.w.org\/{rel}","templated":true}]}}