{"id":6579,"date":"2025-02-26T15:53:05","date_gmt":"2025-02-26T14:53:05","guid":{"rendered":"https:\/\/italfisio.emotionmedia.it\/?page_id=6579"},"modified":"2025-08-11T10:12:50","modified_gmt":"2025-08-11T08:12:50","slug":"asthetik","status":"publish","type":"page","link":"http:\/\/www.italfisio.it\/de\/asthetik\/","title":{"rendered":"\u00c4sthetik"},"content":{"rendered":"<div id=\"fws_69e581a71f973\"  data-column-margin=\"default\" data-midnight=\"light\"  class=\"wpb_row vc_row-fluid vc_row full-width-section vc_row-o-full-height vc_row-o-columns-middle vc_row-o-equal-height vc_row-flex\"  style=\"padding-top: 0px; padding-bottom: 0px; \"><div class=\"row-bg-wrap\" data-bg-animation=\"none\" data-bg-animation-delay=\"\" data-bg-overlay=\"true\"><div class=\"inner-wrap row-bg-layer using-image\" ><div class=\"row-bg viewport-desktop using-image\"  style=\"background-image: url(https:\/\/www.italfisio.it\/wp-content\/uploads\/2025\/03\/august-28-2019-cyclists-travel-along-a-dirt-road-2024-09-12-11-03-29-utc-1-scaled.jpg); background-position: center top; background-repeat: no-repeat; \"><\/div><\/div><div class=\"row-bg-overlay row-bg-layer\" style=\"background: #64ccc9; background: linear-gradient(to bottom,#64ccc9 0%,#64ccc9 100%);  opacity: 0.8; \"><\/div><\/div><div class=\"row_col_wrap_12 col span_12 light left\">\n\t<div  class=\"vc_col-sm-3 wpb_column column_container vc_column_container col no-extra-padding inherit_tablet inherit_phone\"  data-padding-pos=\"all\" data-has-bg-color=\"false\" data-bg-color=\"\" data-bg-opacity=\"1\" data-animation=\"\" data-delay=\"0\" >\n\t\t<div class=\"vc_column-inner\" >\n\t\t\t<div class=\"wpb_wrapper\">\n\t\t\t\t\n\t\t\t<\/div> \n\t\t<\/div>\n\t<\/div> \n\n\t<div  class=\"vc_col-sm-6 wpb_column column_container vc_column_container col centered-text no-extra-padding inherit_tablet inherit_phone\"  data-padding-pos=\"all\" data-has-bg-color=\"false\" data-bg-color=\"\" data-bg-opacity=\"1\" data-animation=\"\" data-delay=\"0\" >\n\t\t<div class=\"vc_column-inner\" >\n\t\t\t<div class=\"wpb_wrapper\">\n\t\t\t\t<div id=\"fws_69e581a7200c3\" data-midnight=\"\" data-column-margin=\"default\" class=\"wpb_row vc_row-fluid vc_row inner_row\"  style=\"\"><div class=\"row-bg-wrap\"> <div class=\"row-bg\" ><\/div> <\/div><div class=\"row_col_wrap_12_inner col span_12  left\">\n\t<div  class=\"vc_col-sm-12 wpb_column column_container vc_column_container col child_column has-animation no-extra-padding inherit_tablet inherit_phone\"   data-padding-pos=\"all\" data-has-bg-color=\"false\" data-bg-color=\"\" data-bg-opacity=\"1\" data-animation=\"fade-in-from-bottom\" data-delay=\"0\" >\n\t\t<div class=\"vc_column-inner\" >\n\t\t<div class=\"wpb_wrapper\">\n\t\t\t<h4 style=\"font-size: 20px;color: #ffffff;line-height: 26px;text-align: center\" class=\"vc_custom_heading vc_do_custom_heading vc_custom_1740646186505\" >Exzellenzsektoren<\/h4>\n\t\t<\/div> \n\t<\/div>\n\t<\/div> \n<\/div><\/div><div id=\"fws_69e581a720732\" data-midnight=\"\" data-column-margin=\"default\" class=\"wpb_row vc_row-fluid vc_row inner_row\"  style=\"\"><div class=\"row-bg-wrap\"> <div class=\"row-bg\" ><\/div> <\/div><div class=\"row_col_wrap_12_inner col span_12  left\">\n\t<div  class=\"vc_col-sm-12 wpb_column column_container vc_column_container col child_column has-animation no-extra-padding inherit_tablet inherit_phone\"   data-padding-pos=\"all\" data-has-bg-color=\"false\" data-bg-color=\"\" data-bg-opacity=\"1\" data-animation=\"fade-in-from-bottom\" data-delay=\"100\" >\n\t\t<div class=\"vc_column-inner\" >\n\t\t<div class=\"wpb_wrapper\">\n\t\t\t<h4 style=\"font-size: 65px;color: #ffffff;line-height: 75px;text-align: center\" class=\"vc_custom_heading vc_do_custom_heading vc_custom_1741191276136\" >\u00c4sthetik<\/h4>\n\t\t<\/div> \n\t<\/div>\n\t<\/div> \n<\/div><\/div><div id=\"fws_69e581a720b10\" data-midnight=\"\" data-column-margin=\"default\" class=\"wpb_row vc_row-fluid vc_row inner_row\"  style=\"\"><div class=\"row-bg-wrap\"> <div class=\"row-bg\" ><\/div> <\/div><div class=\"row_col_wrap_12_inner col span_12  left\">\n\t<div  class=\"vc_col-sm-12 wpb_column column_container vc_column_container col child_column has-animation no-extra-padding inherit_tablet inherit_phone\"   data-padding-pos=\"all\" data-has-bg-color=\"false\" data-bg-color=\"\" data-bg-opacity=\"1\" data-animation=\"fade-in-from-bottom\" data-delay=\"200\" >\n\t\t<div class=\"vc_column-inner\" >\n\t\t<div class=\"wpb_wrapper\">\n\t\t\t<h2 style=\"font-size: 40px;color: rgba(255,255,255,0.74);line-height: 28px;text-align: center\" class=\"vc_custom_heading vc_do_custom_heading vc_custom_1740646223320\" >Partner internationaler Marken<\/h2>\n\t\t<\/div> \n\t<\/div>\n\t<\/div> \n<\/div><\/div>\n\t\t\t<\/div> \n\t\t<\/div>\n\t<\/div> \n\n\t<div  class=\"vc_col-sm-3 wpb_column column_container vc_column_container col no-extra-padding inherit_tablet inherit_phone\"  data-padding-pos=\"all\" data-has-bg-color=\"false\" data-bg-color=\"\" data-bg-opacity=\"1\" data-animation=\"\" data-delay=\"0\" >\n\t\t<div class=\"vc_column-inner\" >\n\t\t\t<div class=\"wpb_wrapper\">\n\t\t\t\t\n\t\t\t<\/div> \n\t\t<\/div>\n\t<\/div> \n<\/div><\/div>\n\t\t<div id=\"fws_69e581a7211d6\"  data-column-margin=\"default\" data-midnight=\"dark\"  class=\"wpb_row vc_row-fluid vc_row full-width-content vc_row-o-full-height vc_row-o-columns-stretch vc_row-o-equal-height vc_row-flex vc_row-o-content-middle\"  style=\"padding-top: 0px; padding-bottom: 0px; \"><div class=\"row-bg-wrap\" data-bg-animation=\"none\" data-bg-animation-delay=\"\" data-bg-overlay=\"false\"><div class=\"inner-wrap row-bg-layer\" ><div class=\"row-bg viewport-desktop\"  style=\"\"><\/div><\/div><\/div><div class=\"row_col_wrap_12 col span_12 dark left\">\n\t<div style=\"\" class=\"vc_col-sm-6 wpb_column column_container vc_column_container col no-extra-padding inherit_tablet inherit_phone\" data-using-bg=\"true\" data-padding-pos=\"all\" data-has-bg-color=\"false\" data-bg-color=\"\" data-bg-opacity=\"1\" data-animation=\"\" data-delay=\"0\" >\n\t\t<div class=\"vc_column-inner\" ><div class=\"column-image-bg-wrap column-bg-layer viewport-desktop\" data-bg-pos=\"center center\" data-bg-animation=\"none\" data-bg-overlay=\"false\"><div class=\"inner-wrap\"><div class=\"column-image-bg\" style=\" background-image: url('https:\/\/www.italfisio.it\/wp-content\/uploads\/2025\/03\/MG_MMM_B2B_1200x1200_06.jpg'); \"><\/div><\/div><\/div>\n\t\t\t<div class=\"wpb_wrapper\">\n\t\t\t\t<div class=\"divider-wrap\" data-alignment=\"default\"><div style=\"height: 500px;\" class=\"divider\"><\/div><\/div>\n\t\t\t<\/div> \n\t\t<\/div>\n\t<\/div> \n\n\t<div style=\"\" class=\"vc_col-sm-6 wpb_column column_container vc_column_container col padding-8-percent inherit_tablet inherit_phone\" data-using-bg=\"true\" data-padding-pos=\"all\" data-has-bg-color=\"true\" data-bg-color=\"#ffffff\" data-bg-opacity=\"1\" data-animation=\"\" data-delay=\"0\" >\n\t\t<div class=\"vc_column-inner\" ><div class=\"column-bg-overlay-wrap column-bg-layer\" data-bg-animation=\"none\"><div class=\"column-bg-overlay\" style=\"opacity: 1; background-color: #ffffff;\"><\/div><\/div>\n\t\t\t<div class=\"wpb_wrapper\">\n\t\t\t\t\n<div class=\"nectar-animated-title\" data-style=\"color-strip-reveal\" data-color=\"accent-color\">\n\t<div class=\"nectar-animated-title-outer\">\n\t\t<div class=\"nectar-animated-title-inner\">\n\t\t\t<div class=\"wrap\"><h1 style=\"color: #ffffff;\">Professionelle \u00c4sthetik<\/h1><\/div>\n\t\t<\/div>\n\t<\/div>\n<\/div><h2 style=\"font-size: 42px;line-height: 52px;text-align: left\" class=\"vc_custom_heading vc_do_custom_heading\" >Exklusive Partner der besten internationalen Marken<\/h2>\n<div class=\"wpb_text_column wpb_content_element  vc_custom_1740578683547\" >\n\t<div class=\"wpb_wrapper\">\n\t\t<p>Siamo partner esclusivi in Italia di due marchi di grande prestigio nel settore della beauty industry. La nostra missione \u00e8 portare l&#8217;eccellenza e l&#8217;innovazione nei trattamenti estetici, offrendo soluzioni avanzate per la cura della pelle e del corpo.<\/p>\n<p class=\"translation-block\"><strong>Maria Galland Paris<\/strong> ist ein weltweit f\u00fchrender Anbieter luxuri\u00f6ser Hautpflegeprodukte und bekannt f\u00fcr Qualit\u00e4t und Innovation. Dank jahrzehntelanger Branchenerfahrung bietet die Marke exklusive Behandlungsprotokolle und Produkte, die auf die Bed\u00fcrfnisse von Kosmetikexperten zugeschnitten sind und sichtbare, langanhaltende Ergebnisse gew\u00e4hrleisten. Die innovativen Formeln, die in Zusammenarbeit mit Branchenexperten entwickelt wurden, kombinieren hochwertige Inhaltsstoffe und innovative Technologien, um die Gesundheit und das Aussehen der Haut zu verbessern.<\/p>\n\t<\/div>\n<\/div>\n\n\n\n\n<div class=\"wpb_text_column wpb_content_element  vc_custom_1740578708657\" >\n\t<div class=\"wpb_wrapper\">\n\t\t<p class=\"translation-block\">Wir sind au\u00dferdem stolz darauf, <strong>Bloomea Paris<\/strong> zu vertreten, eine franz\u00f6sische Marke der Winback Europa-Gruppe, einem weltweit f\u00fchrenden Unternehmen in den Bereichen Physiotherapie und Physio\u00e4sthetik. Bloomea ist bekannt f\u00fcr seine fortschrittlichen Technologien f\u00fcr Gesichts- und K\u00f6rperbehandlungen, die beeindruckende Ergebnisse bei der Hautregeneration, der Reduzierung von Hautunreinheiten und der Verbesserung der Hautelastizit\u00e4t erzielen. Die von Experten im medizinisch-\u00e4sthetischen Bereich entwickelte Bloomea-Methode garantiert effektive L\u00f6sungen zur Hautverj\u00fcngung und tiefenwirksamen Revitalisierung.<\/p>\n\t<\/div>\n<\/div>\n\n\n\n\n\t\t\t<\/div> \n\t\t<\/div>\n\t<\/div> \n<\/div><\/div>\n\t\t<div id=\"fws_69e581a721e58\"  data-column-margin=\"default\" data-midnight=\"dark\" data-top-percent=\"5%\" data-bottom-percent=\"5%\"  class=\"wpb_row vc_row-fluid vc_row full-width-section\"  style=\"padding-top: calc(100vw * 0.05); padding-bottom: calc(100vw * 0.05); \"><div class=\"row-bg-wrap\" data-bg-animation=\"none\" data-bg-animation-delay=\"\" data-bg-overlay=\"false\"><div class=\"inner-wrap row-bg-layer\" ><div class=\"row-bg viewport-desktop using-bg-color\"  style=\"background-color: #ffffff; \"><\/div><\/div><\/div><div class=\"row_col_wrap_12 col span_12 dark left\">\n\t<div  class=\"vc_col-sm-12 wpb_column column_container vc_column_container col has-animation no-extra-padding inherit_tablet inherit_phone\"  data-padding-pos=\"all\" data-has-bg-color=\"false\" data-bg-color=\"\" data-bg-opacity=\"1\" data-animation=\"fade-in-from-bottom\" data-delay=\"0\" >\n\t\t<div class=\"vc_column-inner\" >\n\t\t\t<div class=\"wpb_wrapper\">\n\t\t\t\t<div class=\"nectar-highlighted-text\" data-style=\"regular_underline\" data-exp=\"default\" data-underline-thickness=\"default\" data-using-custom-color=\"true\" data-animation-delay=\"200\" data-color=\"#00cae8\" data-color-gradient=\"\" style=\"\"><p class=\"translation-block\">Dank unserer Zusammenarbeit mit diesen erstklassigen Marken bieten wir unseren Kunden fortschrittliche L\u00f6sungen und exklusive Produkte, ideal f\u00fcr professionelle Sch\u00f6nheitsbehandlungen. Unser Fokus auf Qualit\u00e4t und Innovation erm\u00f6glicht es uns, erstklassige Dienstleistungen anzubieten und die Bed\u00fcrfnisse derjenigen zu erf\u00fcllen, die effektive und innovative <em class=\"animated\">Sch\u00f6nheits-<\/em>- und <em class=\"animated\">physio\u00e4sthetische<\/em> Behandlungen suchen. Wir arbeiten eng mit Sch\u00f6nheitszentren, Spas und Sch\u00f6nheitsexperten zusammen, um umfassende Unterst\u00fctzung bei der Auswahl und Anwendung der besten auf dem Markt verf\u00fcgbaren Technologien zu gew\u00e4hrleisten.<\/p>\n<p>Oltre alla fornitura di prodotti di altissima qualit\u00e0, offriamo formazione specializzata ai professionisti del settore, permettendo loro di acquisire competenze avanzate nell&#8217;uso delle tecnologie e dei protocolli di trattamento. Organizziamo corsi, workshop e aggiornamenti continui per garantire che ogni operatore possa offrire ai propri clienti esperienze di bellezza e benessere uniche ed efficaci.<\/p>\n<p class=\"translation-block\">Wir sind davon \u00fcberzeugt, dass die Kombination aus wissenschaftlicher Forschung, technologischer Innovation und professionellem Know-how der Schl\u00fcssel zu au\u00dfergew\u00f6hnlichen Ergebnissen in der Sch\u00f6nheitsbranche ist. Unsere Partner, Maria <em class=\"animated\">Galland Paris<\/em> und <em class=\"animated\">Bloomea Paris<\/em>, teilen diese Vision und erm\u00f6glichen es uns, unseren Kunden die besten Haut- und K\u00f6rperpflegel\u00f6sungen anzubieten.<\/p>\n<p>Scegliere i nostri marchi significa affidarsi a un network di eccellenza, in cui la qualit\u00e0, l&#8217;efficacia e la sicurezza sono sempre al primo posto. Scopri il nostro assortimento di prodotti e trattamenti e lasciati guidare nella scelta delle migliori soluzioni per il tuo centro estetico o SPA. Con il nostro supporto, potrai garantire ai tuoi clienti esperienze di bellezza esclusive e risultati tangibili, migliorando il loro benessere e la loro soddisfazione.<\/p>\n<p class=\"translation-block\">Vertrauen Sie auf unsere Erfahrung und modernsten Technologien, um in der Sch\u00f6nheitsbranche etwas zu bewegen. <em class=\"animated\">Kontaktieren Sie uns<\/em> f\u00fcr weitere Informationen zu verf\u00fcgbaren Produkten, Technologien und Schulungsprogrammen.<\/p>\n<\/div>\n\t\t\t<\/div> \n\t\t<\/div>\n\t<\/div> \n<\/div><\/div>\n\t\t<div id=\"fws_69e581a7223db\"  data-column-margin=\"default\" data-midnight=\"dark\" data-top-percent=\"5%\" data-bottom-percent=\"5%\"  class=\"wpb_row vc_row-fluid vc_row full-width-content vc_row-o-equal-height vc_row-flex vc_row-o-content-top  right_padding_7pct left_padding_7pct\"  style=\"padding-top: calc(100vw * 0.05); padding-bottom: calc(100vw * 0.05); \"><div class=\"row-bg-wrap\" data-bg-animation=\"none\" data-bg-animation-delay=\"\" data-bg-overlay=\"false\"><div class=\"inner-wrap row-bg-layer\" ><div class=\"row-bg viewport-desktop\"  style=\"\"><\/div><\/div><\/div><div class=\"row_col_wrap_12 col span_12 dark left\">\n\t<div  class=\"vc_col-sm-12 wpb_column column_container vc_column_container col no-extra-padding inherit_tablet inherit_phone\"  data-padding-pos=\"all\" data-has-bg-color=\"false\" data-bg-color=\"\" data-bg-opacity=\"1\" data-animation=\"\" data-delay=\"0\" >\n\t\t<div class=\"vc_column-inner\" >\n\t\t\t<div class=\"wpb_wrapper\">\n\t\t\t\t<div id=\"fws_69e581a7226e1\" data-midnight=\"\" data-column-margin=\"default\" class=\"wpb_row vc_row-fluid vc_row inner_row  right_padding_24pct left_padding_24pct right_padding_phone_5pct left_padding_phone_5pct\"  style=\"padding-bottom: 3%; \"><div class=\"row-bg-wrap\"> <div class=\"row-bg\" ><\/div> <\/div><div class=\"row_col_wrap_12_inner col span_12  left\">\n\t<div  class=\"vc_col-sm-12 wpb_column column_container vc_column_container col child_column centered-text no-extra-padding inherit_tablet inherit_phone\"   data-padding-pos=\"all\" data-has-bg-color=\"false\" data-bg-color=\"\" data-bg-opacity=\"1\" data-animation=\"\" data-delay=\"0\" >\n\t\t<div class=\"vc_column-inner\" >\n\t\t<div class=\"wpb_wrapper\">\n\t\t\t<div class=\"nectar-highlighted-text font_size_4vw\" data-style=\"scribble\" data-exp=\"default\" data-using-custom-color=\"false\" data-animation-delay=\"false\" data-color=\"\" data-color-gradient=\"\" style=\"\"><h2>Entdecken Sie die Marken, die wir vertreten <em>Partner sind<svg class=\"nectar-scribble squiggle-underline-2\" role=\"presentation\" viewbox=\"-320 -70.8161 640.4 59.82\" preserveaspectratio=\"none\"><path style=\"animation-duration: 1.8s;\" d=\"M-300,-56 C-50,-72 298,-65 300,-59 C332,-53 -239,-36 -255,-27 C-271,-18 -88,-24 91,-20\" stroke=\"#64ccc9\" pathlength=\"1\" stroke-width=\"11.111111111111\" fill=\"none\"\/><\/svg><\/em><\/h2>\n<\/div>\n\t\t<\/div> \n\t<\/div>\n\t<\/div> \n<\/div><\/div>\n\t\t\t<\/div> \n\t\t<\/div>\n\t<\/div> \n<\/div><\/div>\n\t\t<div id=\"fws_69e581a722c15\"  data-column-margin=\"default\" data-midnight=\"light\"  class=\"wpb_row vc_row-fluid vc_row full-width-content vc_row-o-equal-height vc_row-flex vc_row-o-content-middle\"  style=\"padding-top: 0px; padding-bottom: 0px; \"><div class=\"row-bg-wrap\" data-bg-animation=\"none\" data-bg-animation-delay=\"\" data-bg-overlay=\"false\"><div class=\"inner-wrap row-bg-layer\" ><div class=\"row-bg viewport-desktop\"  style=\"\"><\/div><\/div><\/div><div class=\"row_col_wrap_12 col span_12 light left\">\n\t<div style=\"\" class=\"vc_col-sm-6 wpb_column column_container vc_column_container col centered-text has-animation padding-8-percent inherit_tablet inherit_phone\" data-using-bg=\"true\" data-bg-cover=\"true\" data-padding-pos=\"all\" data-has-bg-color=\"true\" data-bg-color=\"#2d2d2d\" data-bg-opacity=\"0.6\" data-animation=\"grow-in\" data-delay=\"0\" >\n\t\t<div class=\"vc_column-inner\" ><div class=\"column-image-bg-wrap column-bg-layer viewport-desktop\" data-bg-pos=\"center center\" data-bg-animation=\"none\" data-bg-overlay=\"false\"><div class=\"inner-wrap\"><div class=\"column-image-bg\" style=\" background-image: url('https:\/\/www.italfisio.it\/wp-content\/uploads\/2025\/02\/maria-galland.jpg'); \"><\/div><\/div><\/div><div class=\"column-bg-overlay-wrap column-bg-layer\" data-bg-animation=\"none\"><div class=\"column-bg-overlay\" style=\"opacity: 0.6; background-color: #2d2d2d;\"><\/div><\/div>\n\t\t\t<div class=\"wpb_wrapper\">\n\t\t\t\t<div class=\"divider-wrap\" data-alignment=\"default\"><div style=\"height: 100px;\" class=\"divider\"><\/div><\/div><h5 style=\"color: rgba(255,255,255,0.7);text-align: center\" class=\"vc_custom_heading vc_do_custom_heading\" >Internationale Marken<\/h5><h3 style=\"text-align: center\" class=\"vc_custom_heading vc_do_custom_heading\" >Maria Galland Paris<\/h3><a class=\"nectar-button large see-through-2\"  role=\"button\" style=\"margin-top: 25px; \"  href=\"\/de\/maria-galland\/\" data-color-override=\"false\" data-hover-color-override=\"false\" data-hover-text-color-override=\"#ffffff\"><span>Scopri di pi\u00f9<\/span><\/a><div class=\"divider-wrap\" data-alignment=\"default\"><div style=\"height: 100px;\" class=\"divider\"><\/div><\/div>\n\t\t\t<\/div> \n\t\t<\/div>\n\t<\/div> \n\n\t<div style=\"\" class=\"vc_col-sm-6 wpb_column column_container vc_column_container col centered-text has-animation padding-8-percent inherit_tablet inherit_phone\" data-using-bg=\"true\" data-bg-cover=\"true\" data-padding-pos=\"all\" data-has-bg-color=\"true\" data-bg-color=\"#2d2d2d\" data-bg-opacity=\"0.6\" data-animation=\"grow-in\" data-delay=\"150\" >\n\t\t<div class=\"vc_column-inner\" ><div class=\"column-image-bg-wrap column-bg-layer viewport-desktop\" data-bg-pos=\"center center\" data-bg-animation=\"none\" data-bg-overlay=\"false\"><div class=\"inner-wrap\"><div class=\"column-image-bg\" style=\" background-image: url('https:\/\/www.italfisio.it\/wp-content\/uploads\/2025\/02\/Copie-de-XT4L5791-scaled.jpg'); \"><\/div><\/div><\/div><div class=\"column-bg-overlay-wrap column-bg-layer\" data-bg-animation=\"none\"><div class=\"column-bg-overlay\" style=\"opacity: 0.6; background-color: #2d2d2d;\"><\/div><\/div>\n\t\t\t<div class=\"wpb_wrapper\">\n\t\t\t\t<div class=\"divider-wrap\" data-alignment=\"default\"><div style=\"height: 100px;\" class=\"divider\"><\/div><\/div><h5 style=\"color: rgba(255,255,255,0.7);text-align: center\" class=\"vc_custom_heading vc_do_custom_heading\" >Internationale Marken<\/h5><h3 style=\"text-align: center\" class=\"vc_custom_heading vc_do_custom_heading\" >Bloomea Paris<\/h3><a class=\"nectar-button large see-through-2\"  role=\"button\" style=\"margin-top: 25px; \"  href=\"\/de\/bloomea\/\" data-color-override=\"false\" data-hover-color-override=\"false\" data-hover-text-color-override=\"#ffffff\"><span>Scopri di pi\u00f9<\/span><\/a><div class=\"divider-wrap\" data-alignment=\"default\"><div style=\"height: 100px;\" class=\"divider\"><\/div><\/div>\n\t\t\t<\/div> \n\t\t<\/div>\n\t<\/div> \n<\/div><\/div>","protected":false},"excerpt":{"rendered":"Settori di eccellenza Estetica Partner di Marchi internazionali Estetica professionale Partner Esclusivi dei Migliori Marchi Internazionali Siamo partner esclusivi in Italia di due marchi di grande prestigio nel settore della...","protected":false},"author":2,"featured_media":0,"parent":0,"menu_order":0,"comment_status":"closed","ping_status":"closed","template":"","meta":{"footnotes":""},"class_list":["post-6579","page","type-page","status-publish"],"_links":{"self":[{"href":"http:\/\/www.italfisio.it\/de\/wp-json\/wp\/v2\/pages\/6579","targetHints":{"allow":["GET"]}}],"collection":[{"href":"http:\/\/www.italfisio.it\/de\/wp-json\/wp\/v2\/pages"}],"about":[{"href":"http:\/\/www.italfisio.it\/de\/wp-json\/wp\/v2\/types\/page"}],"author":[{"embeddable":true,"href":"http:\/\/www.italfisio.it\/de\/wp-json\/wp\/v2\/users\/2"}],"replies":[{"embeddable":true,"href":"http:\/\/www.italfisio.it\/de\/wp-json\/wp\/v2\/comments?post=6579"}],"version-history":[{"count":5,"href":"http:\/\/www.italfisio.it\/de\/wp-json\/wp\/v2\/pages\/6579\/revisions"}],"predecessor-version":[{"id":7112,"href":"http:\/\/www.italfisio.it\/de\/wp-json\/wp\/v2\/pages\/6579\/revisions\/7112"}],"wp:attachment":[{"href":"http:\/\/www.italfisio.it\/de\/wp-json\/wp\/v2\/media?parent=6579"}],"curies":[{"name":"wp","href":"https:\/\/api.w.org\/{rel}","templated":true}]}}