{"id":6553,"date":"2025-02-25T17:57:07","date_gmt":"2025-02-25T16:57:07","guid":{"rendered":"https:\/\/italfisio.emotionmedia.it\/?page_id=6553"},"modified":"2025-08-11T10:31:04","modified_gmt":"2025-08-11T08:31:04","slug":"lieferung-und-zahlung","status":"publish","type":"page","link":"http:\/\/www.italfisio.it\/de\/lieferung-und-zahlung\/","title":{"rendered":"Lieferung und Zahlung"},"content":{"rendered":"<div id=\"fws_69e5b099c8f15\"  data-column-margin=\"default\" data-midnight=\"dark\" data-top-percent=\"4%\" data-bottom-percent=\"4%\"  class=\"wpb_row vc_row-fluid vc_row\"  style=\"padding-top: calc(100vw * 0.04); padding-bottom: calc(100vw * 0.04); \"><div class=\"row-bg-wrap\" data-bg-animation=\"none\" data-bg-animation-delay=\"\" data-bg-overlay=\"false\"><div class=\"inner-wrap row-bg-layer\" ><div class=\"row-bg viewport-desktop\"  style=\"\"><\/div><\/div><\/div><div class=\"row_col_wrap_12 col span_12 dark left\">\n\t<div  class=\"vc_col-sm-12 wpb_column column_container vc_column_container col no-extra-padding inherit_tablet inherit_phone\"  data-padding-pos=\"all\" data-has-bg-color=\"false\" data-bg-color=\"\" data-bg-opacity=\"1\" data-animation=\"\" data-delay=\"0\" >\n\t\t<div class=\"vc_column-inner\" >\n\t\t\t<div class=\"wpb_wrapper\">\n\t\t\t\t\n<div class=\"wpb_text_column wpb_content_element\" >\n\t<div class=\"wpb_wrapper\">\n\t\t<p>Art. 1 \u2013 PREZZO E MODALITA\u2019 DI PAGAMENTO<\/p>\n<p>1.1. I prezzi sono espressi in Euro (\u20ac) e comprendono l&#8217;Imposta sul Valore aggiunto (I.V.A.) vigente per le rispettive categorie merceologiche di appartenenza.<\/p>\n<p>1.2. Italfisio Srls si riserva il diritto di modificare i prezzi dei Prodotti offerti in vendita sul Sito in qualsiasi momento e senza preavviso. Saranno addebitati al 1.3 Cliente<\/p>\n<p>i prezzi pubblicati sul Sito al momento dell\u2019invio dell\u2019Ordine da parte del Cliente.<\/p>\n<p>1.4. Italfisio Srls accetta esclusivamente pagamenti effettuati mediante Carta di Credito, PayPal e bonifico bancario.<\/p>\n<p>1.5. Il pagamento dovr\u00e0 essere corrisposto al momento dell\u2019effettuazione dell\u2019Ordine, sia caso di bonifico bancario, carta di credito, paypal.<\/p>\n<p>1.6. La spedizione dei Prodotti ha luogo esclusivamente a seguito della verifica dell\u2019avvenuto pagamento del Cliente.<\/p>\n<p>1.7. Nel caso in cui uno o pi\u00f9 Prodotti siano non disponibili, verr\u00e0 concordata con il Cliente una spedizione parziale oppure una spedizione totale non appena i prodotti<\/p>\n<p>torneranno disponibili.<\/p>\n<p>Art. 2 \u2013 LIMITAZIONI NELLA CONSEGNA DEI PRODOTTI<\/p>\n<p>2.1. Italfisio Srls non dar\u00e0 luogo alla spedizione di alcun Ordine indirizzato a una casella postale n\u00e9 accetter\u00e0 alcun Ordine in cui non sia possibile identificare il<\/p>\n<p>soggetto che ha effettuato l\u2019Ordine stesso, il destinatario dei Prodotti ordinati o l\u2019indirizzo di consegna.<\/p>\n<p>Art. 3 &#8211; TEMPI E MODALITA&#8217; DI CONSEGNA<\/p>\n<p>3.1. Le spese di spedizione sono visualizzabili dal Cliente, unitamente al prezzo complessivo per l\u2019acquisto dei Prodotti, prima della Conferma dell\u2019Ordine, nel \u201ccarrello\u201d<\/p>\n<p>e nella pagina di check out.<\/p>\n<p>3.2. Tempi di consegna dei Prodotti: circa 2-3 giorni lavorativi dalla ricezione del pagamento. Italfisio Srls far\u00e0 quanto possibile per consegnare i Prodotti al Cliente<\/p>\n<p>anche prima dei suddetti termini e a tal fine si riserva la facolt\u00e0 di frazionare un Ordine in pi\u00f9 spedizioni secondo la disponibilit\u00e0 degli articoli. In ogni caso, le relative<\/p>\n<p>spese di spedizione saranno fatturate per intero come se si trattasse di una unica spedizione. Sar\u00e0 altres\u00ec effettuato un unico addebito al Cliente.<\/p>\n<p>3.3. Il recapito dei Prodotti presso l&#8217;indirizzo di spedizione indicato dal Cliente nell&#8217;Ordine \u00e8 eseguito a mezzo corriere espresso. Alla spedizione del pacco con gli<\/p>\n<p>articoli ordinati, Italfisio Srls invier\u00e0 al Cliente un\u2019e-mail all\u2019indirizzo indicato che conterr\u00e0 un codice di tracciamento e un link che consentir\u00e0 il monitoraggio della<\/p>\n<p>consegna.<\/p>\n<p>Art. 4 &#8211; FORZA MAGGIORE<\/p>\n<p>4.1. Italfisio Srls non sar\u00e0 responsabile del ritardo nell&#8217;adempimento delle proprie obbligazioni, ai sensi del contratto, se tale ritardo \u00e8 causato da circostanze al di fuori<\/p>\n<p>del proprio ragionevole controllo. Italfisio Srls, in caso di ritardo per causa di forza maggiore, avr\u00e0 diritto ad una proroga dei termini necessari per adempire tali obbligazioni.<\/p>\n\t<\/div>\n<\/div>\n\n\n\n\n\t\t\t<\/div> \n\t\t<\/div>\n\t<\/div> \n<\/div><\/div>","protected":false},"excerpt":{"rendered":"Art. 1 \u2013 PREZZO E MODALITA\u2019 DI PAGAMENTO 1.1. I prezzi sono espressi in Euro (\u20ac) e comprendono l'Imposta sul Valore aggiunto (I.V.A.) vigente per le rispettive categorie merceologiche di...","protected":false},"author":2,"featured_media":0,"parent":0,"menu_order":0,"comment_status":"closed","ping_status":"closed","template":"","meta":{"footnotes":""},"class_list":["post-6553","page","type-page","status-publish"],"_links":{"self":[{"href":"http:\/\/www.italfisio.it\/de\/wp-json\/wp\/v2\/pages\/6553","targetHints":{"allow":["GET"]}}],"collection":[{"href":"http:\/\/www.italfisio.it\/de\/wp-json\/wp\/v2\/pages"}],"about":[{"href":"http:\/\/www.italfisio.it\/de\/wp-json\/wp\/v2\/types\/page"}],"author":[{"embeddable":true,"href":"http:\/\/www.italfisio.it\/de\/wp-json\/wp\/v2\/users\/2"}],"replies":[{"embeddable":true,"href":"http:\/\/www.italfisio.it\/de\/wp-json\/wp\/v2\/comments?post=6553"}],"version-history":[{"count":4,"href":"http:\/\/www.italfisio.it\/de\/wp-json\/wp\/v2\/pages\/6553\/revisions"}],"predecessor-version":[{"id":6557,"href":"http:\/\/www.italfisio.it\/de\/wp-json\/wp\/v2\/pages\/6553\/revisions\/6557"}],"wp:attachment":[{"href":"http:\/\/www.italfisio.it\/de\/wp-json\/wp\/v2\/media?parent=6553"}],"curies":[{"name":"wp","href":"https:\/\/api.w.org\/{rel}","templated":true}]}}