{"id":6433,"date":"2025-02-24T21:27:20","date_gmt":"2025-02-24T20:27:20","guid":{"rendered":"https:\/\/italfisio.emotionmedia.it\/?page_id=6433"},"modified":"2025-09-18T00:31:19","modified_gmt":"2025-09-17T22:31:19","slug":"maria-galland-paris","status":"publish","type":"page","link":"http:\/\/www.italfisio.it\/de\/asthetik\/maria-galland-paris\/","title":{"rendered":"Maria Galland Paris"},"content":{"rendered":"<div id=\"fws_69e5b09712b8d\"  data-column-margin=\"none\" data-midnight=\"custom\" data-top-percent=\"15%\" data-bottom-percent=\"15%\"  class=\"wpb_row vc_row-fluid vc_row full-width-section parallax_section top_padding_tablet_30pct top_padding_phone_40pct bottom_padding_tablet_30pct bottom_padding_phone_40pct\"  style=\"padding-top: calc(100vw * 0.15); padding-bottom: calc(100vw * 0.15); \"><div class=\"row-bg-wrap\" data-bg-animation=\"zoom-out\" data-bg-animation-delay=\"\" data-bg-overlay=\"true\"><div class=\"inner-wrap row-bg-layer using-image\" ><div class=\"row-bg viewport-desktop using-image using-bg-color\" data-parallax-speed=\"fast\" style=\"background-image: url(https:\/\/www.italfisio.it\/wp-content\/uploads\/2025\/02\/Maria-Galland.png); background-position: center center; background-repeat: no-repeat; background-color: #64ccc9; \"><\/div><\/div><div class=\"row-bg-overlay row-bg-layer\" style=\"background-color:#000000;  opacity: 0.3; \"><\/div><\/div><div class=\"row_col_wrap_12 col span_12 custom left\">\n\t<div  class=\"vc_col-sm-12 wpb_column column_container vc_column_container col no-extra-padding force-phone-text-align-center el_spacing_0px inherit_tablet inherit_phone\"  data-padding-pos=\"all\" data-has-bg-color=\"false\" data-bg-color=\"\" data-bg-opacity=\"1\" data-animation=\"\" data-delay=\"0\" >\n\t\t<div class=\"vc_column-inner\" >\n\t\t\t<div class=\"wpb_wrapper\">\n\t\t\t\t<div id=\"fws_69e5b09713219\" data-midnight=\"\" data-column-margin=\"default\" class=\"wpb_row vc_row-fluid vc_row inner_row\"  style=\" z-index: 20;\"><div class=\"row-bg-wrap\"> <div class=\"row-bg\" ><\/div> <\/div><div class=\"row_col_wrap_12_inner col span_12  left\">\n\t<div style=\" color: #ffffff;\" class=\"vc_col-sm-12 wpb_column column_container vc_column_container col child_column no-extra-padding el_spacing_0px inherit_tablet inherit_phone\" data-cfc=\"true\"  data-padding-pos=\"all\" data-has-bg-color=\"false\" data-bg-color=\"\" data-bg-opacity=\"1\" data-animation=\"\" data-delay=\"0\" >\n\t\t<div class=\"vc_column-inner\" >\n\t\t<div class=\"wpb_wrapper\">\n\t\t\t<div class=\"nectar-split-heading  font_size_10vh\" data-align=\"default\" data-m-align=\"inherit\" data-text-effect=\"default\" data-animation-type=\"line-reveal-by-space\" data-animation-delay=\"200\" data-animation-offset=\"\" data-m-rm-animation=\"\" data-stagger=\"true\" data-custom-font-size=\"true\" style=\"font-size: 10vh; line-height: 11vh;\"><h1 >F\u00fcr die Pflege<\/h1><\/div>\n<div class=\"nectar-rotating-words-title  font_size_10vh element_stagger_words  has-ending-text\"  data-rotation=\"2500\" data-delay=\"550\" data-mobile=\"inline\">\n  <h1 class=\"heading\">  <span class=\"dynamic-words\" data-inherit-heading-family=\"default\">\n    <span class=\"text-wrap active\"><span><span>des Gesichts<\/span><\/span><\/span><span class=\"text-wrap\"><span><span> des K\u00f6rpers<\/span><\/span><\/span><span class=\"text-wrap\"><span><span> der Haut<\/span><\/span><\/span>  <\/span>\n  <span class=\"ending-text\"><span class=\"text-wrap\"><span class=\"inner\">w\u00e4hlen<\/span><\/span> <span class=\"text-wrap\"><span class=\"inner\">Maria<\/span><\/span> <span class=\"text-wrap\"><span class=\"inner\">Galland<\/span><\/span> <span class=\"text-wrap\"><span class=\"inner\">Paris.<\/span><\/span> <\/span><\/h1>\n<\/div>\n\t\t<\/div> \n\t<\/div>\n\t<\/div> \n<\/div><\/div><div id=\"fws_69e5b09713822\" data-midnight=\"\" data-column-margin=\"default\" class=\"wpb_row vc_row-fluid vc_row inner_row\"  style=\" z-index: 20;\"><div class=\"row-bg-wrap\"> <div class=\"row-bg\" ><\/div> <\/div><div class=\"row_col_wrap_12_inner col span_12  left\">\n\t<div style=\" color: #ffffff;\" class=\"vc_col-sm-12 wpb_column column_container vc_column_container col child_column has-animation no-extra-padding el_spacing_0px inherit_tablet inherit_phone\" data-cfc=\"true\"  data-padding-pos=\"all\" data-has-bg-color=\"false\" data-bg-color=\"\" data-bg-opacity=\"1\" data-animation=\"fade-in-from-bottom\" data-delay=\"650\" >\n\t\t<div class=\"vc_column-inner\" >\n\t\t<div class=\"wpb_wrapper\">\n\t\t\t<div class=\"nectar-cta  alignment_tablet_default alignment_phone_default display_tablet_inherit display_phone_inherit\" data-color=\"default\" data-using-bg=\"false\" data-display=\"block\" data-style=\"underline\" data-alignment=\"left\" data-text-color=\"custom\" style=\"margin-top: 30px; margin-bottom: 20px; \"><span style=\"color: #ffffff;\" class=\"nectar-button-type\"> <span class=\"link_wrap\" style=\"padding-top: 18px; padding-bottom: 18px; \"><a  class=\"link_text\" style=\"border-color: #ffffff;\" role=\"button\" href=\"mailto:mariagalland@italfisio.eu\">Kontaktieren Sie uns f\u00fcr weitere Informationen<\/a><\/span><\/span><\/div>\n\t\t<\/div> \n\t<\/div>\n\t<\/div> \n<\/div><\/div>\n\t\t\t<\/div> \n\t\t<\/div>\n\t<\/div> \n<\/div><\/div>\n\t\t<div id=\"fws_69e5b09713e71\"  data-column-margin=\"50px\" data-midnight=\"dark\" data-top-percent=\"7%\" data-bottom-percent=\"7%\"  class=\"wpb_row vc_row-fluid vc_row full-width-section vc_row-o-equal-height vc_row-flex vc_row-o-content-middle  reverse_columns_column_tablet reverse_columns_column_phone top_padding_tablet_15pct bottom_padding_tablet_15pct\"  style=\"padding-top: calc(100vw * 0.07); padding-bottom: calc(100vw * 0.07); \"><div class=\"row-bg-wrap\" data-bg-animation=\"none\" data-bg-animation-delay=\"\" data-bg-overlay=\"false\"><div class=\"inner-wrap row-bg-layer\" ><div class=\"row-bg viewport-desktop using-bg-color\"  style=\"background-color: #ffffff; \"><\/div><\/div><\/div><div class=\"row_col_wrap_12 col span_12 dark left\">\n\t<div  class=\"vc_col-sm-6 vc_col-lg-6 wpb_column column_container vc_column_container col padding-4-percent inherit_tablet inherit_phone\"  data-padding-pos=\"right\" data-has-bg-color=\"false\" data-bg-color=\"\" data-bg-opacity=\"1\" data-animation=\"\" data-delay=\"0\" >\n\t\t<div class=\"vc_column-inner\" >\n\t\t\t<div class=\"wpb_wrapper\">\n\t\t\t\t<div id=\"fws_69e5b097141c9\" data-midnight=\"\" data-column-margin=\"none\" class=\"wpb_row vc_row-fluid vc_row inner_row\"  style=\"padding-bottom: 15px; \"><div class=\"row-bg-wrap\"> <div class=\"row-bg\" ><\/div> <\/div><div class=\"row_col_wrap_12_inner col span_12  left\">\n\t<div  class=\"vc_col-sm-12 wpb_column column_container vc_column_container col child_column no-extra-padding inherit_tablet inherit_phone\"   data-padding-pos=\"all\" data-has-bg-color=\"false\" data-bg-color=\"\" data-bg-opacity=\"1\" data-animation=\"\" data-delay=\"0\" >\n\t\t<div class=\"vc_column-inner\" >\n\t\t<div class=\"wpb_wrapper\">\n\t\t\t<div class=\"nectar-split-heading\" data-align=\"default\" data-m-align=\"inherit\" data-text-effect=\"default\" data-animation-type=\"line-reveal-by-space\" data-animation-delay=\"0\" data-animation-offset=\"\" data-m-rm-animation=\"\" data-stagger=\"\" data-custom-font-size=\"false\" ><h1 >Maria Galland Paris<\/h1><\/div>\n\t\t<\/div> \n\t<\/div>\n\t<\/div> \n<\/div><\/div><div id=\"fws_69e5b09714559\" data-midnight=\"\" data-column-margin=\"default\" class=\"wpb_row vc_row-fluid vc_row inner_row\"  style=\"\"><div class=\"row-bg-wrap\"> <div class=\"row-bg\" ><\/div> <\/div><div class=\"row_col_wrap_12_inner col span_12  left\">\n\t<div  class=\"vc_col-sm-12 wpb_column column_container vc_column_container col child_column has-animation padding-2-percent no-extra-padding_tablet inherit_phone\"   data-padding-pos=\"right\" data-has-bg-color=\"false\" data-bg-color=\"\" data-bg-opacity=\"1\" data-animation=\"fade-in-from-bottom\" data-delay=\"0\" >\n\t\t<div class=\"vc_column-inner\" >\n\t\t<div class=\"wpb_wrapper\">\n\t\t\t\n<div class=\"wpb_text_column wpb_content_element\" >\n\t<div class=\"wpb_wrapper\">\n\t\t<p>Dal gennaio 2024, siamo i distributori ufficiali del brand Maria Galland Paris per il mercato italiano. Questo marchio, fondato oltre 50 anni fa, \u00e8 sinonimo di eccellenza nel settore della bellezza e dello skincare di lusso.<\/p>\n<p class=\"translation-block\">Was <strong>Maria Galland Paris<\/strong> auszeichnet:<\/p>\n<ul>\n<li class=\"translation-block\"><strong>Pariser Eleganz<\/strong>: Die Marke verk\u00f6rpert den anspruchsvollen und zeitlosen Stil der franz\u00f6sischen Hauptstadt.<\/li>\n<li class=\"translation-block\"><strong>Personalisierte Behandlungen<\/strong>: ein einzigartiger Ansatz, der wissenschaftliche Innovation und sensorisches Vergn\u00fcgen f\u00fcr sichtbare, ma\u00dfgeschneiderte Ergebnisse kombiniert.<\/li>\n<li class=\"translation-block\"><strong>Exzellenz in der Hautpflege<\/strong>: eine Reihe exklusiver Produkte und Behandlungen, die auf die Bed\u00fcrfnisse von Fachleuten und ihren Kunden zugeschnitten sind.<\/li>\n<\/ul>\n<p>Con Maria Galland Paris, offriamo al mercato italiano l\u2019opportunit\u00e0 di scoprire un\u2019esperienza di lusso che va oltre la semplice cura della pelle, combinando benessere, efficacia e raffinatezza.<\/p>\n\t<\/div>\n<\/div>\n\n\n\n\n\t\t<\/div> \n\t<\/div>\n\t<\/div> \n<\/div><\/div>\n\t\t\t<\/div> \n\t\t<\/div>\n\t<\/div> \n\n\t<div  class=\"vc_col-sm-6 vc_col-lg-6 wpb_column column_container vc_column_container col padding-4-percent inherit_tablet inherit_phone\"  data-padding-pos=\"top-bottom\" data-has-bg-color=\"false\" data-bg-color=\"\" data-bg-opacity=\"1\" data-animation=\"\" data-delay=\"0\" >\n\t\t<div class=\"vc_column-inner\" >\n\t\t\t<div class=\"wpb_wrapper\">\n\t\t\t\t<div id=\"fws_69e5b09714b8a\" data-midnight=\"\" data-column-margin=\"default\" class=\"wpb_row vc_row-fluid vc_row inner_row  min_width_desktop_58vw\"  style=\"\"><div class=\"row-bg-wrap\"> <div class=\"row-bg\" ><\/div> <\/div><div class=\"row_col_wrap_12_inner col span_12  left\">\n\t<div  class=\"vc_col-sm-12 wpb_column column_container vc_column_container col child_column no-extra-padding inherit_tablet inherit_phone\"   data-padding-pos=\"all\" data-has-bg-color=\"false\" data-bg-color=\"\" data-bg-opacity=\"1\" data-animation=\"\" data-delay=\"0\" >\n\t\t<div class=\"vc_column-inner\" >\n\t\t<div class=\"wpb_wrapper\">\n\t\t\t<div class=\"nectar_video_player_self_hosted wpb_video_widget wpb_content_element vc_clearfix vc_video-aspect-ratio-169 vc_video-el-width-100 vc_video-align-left\" data-border-radius=\"10px\" data-shadow=\"none\">\n<div class=\"wpb_wrapper\"><div class=\"wpb_video_wrapper\"><video width=\"1280\" height=\"720\" class=\"nectar-video-self-hosted\" preload=\"auto\" loop autoplay muted playsinline><source src=\"https:\/\/italfisio.it\/wp-content\/uploads\/2025\/02\/MariaG.mp4\"  type=\"video\/mp4\"><\/video><\/div><\/div><\/div>\n\t\t<\/div> \n\t<\/div>\n\t<\/div> \n<\/div><\/div>\n\t\t\t<\/div> \n\t\t<\/div>\n\t<\/div> \n<\/div><\/div>\n\t\t<div id=\"fws_69e5b09715112\"  data-column-margin=\"default\" data-midnight=\"light\"  class=\"wpb_row vc_row-fluid vc_row full-width-section vc_row-o-equal-height vc_row-flex vc_row-o-content-middle\"  style=\"padding-top: 70px; padding-bottom: 70px; \"><div class=\"row-bg-wrap\" data-bg-animation=\"none\" data-bg-animation-delay=\"\" data-bg-overlay=\"false\"><div class=\"inner-wrap row-bg-layer\" ><div class=\"row-bg viewport-desktop using-bg-color\"  style=\"background-color: #3a3a3a; \"><\/div><\/div><\/div><div class=\"row_col_wrap_12 col span_12 light left\">\n\t<div  class=\"vc_col-sm-8 wpb_column column_container vc_column_container col no-extra-padding force-tablet-text-align-center force-phone-text-align-center inherit_tablet inherit_phone\"  data-padding-pos=\"all\" data-has-bg-color=\"false\" data-bg-color=\"\" data-bg-opacity=\"1\" data-animation=\"\" data-delay=\"0\" >\n\t\t<div class=\"vc_column-inner\" >\n\t\t\t<div class=\"wpb_wrapper\">\n\t\t\t\t<div class=\"nectar-responsive-text nectar-link-underline-effect\" data-inherit-heading-family=\"h3\"><h3>Scopri di pi\u00f9 su Maria Galland Paris<\/h3>\n<\/div>\n\t\t\t<\/div> \n\t\t<\/div>\n\t<\/div> \n\n\t<div  class=\"vc_col-sm-4 wpb_column column_container vc_column_container col no-extra-padding force-tablet-text-align-center force-phone-text-align-center inherit_tablet inherit_phone\"  data-padding-pos=\"all\" data-has-bg-color=\"false\" data-bg-color=\"\" data-bg-opacity=\"1\" data-animation=\"\" data-delay=\"0\" >\n\t\t<div class=\"vc_column-inner\" >\n\t\t\t<div class=\"wpb_wrapper\">\n\t\t\t\t<div id=\"fws_69e5b09715772\" data-midnight=\"\" data-column-margin=\"default\" class=\"wpb_row vc_row-fluid vc_row inner_row\"  style=\"\"><div class=\"row-bg-wrap\"> <div class=\"row-bg\" ><\/div> <\/div><div class=\"row_col_wrap_12_inner col span_12  right\">\n\t<div  class=\"vc_col-sm-4 wpb_column column_container vc_column_container col child_column no-extra-padding force-desktop-text-align-center inherit_tablet inherit_phone\"   data-padding-pos=\"all\" data-has-bg-color=\"false\" data-bg-color=\"\" data-bg-opacity=\"1\" data-animation=\"\" data-delay=\"0\" >\n\t\t<div class=\"vc_column-inner\" >\n\t\t<div class=\"wpb_wrapper\">\n\t\t\t<div class=\"nectar_icon_wrap\" data-style=\"default\" data-padding=\"20px\" data-color=\"accent-color\" style=\"\" >\n\t\t<div class=\"nectar_icon\" ><a href=\"https:\/\/www.instagram.com\/my.mariagalland_italia\/\" target=\"_blank\" rel=\"noopener\"><\/a><i style=\"font-size: 50px; line-height: 50px; height: 50px; width: 50px;\" class=\"fa fa-instagram\"><\/i><\/div>\n\t<\/div>\n\t\t<\/div> \n\t<\/div>\n\t<\/div> \n\n\t<div  class=\"vc_col-sm-4 wpb_column column_container vc_column_container col child_column no-extra-padding force-desktop-text-align-left inherit_tablet inherit_phone\"   data-padding-pos=\"all\" data-has-bg-color=\"false\" data-bg-color=\"\" data-bg-opacity=\"1\" data-animation=\"\" data-delay=\"0\" >\n\t\t<div class=\"vc_column-inner\" >\n\t\t<div class=\"wpb_wrapper\">\n\t\t\t<div class=\"nectar_icon_wrap\" data-style=\"default\" data-padding=\"20px\" data-color=\"accent-color\" style=\"\" >\n\t\t<div class=\"nectar_icon\" ><a href=\"mailto:mariagalland@italfisio.eu\" target=\"_blank\"><\/a><i style=\"font-size: 50px; line-height: 50px; height: 50px; width: 50px;\" class=\"fa fa-envelope-o\"><\/i><\/div>\n\t<\/div>\n\t\t<\/div> \n\t<\/div>\n\t<\/div> \n\n\t<div  class=\"vc_col-sm-4 wpb_column column_container vc_column_container col child_column no-extra-padding inherit_tablet inherit_phone\"   data-padding-pos=\"all\" data-has-bg-color=\"false\" data-bg-color=\"\" data-bg-opacity=\"1\" data-animation=\"\" data-delay=\"0\" >\n\t\t<div class=\"vc_column-inner\" >\n\t\t<div class=\"wpb_wrapper\">\n\t\t\t\n\t\t<\/div> \n\t<\/div>\n\t<\/div> \n<\/div><\/div>\n\t\t\t<\/div> \n\t\t<\/div>\n\t<\/div> \n<\/div><\/div>\n\t\t<div id=\"footage\"  data-column-margin=\"default\" data-midnight=\"dark\" data-top-percent=\"5%\" data-bottom-percent=\"5%\"  class=\"wpb_row vc_row-fluid vc_row full-width-section\"  style=\"padding-top: calc(100vw * 0.05); padding-bottom: calc(100vw * 0.05); \"><div class=\"row-bg-wrap\" data-bg-animation=\"none\" data-bg-animation-delay=\"\" data-bg-overlay=\"false\"><div class=\"inner-wrap row-bg-layer\" ><div class=\"row-bg viewport-desktop using-bg-color\"  style=\"background-color: #f2f2f2; \"><\/div><\/div><\/div><div class=\"row_col_wrap_12 col span_12 dark left\">\n\t<div  class=\"vc_col-sm-12 wpb_column column_container vc_column_container col no-extra-padding inherit_tablet inherit_phone\"  data-padding-pos=\"all\" data-has-bg-color=\"false\" data-bg-color=\"\" data-bg-opacity=\"1\" data-animation=\"\" data-delay=\"0\" >\n\t\t<div class=\"vc_column-inner\" >\n\t\t\t<div class=\"wpb_wrapper\">\n\t\t\t\t<div id=\"fws_69e5b097164e8\" data-midnight=\"\" data-column-margin=\"default\" class=\"wpb_row vc_row-fluid vc_row inner_row\"  style=\"\"><div class=\"row-bg-wrap\"> <div class=\"row-bg\" ><\/div> <\/div><div class=\"row_col_wrap_12_inner col span_12  left\">\n\t<div  class=\"vc_col-sm-12 wpb_column column_container vc_column_container col child_column centered-text has-animation no-extra-padding inherit_tablet inherit_phone\"   data-padding-pos=\"all\" data-has-bg-color=\"false\" data-bg-color=\"\" data-bg-opacity=\"1\" data-animation=\"fade-in\" data-delay=\"0\" >\n\t\t<div class=\"vc_column-inner\" >\n\t\t<div class=\"wpb_wrapper\">\n\t\t\t\n<div class=\"wpb_text_column wpb_content_element  vc_custom_1747992168786\" >\n\t<div class=\"wpb_wrapper\">\n\t\t<h2>Maria Galland<\/h2>\n<h4><span style=\"color: #999999;\">Dai un&#8217;occhiata ai nostri video<\/span><\/h4>\n\t<\/div>\n<\/div>\n\n\n\n\n\t\t<\/div> \n\t<\/div>\n\t<\/div> \n<\/div><\/div><div id=\"fws_69e5b09716862\" data-midnight=\"\" data-column-margin=\"default\" class=\"wpb_row vc_row-fluid vc_row inner_row\"  style=\"\"><div class=\"row-bg-wrap\"> <div class=\"row-bg\" ><\/div> <\/div><div class=\"row_col_wrap_12_inner col span_12  left\">\n\t<div  class=\"vc_col-sm-3 wpb_column column_container vc_column_container col child_column has-animation padding-1-percent inherit_tablet inherit_phone\"   data-padding-pos=\"all\" data-has-bg-color=\"false\" data-bg-color=\"\" data-bg-opacity=\"1\" data-animation=\"fade-in-from-bottom\" data-delay=\"0\" >\n\t\t<div class=\"vc_column-inner\" >\n\t\t<div class=\"wpb_wrapper\">\n\t\t\t\n\t\t<\/div> \n\t<\/div>\n\t<\/div> \n\n\t<div  class=\"vc_col-sm-3 wpb_column column_container vc_column_container col child_column has-animation padding-1-percent inherit_tablet inherit_phone\"   data-padding-pos=\"all\" data-has-bg-color=\"false\" data-bg-color=\"\" data-bg-opacity=\"1\" data-animation=\"fade-in-from-bottom\" data-delay=\"150\" >\n\t\t<div class=\"vc_column-inner\" >\n\t\t<div class=\"wpb_wrapper\">\n\t\t\t<div class=\"nectar-video-box\" data-color=\"default-accent-color\"  data-play-button-size=\"default\" data-border-radius=\"none\" data-hover=\"defaut\" data-shadow=\"x_large_depth\"><div class=\"inner-wrap\"><a href=\"https:\/\/www.youtube.com\/watch?v=IxXz0hKkSlw\" class=\"full-link pp\" target=\"_blank\" rel=\"noopener\"><\/a><img loading=\"lazy\" decoding=\"async\" width=\"1200\" height=\"1200\" src=\"https:\/\/www.italfisio.it\/wp-content\/uploads\/2025\/05\/MG_MMM_B2B_1200x1200_07.jpg\" class=\"attachment-full size-full\" alt=\"Maria Galland Video\" srcset=\"https:\/\/www.italfisio.it\/wp-content\/uploads\/2025\/05\/MG_MMM_B2B_1200x1200_07.jpg 1200w, https:\/\/www.italfisio.it\/wp-content\/uploads\/2025\/05\/MG_MMM_B2B_1200x1200_07-300x300.jpg 300w, https:\/\/www.italfisio.it\/wp-content\/uploads\/2025\/05\/MG_MMM_B2B_1200x1200_07-1024x1024.jpg 1024w, https:\/\/www.italfisio.it\/wp-content\/uploads\/2025\/05\/MG_MMM_B2B_1200x1200_07-150x150.jpg 150w, https:\/\/www.italfisio.it\/wp-content\/uploads\/2025\/05\/MG_MMM_B2B_1200x1200_07-768x768.jpg 768w, https:\/\/www.italfisio.it\/wp-content\/uploads\/2025\/05\/MG_MMM_B2B_1200x1200_07-140x140.jpg 140w, https:\/\/www.italfisio.it\/wp-content\/uploads\/2025\/05\/MG_MMM_B2B_1200x1200_07-100x100.jpg 100w, https:\/\/www.italfisio.it\/wp-content\/uploads\/2025\/05\/MG_MMM_B2B_1200x1200_07-500x500.jpg 500w, https:\/\/www.italfisio.it\/wp-content\/uploads\/2025\/05\/MG_MMM_B2B_1200x1200_07-350x350.jpg 350w, https:\/\/www.italfisio.it\/wp-content\/uploads\/2025\/05\/MG_MMM_B2B_1200x1200_07-1000x1000.jpg 1000w, https:\/\/www.italfisio.it\/wp-content\/uploads\/2025\/05\/MG_MMM_B2B_1200x1200_07-800x800.jpg 800w, https:\/\/www.italfisio.it\/wp-content\/uploads\/2025\/05\/MG_MMM_B2B_1200x1200_07-600x600.jpg 600w\" sizes=\"auto, (max-width: 1200px) 100vw, 1200px\" title=\"\"><a href=\"https:\/\/www.youtube.com\/watch?v=IxXz0hKkSlw\" data-style=\"default\" data-parent-hover=\"\" data-font-style=\"p\" data-color=\"default\" class=\"play_button_2 large nectar_video_lightbox pp\" target=\"_blank\" rel=\"noopener\"><span><span class=\"screen-reader-text\">Play Video<\/span><span class=\"play\"><span class=\"inner-wrap inner\"><svg version=\"1.1\"\n\t xmlns=\"http:\/\/www.w3.org\/2000\/svg\" xmlns:xlink=\"http:\/\/www.w3.org\/1999\/xlink\" width=\"600px\" height=\"800px\" x=\"0px\" y=\"0px\" viewbox=\"0 0 600 800\" enable-background=\"new 0 0 600 800\" xml:space=\"preserve\"><path fill=\"none\" d=\"M0-1.79v800L600,395L0-1.79z\"><\/path> <\/svg><\/span><\/span><\/span><\/a><\/div><\/div>\n<div class=\"wpb_text_column wpb_content_element  vc_custom_1747992238427\" >\n\t<div class=\"wpb_wrapper\">\n\t\t<h3>Maria Galland Paris <span style=\"color: #bbb;\">0:51<\/span><\/h3>\n\t<\/div>\n<\/div>\n\n\n\n\n\t\t<\/div> \n\t<\/div>\n\t<\/div> \n\n\t<div  class=\"vc_col-sm-3 wpb_column column_container vc_column_container col child_column has-animation padding-1-percent inherit_tablet inherit_phone\"   data-padding-pos=\"all\" data-has-bg-color=\"false\" data-bg-color=\"\" data-bg-opacity=\"1\" data-animation=\"fade-in-from-bottom\" data-delay=\"0\" >\n\t\t<div class=\"vc_column-inner\" >\n\t\t<div class=\"wpb_wrapper\">\n\t\t\t<div class=\"nectar-video-box\" data-color=\"default-accent-color\"  data-play-button-size=\"default\" data-border-radius=\"none\" data-hover=\"defaut\" data-shadow=\"x_large_depth\"><div class=\"inner-wrap\"><a href=\"https:\/\/www.youtube.com\/watch?v=cVU0WW2GLsk\" class=\"full-link pp\" target=\"_blank\" rel=\"noopener\"><\/a><img loading=\"lazy\" decoding=\"async\" width=\"1200\" height=\"1200\" src=\"https:\/\/www.italfisio.it\/wp-content\/uploads\/2025\/05\/MG_MMM_B2B_1200x1200_03.jpg\" class=\"attachment-full size-full\" alt=\"Aperi\u2019Skin\" srcset=\"https:\/\/www.italfisio.it\/wp-content\/uploads\/2025\/05\/MG_MMM_B2B_1200x1200_03.jpg 1200w, https:\/\/www.italfisio.it\/wp-content\/uploads\/2025\/05\/MG_MMM_B2B_1200x1200_03-300x300.jpg 300w, https:\/\/www.italfisio.it\/wp-content\/uploads\/2025\/05\/MG_MMM_B2B_1200x1200_03-1024x1024.jpg 1024w, https:\/\/www.italfisio.it\/wp-content\/uploads\/2025\/05\/MG_MMM_B2B_1200x1200_03-150x150.jpg 150w, https:\/\/www.italfisio.it\/wp-content\/uploads\/2025\/05\/MG_MMM_B2B_1200x1200_03-768x768.jpg 768w, https:\/\/www.italfisio.it\/wp-content\/uploads\/2025\/05\/MG_MMM_B2B_1200x1200_03-140x140.jpg 140w, https:\/\/www.italfisio.it\/wp-content\/uploads\/2025\/05\/MG_MMM_B2B_1200x1200_03-100x100.jpg 100w, https:\/\/www.italfisio.it\/wp-content\/uploads\/2025\/05\/MG_MMM_B2B_1200x1200_03-500x500.jpg 500w, https:\/\/www.italfisio.it\/wp-content\/uploads\/2025\/05\/MG_MMM_B2B_1200x1200_03-350x350.jpg 350w, https:\/\/www.italfisio.it\/wp-content\/uploads\/2025\/05\/MG_MMM_B2B_1200x1200_03-1000x1000.jpg 1000w, https:\/\/www.italfisio.it\/wp-content\/uploads\/2025\/05\/MG_MMM_B2B_1200x1200_03-800x800.jpg 800w, https:\/\/www.italfisio.it\/wp-content\/uploads\/2025\/05\/MG_MMM_B2B_1200x1200_03-600x600.jpg 600w\" sizes=\"auto, (max-width: 1200px) 100vw, 1200px\" title=\"\"><a href=\"https:\/\/www.youtube.com\/watch?v=cVU0WW2GLsk\" data-style=\"default\" data-parent-hover=\"\" data-font-style=\"p\" data-color=\"default\" class=\"play_button_2 large nectar_video_lightbox pp\" target=\"_blank\" rel=\"noopener\"><span><span class=\"screen-reader-text\">Play Video<\/span><span class=\"play\"><span class=\"inner-wrap inner\"><svg version=\"1.1\"\n\t xmlns=\"http:\/\/www.w3.org\/2000\/svg\" xmlns:xlink=\"http:\/\/www.w3.org\/1999\/xlink\" width=\"600px\" height=\"800px\" x=\"0px\" y=\"0px\" viewbox=\"0 0 600 800\" enable-background=\"new 0 0 600 800\" xml:space=\"preserve\"><path fill=\"none\" d=\"M0-1.79v800L600,395L0-1.79z\"><\/path> <\/svg><\/span><\/span><\/span><\/a><\/div><\/div>\n<div class=\"wpb_text_column wpb_content_element  vc_custom_1747992598903\" >\n\t<div class=\"wpb_wrapper\">\n\t\t<h3>Aperi&#8217;Skin <span style=\"color: #bbb;\">3:00<\/span><\/h3>\n\t<\/div>\n<\/div>\n\n\n\n\n\t\t<\/div> \n\t<\/div>\n\t<\/div> \n\n\t<div  class=\"vc_col-sm-3 wpb_column column_container vc_column_container col child_column no-extra-padding inherit_tablet inherit_phone\"   data-padding-pos=\"all\" data-has-bg-color=\"false\" data-bg-color=\"\" data-bg-opacity=\"1\" data-animation=\"\" data-delay=\"0\" >\n\t\t<div class=\"vc_column-inner\" >\n\t\t<div class=\"wpb_wrapper\">\n\t\t\t\n\t\t<\/div> \n\t<\/div>\n\t<\/div> \n<\/div><\/div>\n\t\t\t<\/div> \n\t\t<\/div>\n\t<\/div> \n<\/div><\/div>","protected":false},"excerpt":{"rendered":"Per la cura del viso del corpo della pelle scegli Maria Galland Paris. Contattaci per maggiori informazioni Maria Galland Paris Dal gennaio 2024, siamo i distributori ufficiali del brand Maria...","protected":false},"author":2,"featured_media":0,"parent":6579,"menu_order":0,"comment_status":"closed","ping_status":"closed","template":"","meta":{"footnotes":""},"class_list":["post-6433","page","type-page","status-publish"],"_links":{"self":[{"href":"http:\/\/www.italfisio.it\/de\/wp-json\/wp\/v2\/pages\/6433","targetHints":{"allow":["GET"]}}],"collection":[{"href":"http:\/\/www.italfisio.it\/de\/wp-json\/wp\/v2\/pages"}],"about":[{"href":"http:\/\/www.italfisio.it\/de\/wp-json\/wp\/v2\/types\/page"}],"author":[{"embeddable":true,"href":"http:\/\/www.italfisio.it\/de\/wp-json\/wp\/v2\/users\/2"}],"replies":[{"embeddable":true,"href":"http:\/\/www.italfisio.it\/de\/wp-json\/wp\/v2\/comments?post=6433"}],"version-history":[{"count":6,"href":"http:\/\/www.italfisio.it\/de\/wp-json\/wp\/v2\/pages\/6433\/revisions"}],"predecessor-version":[{"id":13186,"href":"http:\/\/www.italfisio.it\/de\/wp-json\/wp\/v2\/pages\/6433\/revisions\/13186"}],"up":[{"embeddable":true,"href":"http:\/\/www.italfisio.it\/de\/wp-json\/wp\/v2\/pages\/6579"}],"wp:attachment":[{"href":"http:\/\/www.italfisio.it\/de\/wp-json\/wp\/v2\/media?parent=6433"}],"curies":[{"name":"wp","href":"https:\/\/api.w.org\/{rel}","templated":true}]}}